{"id":4570,"date":"2018-06-27T16:05:32","date_gmt":"2018-06-27T14:05:32","guid":{"rendered":"https:\/\/www.santacroceboutiquehotel.com\/it\/?page_id=4570"},"modified":"2025-02-11T14:11:18","modified_gmt":"2025-02-11T13:11:18","slug":"privacy-policy-2-2-2-2","status":"publish","type":"page","link":"https:\/\/www.santacroceboutiquehotel.com\/de\/die-geheimen-garten\/","title":{"rendered":"Die Geheimen G\u00e4rten"},"content":{"rendered":"<div class=\"wpb-content-wrapper\"><p>[vc_row full_width=&#8220;stretch_row&#8220; css=&#8220;.vc_custom_1530181273529{margin-top: 0px !important;margin-bottom: 0px !important;}&#8220;][vc_column width=&#8220;1\/3&#8243; el_class=&#8220;half-column&#8220;][vc_column_text]<\/p>\n<h1 class=\"divider-title\">DIE GEHEIMEN G\u00c4RTEN<\/h1>\n<p>[\/vc_column_text][vc_column_text css=&#8220;.vc_custom_1533628320973{margin-top: 30px !important;}&#8220;]Venedig ist eine magische Stadt aus vielen Gr\u00fcnden einer davon sind seine vielen unterschiedlichen verborgenen <strong>G\u00e4rten<\/strong>, die nur wenige kennen!<br \/>\nSie befinden sich gr\u00f6\u00dftenteils in antiken privaten Palazzi, wo sie <strong>die Geschichte Venedigs bezeugen<\/strong>, seine antike gesellschaftliche und funktionale St\u00e4rke, und sind aus diesem Grund nicht zug\u00e4nglich f\u00fcr Touristen.<\/p>\n<p>Inspiriert von diesem gr\u00fcnen und typisch venezianischen Thema hat das Santa Croce Boutique Hotel die<strong> Einrichtung<\/strong> einiger Zimmer mit <strong>floralen und exotischen Ornamenten<\/strong> gestaltet, die die W\u00e4nde und Decken bedecken in dem Wunsch, unsere G\u00e4ste auf eine <strong>Reise zur Entdeckung jener Orte<\/strong> zu entf\u00fchren, die aus Ruhe und Unbeschwertheit gemacht ist.[\/vc_column_text][\/vc_column][vc_column width=&#8220;2\/3&#8243;][vc_single_image image=&#8220;5496&#8243; img_size=&#8220;full&#8220; css=&#8220;.vc_custom_1539163090133{margin-top: 40px !important;margin-bottom: 10px !important;}&#8220;][vc_media_grid gap=&#8220;10&#8243; css=&#8220;&#8220; grid_id=&#8220;vc_gid:1739279432027-a544ae18-fea3-3&#8243; include=&#8220;5512,5513,5514,5515,5516,5517,7506,7552,7507&#8243;][\/vc_column][\/vc_row]<\/p>\n<\/div>","protected":false},"excerpt":{"rendered":"<p>[vc_row full_width=&#8220;stretch_row&#8220; css=&#8220;.vc_custom_1530181273529{margin-top: 0px !important;margin-bottom: 0px !important;}&#8220;][vc_column width=&#8220;1\/3&#8243; el_class=&#8220;half-column&#8220;][vc_column_text] DIE GEHEIMEN G\u00c4RTEN [\/vc_column_text][vc_column_text css=&#8220;.vc_custom_1533628320973{margin-top: 30px !important;}&#8220;]Venedig ist eine magische Stadt aus vielen Gr\u00fcnden einer davon sind seine vielen unterschiedlichen verborgenen G\u00e4rten, die nur wenige kennen! Sie befinden sich gr\u00f6\u00dftenteils in antiken privaten Palazzi, wo sie die Geschichte Venedigs bezeugen, seine antike gesellschaftliche und funktionale St\u00e4rke, [&hellip;]<\/p>\n","protected":false},"author":24,"featured_media":5392,"parent":0,"menu_order":0,"comment_status":"closed","ping_status":"closed","template":"","meta":{"_acf_changed":false,"inline_featured_image":false,"footnotes":""},"class_list":["post-4570","page","type-page","status-publish","has-post-thumbnail","hentry"],"acf":[],"_links":{"self":[{"href":"https:\/\/www.santacroceboutiquehotel.com\/de\/wp-json\/wp\/v2\/pages\/4570","targetHints":{"allow":["GET"]}}],"collection":[{"href":"https:\/\/www.santacroceboutiquehotel.com\/de\/wp-json\/wp\/v2\/pages"}],"about":[{"href":"https:\/\/www.santacroceboutiquehotel.com\/de\/wp-json\/wp\/v2\/types\/page"}],"author":[{"embeddable":true,"href":"https:\/\/www.santacroceboutiquehotel.com\/de\/wp-json\/wp\/v2\/users\/24"}],"replies":[{"embeddable":true,"href":"https:\/\/www.santacroceboutiquehotel.com\/de\/wp-json\/wp\/v2\/comments?post=4570"}],"version-history":[{"count":0,"href":"https:\/\/www.santacroceboutiquehotel.com\/de\/wp-json\/wp\/v2\/pages\/4570\/revisions"}],"wp:featuredmedia":[{"embeddable":true,"href":"https:\/\/www.santacroceboutiquehotel.com\/de\/wp-json\/wp\/v2\/media\/5392"}],"wp:attachment":[{"href":"https:\/\/www.santacroceboutiquehotel.com\/de\/wp-json\/wp\/v2\/media?parent=4570"}],"curies":[{"name":"wp","href":"https:\/\/api.w.org\/{rel}","templated":true}]}}