{"id":4572,"date":"2018-06-27T16:08:25","date_gmt":"2018-06-27T14:08:25","guid":{"rendered":"https:\/\/www.santacroceboutiquehotel.com\/it\/?page_id=4572"},"modified":"2025-02-11T12:48:44","modified_gmt":"2025-02-11T11:48:44","slug":"privacy-policy-2-2-2-3","status":"publish","type":"page","link":"https:\/\/www.santacroceboutiquehotel.com\/de\/die-caravelle\/","title":{"rendered":"Die Caravelle"},"content":{"rendered":"<div class=\"wpb-content-wrapper\"><p>[vc_row full_width=&#8220;stretch_row&#8220; css=&#8220;.vc_custom_1530180581341{margin-top: 0px !important;margin-bottom: 0px !important;}&#8220;][vc_column width=&#8220;1\/3&#8243; el_class=&#8220;half-column&#8220;][vc_column_text]<\/p>\n<h1 class=\"divider-title\">DIE CARAVELLE<\/h1>\n<p>[\/vc_column_text][vc_column_text css=&#8220;.vc_custom_1533310103954{margin-top: 30px !important;}&#8220;]Venedig, das <strong>zwischen Lagunen<\/strong> und mit Blick auf die Adria gewachsen ist und seit eh und je auf den Handel mit der Levante ausgerichtet war, gr\u00fcndete seine Handelskraft und milit\u00e4rische Sicherheit auf der <strong>St\u00e4rke seiner Flotte<\/strong>.<br \/>\nDas <strong>Schiff<\/strong>, gebaut aus Holz und wenn auch mit sich wandelnden Eigenschaften, war seit jeher das wichtigste Transportmittel f\u00fcr Menschen und Waren.<\/p>\n<p>Das Santa Croce Boutique Hotel hat dieses typische Thema der venezianischen Geschichte aufgegriffen, um dem Gast, der hier \u00fcbernachtet, fachkundig konstruierte und authentisch maritime <strong>\u201eschwimmende\u201c Orte und R\u00e4ume<\/strong> zu bieten, mithilfe derer er die <strong>Tradition der Schifffahrt<\/strong> und die Erinnerungen dieser Stadt Revue passieren lassen kann.[\/vc_column_text][\/vc_column][vc_column width=&#8220;2\/3&#8243;][vc_single_image image=&#8220;5532&#8243; img_size=&#8220;full&#8220; css=&#8220;.vc_custom_1539163444292{margin-top: 40px !important;margin-bottom: 10px !important;}&#8220;][vc_media_grid gap=&#8220;10&#8243; css=&#8220;&#8220; grid_id=&#8220;vc_gid:1739274475920-fbf8ab44-9443-2&#8243; include=&#8220;5523,5548,5525,5526,5522,5524,7549,7550,7551&#8243;][\/vc_column][\/vc_row]<\/p>\n<\/div>","protected":false},"excerpt":{"rendered":"<p>[vc_row full_width=&#8220;stretch_row&#8220; css=&#8220;.vc_custom_1530180581341{margin-top: 0px !important;margin-bottom: 0px !important;}&#8220;][vc_column width=&#8220;1\/3&#8243; el_class=&#8220;half-column&#8220;][vc_column_text] DIE CARAVELLE [\/vc_column_text][vc_column_text css=&#8220;.vc_custom_1533310103954{margin-top: 30px !important;}&#8220;]Venedig, das zwischen Lagunen und mit Blick auf die Adria gewachsen ist und seit eh und je auf den Handel mit der Levante ausgerichtet war, gr\u00fcndete seine Handelskraft und milit\u00e4rische Sicherheit auf der St\u00e4rke seiner Flotte. Das Schiff, gebaut aus Holz [&hellip;]<\/p>\n","protected":false},"author":24,"featured_media":5531,"parent":0,"menu_order":0,"comment_status":"closed","ping_status":"closed","template":"","meta":{"_acf_changed":false,"inline_featured_image":false,"footnotes":""},"class_list":["post-4572","page","type-page","status-publish","has-post-thumbnail","hentry"],"acf":[],"_links":{"self":[{"href":"https:\/\/www.santacroceboutiquehotel.com\/de\/wp-json\/wp\/v2\/pages\/4572","targetHints":{"allow":["GET"]}}],"collection":[{"href":"https:\/\/www.santacroceboutiquehotel.com\/de\/wp-json\/wp\/v2\/pages"}],"about":[{"href":"https:\/\/www.santacroceboutiquehotel.com\/de\/wp-json\/wp\/v2\/types\/page"}],"author":[{"embeddable":true,"href":"https:\/\/www.santacroceboutiquehotel.com\/de\/wp-json\/wp\/v2\/users\/24"}],"replies":[{"embeddable":true,"href":"https:\/\/www.santacroceboutiquehotel.com\/de\/wp-json\/wp\/v2\/comments?post=4572"}],"version-history":[{"count":0,"href":"https:\/\/www.santacroceboutiquehotel.com\/de\/wp-json\/wp\/v2\/pages\/4572\/revisions"}],"wp:featuredmedia":[{"embeddable":true,"href":"https:\/\/www.santacroceboutiquehotel.com\/de\/wp-json\/wp\/v2\/media\/5531"}],"wp:attachment":[{"href":"https:\/\/www.santacroceboutiquehotel.com\/de\/wp-json\/wp\/v2\/media?parent=4572"}],"curies":[{"name":"wp","href":"https:\/\/api.w.org\/{rel}","templated":true}]}}