{"id":4574,"date":"2018-06-27T16:11:22","date_gmt":"2018-06-27T14:11:22","guid":{"rendered":"https:\/\/www.santacroceboutiquehotel.com\/it\/?page_id=4574"},"modified":"2025-03-12T08:39:01","modified_gmt":"2025-03-12T07:39:01","slug":"privacy-policy-2-2-2-4","status":"publish","type":"page","link":"https:\/\/www.santacroceboutiquehotel.com\/de\/die-steine-von-venedig\/","title":{"rendered":"Die Steine von Venedig"},"content":{"rendered":"<div class=\"wpb-content-wrapper\"><p>[vc_row full_width=&#8220;stretch_row&#8220; css=&#8220;.vc_custom_1530180994858{margin-top: 0px !important;margin-bottom: 0px !important;}&#8220;][vc_column width=&#8220;1\/3&#8243; el_class=&#8220;half-column&#8220;][vc_column_text]<\/p>\n<h1 class=\"divider-title\">DIE STEINE VON VENEDIG<\/h1>\n<p>[\/vc_column_text][vc_column_text css=&#8220;.vc_custom_1533538891476{margin-top: 30px !important;}&#8220;]Zum k\u00fcnstlerischen und st\u00e4dtischen Glanz Venedigs gibt es viele Zeugnisse. Ein wahrhaft unvergessenes ist jenes literarische und k\u00fcnstlerische Werk aus dem 19.\u00a0Jahrhundert von<strong> John Ruskin<\/strong>, der mit seinen Schriften und Gem\u00e4lden ein Bild des echten Venedigs gezeichnet hat, dessen Bedeutung in den Schichten der <strong>Steine aus allen Epochen<\/strong> lesbar wird.<\/p>\n<p>Das Santa Croce Boutique Hotel wollte diesen Willen, die <strong>gro\u00dfe venezianische Kultur<\/strong> <strong>neu zu interpretieren<\/strong> und zu <strong>fotografieren<\/strong>, in der herausragenden \u00dcbersetzung mit den Worten und Bildern von Ruskin umsetzen und hat einige G\u00e4stezimmer <strong>mit einer malerischen Reproduktion<\/strong> seiner Aquarelle geschm\u00fcckt in einer Art <strong>\u201earch\u00e4ologischer\u201c Freske<\/strong>, die jenes innere \u201eromantische\u201c venezianische Empfinden aufleben l\u00e4sst.[\/vc_column_text][\/vc_column][vc_column width=&#8220;2\/3&#8243;][vc_single_image image=&#8220;5554&#8243; img_size=&#8220;full&#8220; css=&#8220;.vc_custom_1539163540215{margin-top: 40px !important;margin-bottom: 10px !important;}&#8220;][vc_media_grid gap=&#8220;10&#8243; css=&#8220;&#8220; grid_id=&#8220;vc_gid:1741765104211-566d5926-8069-10&#8243; include=&#8220;5556,5557,5946,7541,5534,7538,5536,5558,7540,7704&#8243;][\/vc_column][\/vc_row]<\/p>\n<\/div>","protected":false},"excerpt":{"rendered":"<p>[vc_row full_width=&#8220;stretch_row&#8220; css=&#8220;.vc_custom_1530180994858{margin-top: 0px !important;margin-bottom: 0px !important;}&#8220;][vc_column width=&#8220;1\/3&#8243; el_class=&#8220;half-column&#8220;][vc_column_text] DIE STEINE VON VENEDIG [\/vc_column_text][vc_column_text css=&#8220;.vc_custom_1533538891476{margin-top: 30px !important;}&#8220;]Zum k\u00fcnstlerischen und st\u00e4dtischen Glanz Venedigs gibt es viele Zeugnisse. Ein wahrhaft unvergessenes ist jenes literarische und k\u00fcnstlerische Werk aus dem 19.\u00a0Jahrhundert von John Ruskin, der mit seinen Schriften und Gem\u00e4lden ein Bild des echten Venedigs gezeichnet hat, dessen [&hellip;]<\/p>\n","protected":false},"author":24,"featured_media":4668,"parent":0,"menu_order":0,"comment_status":"closed","ping_status":"closed","template":"","meta":{"_acf_changed":false,"inline_featured_image":false,"footnotes":""},"class_list":["post-4574","page","type-page","status-publish","has-post-thumbnail","hentry"],"acf":[],"_links":{"self":[{"href":"https:\/\/www.santacroceboutiquehotel.com\/de\/wp-json\/wp\/v2\/pages\/4574","targetHints":{"allow":["GET"]}}],"collection":[{"href":"https:\/\/www.santacroceboutiquehotel.com\/de\/wp-json\/wp\/v2\/pages"}],"about":[{"href":"https:\/\/www.santacroceboutiquehotel.com\/de\/wp-json\/wp\/v2\/types\/page"}],"author":[{"embeddable":true,"href":"https:\/\/www.santacroceboutiquehotel.com\/de\/wp-json\/wp\/v2\/users\/24"}],"replies":[{"embeddable":true,"href":"https:\/\/www.santacroceboutiquehotel.com\/de\/wp-json\/wp\/v2\/comments?post=4574"}],"version-history":[{"count":0,"href":"https:\/\/www.santacroceboutiquehotel.com\/de\/wp-json\/wp\/v2\/pages\/4574\/revisions"}],"wp:featuredmedia":[{"embeddable":true,"href":"https:\/\/www.santacroceboutiquehotel.com\/de\/wp-json\/wp\/v2\/media\/4668"}],"wp:attachment":[{"href":"https:\/\/www.santacroceboutiquehotel.com\/de\/wp-json\/wp\/v2\/media?parent=4574"}],"curies":[{"name":"wp","href":"https:\/\/api.w.org\/{rel}","templated":true}]}}