{"id":4815,"date":"2018-07-24T12:05:27","date_gmt":"2018-07-24T10:05:27","guid":{"rendered":"https:\/\/www.santacroceboutiquehotel.com\/it\/?page_id=4815"},"modified":"2025-02-11T14:26:06","modified_gmt":"2025-02-11T13:26:06","slug":"privacy-policy-2-2-2-2-2","status":"publish","type":"page","link":"https:\/\/www.santacroceboutiquehotel.com\/de\/concierge\/","title":{"rendered":"Concierge"},"content":{"rendered":"<div class=\"wpb-content-wrapper\"><p>[vc_row full_width=&#8220;stretch_row&#8220; css=&#8220;.vc_custom_1530181273529{margin-top: 0px !important;margin-bottom: 0px !important;}&#8220;][vc_column width=&#8220;1\/3&#8243; el_class=&#8220;half-column&#8220;][vc_column_text]<\/p>\n<h1 class=\"divider-title\">Concierge<\/h1>\n<p>[\/vc_column_text][vc_column_text css=&#8220;.vc_custom_1539004578239{margin-top: 30px !important;}&#8220;]<\/p>\n<p class=\"p1\"><span class=\"s1\">Damit Sie die magische Aura von Venedig aufsaugen, in seine Geheimnisse eintauchen und die Wunder seiner unendlichen Geschichte erleben k\u00f6nnen, unterst\u00fctzen Sie unsere Mitarbeiter gern bei der Entdeckung dieser magischen Stadt durch die <strong>Organisation privater Touren<\/strong> in ihre verbogensten Winkel, durch die Lagune und zu ihren zauberhaftesten Inseln.<\/span><\/p>\n<p>Eine Gondelfahrt ist die romantischste M\u00f6glichkeit, um die Zeit anzuhalten und den Zauber der Stadt, ihrer Kan\u00e4le und wundervollen Palazzi zu genie\u00dfen.[\/vc_column_text][vc_empty_space height=&#8220;20px&#8220;][\/vc_column][vc_column width=&#8220;2\/3&#8243;][vc_single_image image=&#8220;5469&#8243; img_size=&#8220;full&#8220; css=&#8220;.vc_custom_1539004616225{margin-top: 40px !important;}&#8220;][\/vc_column][\/vc_row][vc_row equal_height=&#8220;yes&#8220; content_placement=&#8220;middle&#8220; disable_element=&#8220;yes&#8220;][vc_column width=&#8220;1\/3&#8243;][vc_single_image image=&#8220;5471&#8243; img_size=&#8220;full&#8220;][\/vc_column][vc_column width=&#8220;2\/3&#8243; el_class=&#8220;col-contatti&#8220;][vc_column_text el_class=&#8220;block-text&#8220;]Mein Name ist Luca, ich bin Front Office Agent und freue mich, Ihnen die An- und Abreise mit der Organisation des Transfers so angenehm wie m\u00f6glich zu gestalten.<\/p>\n<p>Lassen Sie sich von unserem Team verw\u00f6hnen und genie\u00dfen Sie diesen unvergesslichen Aufenthalt.<\/p>\n<p>Wir sind stets f\u00fcr Sie da:[\/vc_column_text][vc_row_inner el_class=&#8220;row-btn&#8220;][vc_column_inner width=&#8220;1\/2&#8243; offset=&#8220;vc_col-xs-6&#8243;][vc_btn title=&#8220;RUFEN SIE UNS AN&#8220; style=&#8220;custom&#8220; custom_background=&#8220;#c6ab70&#8243; custom_text=&#8220;#ffffff&#8220; shape=&#8220;square&#8220; align=&#8220;right&#8220; i_icon_fontawesome=&#8220;fa fa-phone&#8220; add_icon=&#8220;true&#8220; link=&#8220;url:tel%3A%2B39041740112|||&#8220;][\/vc_column_inner][vc_column_inner width=&#8220;1\/2&#8243; offset=&#8220;vc_col-xs-6&#8243;][vc_btn title=&#8220;SCHREIBEN SIE UNS EINE EMAIL&#8220; style=&#8220;custom&#8220; custom_background=&#8220;#c6ab70&#8243; custom_text=&#8220;#ffffff&#8220; shape=&#8220;square&#8220; i_icon_fontawesome=&#8220;fa fa-envelope&#8220; add_icon=&#8220;true&#8220; link=&#8220;url:mailto%3AInfo%40santacroceboutiquehotel.com|||&#8220;][\/vc_column_inner][\/vc_row_inner][vc_column_text el_class=&#8220;block-text&#8220;]<\/p>\n<p style=\"text-align: center;\">oder schreiben Sie uns \u00fcber die Chatfunktion, die Sie rechts unten im Fenstern vorfinden.<\/p>\n<div class=\"divider-gold\"><\/div>\n<div class=\"block-autore\" style=\"text-align: center;\">Luca<br \/>\nFront Office Agent<\/div>\n<p>[\/vc_column_text][\/vc_column][\/vc_row][vc_row equal_height=&#8220;yes&#8220; content_placement=&#8220;middle&#8220;][vc_column width=&#8220;1\/3&#8243;][vc_single_image image=&#8220;7379&#8243; img_size=&#8220;full&#8220; css=&#8220;&#8220;][\/vc_column][vc_column width=&#8220;2\/3&#8243; el_class=&#8220;col-contatti&#8220;][vc_column_text css=&#8220;&#8220; el_class=&#8220;block-text&#8220;]Ich bin Martina.<br \/>\nIch stehe Ihnen zur Verf\u00fcgung, um Ihnen die besten Touren in Venedig anzubieten und Ihnen zu helfen, die geheimsten Orte dieser Stadt zu entdecken.[\/vc_column_text][vc_row_inner el_class=&#8220;row-btn&#8220;][vc_column_inner width=&#8220;1\/2&#8243; offset=&#8220;vc_col-xs-6&#8243;][vc_btn title=&#8220;RUFEN SIE UNS AN&#8220; style=&#8220;custom&#8220; custom_background=&#8220;#c6ab70&#8243; custom_text=&#8220;#ffffff&#8220; shape=&#8220;square&#8220; align=&#8220;right&#8220; i_icon_fontawesome=&#8220;fas fa-phone&#8220; css=&#8220;&#8220; add_icon=&#8220;true&#8220; link=&#8220;url:tel%3A%2B39041740112|||&#8220; el_class=&#8220;btn-inline&#8220;][\/vc_column_inner][vc_column_inner width=&#8220;1\/2&#8243; offset=&#8220;vc_col-xs-6&#8243;][vc_btn title=&#8220;SCHREIBEN SIE UNS EINE E-MAIL&#8220; style=&#8220;custom&#8220; custom_background=&#8220;#c6ab70&#8243; custom_text=&#8220;#ffffff&#8220; shape=&#8220;square&#8220; align=&#8220;left&#8220; i_icon_fontawesome=&#8220;fas fa-envelope&#8220; css=&#8220;&#8220; add_icon=&#8220;true&#8220; link=&#8220;url:mailto%3AInfo%40santacroceboutiquehotel.com|||&#8220; el_class=&#8220;btn-inline&#8220;][\/vc_column_inner][\/vc_row_inner][vc_column_text css=&#8220;&#8220; el_class=&#8220;block-text&#8220;]<\/p>\n<p style=\"text-align: center;\">Oder schreiben Sie uns im Chat, den Sie unten rechts finden.<\/p>\n<div class=\"divider-gold\"><\/div>\n<p style=\"text-align: center;\">Martina<\/p>\n<p>[\/vc_column_text][\/vc_column][\/vc_row][vc_row full_width=&#8220;stretch_row&#8220; css=&#8220;.vc_custom_1532512529390{margin-top: 0px !important;margin-right: 0px !important;margin-bottom: 0px !important;margin-left: 0px !important;border-top-width: 0px !important;border-right-width: 0px !important;border-bottom-width: 0px !important;border-left-width: 0px !important;padding-top: 0px !important;padding-right: 0px !important;padding-bottom: 0px !important;padding-left: 0px !important;background-color: #f5f5f5 !important;}&#8220;][vc_column][vc_column_text el_class=&#8220;row-text-gray-block&#8220;]<\/p>\n<p style=\"text-align: center;\"><span style=\"font-family: Playfair Display; font-style: italic; font-size: 24px;\">\u201cDie schwarze, leichte, schlanke Gondel, und die lautlos sanfte Art der Bewegung hat etwas Fremdartiges, tr\u00e4umerisch Sch\u00f6nes und geh\u00f6rt als wesentlicher Faktor in die Stadt des M\u00fc\u00dfigganges, der Liebe und der Musik.\u201d<br \/>\n&#8211; Hermann Hesse &#8211;<\/span><\/p>\n<p>[\/vc_column_text][\/vc_column][\/vc_row][vc_row css=&#8220;.vc_custom_1588937462821{margin-left: 10px !important;}&#8220;][vc_column][vc_column_text]<\/p>\n<h1 class=\"divider-title\">Venice as no one tells you\u2026<\/h1>\n<p>There are so many Venice, we love them and we would like to let you taste them all:<br \/>\n[\/vc_column_text][\/vc_column][\/vc_row][vc_row full_width=&#8220;stretch_row&#8220; css=&#8220;.vc_custom_1530181273529{margin-top: 0px !important;margin-bottom: 0px !important;}&#8220;][vc_column width=&#8220;1\/3&#8243; el_class=&#8220;half-column&#8220;][vc_column_text]<\/p>\n<h3 style=\"font-family: 'Playfair Display', serif; color: #5b5b5b;\">Pellestrina<\/h3>\n<p>Island of fishermen <strong>with colored houses, fresh fish, a LIPU oasis, enchanting sunsets<\/strong> in the peace and silence of the lagoon[\/vc_column_text][\/vc_column][vc_column width=&#8220;2\/3&#8243;][vc_single_image image=&#8220;6322&#8243; img_size=&#8220;full&#8220; css=&#8220;.vc_custom_1588936430370{margin-top: 40px !important;}&#8220;][\/vc_column][\/vc_row][vc_row full_width=&#8220;stretch_row&#8220; css=&#8220;.vc_custom_1530181273529{margin-top: 0px !important;margin-bottom: 0px !important;}&#8220;][vc_column width=&#8220;2\/3&#8243; el_class=&#8220;half-column&#8220;][vc_single_image image=&#8220;6324&#8243; img_size=&#8220;full&#8220; css=&#8220;.vc_custom_1588937928530{margin-top: 0px !important;}&#8220;][\/vc_column][vc_column width=&#8220;1\/3&#8243;][vc_column_text css=&#8220;.vc_custom_1588937980567{margin-top: 60px !important;}&#8220;]<\/p>\n<h3 style=\"font-family: 'Playfair Display', serif; color: #5b5b5b;\">Sant&#8217;Erasmo Island<\/h3>\n<p><strong>Bikers among the vineyards and breathtaking views in the center of the lagoon. <\/strong>Local products, vineyards, honey and a small golden beach.[\/vc_column_text][\/vc_column][\/vc_row][vc_row full_width=&#8220;stretch_row&#8220; css=&#8220;.vc_custom_1530181273529{margin-top: 0px !important;margin-bottom: 0px !important;}&#8220;][vc_column width=&#8220;1\/3&#8243; el_class=&#8220;half-column&#8220;][vc_column_text css=&#8220;.vc_custom_1588938026181{margin-top: 30px !important;}&#8220;]<\/p>\n<h3 style=\"font-family: 'Playfair Display', serif; color: #5b5b5b;\">Stroll through the Venice&#8230;<\/h3>\n<p><strong>of which the guides do not speak:<\/strong> its perfumes, its colors, its flavors, the ancient craftsmen&#8217;s crafts. Accompanied by a Venetian.[\/vc_column_text][\/vc_column][vc_column width=&#8220;2\/3&#8243;][vc_single_image image=&#8220;6321&#8243; img_size=&#8220;full&#8220; css=&#8220;.vc_custom_1588938014405{margin-top: 40px !important;}&#8220;][\/vc_column][\/vc_row][vc_row full_width=&#8220;stretch_row&#8220; css=&#8220;.vc_custom_1530181273529{margin-top: 0px !important;margin-bottom: 0px !important;}&#8220;][vc_column width=&#8220;2\/3&#8243; el_class=&#8220;half-column&#8220;][vc_single_image image=&#8220;6325&#8243; img_size=&#8220;full&#8220; css=&#8220;.vc_custom_1588938144257{margin-top: 0px !important;}&#8220;][\/vc_column][vc_column width=&#8220;1\/3&#8243;][vc_column_text css=&#8220;.vc_custom_1588938452657{margin-top: 60px !important;}&#8220;]<\/p>\n<h3 style=\"font-family: 'Playfair Display', serif; color: #5b5b5b;\">Enjoy a breathtaking and romantic sunset&#8230;<\/h3>\n<p>in the heart of the San Marco Basin surrounded by <strong>poetry, magic and works of art<\/strong>.[\/vc_column_text][\/vc_column][\/vc_row][vc_row full_width=&#8220;stretch_row&#8220; css=&#8220;.vc_custom_1530181273529{margin-top: 0px !important;margin-bottom: 0px !important;}&#8220;][vc_column width=&#8220;1\/3&#8243; el_class=&#8220;half-column&#8220;][vc_column_text css=&#8220;.vc_custom_1588938437364{margin-top: 30px !important;}&#8220;]<\/p>\n<h3 style=\"font-family: 'Playfair Display', serif; color: #5b5b5b;\">Tipical food<\/h3>\n<p>Our suggestions to enjoy our tipical food rich of traditions <strong>to feel a real venitian.<\/strong>[\/vc_column_text][\/vc_column][vc_column width=&#8220;2\/3&#8243;][vc_single_image image=&#8220;6323&#8243; img_size=&#8220;full&#8220; css=&#8220;.vc_custom_1588938236596{margin-top: 40px !important;}&#8220;][\/vc_column][\/vc_row][vc_row full_width=&#8220;stretch_row&#8220; css=&#8220;.vc_custom_1530181273529{margin-top: 0px !important;margin-bottom: 0px !important;}&#8220;][vc_column width=&#8220;2\/3&#8243; el_class=&#8220;half-column&#8220;][vc_single_image image=&#8220;6326&#8243; img_size=&#8220;full&#8220; css=&#8220;.vc_custom_1588938329608{margin-top: 0px !important;}&#8220;][\/vc_column][vc_column width=&#8220;1\/3&#8243;][vc_column_text css=&#8220;.vc_custom_1588938423840{margin-top: 60px !important;}&#8220;]<\/p>\n<h3 style=\"font-family: 'Playfair Display', serif; color: #5b5b5b;\">The land of Prosecco<\/h3>\n<p>Discover the land of Prosecco, <strong>Unesco Heritage<\/strong> and taste our most famous wine sorrounded by nature.[\/vc_column_text][\/vc_column][\/vc_row]<\/p>\n<\/div>","protected":false},"excerpt":{"rendered":"<p>[vc_row full_width=&#8220;stretch_row&#8220; css=&#8220;.vc_custom_1530181273529{margin-top: 0px !important;margin-bottom: 0px !important;}&#8220;][vc_column width=&#8220;1\/3&#8243; el_class=&#8220;half-column&#8220;][vc_column_text] Concierge [\/vc_column_text][vc_column_text css=&#8220;.vc_custom_1539004578239{margin-top: 30px !important;}&#8220;] Damit Sie die magische Aura von Venedig aufsaugen, in seine Geheimnisse eintauchen und die Wunder seiner unendlichen Geschichte erleben k\u00f6nnen, unterst\u00fctzen Sie unsere Mitarbeiter gern bei der Entdeckung dieser magischen Stadt durch die Organisation privater Touren in ihre verbogensten Winkel, durch [&hellip;]<\/p>\n","protected":false},"author":24,"featured_media":6310,"parent":0,"menu_order":0,"comment_status":"closed","ping_status":"closed","template":"","meta":{"_acf_changed":false,"inline_featured_image":false,"footnotes":""},"class_list":["post-4815","page","type-page","status-publish","has-post-thumbnail","hentry"],"acf":[],"_links":{"self":[{"href":"https:\/\/www.santacroceboutiquehotel.com\/de\/wp-json\/wp\/v2\/pages\/4815","targetHints":{"allow":["GET"]}}],"collection":[{"href":"https:\/\/www.santacroceboutiquehotel.com\/de\/wp-json\/wp\/v2\/pages"}],"about":[{"href":"https:\/\/www.santacroceboutiquehotel.com\/de\/wp-json\/wp\/v2\/types\/page"}],"author":[{"embeddable":true,"href":"https:\/\/www.santacroceboutiquehotel.com\/de\/wp-json\/wp\/v2\/users\/24"}],"replies":[{"embeddable":true,"href":"https:\/\/www.santacroceboutiquehotel.com\/de\/wp-json\/wp\/v2\/comments?post=4815"}],"version-history":[{"count":0,"href":"https:\/\/www.santacroceboutiquehotel.com\/de\/wp-json\/wp\/v2\/pages\/4815\/revisions"}],"wp:featuredmedia":[{"embeddable":true,"href":"https:\/\/www.santacroceboutiquehotel.com\/de\/wp-json\/wp\/v2\/media\/6310"}],"wp:attachment":[{"href":"https:\/\/www.santacroceboutiquehotel.com\/de\/wp-json\/wp\/v2\/media?parent=4815"}],"curies":[{"name":"wp","href":"https:\/\/api.w.org\/{rel}","templated":true}]}}