{"id":4823,"date":"2018-07-24T12:19:57","date_gmt":"2018-07-24T10:19:57","guid":{"rendered":"https:\/\/www.santacroceboutiquehotel.com\/it\/?page_id=4823"},"modified":"2025-06-30T10:58:24","modified_gmt":"2025-06-30T08:58:24","slug":"privacy-policy-2-2-2-2-3","status":"publish","type":"page","link":"https:\/\/www.santacroceboutiquehotel.com\/de\/entspannung-bar\/","title":{"rendered":"Entspannung &#038; Bar"},"content":{"rendered":"<div class=\"wpb-content-wrapper\"><p>[vc_row full_width=&#8220;stretch_row&#8220; css=&#8220;.vc_custom_1530181273529{margin-top: 0px !important;margin-bottom: 0px !important;}&#8220;][vc_column width=&#8220;1\/3&#8243; el_class=&#8220;half-column&#8220;][vc_column_text]<\/p>\n<h1 class=\"divider-title\">Bar<\/h1>\n<p>[\/vc_column_text][vc_column_text css=&#8220;.vc_custom_1533540294838{margin-top: 30px !important;}&#8220;]Ein unbeschwerter, eleganter und zeitgem\u00e4\u00dfer Ort, dessen absoluter Protagonist von den ersten lauen Fr\u00fchlingstagen an und bis in den <strong>Sp\u00e4therbst hinein der Garten<\/strong> vor dem Hotel ist, wo Sie Entspannung und Zerstreuung finden.<\/p>\n<p>Unsere Barkeeper beraten Sie gern und kreieren basierend auf Ihren Vorlieben <strong>individuelle Aperitifs oder Cocktails<\/strong> f\u00fcr Sie, die Sie auch bei k\u00fcnftigen Aufenthalten in unserem Hotel jederzeit wieder bestellen k\u00f6nnen\u2026\u00a0um den authentischen Geschmack unserer Stadt zu genie\u00dfen.[\/vc_column_text][\/vc_column][vc_column width=&#8220;2\/3&#8243;][vc_empty_space height=&#8220;50px&#8220;][vc_media_grid element_width=&#8220;6&#8243; css=&#8220;&#8220; grid_id=&#8220;vc_gid:1751273881175-1d160c26-e214-1&#8243; include=&#8220;7531,6227,7533,7559&#8243;][\/vc_column][\/vc_row][vc_row full_width=&#8220;stretch_row&#8220; css=&#8220;.vc_custom_1532508971877{margin-top: 0px !important;margin-right: 0px !important;margin-bottom: 0px !important;margin-left: 0px !important;border-top-width: 0px !important;border-right-width: 0px !important;border-bottom-width: 0px !important;border-left-width: 0px !important;padding-top: 0px !important;padding-right: 0px !important;padding-bottom: 0px !important;padding-left: 0px !important;background-color: #f5f5f5 !important;}&#8220;][vc_column][vc_column_text]<\/p>\n<p style=\"text-align: center;\"><span style=\"font-family: Playfair Display; font-style: italic; font-size: 24px;\">\u201cBars sind universelle Orte, wie Kirchen, heilige Orte, an denen sich die Menschheit trifft.\u201d<br \/>\n&#8211; Iris Murdoch &#8211;<\/span><\/p>\n<p>[\/vc_column_text][\/vc_column][\/vc_row][vc_row][vc_column][vc_empty_space height=&#8220;40px&#8220;][vc_raw_html css=&#8220;&#8220;]JTNDJTIxLS0lM0NpZnJhbWUlMjB3aWR0aCUzRCUyMjEwMCUyNSUyMiUyMGhlaWdodCUzRCUyMjUxNSUyMiUyMHNyYyUzRCUyMmh0dHBzJTNBJTJGJTJGd3d3LnlvdXR1YmUuY29tJTJGZW1iZWQlMkZfQkxtTGdyaktHVSUzRnJlbCUzRDAlMjZhdXRvcGxheSUzRDAlMjZzZXRWb2x1bWUlM0QwJTIyJTIwZnJhbWVib3JkZXIlM0QlMjIwJTIyJTIwYWxsb3clM0QlMjJhY2NlbGVyb21ldGVyJTNCJTIwYXV0b3BsYXklM0IlMjBlbmNyeXB0ZWQtbWVkaWElM0IlMjBneXJvc2NvcGUlM0IlMjBwaWN0dXJlLWluLXBpY3R1cmUlMjIlMjBhbGxvd2Z1bGxzY3JlZW4lM0UlM0MlMkZpZnJhbWUlM0UlMjAtLSUzRSUwQSUzQ3ZpZGVvJTIwaWQlM0QlMjJsYXp5VmlkZW8lMjIlMjB3aWR0aCUzRCUyMjEwMCUyNSUyMiUyMGhlaWdodCUzRCUyMmF1dG8lMjIlMjBjb250cm9scyUyMGF1dG9wbGF5JTIwbXV0ZWQlMjBsb29wJTNFJTBBJTIwJTIwJTIwJTIwJTNDc291cmNlJTIwZGF0YS1zcmMlM0QlMjJodHRwcyUzQSUyRiUyRnd3dy5zYW50YWNyb2NlYm91dGlxdWVob3RlbC5jb20lMkZ3cC1jb250ZW50JTJGdXBsb2FkcyUyRjIwMjUlMkYwMyUyRkJhcmlzdGEtU2FudGEtY3JvY2UtQm91dGlxdWUtSG90ZWwtNGstU0QtNDgwcC5tb3YlMjIlM0UlMEElM0MlMkZ2aWRlbyUzRSUwQSUwQSUzQ3NjcmlwdCUzRSUwQWRvY3VtZW50LmFkZEV2ZW50TGlzdGVuZXIlMjglMjJET01Db250ZW50TG9hZGVkJTIyJTJDJTIwZnVuY3Rpb24lMjAlMjglMjklMjAlN0IlMEElMjAlMjAlMjAlMjBjb25zdCUyMHZpZGVvJTIwJTNEJTIwZG9jdW1lbnQuZ2V0RWxlbWVudEJ5SWQlMjglMjJsYXp5VmlkZW8lMjIlMjklM0IlMEElMjAlMjAlMjAlMjBjb25zdCUyMHNvdXJjZSUyMCUzRCUyMHZpZGVvLnF1ZXJ5U2VsZWN0b3IlMjglMjJzb3VyY2UlMjIlMjklM0IlMEElMEElMjAlMjAlMjAlMjAlMkYlMkYlMjBJbXBvc3RhJTIwbCUyN1VSTCUyMGRlbCUyMHZpZGVvJTIwc29sbyUyMGRvcG8lMjBjaGUlMjBpbCUyMERPTSUyMCVDMyVBOCUyMHN0YXRvJTIwY2FyaWNhdG8lMEElMjAlMjAlMjAlMjBzb3VyY2Uuc3JjJTIwJTNEJTIwc291cmNlLmdldEF0dHJpYnV0ZSUyOCUyMmRhdGEtc3JjJTIyJTI5JTNCJTBBJTIwJTIwJTIwJTIwdmlkZW8ubG9hZCUyOCUyOSUzQiUyMCUyRiUyRiUyMENhcmljYSUyMGlsJTIwdmlkZW8lMjBkb3BvJTIwYXZlciUyMGFzc2VnbmF0byUyMGlsJTIwc3JjJTBBJTdEJTI5JTNCJTBBJTNDJTJGc2NyaXB0JTNFJTBB[\/vc_raw_html][vc_empty_space height=&#8220;40px&#8220;][\/vc_column][\/vc_row]<\/p>\n<\/div>","protected":false},"excerpt":{"rendered":"<p>[vc_row full_width=&#8220;stretch_row&#8220; css=&#8220;.vc_custom_1530181273529{margin-top: 0px !important;margin-bottom: 0px !important;}&#8220;][vc_column width=&#8220;1\/3&#8243; el_class=&#8220;half-column&#8220;][vc_column_text] Bar [\/vc_column_text][vc_column_text css=&#8220;.vc_custom_1533540294838{margin-top: 30px !important;}&#8220;]Ein unbeschwerter, eleganter und zeitgem\u00e4\u00dfer Ort, dessen absoluter Protagonist von den ersten lauen Fr\u00fchlingstagen an und bis in den Sp\u00e4therbst hinein der Garten vor dem Hotel ist, wo Sie Entspannung und Zerstreuung finden. Unsere Barkeeper beraten Sie gern und kreieren basierend auf [&hellip;]<\/p>\n","protected":false},"author":24,"featured_media":7556,"parent":0,"menu_order":0,"comment_status":"closed","ping_status":"closed","template":"","meta":{"_acf_changed":false,"inline_featured_image":false,"footnotes":""},"class_list":["post-4823","page","type-page","status-publish","has-post-thumbnail","hentry"],"acf":[],"_links":{"self":[{"href":"https:\/\/www.santacroceboutiquehotel.com\/de\/wp-json\/wp\/v2\/pages\/4823","targetHints":{"allow":["GET"]}}],"collection":[{"href":"https:\/\/www.santacroceboutiquehotel.com\/de\/wp-json\/wp\/v2\/pages"}],"about":[{"href":"https:\/\/www.santacroceboutiquehotel.com\/de\/wp-json\/wp\/v2\/types\/page"}],"author":[{"embeddable":true,"href":"https:\/\/www.santacroceboutiquehotel.com\/de\/wp-json\/wp\/v2\/users\/24"}],"replies":[{"embeddable":true,"href":"https:\/\/www.santacroceboutiquehotel.com\/de\/wp-json\/wp\/v2\/comments?post=4823"}],"version-history":[{"count":0,"href":"https:\/\/www.santacroceboutiquehotel.com\/de\/wp-json\/wp\/v2\/pages\/4823\/revisions"}],"wp:featuredmedia":[{"embeddable":true,"href":"https:\/\/www.santacroceboutiquehotel.com\/de\/wp-json\/wp\/v2\/media\/7556"}],"wp:attachment":[{"href":"https:\/\/www.santacroceboutiquehotel.com\/de\/wp-json\/wp\/v2\/media?parent=4823"}],"curies":[{"name":"wp","href":"https:\/\/api.w.org\/{rel}","templated":true}]}}