{"id":5952,"date":"2018-11-15T16:28:26","date_gmt":"2018-11-15T15:28:26","guid":{"rendered":"https:\/\/www.santacroceboutiquehotel.com\/it\/?page_id=5952"},"modified":"2024-09-25T14:59:49","modified_gmt":"2024-09-25T12:59:49","slug":"home-2","status":"publish","type":"page","link":"https:\/\/www.santacroceboutiquehotel.com\/de\/home-b\/","title":{"rendered":"Home b"},"content":{"rendered":"<div class=\"wpb-content-wrapper\"><p>[vc_row full_width=&#8220;stretch_row_content_no_spaces&#8220; css=&#8220;.vc_custom_1532508963736{margin-top: 0px !important;margin-right: 0px !important;margin-bottom: 0px !important;margin-left: 0px !important;border-top-width: 0px !important;border-right-width: 0px !important;border-bottom-width: 0px !important;border-left-width: 0px !important;padding-top: 0px !important;padding-right: 0px !important;padding-bottom: 0px !important;padding-left: 0px !important;background-color: #f5f5f5 !important;}&#8220; el_id=&#8220;first-row&#8220;][vc_column css=&#8220;.vc_custom_1526996589350{margin: 0px !important;border-width: 0px !important;padding: 0px !important;}&#8220;][vc_column_text css=&#8220;.vc_custom_1538749971143{margin-top: 0px !important;margin-right: 0px !important;margin-bottom: 0px !important;margin-left: 0px !important;border-top-width: 0px !important;border-right-width: 0px !important;border-bottom-width: 0px !important;border-left-width: 0px !important;padding-top: 0px !important;padding-right: 0px !important;padding-bottom: 0px !important;padding-left: 0px !important;}&#8220;]<\/p>\n<p class=\"home-italic-text\">Venedig, einzigartige und zauberhafte Stadt, reich an Geschichte, Kunst und Geheimnissen.<br \/>\nDas Santa Croce Boutique Hotel ist die beste M\u00f6glichkeit, um tief in die Magie und die Traditionen der Serenissima einzutauchen.<\/p>\n<p class=\"home-italic-text-second\">Angek\u00fcndigt durch einen <strong>anmutigen und weitl\u00e4ufigen geheimen Garten<\/strong>, der seinen Besuchern eine Seltenheit in Venedig schenkt: einen Moment der Ruhe und Entspannung nach einem langen Tag zwischen<em> calli <\/em>und<em> campielli, <\/em>den typischen Gassen und kleinen Pl\u00e4tzen der Stadt.<br \/>\nHier k\u00f6nnen Sie die <strong>Ruhe und Stille genie\u00dfen<\/strong>, die unsere Lage bietet, und sich auf die Entdeckung des Zaubers einer einmaligen Stadt begeben, ihrer Lagune voller Mysterien und ihrer sch\u00f6nsten Inseln: Murano, Burano und Torcello.<\/p>\n<p>[\/vc_column_text][\/vc_column][\/vc_row][vc_row full_width=&#8220;stretch_row_content_no_spaces&#8220; css=&#8220;.vc_custom_1527062158195{margin-top: 0px !important;margin-right: 0px !important;margin-bottom: 0px !important;margin-left: 0px !important;border-top-width: 0px !important;border-right-width: 0px !important;border-bottom-width: 0px !important;border-left-width: 0px !important;padding-top: 0px !important;padding-right: 0px !important;padding-bottom: 0px !important;padding-left: 0px !important;}&#8220; el_id=&#8220;hotel-row&#8220; el_class=&#8220;container&#8220;][vc_column css=&#8220;.vc_custom_1527061550552{margin-top: 0px !important;margin-right: 0px !important;margin-bottom: 0px !important;margin-left: 0px !important;border-top-width: 0px !important;border-right-width: 0px !important;border-bottom-width: 0px !important;border-left-width: 0px !important;padding-top: 0px !important;padding-right: 0px !important;padding-bottom: 0px !important;padding-left: 0px !important;}&#8220;][vc_row_inner][vc_column_inner el_class=&#8220;description-column&#8220; width=&#8220;1\/3&#8243;][vc_column_text]<\/p>\n<h1 class=\"divider-title\">HOTEL<\/h1>\n<p>[\/vc_column_text][vc_column_text css=&#8220;.vc_custom_1533628494696{margin-top: 0px !important;margin-right: 0px !important;margin-bottom: 0px !important;margin-left: 0px !important;border-top-width: 0px !important;border-right-width: 0px !important;border-bottom-width: 0px !important;border-left-width: 0px !important;padding-top: 0px !important;padding-right: 0px !important;padding-bottom: 0px !important;padding-left: 0px !important;}&#8220;]Gelegen im Sestiere Santa Croce, im charakteristischsten Teil der Stadt, im Herzen des traditionellen Venedigs, k\u00f6nnen Sie vom <strong>Santa Croce Boutique Hotel<\/strong> aus zwischen den wundervollen Kirchen und geschichtstr\u00e4chtigen Palazzi spazieren, wo Sie die Authentizit\u00e4t und Besonderheiten des Lebens von Venedig und seinen Bewohnern hautnah erleben.[\/vc_column_text][\/vc_column_inner][vc_column_inner el_class=&#8220;image-column&#8220; width=&#8220;2\/3&#8243;][vc_single_image image=&#8220;5446&#8243; img_size=&#8220;full&#8220; alignment=&#8220;center&#8220; css=&#8220;.vc_custom_1542015924060{margin-top: 150px !important;margin-right: 0px !important;margin-bottom: 0px !important;margin-left: 0px !important;border-top-width: 0px !important;border-right-width: 0px !important;border-bottom-width: 0px !important;border-left-width: 0px !important;padding-top: 0px !important;padding-right: 0px !important;padding-bottom: 0px !important;padding-left: 0px !important;}&#8220;][\/vc_column_inner][\/vc_row_inner][\/vc_column][\/vc_row][vc_row full_width=&#8220;stretch_row_content_no_spaces&#8220; css=&#8220;.vc_custom_1527062549055{margin-top: 0px !important;margin-right: 0px !important;margin-bottom: 0px !important;margin-left: 0px !important;border-top-width: 0px !important;border-right-width: 0px !important;border-bottom-width: 0px !important;border-left-width: 0px !important;padding-top: 0px !important;padding-right: 0px !important;padding-bottom: 0px !important;padding-left: 0px !important;}&#8220; el_id=&#8220;themes-row&#8220; el_class=&#8220;container&#8220;][vc_column css=&#8220;.vc_custom_1527062525553{margin-top: 0px !important;margin-right: 0px !important;margin-bottom: 0px !important;margin-left: 0px !important;border-top-width: 0px !important;border-right-width: 0px !important;border-bottom-width: 0px !important;border-left-width: 0px !important;padding-top: 0px !important;padding-right: 0px !important;padding-bottom: 0px !important;padding-left: 0px !important;}&#8220;][vc_row_inner equal_height=&#8220;yes&#8220; content_placement=&#8220;middle&#8220;][vc_column_inner el_class=&#8220;description-column&#8220; width=&#8220;2\/3&#8243;][vc_column_text]<\/p>\n<h1 class=\"divider-title\">DIE THEMEN<\/h1>\n<p>[\/vc_column_text][vc_column_text css=&#8220;.vc_custom_1533304977669{margin-top: 0px !important;margin-right: 0px !important;margin-bottom: 0px !important;margin-left: 0px !important;border-top-width: 0px !important;border-right-width: 0px !important;border-bottom-width: 0px !important;border-left-width: 0px !important;padding-top: 0px !important;padding-right: 0px !important;padding-bottom: 0px !important;padding-left: 0px !important;}&#8220;]Das Santa Croce Boutique Hotel ist ein exklusives Hotel mit <strong>15\u00a0elegant eingerichteten Zimmern und Suiten<\/strong>, die von einzigartigen Themen der Geschichte und Kultur Venedigs inspiriert sind: <strong>Die Steine von Venedig, Der Orient, Die geheimen G\u00e4rten <\/strong>und <strong>Die Caravelle<\/strong>.[\/vc_column_text][\/vc_column_inner][vc_column_inner el_class=&#8220;button-column&#8220; width=&#8220;1\/3&#8243;][vc_column_text]<\/p>\n<p style=\"text-align: center;\"><a class=\"btn-gold\" href=\"\/de\/zimmer\">Zimmer<\/a><\/p>\n<p>[\/vc_column_text][\/vc_column_inner][\/vc_row_inner][vc_row_inner gap=&#8220;10&#8243; el_class=&#8220;themes-image-block&#8220;][vc_column_inner width=&#8220;1\/4&#8243;][vc_single_image image=&#8220;5228&#8243; img_size=&#8220;full&#8220; onclick=&#8220;custom_link&#8220; css=&#8220;.vc_custom_1538750050377{margin-bottom: 0px !important;padding-bottom: 0px !important;}&#8220; link=&#8220;\/de\/die-caravelle\/&#8220;][vc_column_text el_class=&#8220;theme-text&#8220;]<a href=\"\/de\/die-caravelle\/\">DIE CARAVELLE<\/a>[\/vc_column_text][\/vc_column_inner][vc_column_inner width=&#8220;1\/4&#8243;][vc_single_image image=&#8220;6015&#8243; img_size=&#8220;full&#8220; onclick=&#8220;custom_link&#8220; css=&#8220;.vc_custom_1546426468760{margin-bottom: 0px !important;padding-bottom: 0px !important;}&#8220; link=&#8220;\/de\/die-steine-von-venedig\/&#8220;][vc_column_text el_class=&#8220;theme-text&#8220;]<a href=\"\/de\/die-steine-von-venedig\/\">DIE STEINE VON<br \/>\nVENEDIG<\/a>[\/vc_column_text][\/vc_column_inner][vc_column_inner width=&#8220;1\/4&#8243;][vc_single_image image=&#8220;5231&#8243; img_size=&#8220;full&#8220; onclick=&#8220;custom_link&#8220; css=&#8220;.vc_custom_1538750155502{margin-bottom: 0px !important;padding-bottom: 0px !important;}&#8220; link=&#8220;\/de\/der-orient\/&#8220;][vc_column_text el_class=&#8220;theme-text&#8220;]<a href=\"\/de\/der-orient\/\">DER ORIENT<\/a>[\/vc_column_text][\/vc_column_inner][vc_column_inner width=&#8220;1\/4&#8243;][vc_single_image image=&#8220;5232&#8243; img_size=&#8220;full&#8220; onclick=&#8220;custom_link&#8220; css=&#8220;.vc_custom_1538750172544{margin-bottom: 0px !important;padding-bottom: 0px !important;}&#8220; link=&#8220;\/de\/die-geheimen-garten\/&#8220;][vc_column_text el_class=&#8220;theme-text&#8220;]<a href=\"\/it\/giardini-segreti\/\">DIE GEHEIMEN<br \/>\nG\u00c4RTEN<\/a>[\/vc_column_text][\/vc_column_inner][\/vc_row_inner][\/vc_column][\/vc_row][vc_row full_width=&#8220;stretch_row_content_no_spaces&#8220; equal_height=&#8220;yes&#8220; content_placement=&#8220;middle&#8220; disable_element=&#8220;yes&#8220; css=&#8220;.vc_custom_1538749998341{margin-top: 0px !important;margin-right: 0px !important;margin-bottom: 0px !important;margin-left: 0px !important;border-top-width: 0px !important;border-right-width: 0px !important;border-bottom-width: 0px !important;border-left-width: 0px !important;padding-top: 0px !important;padding-right: 0px !important;padding-bottom: 0px !important;padding-left: 0px !important;}&#8220; el_id=&#8220;four-boxes&#8220;][vc_column width=&#8220;1\/4&#8243; css=&#8220;.vc_custom_1527674400571{margin-top: 0px !important;margin-right: 0px !important;margin-bottom: 0px !important;margin-left: 0px !important;border-top-width: 0px !important;border-right-width: 0px !important;border-bottom-width: 0px !important;border-left-width: 0px !important;padding-top: 0px !important;padding-right: 0px !important;padding-bottom: 0px !important;padding-left: 0px !important;}&#8220; el_class=&#8220;single-box&#8220; offset=&#8220;vc_col-lg-3 vc_col-md-3 vc_col-xs-6&#8243;][vc_single_image image=&#8220;5228&#8243; img_size=&#8220;full&#8220; alignment=&#8220;center&#8220; onclick=&#8220;custom_link&#8220; link=&#8220;\/de\/die-caravelle\/&#8220; el_class=&#8220;img-box&#8220;][vc_column_text el_class=&#8220;text-box&#8220;]<a href=\"\/de\/fotogalerie\/#caravelle\" class=\"broken_link\">DIE CARAVELLE<\/a>[\/vc_column_text][\/vc_column][vc_column width=&#8220;1\/4&#8243; el_class=&#8220;single-box&#8220; offset=&#8220;vc_col-lg-3 vc_col-md-3 vc_col-xs-6&#8243;][vc_single_image image=&#8220;5230&#8243; img_size=&#8220;full&#8220; alignment=&#8220;center&#8220; onclick=&#8220;custom_link&#8220; link=&#8220;\/de\/die-steine-von-venedig&#8220; el_class=&#8220;img-box&#8220;][vc_column_text el_class=&#8220;text-box&#8220;]<a href=\"\/de\/die-steine-von-venedig\">DIE STEINE VON VENEDIG<\/a>[\/vc_column_text][\/vc_column][vc_column width=&#8220;1\/4&#8243; el_class=&#8220;single-box&#8220; offset=&#8220;vc_col-lg-3 vc_col-md-3 vc_col-xs-6&#8243;][vc_single_image image=&#8220;5231&#8243; img_size=&#8220;full&#8220; alignment=&#8220;center&#8220; onclick=&#8220;custom_link&#8220; link=&#8220;\/de\/der-orient\/&#8220; el_class=&#8220;img-box&#8220;][vc_column_text el_class=&#8220;text-box&#8220;]<a href=\"\/de\/der-orient\/\">DER ORIENT<\/a>[\/vc_column_text][\/vc_column][vc_column width=&#8220;1\/4&#8243; el_class=&#8220;single-box&#8220; offset=&#8220;vc_col-lg-3 vc_col-md-3 vc_col-xs-6&#8243;][vc_single_image image=&#8220;5232&#8243; img_size=&#8220;full&#8220; alignment=&#8220;center&#8220; onclick=&#8220;custom_link&#8220; link=&#8220;\/de\/die-geheimen-garten&#8220; el_class=&#8220;img-box&#8220;][vc_column_text el_class=&#8220;text-box&#8220;]<a href=\"\/de\/die-geheimen-garten\">DIE GEHEIMEN G\u00c4RTEN<\/a>[\/vc_column_text][\/vc_column][\/vc_row][vc_row full_width=&#8220;stretch_row_content_no_spaces&#8220; css=&#8220;.vc_custom_1538745885242{margin-top: 0px !important;margin-right: 0px !important;margin-bottom: 0px !important;margin-left: 0px !important;border-top-width: 0px !important;border-right-width: 0px !important;border-bottom-width: 0px !important;border-left-width: 0px !important;padding-top: 0px !important;padding-right: 0px !important;padding-bottom: 0px !important;padding-left: 0px !important;}&#8220; el_class=&#8220;container reviews-row&#8220; el_id=&#8220;reviews-row&#8220;][vc_column width=&#8220;1\/3&#8243; css=&#8220;.vc_custom_1527062525553{margin-top: 0px !important;margin-right: 0px !important;margin-bottom: 0px !important;margin-left: 0px !important;border-top-width: 0px !important;border-right-width: 0px !important;border-bottom-width: 0px !important;border-left-width: 0px !important;padding-top: 0px !important;padding-right: 0px !important;padding-bottom: 0px !important;padding-left: 0px !important;}&#8220;][vc_single_image image=&#8220;5372&#8243; img_size=&#8220;full&#8220; css=&#8220;.vc_custom_1539002649328{margin-top: 0px !important;margin-right: 0px !important;margin-bottom: 0px !important;margin-left: 0px !important;padding-top: 0px !important;padding-right: 0px !important;padding-bottom: 0px !important;padding-left: 0px !important;}&#8220;][\/vc_column][vc_column width=&#8220;2\/3&#8243;][vc_column_text el_class=&#8220;block-text&#8220;]Mein Name ist Luca, ich bin Front Office Agent. Ich stehe Ihnen gemeinsam mit dem Team des Santa Croce Boutique Hotels gerne zur Verf\u00fcgung und wir sorgen daf\u00fcr, dass Ihr Aufenthalt in der wundersch\u00f6nen Stadt Venedig zu einem einzigartigen Erlebnis wird.<\/p>\n<p>Wer bereits bei uns zu Gast war, ist wirklich begeistert gewesen. Wenden Sie sich einfach an uns. Wir geben Ihnen gerne alle n\u00f6tigen Informationen und sorgen daf\u00fcr, dass Ihr Traum von einem Urlaub in Venedig Wirklichkeit wird.[\/vc_column_text][vc_row_inner content_placement=&#8220;top&#8220;][vc_column_inner el_class=&#8220;description-column&#8220; width=&#8220;1\/3&#8243; css=&#8220;.vc_custom_1538745335149{margin-top: 0px !important;margin-right: 0px !important;margin-bottom: 0px !important;margin-left: 0px !important;}&#8220;][vc_column_text el_class=&#8220;block-google&#8220;]<img decoding=\"async\" class=\"google-image alignnone wp-image-5271\" src=\"https:\/\/www.santacroceboutiquehotel.com\/wp-content\/uploads\/2018\/10\/logo-google-small.png\" alt=\"\" width=\"110\" height=\"39\" \/><\/p>\n<p class=\"punteggio-google\">5,0 <i class=\"fa fa-star\" aria-hidden=\"true\"><\/i><i class=\"fa fa-star\" aria-hidden=\"true\"><\/i><i class=\"fa fa-star\" aria-hidden=\"true\"><\/i><i class=\"fa fa-star\" aria-hidden=\"true\"><\/i><i class=\"fa fa-star\" aria-hidden=\"true\"><\/i><\/p>\n<p>[\/vc_column_text][\/vc_column_inner][vc_column_inner width=&#8220;1\/3&#8243;][vc_column_text el_class=&#8220;block-booking&#8220;]<img decoding=\"async\" class=\"logo-booking alignnone wp-image-5270\" src=\"https:\/\/www.santacroceboutiquehotel.com\/wp-content\/uploads\/2018\/10\/logo-booking-small.png\" alt=\"\" width=\"110\" height=\"39\" \/><\/p>\n<p class=\"title-booking\"><span class=\"title\">Au\u00dfergew\u00f6hnlich<\/span><\/p>\n<p class=\"punteggio-booking-home\">9,6<\/p>\n<p>[\/vc_column_text][\/vc_column_inner][vc_column_inner el_class=&#8220;button-column&#8220; width=&#8220;1\/3&#8243;][vc_column_text el_class=&#8220;block-tripadvisor&#8220;]<img decoding=\"async\" class=\"logo-tripadvisor alignnone wp-image-5272\" src=\"https:\/\/www.santacroceboutiquehotel.com\/wp-content\/uploads\/2018\/10\/logo-tripadvisor.png\" alt=\"\" width=\"110\" height=\"39\" \/><br \/>\n<i class=\"fa fa-circle\" aria-hidden=\"true\"><\/i> <i class=\"fa fa-circle\" aria-hidden=\"true\"><\/i> <i class=\"fa fa-circle\" aria-hidden=\"true\"><\/i> <i class=\"fa fa-circle\" aria-hidden=\"true\"><\/i> <i class=\"fa fa-circle\" aria-hidden=\"true\"><\/i>[\/vc_column_text][\/vc_column_inner][\/vc_row_inner][vc_column_text el_class=&#8220;block-text&#8220;]<\/p>\n<div class=\"divider-gold\"><\/div>\n<p style=\"text-align: center;\">Luca<br \/>\nFront Office Agent<\/p>\n<p>[\/vc_column_text][\/vc_column][\/vc_row][vc_row full_width=&#8220;stretch_row_content_no_spaces&#8220; css=&#8220;.vc_custom_1531222199194{margin-top: 0px !important;margin-right: 0px !important;margin-bottom: 0px !important;margin-left: 0px !important;border-top-width: 0px !important;border-right-width: 0px !important;border-bottom-width: 0px !important;border-left-width: 0px !important;padding-top: 0px !important;padding-right: 0px !important;padding-bottom: 0px !important;padding-left: 0px !important;}&#8220; el_id=&#8220;where-row&#8220; el_class=&#8220;container&#8220;][vc_column css=&#8220;.vc_custom_1527079348989{margin-top: 0px !important;margin-right: 0px !important;margin-bottom: 0px !important;margin-left: 0px !important;border-top-width: 0px !important;border-right-width: 0px !important;border-bottom-width: 0px !important;border-left-width: 0px !important;padding-top: 0px !important;padding-right: 0px !important;padding-bottom: 0px !important;padding-left: 0px !important;}&#8220;][vc_row_inner equal_height=&#8220;yes&#8220; content_placement=&#8220;middle&#8220;][vc_column_inner el_class=&#8220;half-column&#8220; css=&#8220;.vc_custom_1531222251429{margin-bottom: 20px !important;}&#8220;][vc_column_text css=&#8220;.vc_custom_1533627997099{margin-top: 0px !important;margin-right: 0px !important;margin-bottom: 0px !important;margin-left: 0px !important;border-top-width: 0px !important;border-right-width: 0px !important;border-bottom-width: 0px !important;border-left-width: 0px !important;padding-top: 0px !important;padding-right: 0px !important;padding-bottom: 0px !important;padding-left: 0px !important;}&#8220;]<\/p>\n<h1 class=\"divider-title\">LAGE<\/h1>\n<p>[\/vc_column_text][vc_column_text css=&#8220;.vc_custom_1533304817012{margin-top: 20px !important;margin-right: 0px !important;margin-bottom: 0px !important;margin-left: 0px !important;border-top-width: 0px !important;border-right-width: 0px !important;border-bottom-width: 0px !important;border-left-width: 0px !important;padding-top: 0px !important;padding-right: 0px !important;padding-bottom: 0px !important;padding-left: 0px !important;}&#8220;]Wenige Schritte vom<strong> j\u00fcdischen Viertel<\/strong> entfernt, dem \u00e4ltesten Europas, und von den sch\u00f6nsten <strong>Kirchen Venedigs<\/strong> wie der Frarikirche und der Scuola Grande di San Rocco mit den <strong>gr\u00f6\u00dften Meisterwerken des Tintoretto<\/strong>.<\/p>\n<p>In wenigen Minuten erreichen Sie ganz einfach die <strong>Rialtobr\u00fccke und den Markusplatz.<\/strong><\/p>\n<p>Ebenfalls in der N\u00e4he finden Sie original venezianische Osterias und Trattorias, die zum Genie\u00dfen typischer Gerichte der lokalen K\u00fcche und zum Lauschen eines Konzerts an einem wundersch\u00f6nen Kanal einladen.[\/vc_column_text][\/vc_column_inner][\/vc_row_inner][\/vc_column][\/vc_row][vc_row full_width=&#8220;stretch_row_content_no_spaces&#8220; css=&#8220;.vc_custom_1530170557434{margin-top: 0px !important;margin-right: 0px !important;margin-bottom: 0px !important;margin-left: 0px !important;border-top-width: 0px !important;border-right-width: 0px !important;border-bottom-width: 0px !important;border-left-width: 0px !important;padding-top: 0px !important;padding-right: 0px !important;padding-bottom: 0px !important;padding-left: 0px !important;}&#8220; el_id=&#8220;map-row&#8220;][vc_column css=&#8220;.vc_custom_1530170518790{margin: 0px !important;border-width: 0px !important;padding: 0px !important;}&#8220;][vc_single_image image=&#8220;4559&#8243; img_size=&#8220;full&#8220; alignment=&#8220;center&#8220; onclick=&#8220;custom_link&#8220; css=&#8220;.vc_custom_1533305141568{margin-top: 0px !important;margin-right: 0px !important;margin-bottom: 0px !important;margin-left: 0px !important;border-top-width: 0px !important;border-right-width: 0px !important;border-bottom-width: 0px !important;border-left-width: 0px !important;padding-top: 0px !important;padding-right: 0px !important;padding-bottom: 0px !important;padding-left: 0px !important;}&#8220; link=&#8220;\/de\/lage\/&#8220;][\/vc_column][\/vc_row][vc_row full_width=&#8220;stretch_row_content_no_spaces&#8220; css=&#8220;.vc_custom_1527080607092{margin-top: 0px !important;margin-right: 0px !important;margin-bottom: 0px !important;margin-left: 0px !important;border-top-width: 0px !important;border-right-width: 0px !important;border-bottom-width: 0px !important;border-left-width: 0px !important;padding-top: 0px !important;padding-right: 0px !important;padding-bottom: 0px !important;padding-left: 0px !important;}&#8220; el_class=&#8220;container&#8220; el_id=&#8220;where-desc-row&#8220;][vc_column css=&#8220;.vc_custom_1527062525553{margin-top: 0px !important;margin-right: 0px !important;margin-bottom: 0px !important;margin-left: 0px !important;border-top-width: 0px !important;border-right-width: 0px !important;border-bottom-width: 0px !important;border-left-width: 0px !important;padding-top: 0px !important;padding-right: 0px !important;padding-bottom: 0px !important;padding-left: 0px !important;}&#8220;][vc_empty_space height=&#8220;40px&#8220;][vc_row_inner equal_height=&#8220;yes&#8220; content_placement=&#8220;middle&#8220;][vc_column_inner el_class=&#8220;description-column&#8220; width=&#8220;2\/3&#8243;][vc_column_text css=&#8220;.vc_custom_1533628543390{margin-top: 0px !important;margin-right: 0px !important;margin-bottom: 0px !important;margin-left: 0px !important;border-top-width: 0px !important;border-right-width: 0px !important;border-bottom-width: 0px !important;border-left-width: 0px !important;padding-top: 0px !important;padding-right: 0px !important;padding-bottom: 0px !important;padding-left: 0px !important;}&#8220;]Das <strong>Santa Croce Boutique Hotel ist im Sestiere Santa Croce gelegen, im charakteristischsten Teil der Stadt<\/strong>, wo Sie die Authentizit\u00e4t und Besonderheiten des Lebens von Venedig und seinen Bewohnern hautnah erleben.[\/vc_column_text][\/vc_column_inner][vc_column_inner el_class=&#8220;button-column&#8220; width=&#8220;1\/3&#8243;][vc_column_text]<\/p>\n<p style=\"text-align: center;\"><a class=\"btn-gold\" href=\"\/de\/lage\/\">Karte<\/a><\/p>\n<p>[\/vc_column_text][\/vc_column_inner][\/vc_row_inner][vc_empty_space height=&#8220;40px&#8220;][\/vc_column][\/vc_row]<\/p>\n<\/div>","protected":false},"excerpt":{"rendered":"<p>[vc_row full_width=&#8220;stretch_row_content_no_spaces&#8220; css=&#8220;.vc_custom_1532508963736{margin-top: 0px !important;margin-right: 0px !important;margin-bottom: 0px !important;margin-left: 0px !important;border-top-width: 0px !important;border-right-width: 0px !important;border-bottom-width: 0px !important;border-left-width: 0px !important;padding-top: 0px !important;padding-right: 0px !important;padding-bottom: 0px !important;padding-left: 0px !important;background-color: #f5f5f5 !important;}&#8220; el_id=&#8220;first-row&#8220;][vc_column css=&#8220;.vc_custom_1526996589350{margin: 0px !important;border-width: 0px !important;padding: 0px !important;}&#8220;][vc_column_text css=&#8220;.vc_custom_1538749971143{margin-top: 0px !important;margin-right: 0px !important;margin-bottom: 0px !important;margin-left: 0px !important;border-top-width: 0px !important;border-right-width: 0px !important;border-bottom-width: 0px !important;border-left-width: 0px !important;padding-top: 0px [&hellip;]<\/p>\n","protected":false},"author":24,"featured_media":0,"parent":0,"menu_order":0,"comment_status":"closed","ping_status":"open","template":"","meta":{"_acf_changed":false,"inline_featured_image":false,"footnotes":""},"class_list":["post-5952","page","type-page","status-publish","hentry"],"acf":[],"_links":{"self":[{"href":"https:\/\/www.santacroceboutiquehotel.com\/de\/wp-json\/wp\/v2\/pages\/5952","targetHints":{"allow":["GET"]}}],"collection":[{"href":"https:\/\/www.santacroceboutiquehotel.com\/de\/wp-json\/wp\/v2\/pages"}],"about":[{"href":"https:\/\/www.santacroceboutiquehotel.com\/de\/wp-json\/wp\/v2\/types\/page"}],"author":[{"embeddable":true,"href":"https:\/\/www.santacroceboutiquehotel.com\/de\/wp-json\/wp\/v2\/users\/24"}],"replies":[{"embeddable":true,"href":"https:\/\/www.santacroceboutiquehotel.com\/de\/wp-json\/wp\/v2\/comments?post=5952"}],"version-history":[{"count":0,"href":"https:\/\/www.santacroceboutiquehotel.com\/de\/wp-json\/wp\/v2\/pages\/5952\/revisions"}],"wp:attachment":[{"href":"https:\/\/www.santacroceboutiquehotel.com\/de\/wp-json\/wp\/v2\/media?parent=5952"}],"curies":[{"name":"wp","href":"https:\/\/api.w.org\/{rel}","templated":true}]}}