{"id":6390,"date":"2020-05-19T13:09:11","date_gmt":"2020-05-19T11:09:11","guid":{"rendered":"https:\/\/www.santacroceboutiquehotel.com\/it\/?page_id=6390"},"modified":"2026-01-09T14:14:41","modified_gmt":"2026-01-09T13:14:41","slug":"privacy-policy-2-2-2-2-3-2","status":"publish","type":"page","link":"https:\/\/www.santacroceboutiquehotel.com\/de\/fruhstuck\/","title":{"rendered":"Fr\u00fchst\u00fcck"},"content":{"rendered":"<div class=\"wpb-content-wrapper\"><p>[vc_row][vc_column][vc_raw_html]JTNDZGl2JTIwY2xhc3MlM0QlMjJudWRnZS1ib3glMjIlM0VBdXNnZXplaWNobmV0ZXMlM0NiciUzRUZyJUMzJUJDaHN0JUMzJUJDY2slM0MlMkZkaXYlM0U=[\/vc_raw_html][\/vc_column][\/vc_row][vc_row full_width=&#8220;stretch_row&#8220; css=&#8220;.vc_custom_1589892533885{margin-top: 0px !important;margin-bottom: 0px !important;}&#8220;][vc_column width=&#8220;1\/3&#8243; el_class=&#8220;half-column&#8220;][vc_column_text]<\/p>\n<h1 class=\"divider-title\">Fr\u00fchst\u00fcck<\/h1>\n<p>[\/vc_column_text][vc_column_text css=&#8220;.vc_custom_1670248732606{margin-top: 30px !important;}&#8220;]<\/p>\n<p class=\"p1\"><span class=\"s1\">Unser Fr\u00fchst\u00fccksteam begr\u00fc\u00dft Sie in unserem eleganten Saal, wo Sie ein <strong>reichhaltiges Fr\u00fchst\u00fccksb\u00fcfett<\/strong> sowie eine Auswahl an frisch zubereiteten <strong>warmen Gerichten<\/strong> erwarten, die selbst die anspruchsvollsten Gaumen verw\u00f6hnen.<\/span><\/p>\n<p>So beginnt die Degustation der lokalen Spezialit\u00e4ten bereits beim Fr\u00fchst\u00fcck, das auch Speisen aus der <strong>internationalen K\u00fcche<\/strong> umfasst und viel Raum f\u00fcr G\u00e4ste mit <strong>Lebensmittelallergien und -unvertr\u00e4glichkeiten<\/strong> l\u00e4sst, wobei das Augenmerk stets auf dem Geschmack liegt.[\/vc_column_text][\/vc_column][vc_column width=&#8220;2\/3&#8243; css=&#8220;.vc_custom_1589892543073{margin-top: 40px !important;}&#8220;][vc_media_grid element_width=&#8220;6&#8243; css=&#8220;&#8220; grid_id=&#8220;vc_gid:1767964426416-57f15e66-c9df-3&#8243; include=&#8220;8490,8481,6202,8485&#8243;][\/vc_column][\/vc_row][vc_row full_width=&#8220;stretch_row&#8220; css=&#8220;.vc_custom_1589270536992{margin-top: 0px !important;margin-bottom: 0px !important;}&#8220;][vc_column width=&#8220;1\/2&#8243;][vc_column_text css=&#8220;.vc_custom_1589270444519{margin-top: 30px !important;}&#8220;]<\/p>\n<ul style=\"line-height: 30px; list-style-type: circle;\">\n<li><strong>Express products,<\/strong> from the kitchen to the Guests<\/li>\n<li>All the dishes and cutlery are washed in the dishwasher at temperatures above 70 \u00b0, detergents under medical supervision, dried with disposable paper<\/li>\n<li>Breakfast upon reservation in different shifts<\/li>\n<li><strong>Total sanitization of the room<\/strong> at the beginning, end of breakfast, between one shift and the next, change meis en place \/ table linen, sanitizing chairs and tables<\/li>\n<li>Ventilated room between one shift and another.<\/li>\n<li><strong>Safety distance<\/strong> (2 meters between each table, maximum 5 rooms at a time)<\/li>\n<\/ul>\n<p>[\/vc_column_text][\/vc_column][vc_column width=&#8220;1\/2&#8243;][vc_column_text css=&#8220;.vc_custom_1589270525122{margin-top: 30px !important;}&#8220;]<\/p>\n<ul style=\"line-height: 30px; list-style-type: circle;\">\n<li><strong>Hands sanitizer available<\/strong> at the entrance and exit of the Breakfast Room<\/li>\n<li>Staff equipped with masks and gloves<\/li>\n<li><strong>Continuous air recirculation equipment<\/strong><\/li>\n<li>Supply of technical data sheets for all sanitization products.<\/li>\n<\/ul>\n<p>Furthermore&#8230;<\/p>\n<ul style=\"line-height: 30px; list-style-type: circle;\">\n<li><strong>Breakfast in our secret garden<\/strong> surrounded by a fantastic sunny day<\/li>\n<li>Breakfast in the room without supplement.<\/li>\n<\/ul>\n<p>[\/vc_column_text][\/vc_column][\/vc_row]<\/p>\n<\/div>","protected":false},"excerpt":{"rendered":"<p>[vc_row][vc_column][vc_raw_html]JTNDZGl2JTIwY2xhc3MlM0QlMjJudWRnZS1ib3glMjIlM0VBdXNnZXplaWNobmV0ZXMlM0NiciUzRUZyJUMzJUJDaHN0JUMzJUJDY2slM0MlMkZkaXYlM0U=[\/vc_raw_html][\/vc_column][\/vc_row][vc_row full_width=&#8220;stretch_row&#8220; css=&#8220;.vc_custom_1589892533885{margin-top: 0px !important;margin-bottom: 0px !important;}&#8220;][vc_column width=&#8220;1\/3&#8243; el_class=&#8220;half-column&#8220;][vc_column_text] Fr\u00fchst\u00fcck [\/vc_column_text][vc_column_text css=&#8220;.vc_custom_1670248732606{margin-top: 30px !important;}&#8220;] Unser Fr\u00fchst\u00fccksteam begr\u00fc\u00dft Sie in unserem eleganten Saal, wo Sie ein reichhaltiges Fr\u00fchst\u00fccksb\u00fcfett sowie eine Auswahl an frisch zubereiteten warmen Gerichten erwarten, die selbst die anspruchsvollsten Gaumen verw\u00f6hnen. So beginnt die Degustation der lokalen Spezialit\u00e4ten bereits beim Fr\u00fchst\u00fcck, das auch Speisen [&hellip;]<\/p>\n","protected":false},"author":24,"featured_media":6394,"parent":0,"menu_order":0,"comment_status":"closed","ping_status":"closed","template":"","meta":{"_acf_changed":false,"inline_featured_image":false,"footnotes":""},"class_list":["post-6390","page","type-page","status-publish","has-post-thumbnail","hentry"],"acf":[],"_links":{"self":[{"href":"https:\/\/www.santacroceboutiquehotel.com\/de\/wp-json\/wp\/v2\/pages\/6390","targetHints":{"allow":["GET"]}}],"collection":[{"href":"https:\/\/www.santacroceboutiquehotel.com\/de\/wp-json\/wp\/v2\/pages"}],"about":[{"href":"https:\/\/www.santacroceboutiquehotel.com\/de\/wp-json\/wp\/v2\/types\/page"}],"author":[{"embeddable":true,"href":"https:\/\/www.santacroceboutiquehotel.com\/de\/wp-json\/wp\/v2\/users\/24"}],"replies":[{"embeddable":true,"href":"https:\/\/www.santacroceboutiquehotel.com\/de\/wp-json\/wp\/v2\/comments?post=6390"}],"version-history":[{"count":0,"href":"https:\/\/www.santacroceboutiquehotel.com\/de\/wp-json\/wp\/v2\/pages\/6390\/revisions"}],"wp:featuredmedia":[{"embeddable":true,"href":"https:\/\/www.santacroceboutiquehotel.com\/de\/wp-json\/wp\/v2\/media\/6394"}],"wp:attachment":[{"href":"https:\/\/www.santacroceboutiquehotel.com\/de\/wp-json\/wp\/v2\/media?parent=6390"}],"curies":[{"name":"wp","href":"https:\/\/api.w.org\/{rel}","templated":true}]}}