{"id":8536,"date":"2026-02-05T08:37:58","date_gmt":"2026-02-05T07:37:58","guid":{"rendered":"https:\/\/www.santacroceboutiquehotel.com\/it\/?page_id=8536"},"modified":"2026-02-25T15:01:42","modified_gmt":"2026-02-25T14:01:42","slug":"lanima-dellhotel","status":"publish","type":"page","link":"https:\/\/www.santacroceboutiquehotel.com\/de\/die-seele-des-hotels\/","title":{"rendered":"Die Seele des Hotels"},"content":{"rendered":"<div class=\"wpb-content-wrapper\"><p>[vc_row full_width=&#8220;stretch_row&#8220; css=&#8220;.vc_custom_1770214897229{margin-top: 0px !important;margin-right: 0px !important;margin-bottom: 0px !important;margin-left: 0px !important;border-top-width: 0px !important;border-right-width: 0px !important;border-bottom-width: 0px !important;border-left-width: 0px !important;padding-top: 0px !important;padding-right: 30px !important;padding-bottom: 0px !important;padding-left: 30px !important;background-color: #f5f5f5 !important;}&#8220;][vc_column][vc_column_text css=&#8220;.vc_custom_1772026925291{padding-right: 30px !important;padding-left: 30px !important;}&#8220; el_class=&#8220;row-text-gray-block&#8220;]<\/p>\n<p style=\"text-align: center;\"><span style=\"font-family: Playfair Display; font-style: italic; font-size: 24px;\">\u201eDie Schwelle des Santa Croce zu \u00fcberschreiten bedeutet, eine Welt zu betreten,<br \/>\nin der Gastfreundschaft kein Protokoll, sondern ein spontanes Gef\u00fchl ist.<\/span><\/p>\n<p style=\"text-align: center;\"><span style=\"font-family: Playfair Display; font-style: italic; font-size: 24px;\">In einem Palast, der Geschichte atmet, liegt unsere wahre St\u00e4rke in der Harmonie<br \/>\neines Teams, das wie eine vereinte Familie lebt und arbeitet.\u201c<\/span><\/p>\n<p>[\/vc_column_text][\/vc_column][\/vc_row][vc_row full_width=&#8220;stretch_row&#8220; css=&#8220;.vc_custom_1530181273529{margin-top: 0px !important;margin-bottom: 0px !important;}&#8220;][vc_column width=&#8220;1\/2&#8243; el_class=&#8220;half-column&#8220;][vc_column_text css=&#8220;&#8220;]<\/p>\n<div class=\"divider-title-container\" style=\"margin-bottom: 25px;\">\n<p><span style=\"display: block; font-family: 'Montserrat', sans-serif; font-size: 16px; letter-spacing: 3px; color: #999; text-transform: uppercase; margin-bottom: 10px; font-weight: 400;\">Werte<\/span><\/p>\n<\/div>\n<p>[\/vc_column_text][vc_column_text css=&#8220;&#8220;]<\/p>\n<h1>Mehr als ein Team \u2013 eine Identit\u00e4t<\/h1>\n<p>[\/vc_column_text][vc_column_text css=&#8220;.vc_custom_1772027096519{margin-top: 30px !important;}&#8220;]<\/p>\n<p class=\"p1\"><span class=\"s1\">Im Santa Croce Boutique Hotel arbeiten keine einfachen Fachkr\u00e4fte, sondern <strong>H\u00fcter einer gemeinsamen Vision<\/strong>. Wir sind ein eingespieltes Team, das die <strong>Leidenschaft f\u00fcr Details und die Liebe zu dieser einzigartigen Stadt<\/strong> teilt. Jedes L\u00e4cheln und jede Geste entstehen aus der nat\u00fcrlichen Harmonie derer, die sich als Teil eines gro\u00dfen Zuhauses f\u00fchlen.<\/span><\/p>\n<p>[\/vc_column_text][vc_empty_space height=&#8220;20px&#8220;][\/vc_column][vc_column width=&#8220;1\/2&#8243;][vc_single_image image=&#8220;8568&#8243; img_size=&#8220;full&#8220; css=&#8220;.vc_custom_1770217916291{margin-top: 40px !important;}&#8220;][\/vc_column][\/vc_row][vc_row full_width=&#8220;stretch_row&#8220; css=&#8220;.vc_custom_1530181273529{margin-top: 0px !important;margin-bottom: 0px !important;}&#8220;][vc_column width=&#8220;1\/2&#8243;][vc_single_image image=&#8220;8570&#8243; img_size=&#8220;full&#8220; css=&#8220;.vc_custom_1770217921241{margin-top: 40px !important;}&#8220;][\/vc_column][vc_column width=&#8220;1\/2&#8243; el_class=&#8220;half-column&#8220;][vc_column_text css=&#8220;&#8220;]<span style=\"display: block; font-family: 'Montserrat', sans-serif; font-size: 16px; letter-spacing: 3px; color: #999; text-transform: uppercase; margin-bottom: 15px; font-weight: 400;\">Philosophie<\/span>[\/vc_column_text][vc_column_text css=&#8220;&#8220;]<\/p>\n<h1>Gastfreundschaft als gelebtes Miteinander<\/h1>\n<p>[\/vc_column_text][vc_column_text css=&#8220;.vc_custom_1772027125642{margin-top: 30px !important;}&#8220;]<\/p>\n<p class=\"p1\">Wir glauben, dass wahrer Luxus Spontaneit\u00e4t ist. Unser famili\u00e4res Klima spiegelt sich in der Art und Weise wider, wie wir jeden Gast empfangen: nicht als Kunden, sondern als <strong>Freund der Familie<\/strong>. Die Verbundenheit unseres Teams ist die unsichtbare Kraft, die einen einfachen Aufenthalt in eine <strong>unvergessliche Erinnerung<\/strong> verwandelt.<\/p>\n<p>[\/vc_column_text][vc_empty_space height=&#8220;20px&#8220;][\/vc_column][\/vc_row][vc_row][vc_column][vc_column_text css=&#8220;&#8220;]<\/p>\n<h1>Werden Sie Teil unserer Familie<\/h1>\n<p>[\/vc_column_text][vc_column_text css=&#8220;.vc_custom_1772027147247{margin-top: 30px !important;}&#8220;]<\/p>\n<p class=\"p1\"><span class=\"s1\">Im Santa Croce Boutique Hotel suchen wir nicht einfach Mitarbeitende, sondern <strong>authentische Pers\u00f6nlichkeiten<\/strong>, die Botschafter unserer Vision von Gastfreundschaft werden m\u00f6chten. Wenn Sie glauben, dass Liebe zum Detail und die W\u00e4rme eines L\u00e4chelns die wahren Zutaten von Luxus sind, k\u00f6nnten Sie genau die Person sein, die wir suchen. Erz\u00e4hlen Sie uns, wer Sie sind, und helfen Sie uns, den Aufenthalt jedes Gastes unvergesslich zu machen: <strong>Ihr Talent ist das fehlende Puzzlest\u00fcck, das unsere Harmonie vollendet<\/strong>.<\/span><\/p>\n<p>[\/vc_column_text][\/vc_column][\/vc_row][vc_row][vc_column][vc_column_text css=&#8220;&#8220;]\n<div class=\"wpcf7 no-js\" id=\"wpcf7-f8620-o4\" lang=\"it-IT\" dir=\"ltr\" data-wpcf7-id=\"8620\">\n<div class=\"screen-reader-response\"><p role=\"status\" aria-live=\"polite\" aria-atomic=\"true\"><\/p> <ul><\/ul><\/div>\n<form action=\"\/de\/wp-json\/wp\/v2\/pages\/8536#wpcf7-f8620-o4\" method=\"post\" class=\"wpcf7-form init\" aria-label=\"Modulo di contatto\" novalidate=\"novalidate\" data-status=\"init\">\n<fieldset class=\"hidden-fields-container\"><input type=\"hidden\" name=\"_wpcf7\" value=\"8620\" \/><input type=\"hidden\" name=\"_wpcf7_version\" value=\"6.1.2\" \/><input type=\"hidden\" name=\"_wpcf7_locale\" value=\"it_IT\" \/><input type=\"hidden\" name=\"_wpcf7_unit_tag\" value=\"wpcf7-f8620-o4\" \/><input type=\"hidden\" name=\"_wpcf7_container_post\" value=\"0\" \/><input type=\"hidden\" name=\"_wpcf7_posted_data_hash\" value=\"\" \/>\n<\/fieldset>\n<div class=\"form-assunzione\">\n<h1 class=\"divider-title\">Senden Sie uns Ihre Bewerbung<\/h1>\n<span class=\"wpcf7-form-control-wrap\" data-name=\"your-name\"><input size=\"40\" maxlength=\"400\" class=\"wpcf7-form-control wpcf7-text wpcf7-validates-as-required field-text\" aria-required=\"true\" aria-invalid=\"false\" placeholder=\"Vor- und Nachname*\" value=\"\" type=\"text\" name=\"your-name\" \/><\/span>\n<span class=\"wpcf7-form-control-wrap\" data-name=\"your-email\"><input size=\"40\" maxlength=\"400\" class=\"wpcf7-form-control wpcf7-email wpcf7-validates-as-required wpcf7-text wpcf7-validates-as-email field-text\" aria-required=\"true\" aria-invalid=\"false\" placeholder=\"Email*\" value=\"\" type=\"email\" name=\"your-email\" \/><\/span>\n<span class=\"wpcf7-form-control-wrap\" data-name=\"textarea-542\"><textarea cols=\"40\" rows=\"10\" maxlength=\"2000\" class=\"wpcf7-form-control wpcf7-textarea\" aria-invalid=\"false\" name=\"textarea-542\"><\/textarea><\/span>\n<div class=\"form-cv-checkbox\">\n<span class=\"wpcf7-form-control-wrap\" data-name=\"checkbox-terms\"><span class=\"wpcf7-form-control wpcf7-checkbox wpcf7-validates-as-required wpcf7-exclusive-checkbox\"><span class=\"wpcf7-list-item first last\"><input type=\"checkbox\" name=\"checkbox-terms\" value=\"*\" \/><span class=\"wpcf7-list-item-label\">*<\/span><\/span><\/span><\/span>\n<\/div>\n<input class=\"wpcf7-form-control wpcf7-submit has-spinner ev-cont-it btn-blue\" type=\"submit\" value=\"SENDEN\" \/>\n<div class=\"wpcf7-response-output\" aria-hidden=\"true\"><\/div>\n<\/div>\n<\/form>\n<\/div>\n[\/vc_column_text][\/vc_column][\/vc_row]<\/p>\n<\/div>","protected":false},"excerpt":{"rendered":"<p>[vc_row full_width=&#8220;stretch_row&#8220; css=&#8220;.vc_custom_1770214897229{margin-top: 0px !important;margin-right: 0px !important;margin-bottom: 0px !important;margin-left: 0px !important;border-top-width: 0px !important;border-right-width: 0px !important;border-bottom-width: 0px !important;border-left-width: 0px !important;padding-top: 0px !important;padding-right: 30px !important;padding-bottom: 0px !important;padding-left: 30px !important;background-color: #f5f5f5 !important;}&#8220;][vc_column][vc_column_text css=&#8220;.vc_custom_1772026925291{padding-right: 30px !important;padding-left: 30px !important;}&#8220; el_class=&#8220;row-text-gray-block&#8220;] \u201eDie Schwelle des Santa Croce zu \u00fcberschreiten bedeutet, eine Welt zu betreten, in der Gastfreundschaft kein Protokoll, sondern ein spontanes [&hellip;]<\/p>\n","protected":false},"author":36,"featured_media":8648,"parent":0,"menu_order":0,"comment_status":"closed","ping_status":"closed","template":"","meta":{"_acf_changed":false,"inline_featured_image":false,"footnotes":""},"class_list":["post-8536","page","type-page","status-publish","has-post-thumbnail","hentry"],"acf":[],"_links":{"self":[{"href":"https:\/\/www.santacroceboutiquehotel.com\/de\/wp-json\/wp\/v2\/pages\/8536","targetHints":{"allow":["GET"]}}],"collection":[{"href":"https:\/\/www.santacroceboutiquehotel.com\/de\/wp-json\/wp\/v2\/pages"}],"about":[{"href":"https:\/\/www.santacroceboutiquehotel.com\/de\/wp-json\/wp\/v2\/types\/page"}],"author":[{"embeddable":true,"href":"https:\/\/www.santacroceboutiquehotel.com\/de\/wp-json\/wp\/v2\/users\/36"}],"replies":[{"embeddable":true,"href":"https:\/\/www.santacroceboutiquehotel.com\/de\/wp-json\/wp\/v2\/comments?post=8536"}],"version-history":[{"count":0,"href":"https:\/\/www.santacroceboutiquehotel.com\/de\/wp-json\/wp\/v2\/pages\/8536\/revisions"}],"wp:featuredmedia":[{"embeddable":true,"href":"https:\/\/www.santacroceboutiquehotel.com\/de\/wp-json\/wp\/v2\/media\/8648"}],"wp:attachment":[{"href":"https:\/\/www.santacroceboutiquehotel.com\/de\/wp-json\/wp\/v2\/media?parent=8536"}],"curies":[{"name":"wp","href":"https:\/\/api.w.org\/{rel}","templated":true}]}}