{"id":4562,"date":"2018-06-27T15:23:28","date_gmt":"2018-06-27T13:23:28","guid":{"rendered":"https:\/\/www.santacroceboutiquehotel.com\/it\/?page_id=4562"},"modified":"2025-03-12T08:36:57","modified_gmt":"2025-03-12T07:36:57","slug":"lorient-santa-croce-boutique-hotel-venise","status":"publish","type":"page","link":"https:\/\/www.santacroceboutiquehotel.com\/es\/el-oriente\/","title":{"rendered":"El Oriente"},"content":{"rendered":"<div class=\"wpb-content-wrapper\"><p>[vc_row full_width=\u00bbstretch_row\u00bb css=\u00bb.vc_custom_1530180581341{margin-top: 0px !important;margin-bottom: 0px !important;}\u00bb][vc_column width=\u00bb1\/3&#8243; el_class=\u00bbhalf-column\u00bb][vc_column_text]<\/p>\n<h1 class=\"divider-title\">EL ORIENTE<\/h1>\n<p>[\/vc_column_text][vc_column_text css=\u00bb.vc_custom_1534502211844{margin-top: 30px !important;}\u00bb]<strong>Venecia<\/strong> ha sido siempre, desde su origen, una sociedad<strong> cosmopolita y multi\u00e9tnica<\/strong>. La influencia de las diferentes culturas presentes al mismo tiempo, a\u00fan hoy en d\u00eda se hace presente en muchos componentes y sectores de la vida veneciana.<\/p>\n<p>Algunos registros hist\u00f3ricos, como el <strong>arte textil de Rubelli y Fortuny<\/strong> y sus tejidos conocidos en todo el mundo, ahora adornan las salas del Santa Cruz Boutique Hotel, donde <strong>las elegantes y refinadas cortinas, toallas y telas de seda y terciopelo<\/strong> forman parte de la influencia hist\u00f3rica procedente <strong>de Oriente<\/strong>, de \u00c1frica y de Am\u00e9rica.[\/vc_column_text][\/vc_column][vc_column width=\u00bb2\/3&#8243;][vc_single_image image=\u00bb5396&#8243; img_size=\u00bbfull\u00bb css=\u00bb.vc_custom_1539163186215{margin-top: 40px !important;margin-bottom: 10px !important;}\u00bb][vc_media_grid gap=\u00bb10&#8243; css=\u00bb\u00bb grid_id=\u00bbvc_gid:1741765006427-0cd25144-fe7a-4&#8243; include=\u00bb5398,4616,5410,6428,6222,5564,7548,7546&#8243;][\/vc_column][\/vc_row]<\/p>\n<\/div>","protected":false},"excerpt":{"rendered":"<p>[vc_row full_width=\u00bbstretch_row\u00bb css=\u00bb.vc_custom_1530180581341{margin-top: 0px !important;margin-bottom: 0px !important;}\u00bb][vc_column width=\u00bb1\/3&#8243; el_class=\u00bbhalf-column\u00bb][vc_column_text] EL ORIENTE [\/vc_column_text][vc_column_text css=\u00bb.vc_custom_1534502211844{margin-top: 30px !important;}\u00bb]Venecia ha sido siempre, desde su origen, una sociedad cosmopolita y multi\u00e9tnica. La influencia de las diferentes culturas presentes al mismo tiempo, a\u00fan hoy en d\u00eda se hace presente en muchos componentes y sectores de la vida veneciana. Algunos registros hist\u00f3ricos, [&hellip;]<\/p>\n","protected":false},"author":24,"featured_media":5397,"parent":0,"menu_order":0,"comment_status":"closed","ping_status":"closed","template":"","meta":{"_acf_changed":false,"inline_featured_image":false,"footnotes":""},"class_list":["post-4562","page","type-page","status-publish","has-post-thumbnail","hentry"],"acf":[],"_links":{"self":[{"href":"https:\/\/www.santacroceboutiquehotel.com\/es\/wp-json\/wp\/v2\/pages\/4562","targetHints":{"allow":["GET"]}}],"collection":[{"href":"https:\/\/www.santacroceboutiquehotel.com\/es\/wp-json\/wp\/v2\/pages"}],"about":[{"href":"https:\/\/www.santacroceboutiquehotel.com\/es\/wp-json\/wp\/v2\/types\/page"}],"author":[{"embeddable":true,"href":"https:\/\/www.santacroceboutiquehotel.com\/es\/wp-json\/wp\/v2\/users\/24"}],"replies":[{"embeddable":true,"href":"https:\/\/www.santacroceboutiquehotel.com\/es\/wp-json\/wp\/v2\/comments?post=4562"}],"version-history":[{"count":0,"href":"https:\/\/www.santacroceboutiquehotel.com\/es\/wp-json\/wp\/v2\/pages\/4562\/revisions"}],"wp:featuredmedia":[{"embeddable":true,"href":"https:\/\/www.santacroceboutiquehotel.com\/es\/wp-json\/wp\/v2\/media\/5397"}],"wp:attachment":[{"href":"https:\/\/www.santacroceboutiquehotel.com\/es\/wp-json\/wp\/v2\/media?parent=4562"}],"curies":[{"name":"wp","href":"https:\/\/api.w.org\/{rel}","templated":true}]}}