{"id":4570,"date":"2018-06-27T16:05:32","date_gmt":"2018-06-27T14:05:32","guid":{"rendered":"https:\/\/www.santacroceboutiquehotel.com\/it\/?page_id=4570"},"modified":"2025-02-11T14:11:18","modified_gmt":"2025-02-11T13:11:18","slug":"privacy-policy-2-2-2-2","status":"publish","type":"page","link":"https:\/\/www.santacroceboutiquehotel.com\/es\/los-jardines-secretos\/","title":{"rendered":"Los jardines secretos"},"content":{"rendered":"<div class=\"wpb-content-wrapper\"><p>[vc_row full_width=\u00bbstretch_row\u00bb css=\u00bb.vc_custom_1530181273529{margin-top: 0px !important;margin-bottom: 0px !important;}\u00bb][vc_column width=\u00bb1\/3&#8243; el_class=\u00bbhalf-column\u00bb][vc_column_text]<\/p>\n<h1 class=\"divider-title\">LOS JARDINES SECRETOS<\/h1>\n<p>[\/vc_column_text][vc_column_text css=\u00bb.vc_custom_1534501893001{margin-top: 30px !important;}\u00bb]Venecia es una ciudad m\u00e1gica por muchas razones, incluyendo sus muchos y diferentes<strong> jardines<\/strong> ocultos que&#8230; \u00a1pocos conocen!<br \/>\nLa mayor\u00eda se encuentran dentro de antiguos palacios privados, donde dan <strong>testimonio de la historia de Venecia<\/strong> y del antiguo poder social y funcional, por lo que no est\u00e1n abiertos p\u00fablico.<\/p>\n<p>Este tema de naturaleza tan veneciano tambi\u00e9n inspir\u00f3 a Santa Croce Boutique Hotel, donde hemos creado una <strong>decoraci\u00f3n floreada y ex\u00f3tica<\/strong> que recubre las paredes y los techos de las habitaciones, para que nuestros hu\u00e9spedes <strong>descubran estos espacios<\/strong>, en una especie de recorrido cognitivo lleno de paz y tranquilidad.[\/vc_column_text][\/vc_column][vc_column width=\u00bb2\/3&#8243;][vc_single_image image=\u00bb5496&#8243; img_size=\u00bbfull\u00bb css=\u00bb.vc_custom_1539163119099{margin-top: 40px !important;margin-bottom: 10px !important;}\u00bb][vc_media_grid gap=\u00bb10&#8243; css=\u00bb\u00bb grid_id=\u00bbvc_gid:1739279462117-e544b45a-c41f-9&#8243; include=\u00bb5512,5513,5514,5515,5516,5517,7506,7552,7507&#8243;][\/vc_column][\/vc_row]<\/p>\n<\/div>","protected":false},"excerpt":{"rendered":"<p>[vc_row full_width=\u00bbstretch_row\u00bb css=\u00bb.vc_custom_1530181273529{margin-top: 0px !important;margin-bottom: 0px !important;}\u00bb][vc_column width=\u00bb1\/3&#8243; el_class=\u00bbhalf-column\u00bb][vc_column_text] LOS JARDINES SECRETOS [\/vc_column_text][vc_column_text css=\u00bb.vc_custom_1534501893001{margin-top: 30px !important;}\u00bb]Venecia es una ciudad m\u00e1gica por muchas razones, incluyendo sus muchos y diferentes jardines ocultos que&#8230; \u00a1pocos conocen! La mayor\u00eda se encuentran dentro de antiguos palacios privados, donde dan testimonio de la historia de Venecia y del antiguo poder social [&hellip;]<\/p>\n","protected":false},"author":24,"featured_media":5392,"parent":0,"menu_order":0,"comment_status":"closed","ping_status":"closed","template":"","meta":{"_acf_changed":false,"inline_featured_image":false,"footnotes":""},"class_list":["post-4570","page","type-page","status-publish","has-post-thumbnail","hentry"],"acf":[],"_links":{"self":[{"href":"https:\/\/www.santacroceboutiquehotel.com\/es\/wp-json\/wp\/v2\/pages\/4570","targetHints":{"allow":["GET"]}}],"collection":[{"href":"https:\/\/www.santacroceboutiquehotel.com\/es\/wp-json\/wp\/v2\/pages"}],"about":[{"href":"https:\/\/www.santacroceboutiquehotel.com\/es\/wp-json\/wp\/v2\/types\/page"}],"author":[{"embeddable":true,"href":"https:\/\/www.santacroceboutiquehotel.com\/es\/wp-json\/wp\/v2\/users\/24"}],"replies":[{"embeddable":true,"href":"https:\/\/www.santacroceboutiquehotel.com\/es\/wp-json\/wp\/v2\/comments?post=4570"}],"version-history":[{"count":0,"href":"https:\/\/www.santacroceboutiquehotel.com\/es\/wp-json\/wp\/v2\/pages\/4570\/revisions"}],"wp:featuredmedia":[{"embeddable":true,"href":"https:\/\/www.santacroceboutiquehotel.com\/es\/wp-json\/wp\/v2\/media\/5392"}],"wp:attachment":[{"href":"https:\/\/www.santacroceboutiquehotel.com\/es\/wp-json\/wp\/v2\/media?parent=4570"}],"curies":[{"name":"wp","href":"https:\/\/api.w.org\/{rel}","templated":true}]}}