{"id":4572,"date":"2018-06-27T16:08:25","date_gmt":"2018-06-27T14:08:25","guid":{"rendered":"https:\/\/www.santacroceboutiquehotel.com\/it\/?page_id=4572"},"modified":"2025-02-11T12:48:44","modified_gmt":"2025-02-11T11:48:44","slug":"privacy-policy-2-2-2-3","status":"publish","type":"page","link":"https:\/\/www.santacroceboutiquehotel.com\/es\/las-calaveras\/","title":{"rendered":"Las Calaveras"},"content":{"rendered":"<div class=\"wpb-content-wrapper\"><p>[vc_row full_width=\u00bbstretch_row\u00bb css=\u00bb.vc_custom_1530180581341{margin-top: 0px !important;margin-bottom: 0px !important;}\u00bb][vc_column width=\u00bb1\/3&#8243; el_class=\u00bbhalf-column\u00bb][vc_column_text]<\/p>\n<h1 class=\"divider-title\">LAS CALAVERAS<\/h1>\n<p>[\/vc_column_text][vc_column_text css=\u00bb.vc_custom_1534502373811{margin-top: 30px !important;}\u00bb]Venecia es una ciudad <strong>crecida entre lagunas<\/strong> con vistas al Adri\u00e1tico y siempre dedicada al tr\u00e1fico del levante mediterr\u00e1neo, basa la propia fuerza comercial y la seguridad militar en<strong> la potencia de su flota<\/strong>.<br \/>\nEl barco, construido con madera y aunque cada uno con diferentes caracter\u00edsticas, siempre fue el principal medio de transporte para desplazar personas y materiales.<\/p>\n<p>El Santa Croce Boutique Hotel ha recuperado este tema t\u00edpico de la historia veneciana, ofreciendo a los hu\u00e9spedes que se alojen en \u00e9l <strong>espacios y ambientes \u00abflotantes\u00bb<\/strong> sabiamente reconstruidos; adem\u00e1s, se ha servido de la ayuda de marineros para mantener la <strong>tradici\u00f3n naval<\/strong>, como otro lugar de la memoria de esta ciudad.[\/vc_column_text][\/vc_column][vc_column width=\u00bb2\/3&#8243;][vc_single_image image=\u00bb5532&#8243; img_size=\u00bbfull\u00bb css=\u00bb.vc_custom_1539163475230{margin-top: 40px !important;margin-bottom: 10px !important;}\u00bb][vc_media_grid gap=\u00bb10&#8243; css=\u00bb\u00bb grid_id=\u00bbvc_gid:1739274504939-41d9cfcf-2b6e-4&#8243; include=\u00bb5523,5548,5525,5526,5522,5524,7549,7550,7551&#8243;][\/vc_column][\/vc_row]<\/p>\n<\/div>","protected":false},"excerpt":{"rendered":"<p>[vc_row full_width=\u00bbstretch_row\u00bb css=\u00bb.vc_custom_1530180581341{margin-top: 0px !important;margin-bottom: 0px !important;}\u00bb][vc_column width=\u00bb1\/3&#8243; el_class=\u00bbhalf-column\u00bb][vc_column_text] LAS CALAVERAS [\/vc_column_text][vc_column_text css=\u00bb.vc_custom_1534502373811{margin-top: 30px !important;}\u00bb]Venecia es una ciudad crecida entre lagunas con vistas al Adri\u00e1tico y siempre dedicada al tr\u00e1fico del levante mediterr\u00e1neo, basa la propia fuerza comercial y la seguridad militar en la potencia de su flota. El barco, construido con madera y aunque [&hellip;]<\/p>\n","protected":false},"author":24,"featured_media":5531,"parent":0,"menu_order":0,"comment_status":"closed","ping_status":"closed","template":"","meta":{"_acf_changed":false,"inline_featured_image":false,"footnotes":""},"class_list":["post-4572","page","type-page","status-publish","has-post-thumbnail","hentry"],"acf":[],"_links":{"self":[{"href":"https:\/\/www.santacroceboutiquehotel.com\/es\/wp-json\/wp\/v2\/pages\/4572","targetHints":{"allow":["GET"]}}],"collection":[{"href":"https:\/\/www.santacroceboutiquehotel.com\/es\/wp-json\/wp\/v2\/pages"}],"about":[{"href":"https:\/\/www.santacroceboutiquehotel.com\/es\/wp-json\/wp\/v2\/types\/page"}],"author":[{"embeddable":true,"href":"https:\/\/www.santacroceboutiquehotel.com\/es\/wp-json\/wp\/v2\/users\/24"}],"replies":[{"embeddable":true,"href":"https:\/\/www.santacroceboutiquehotel.com\/es\/wp-json\/wp\/v2\/comments?post=4572"}],"version-history":[{"count":0,"href":"https:\/\/www.santacroceboutiquehotel.com\/es\/wp-json\/wp\/v2\/pages\/4572\/revisions"}],"wp:featuredmedia":[{"embeddable":true,"href":"https:\/\/www.santacroceboutiquehotel.com\/es\/wp-json\/wp\/v2\/media\/5531"}],"wp:attachment":[{"href":"https:\/\/www.santacroceboutiquehotel.com\/es\/wp-json\/wp\/v2\/media?parent=4572"}],"curies":[{"name":"wp","href":"https:\/\/api.w.org\/{rel}","templated":true}]}}