{"id":4574,"date":"2018-06-27T16:11:22","date_gmt":"2018-06-27T14:11:22","guid":{"rendered":"https:\/\/www.santacroceboutiquehotel.com\/it\/?page_id=4574"},"modified":"2025-03-12T08:39:01","modified_gmt":"2025-03-12T07:39:01","slug":"privacy-policy-2-2-2-4","status":"publish","type":"page","link":"https:\/\/www.santacroceboutiquehotel.com\/es\/las-piedras-de-venecia\/","title":{"rendered":"Las piedras de Venecia"},"content":{"rendered":"<div class=\"wpb-content-wrapper\"><p>[vc_row full_width=\u00bbstretch_row\u00bb css=\u00bb.vc_custom_1530180994858{margin-top: 0px !important;margin-bottom: 0px !important;}\u00bb][vc_column width=\u00bb1\/3&#8243; el_class=\u00bbhalf-column\u00bb][vc_column_text]<\/p>\n<h1 class=\"divider-title\">LAS PIEDRAS DE VENECIA<\/h1>\n<p>[\/vc_column_text][vc_column_text css=\u00bb.vc_custom_1534502556654{margin-top: 30px !important;}\u00bb]Son muchos los testimonios que existen sobre el esplendor art\u00edstico y ciudadano de Venecia; sin embargo, cabe destacar uno de entre todos ellos: aquel literario y art\u00edstico del siglo XIX, de<strong> John Ruskin<\/strong>, quien, a trav\u00e9s de sus escritos y pinturas dedicadas a esta ciudad, transmite una imagen de una Venecia real, donde se lee en la estratificaci\u00f3n de<strong> las piedras de cada \u00e9poca<\/strong> el significado que evocan.<\/p>\n<p>Santa Croce Boutique Hotel ha intentado <strong>revivir<\/strong> el deseo de volver a visitar y <strong>fotografiar la gran civilizaci\u00f3n veneciana<\/strong>, maravillosamente traducida en palabras y pinturas de Ruskin, <strong>a trav\u00e9s de la reproducci\u00f3n pict\u00f3rica<\/strong> plasmada en sus acuarelas, que cubren algunas de las habitaciones disponibles para nuestros hu\u00e9spedes, en una especie de <strong>fresco \u00abarqueol\u00f3gico\u00bb<\/strong> que permite revivir ese sentimiento \u00abrom\u00e1ntico\u00bb veneciano.[\/vc_column_text][\/vc_column][vc_column width=\u00bb2\/3&#8243;][vc_single_image image=\u00bb5554&#8243; img_size=\u00bbfull\u00bb css=\u00bb.vc_custom_1539163505934{margin-top: 40px !important;margin-bottom: 10px !important;}\u00bb][vc_media_grid gap=\u00bb10&#8243; css=\u00bb\u00bb grid_id=\u00bbvc_gid:1741765118538-7b8d7cae-a3fa-7&#8243; include=\u00bb5556,5557,5946,7541,5534,7538,5536,5558,7540,7704&#8243;][\/vc_column][\/vc_row]<\/p>\n<\/div>","protected":false},"excerpt":{"rendered":"<p>[vc_row full_width=\u00bbstretch_row\u00bb css=\u00bb.vc_custom_1530180994858{margin-top: 0px !important;margin-bottom: 0px !important;}\u00bb][vc_column width=\u00bb1\/3&#8243; el_class=\u00bbhalf-column\u00bb][vc_column_text] LAS PIEDRAS DE VENECIA [\/vc_column_text][vc_column_text css=\u00bb.vc_custom_1534502556654{margin-top: 30px !important;}\u00bb]Son muchos los testimonios que existen sobre el esplendor art\u00edstico y ciudadano de Venecia; sin embargo, cabe destacar uno de entre todos ellos: aquel literario y art\u00edstico del siglo XIX, de John Ruskin, quien, a trav\u00e9s de sus escritos [&hellip;]<\/p>\n","protected":false},"author":24,"featured_media":4668,"parent":0,"menu_order":0,"comment_status":"closed","ping_status":"closed","template":"","meta":{"_acf_changed":false,"inline_featured_image":false,"footnotes":""},"class_list":["post-4574","page","type-page","status-publish","has-post-thumbnail","hentry"],"acf":[],"_links":{"self":[{"href":"https:\/\/www.santacroceboutiquehotel.com\/es\/wp-json\/wp\/v2\/pages\/4574","targetHints":{"allow":["GET"]}}],"collection":[{"href":"https:\/\/www.santacroceboutiquehotel.com\/es\/wp-json\/wp\/v2\/pages"}],"about":[{"href":"https:\/\/www.santacroceboutiquehotel.com\/es\/wp-json\/wp\/v2\/types\/page"}],"author":[{"embeddable":true,"href":"https:\/\/www.santacroceboutiquehotel.com\/es\/wp-json\/wp\/v2\/users\/24"}],"replies":[{"embeddable":true,"href":"https:\/\/www.santacroceboutiquehotel.com\/es\/wp-json\/wp\/v2\/comments?post=4574"}],"version-history":[{"count":0,"href":"https:\/\/www.santacroceboutiquehotel.com\/es\/wp-json\/wp\/v2\/pages\/4574\/revisions"}],"wp:featuredmedia":[{"embeddable":true,"href":"https:\/\/www.santacroceboutiquehotel.com\/es\/wp-json\/wp\/v2\/media\/4668"}],"wp:attachment":[{"href":"https:\/\/www.santacroceboutiquehotel.com\/es\/wp-json\/wp\/v2\/media?parent=4574"}],"curies":[{"name":"wp","href":"https:\/\/api.w.org\/{rel}","templated":true}]}}