{"id":4815,"date":"2018-07-24T12:05:27","date_gmt":"2018-07-24T10:05:27","guid":{"rendered":"https:\/\/www.santacroceboutiquehotel.com\/it\/?page_id=4815"},"modified":"2025-02-11T14:26:06","modified_gmt":"2025-02-11T13:26:06","slug":"privacy-policy-2-2-2-2-2","status":"publish","type":"page","link":"https:\/\/www.santacroceboutiquehotel.com\/es\/recepcion\/","title":{"rendered":"Recepci\u00f3n"},"content":{"rendered":"<div class=\"wpb-content-wrapper\"><p>[vc_row full_width=\u00bbstretch_row\u00bb css=\u00bb.vc_custom_1530181273529{margin-top: 0px !important;margin-bottom: 0px !important;}\u00bb][vc_column width=\u00bb1\/3&#8243; el_class=\u00bbhalf-column\u00bb][vc_column_text]<\/p>\n<h1 class=\"divider-title\">Recepci\u00f3n<\/h1>\n<p>[\/vc_column_text][vc_column_text css=\u00bb.vc_custom_1534495806634{margin-top: 30px !important;}\u00bb]Para disfrutar del m\u00e1gico aura de Venecia, respirar sus misterios y las maravillas de su historia infinita, nuestro equipo estar\u00e1 a su disposici\u00f3n para guiarle en el descubrimiento de esta m\u00e1gica ciudad, <strong>organizando tours privados<\/strong> por los rincones m\u00e1s escondidos, a trav\u00e9s de la laguna y de sus islas m\u00e1s bellas.<\/p>\n<p><strong>Un viaje en g\u00f3ndola<\/strong> es la manera m\u00e1s rom\u00e1ntica de congelar el tiempo y disfrutar del encanto de la ciudad, de sus canales y de sus maravillosos edificios.<\/p>\n<p>Adem\u00e1s, estaremos encantados de preparar el <strong>transporte<\/strong> para que su llegada o salida sea lo m\u00e1s f\u00e1cil y agradable posible.<\/p>\n<p>Deje que sea nuestro equipo quien se encargue de cuidar y mimar su experiencia.[\/vc_column_text][vc_empty_space height=\u00bb20px\u00bb][\/vc_column][vc_column width=\u00bb2\/3&#8243;][vc_single_image image=\u00bb5469&#8243; img_size=\u00bbfull\u00bb css=\u00bb.vc_custom_1539004985909{margin-top: 40px !important;}\u00bb][\/vc_column][\/vc_row][vc_row equal_height=\u00bbyes\u00bb content_placement=\u00bbmiddle\u00bb disable_element=\u00bbyes\u00bb][vc_column width=\u00bb1\/3&#8243;][vc_single_image image=\u00bb5471&#8243; img_size=\u00bbfull\u00bb][\/vc_column][vc_column width=\u00bb2\/3&#8243; el_class=\u00bbcol-contatti\u00bb][vc_column_text el_class=\u00bbblock-text\u00bb]Soy Luca, Front Office Agent, y me complace organizar para usted el traslado al hotel, con el fin de acogerle a su llegada y hacer m\u00e1s f\u00e1cil y agradable tambi\u00e9n la salida.<\/p>\n<p>Nuestro equipo se ocupar\u00e1 de todo lo necesario para que su estancia sea una experiencia inolvidable.<\/p>\n<p>Estamos a su disposici\u00f3n:[\/vc_column_text][vc_row_inner el_class=\u00bbrow-btn\u00bb][vc_column_inner width=\u00bb1\/2&#8243; offset=\u00bbvc_col-xs-6&#8243;][vc_btn title=\u00bbLL\u00c1MENOS\u00bb style=\u00bbcustom\u00bb custom_background=\u00bb#c6ab70&#8243; custom_text=\u00bb#ffffff\u00bb shape=\u00bbsquare\u00bb align=\u00bbright\u00bb i_icon_fontawesome=\u00bbfa fa-phone\u00bb add_icon=\u00bbtrue\u00bb link=\u00bburl:tel%3A%2B39041740112|||\u00bb][\/vc_column_inner][vc_column_inner width=\u00bb1\/2&#8243; offset=\u00bbvc_col-xs-6&#8243;][vc_btn title=\u00bbENV\u00cdENOS UN CORREO ELECTR\u00d3NICO\u00bb style=\u00bbcustom\u00bb custom_background=\u00bb#c6ab70&#8243; custom_text=\u00bb#ffffff\u00bb shape=\u00bbsquare\u00bb i_icon_fontawesome=\u00bbfa fa-envelope\u00bb add_icon=\u00bbtrue\u00bb link=\u00bburl:mailto%3AInfo%40santacroceboutiquehotel.com|||\u00bb][\/vc_column_inner][\/vc_row_inner][vc_column_text el_class=\u00bbblock-text\u00bb]<\/p>\n<p style=\"text-align: center;\">o, en caso de necesidad, puede ponerse en contacto con nosotros escribi\u00e9ndonos en el chat, que encuentra abajo, a la derecha.<\/p>\n<div class=\"divider-gold\"><\/div>\n<div class=\"block-autore\" style=\"text-align: center;\">Luca<br \/>\nFront Office Agent<\/div>\n<p>[\/vc_column_text][\/vc_column][\/vc_row][vc_row equal_height=\u00bbyes\u00bb content_placement=\u00bbmiddle\u00bb][vc_column width=\u00bb1\/3&#8243;][vc_single_image image=\u00bb7379&#8243; img_size=\u00bbfull\u00bb css=\u00bb\u00bb][\/vc_column][vc_column width=\u00bb2\/3&#8243; el_class=\u00bbcol-contatti\u00bb][vc_column_text css=\u00bb\u00bb el_class=\u00bbblock-text\u00bb]Soy Martina.<br \/>\nEstar\u00e9 a tu disposici\u00f3n para ofrecerte los mejores tours de Venecia y ayudarte a descubrir los lugares m\u00e1s secretos de esta ciudad.[\/vc_column_text][vc_row_inner el_class=\u00bbrow-btn\u00bb][vc_column_inner width=\u00bb1\/2&#8243; offset=\u00bbvc_col-xs-6&#8243;][vc_btn title=\u00bbLL\u00c1MANOS\u00bb style=\u00bbcustom\u00bb custom_background=\u00bb#c6ab70&#8243; custom_text=\u00bb#ffffff\u00bb shape=\u00bbsquare\u00bb align=\u00bbright\u00bb i_icon_fontawesome=\u00bbfas fa-phone\u00bb css=\u00bb\u00bb add_icon=\u00bbtrue\u00bb link=\u00bburl:tel%3A%2B39041740112|||\u00bb el_class=\u00bbbtn-inline\u00bb][\/vc_column_inner][vc_column_inner width=\u00bb1\/2&#8243; offset=\u00bbvc_col-xs-6&#8243;][vc_btn title=\u00bbESCR\u00cdBENOS UN EMAIL\u00bb style=\u00bbcustom\u00bb custom_background=\u00bb#c6ab70&#8243; custom_text=\u00bb#ffffff\u00bb shape=\u00bbsquare\u00bb align=\u00bbleft\u00bb i_icon_fontawesome=\u00bbfas fa-envelope\u00bb css=\u00bb\u00bb add_icon=\u00bbtrue\u00bb link=\u00bburl:mailto%3AInfo%40santacroceboutiquehotel.com|||\u00bb el_class=\u00bbbtn-inline\u00bb][\/vc_column_inner][\/vc_row_inner][vc_column_text css=\u00bb\u00bb el_class=\u00bbblock-text\u00bb]<\/p>\n<p style=\"text-align: center;\">o escr\u00edbenos en el chat, lo encontrar\u00e1s abajo a la derecha.<\/p>\n<div class=\"divider-gold\"><\/div>\n<p style=\"text-align: center;\">Martina<\/p>\n<p>[\/vc_column_text][\/vc_column][\/vc_row][vc_row full_width=\u00bbstretch_row\u00bb css=\u00bb.vc_custom_1532512529390{margin-top: 0px !important;margin-right: 0px !important;margin-bottom: 0px !important;margin-left: 0px !important;border-top-width: 0px !important;border-right-width: 0px !important;border-bottom-width: 0px !important;border-left-width: 0px !important;padding-top: 0px !important;padding-right: 0px !important;padding-bottom: 0px !important;padding-left: 0px !important;background-color: #f5f5f5 !important;}\u00bb][vc_column][vc_column_text el_class=\u00bbrow-text-gray-block\u00bb]<\/p>\n<p style=\"text-align: center;\"><span style=\"font-family: Playfair Display; font-style: italic; font-size: 24px;\">\u201cLa g\u00f3ndola negra, estrecha, y la forma en que se mueve: suave, sin ruido alguno, tiene un toque singular, una belleza de ensue\u00f1o y constituye una parte integrante de la ciudad del ocio, del amor y de la m\u00fasica\u201d<br \/>\n&#8211; Hermann Hesse &#8211;<\/span><\/p>\n<p>[\/vc_column_text][\/vc_column][\/vc_row][vc_row css=\u00bb.vc_custom_1588937462821{margin-left: 10px !important;}\u00bb][vc_column][vc_column_text]<\/p>\n<h1 class=\"divider-title\">Venice as no one tells you\u2026<\/h1>\n<p>There are so many Venice, we love them and we would like to let you taste them all:<br \/>\n[\/vc_column_text][\/vc_column][\/vc_row][vc_row full_width=\u00bbstretch_row\u00bb css=\u00bb.vc_custom_1530181273529{margin-top: 0px !important;margin-bottom: 0px !important;}\u00bb][vc_column width=\u00bb1\/3&#8243; el_class=\u00bbhalf-column\u00bb][vc_column_text]<\/p>\n<h3 style=\"font-family: 'Playfair Display', serif; color: #5b5b5b;\">Pellestrina<\/h3>\n<p>Island of fishermen <strong>with colored houses, fresh fish, a LIPU oasis, enchanting sunsets<\/strong> in the peace and silence of the lagoon[\/vc_column_text][\/vc_column][vc_column width=\u00bb2\/3&#8243;][vc_single_image image=\u00bb6322&#8243; img_size=\u00bbfull\u00bb css=\u00bb.vc_custom_1588936430370{margin-top: 40px !important;}\u00bb][\/vc_column][\/vc_row][vc_row full_width=\u00bbstretch_row\u00bb css=\u00bb.vc_custom_1530181273529{margin-top: 0px !important;margin-bottom: 0px !important;}\u00bb][vc_column width=\u00bb2\/3&#8243; el_class=\u00bbhalf-column\u00bb][vc_single_image image=\u00bb6324&#8243; img_size=\u00bbfull\u00bb css=\u00bb.vc_custom_1588937928530{margin-top: 0px !important;}\u00bb][\/vc_column][vc_column width=\u00bb1\/3&#8243;][vc_column_text css=\u00bb.vc_custom_1588937980567{margin-top: 60px !important;}\u00bb]<\/p>\n<h3 style=\"font-family: 'Playfair Display', serif; color: #5b5b5b;\">Sant&#8217;Erasmo Island<\/h3>\n<p><strong>Bikers among the vineyards and breathtaking views in the center of the lagoon. <\/strong>Local products, vineyards, honey and a small golden beach.[\/vc_column_text][\/vc_column][\/vc_row][vc_row full_width=\u00bbstretch_row\u00bb css=\u00bb.vc_custom_1530181273529{margin-top: 0px !important;margin-bottom: 0px !important;}\u00bb][vc_column width=\u00bb1\/3&#8243; el_class=\u00bbhalf-column\u00bb][vc_column_text css=\u00bb.vc_custom_1588938026181{margin-top: 30px !important;}\u00bb]<\/p>\n<h3 style=\"font-family: 'Playfair Display', serif; color: #5b5b5b;\">Stroll through the Venice&#8230;<\/h3>\n<p><strong>of which the guides do not speak:<\/strong> its perfumes, its colors, its flavors, the ancient craftsmen&#8217;s crafts. Accompanied by a Venetian.[\/vc_column_text][\/vc_column][vc_column width=\u00bb2\/3&#8243;][vc_single_image image=\u00bb6321&#8243; img_size=\u00bbfull\u00bb css=\u00bb.vc_custom_1588938014405{margin-top: 40px !important;}\u00bb][\/vc_column][\/vc_row][vc_row full_width=\u00bbstretch_row\u00bb css=\u00bb.vc_custom_1530181273529{margin-top: 0px !important;margin-bottom: 0px !important;}\u00bb][vc_column width=\u00bb2\/3&#8243; el_class=\u00bbhalf-column\u00bb][vc_single_image image=\u00bb6325&#8243; img_size=\u00bbfull\u00bb css=\u00bb.vc_custom_1588938144257{margin-top: 0px !important;}\u00bb][\/vc_column][vc_column width=\u00bb1\/3&#8243;][vc_column_text css=\u00bb.vc_custom_1588938452657{margin-top: 60px !important;}\u00bb]<\/p>\n<h3 style=\"font-family: 'Playfair Display', serif; color: #5b5b5b;\">Enjoy a breathtaking and romantic sunset&#8230;<\/h3>\n<p>in the heart of the San Marco Basin surrounded by <strong>poetry, magic and works of art<\/strong>.[\/vc_column_text][\/vc_column][\/vc_row][vc_row full_width=\u00bbstretch_row\u00bb css=\u00bb.vc_custom_1530181273529{margin-top: 0px !important;margin-bottom: 0px !important;}\u00bb][vc_column width=\u00bb1\/3&#8243; el_class=\u00bbhalf-column\u00bb][vc_column_text css=\u00bb.vc_custom_1588938437364{margin-top: 30px !important;}\u00bb]<\/p>\n<h3 style=\"font-family: 'Playfair Display', serif; color: #5b5b5b;\">Tipical food<\/h3>\n<p>Our suggestions to enjoy our tipical food rich of traditions <strong>to feel a real venitian.<\/strong>[\/vc_column_text][\/vc_column][vc_column width=\u00bb2\/3&#8243;][vc_single_image image=\u00bb6323&#8243; img_size=\u00bbfull\u00bb css=\u00bb.vc_custom_1588938236596{margin-top: 40px !important;}\u00bb][\/vc_column][\/vc_row][vc_row full_width=\u00bbstretch_row\u00bb css=\u00bb.vc_custom_1530181273529{margin-top: 0px !important;margin-bottom: 0px !important;}\u00bb][vc_column width=\u00bb2\/3&#8243; el_class=\u00bbhalf-column\u00bb][vc_single_image image=\u00bb6326&#8243; img_size=\u00bbfull\u00bb css=\u00bb.vc_custom_1588938329608{margin-top: 0px !important;}\u00bb][\/vc_column][vc_column width=\u00bb1\/3&#8243;][vc_column_text css=\u00bb.vc_custom_1588938423840{margin-top: 60px !important;}\u00bb]<\/p>\n<h3 style=\"font-family: 'Playfair Display', serif; color: #5b5b5b;\">The land of Prosecco<\/h3>\n<p>Discover the land of Prosecco, <strong>Unesco Heritage<\/strong> and taste our most famous wine sorrounded by nature.[\/vc_column_text][\/vc_column][\/vc_row]<\/p>\n<\/div>","protected":false},"excerpt":{"rendered":"<p>[vc_row full_width=\u00bbstretch_row\u00bb css=\u00bb.vc_custom_1530181273529{margin-top: 0px !important;margin-bottom: 0px !important;}\u00bb][vc_column width=\u00bb1\/3&#8243; el_class=\u00bbhalf-column\u00bb][vc_column_text] Recepci\u00f3n [\/vc_column_text][vc_column_text css=\u00bb.vc_custom_1534495806634{margin-top: 30px !important;}\u00bb]Para disfrutar del m\u00e1gico aura de Venecia, respirar sus misterios y las maravillas de su historia infinita, nuestro equipo estar\u00e1 a su disposici\u00f3n para guiarle en el descubrimiento de esta m\u00e1gica ciudad, organizando tours privados por los rincones m\u00e1s escondidos, a trav\u00e9s [&hellip;]<\/p>\n","protected":false},"author":24,"featured_media":6310,"parent":0,"menu_order":0,"comment_status":"closed","ping_status":"closed","template":"","meta":{"_acf_changed":false,"inline_featured_image":false,"footnotes":""},"class_list":["post-4815","page","type-page","status-publish","has-post-thumbnail","hentry"],"acf":[],"_links":{"self":[{"href":"https:\/\/www.santacroceboutiquehotel.com\/es\/wp-json\/wp\/v2\/pages\/4815","targetHints":{"allow":["GET"]}}],"collection":[{"href":"https:\/\/www.santacroceboutiquehotel.com\/es\/wp-json\/wp\/v2\/pages"}],"about":[{"href":"https:\/\/www.santacroceboutiquehotel.com\/es\/wp-json\/wp\/v2\/types\/page"}],"author":[{"embeddable":true,"href":"https:\/\/www.santacroceboutiquehotel.com\/es\/wp-json\/wp\/v2\/users\/24"}],"replies":[{"embeddable":true,"href":"https:\/\/www.santacroceboutiquehotel.com\/es\/wp-json\/wp\/v2\/comments?post=4815"}],"version-history":[{"count":0,"href":"https:\/\/www.santacroceboutiquehotel.com\/es\/wp-json\/wp\/v2\/pages\/4815\/revisions"}],"wp:featuredmedia":[{"embeddable":true,"href":"https:\/\/www.santacroceboutiquehotel.com\/es\/wp-json\/wp\/v2\/media\/6310"}],"wp:attachment":[{"href":"https:\/\/www.santacroceboutiquehotel.com\/es\/wp-json\/wp\/v2\/media?parent=4815"}],"curies":[{"name":"wp","href":"https:\/\/api.w.org\/{rel}","templated":true}]}}