{"id":4823,"date":"2018-07-24T12:19:57","date_gmt":"2018-07-24T10:19:57","guid":{"rendered":"https:\/\/www.santacroceboutiquehotel.com\/it\/?page_id=4823"},"modified":"2025-06-30T10:58:24","modified_gmt":"2025-06-30T08:58:24","slug":"privacy-policy-2-2-2-2-3","status":"publish","type":"page","link":"https:\/\/www.santacroceboutiquehotel.com\/es\/relax-bar\/","title":{"rendered":"Relax &#038; Bar"},"content":{"rendered":"<div class=\"wpb-content-wrapper\"><p>[vc_row full_width=\u00bbstretch_row\u00bb css=\u00bb.vc_custom_1530181273529{margin-top: 0px !important;margin-bottom: 0px !important;}\u00bb][vc_column width=\u00bb1\/3&#8243; el_class=\u00bbhalf-column\u00bb][vc_column_text]<\/p>\n<h1 class=\"divider-title\">Bar<\/h1>\n<p>[\/vc_column_text][vc_column_text css=\u00bb.vc_custom_1534503485829{margin-top: 30px !important;}\u00bb]Uno de los lugares protagonistas, lleno serenidad, elegancia y modernidad, desde primavera, hasta finales de oto\u00f1o, es sin duda el <strong>precioso jard\u00edn<\/strong> que da paso a nuestro hotel, donde encontrar\u00e1 relajaci\u00f3n y tranquilidad.<\/p>\n<p>Nuestros camareros sabr\u00e1n aconsejarle y tomar sus preferencias para crear <strong>aperitivos o c\u00f3cteles personalizados<\/strong> que podr\u00e1 pedir siempre que regrese al hotel&#8230; y degustar los sabores genuinos y aut\u00e9nticos de nuestra tierra.[\/vc_column_text][\/vc_column][vc_column width=\u00bb2\/3&#8243;][vc_empty_space height=\u00bb50px\u00bb][vc_media_grid element_width=\u00bb6&#8243; css=\u00bb\u00bb grid_id=\u00bbvc_gid:1751273885945-c223c66e-f79d-2&#8243; include=\u00bb7531,6227,7533,7559&#8243;][\/vc_column][\/vc_row][vc_row full_width=\u00bbstretch_row\u00bb css=\u00bb.vc_custom_1532508971877{margin-top: 0px !important;margin-right: 0px !important;margin-bottom: 0px !important;margin-left: 0px !important;border-top-width: 0px !important;border-right-width: 0px !important;border-bottom-width: 0px !important;border-left-width: 0px !important;padding-top: 0px !important;padding-right: 0px !important;padding-bottom: 0px !important;padding-left: 0px !important;background-color: #f5f5f5 !important;}\u00bb][vc_column][vc_column_text]<\/p>\n<p style=\"text-align: center;\"><span style=\"font-family: Playfair Display; font-style: italic; font-size: 24px;\">\u201cLos bares son lugares universales, como las iglesias, lugares sagrados de la humanidad.\u201d<br \/>\n&#8211; Iris Murdoch &#8211;<\/span><\/p>\n<p>[\/vc_column_text][\/vc_column][\/vc_row][vc_row][vc_column][vc_empty_space height=\u00bb40px\u00bb][vc_raw_html css=\u00bb\u00bb]JTNDJTIxLS0lM0NpZnJhbWUlMjB3aWR0aCUzRCUyMjEwMCUyNSUyMiUyMGhlaWdodCUzRCUyMjUxNSUyMiUyMHNyYyUzRCUyMmh0dHBzJTNBJTJGJTJGd3d3LnlvdXR1YmUuY29tJTJGZW1iZWQlMkZfQkxtTGdyaktHVSUzRnJlbCUzRDAlMjZhdXRvcGxheSUzRDAlMjZzZXRWb2x1bWUlM0QwJTIyJTIwZnJhbWVib3JkZXIlM0QlMjIwJTIyJTIwYWxsb3clM0QlMjJhY2NlbGVyb21ldGVyJTNCJTIwYXV0b3BsYXklM0IlMjBlbmNyeXB0ZWQtbWVkaWElM0IlMjBneXJvc2NvcGUlM0IlMjBwaWN0dXJlLWluLXBpY3R1cmUlMjIlMjBhbGxvd2Z1bGxzY3JlZW4lM0UlM0MlMkZpZnJhbWUlM0UtLSUzRSUwQSUwQSUzQ3ZpZGVvJTIwaWQlM0QlMjJsYXp5VmlkZW8lMjIlMjB3aWR0aCUzRCUyMjEwMCUyNSUyMiUyMGhlaWdodCUzRCUyMmF1dG8lMjIlMjBjb250cm9scyUyMGF1dG9wbGF5JTIwbXV0ZWQlMjBsb29wJTNFJTBBJTIwJTIwJTIwJTIwJTNDc291cmNlJTIwZGF0YS1zcmMlM0QlMjJodHRwcyUzQSUyRiUyRnd3dy5zYW50YWNyb2NlYm91dGlxdWVob3RlbC5jb20lMkZ3cC1jb250ZW50JTJGdXBsb2FkcyUyRjIwMjUlMkYwMyUyRkJhcmlzdGEtU2FudGEtY3JvY2UtQm91dGlxdWUtSG90ZWwtNGstU0QtNDgwcC5tb3YlMjIlM0UlMEElM0MlMkZ2aWRlbyUzRSUwQSUwQSUzQ3NjcmlwdCUzRSUwQWRvY3VtZW50LmFkZEV2ZW50TGlzdGVuZXIlMjglMjJET01Db250ZW50TG9hZGVkJTIyJTJDJTIwZnVuY3Rpb24lMjAlMjglMjklMjAlN0IlMEElMjAlMjAlMjAlMjBjb25zdCUyMHZpZGVvJTIwJTNEJTIwZG9jdW1lbnQuZ2V0RWxlbWVudEJ5SWQlMjglMjJsYXp5VmlkZW8lMjIlMjklM0IlMEElMjAlMjAlMjAlMjBjb25zdCUyMHNvdXJjZSUyMCUzRCUyMHZpZGVvLnF1ZXJ5U2VsZWN0b3IlMjglMjJzb3VyY2UlMjIlMjklM0IlMEElMEElMjAlMjAlMjAlMjAlMkYlMkYlMjBJbXBvc3RhJTIwbCUyN1VSTCUyMGRlbCUyMHZpZGVvJTIwc29sbyUyMGRvcG8lMjBjaGUlMjBpbCUyMERPTSUyMCVDMyVBOCUyMHN0YXRvJTIwY2FyaWNhdG8lMEElMjAlMjAlMjAlMjBzb3VyY2Uuc3JjJTIwJTNEJTIwc291cmNlLmdldEF0dHJpYnV0ZSUyOCUyMmRhdGEtc3JjJTIyJTI5JTNCJTBBJTIwJTIwJTIwJTIwdmlkZW8ubG9hZCUyOCUyOSUzQiUyMCUyRiUyRiUyMENhcmljYSUyMGlsJTIwdmlkZW8lMjBkb3BvJTIwYXZlciUyMGFzc2VnbmF0byUyMGlsJTIwc3JjJTBBJTdEJTI5JTNCJTBBJTNDJTJGc2NyaXB0JTNFJTBB[\/vc_raw_html][vc_empty_space height=\u00bb40px\u00bb][\/vc_column][\/vc_row]<\/p>\n<\/div>","protected":false},"excerpt":{"rendered":"<p>[vc_row full_width=\u00bbstretch_row\u00bb css=\u00bb.vc_custom_1530181273529{margin-top: 0px !important;margin-bottom: 0px !important;}\u00bb][vc_column width=\u00bb1\/3&#8243; el_class=\u00bbhalf-column\u00bb][vc_column_text] Bar [\/vc_column_text][vc_column_text css=\u00bb.vc_custom_1534503485829{margin-top: 30px !important;}\u00bb]Uno de los lugares protagonistas, lleno serenidad, elegancia y modernidad, desde primavera, hasta finales de oto\u00f1o, es sin duda el precioso jard\u00edn que da paso a nuestro hotel, donde encontrar\u00e1 relajaci\u00f3n y tranquilidad. Nuestros camareros sabr\u00e1n aconsejarle y tomar sus preferencias para [&hellip;]<\/p>\n","protected":false},"author":24,"featured_media":7556,"parent":0,"menu_order":0,"comment_status":"closed","ping_status":"closed","template":"","meta":{"_acf_changed":false,"inline_featured_image":false,"footnotes":""},"class_list":["post-4823","page","type-page","status-publish","has-post-thumbnail","hentry"],"acf":[],"_links":{"self":[{"href":"https:\/\/www.santacroceboutiquehotel.com\/es\/wp-json\/wp\/v2\/pages\/4823","targetHints":{"allow":["GET"]}}],"collection":[{"href":"https:\/\/www.santacroceboutiquehotel.com\/es\/wp-json\/wp\/v2\/pages"}],"about":[{"href":"https:\/\/www.santacroceboutiquehotel.com\/es\/wp-json\/wp\/v2\/types\/page"}],"author":[{"embeddable":true,"href":"https:\/\/www.santacroceboutiquehotel.com\/es\/wp-json\/wp\/v2\/users\/24"}],"replies":[{"embeddable":true,"href":"https:\/\/www.santacroceboutiquehotel.com\/es\/wp-json\/wp\/v2\/comments?post=4823"}],"version-history":[{"count":0,"href":"https:\/\/www.santacroceboutiquehotel.com\/es\/wp-json\/wp\/v2\/pages\/4823\/revisions"}],"wp:featuredmedia":[{"embeddable":true,"href":"https:\/\/www.santacroceboutiquehotel.com\/es\/wp-json\/wp\/v2\/media\/7556"}],"wp:attachment":[{"href":"https:\/\/www.santacroceboutiquehotel.com\/es\/wp-json\/wp\/v2\/media?parent=4823"}],"curies":[{"name":"wp","href":"https:\/\/api.w.org\/{rel}","templated":true}]}}