{"id":4832,"date":"2018-07-24T12:37:40","date_gmt":"2018-07-24T10:37:40","guid":{"rendered":"https:\/\/www.santacroceboutiquehotel.com\/it\/?page_id=4832"},"modified":"2026-02-05T11:26:25","modified_gmt":"2026-02-05T10:26:25","slug":"location","status":"publish","type":"page","link":"https:\/\/www.santacroceboutiquehotel.com\/es\/ubicacion\/","title":{"rendered":"Ubicaci\u00f3n"},"content":{"rendered":"<div class=\"wpb-content-wrapper\"><p><\/p>\n<p>[vc_row full_width=\u00bbstretch_row\u00bb css=\u00bb.vc_custom_1531220205250{margin-top: 0px !important;margin-bottom: 20px !important;}\u00bb][vc_column width=\u00bb1\/2&#8243; el_class=\u00bbhalf-column\u00bb][vc_column_text]<\/p>\n<h1 class=\"divider-title\">UBICACI\u00d3N<\/h1>\n<p>[\/vc_column_text][vc_column_text]Situado en el barrio conocido como <strong>Sestiere di Santa Croce<\/strong>, en la parte m\u00e1s aut\u00e9ntica de la ciudad, Santa Croce Boutique Hotel le permitir\u00e1 pasear y relajarse entre hermosas iglesias y edificios hist\u00f3ricos, respirando las tradiciones de una ciudad atemporal.<\/p>\n<p>Se encuentra a pocos pasos del <strong>Ghetto de Venecia<\/strong>, el barrio jud\u00edo m\u00e1s antiguo de Europa, y de <strong>las iglesias m\u00e1s hermosas de la ciudad<\/strong>, como la iglesia dei Frari y la Scuola Grande di San Rocco, que recoge las <strong>mayores obras maestras de Tintoretto.<\/strong><\/p>\n<p>En pocos minutos llegar\u00e1 al <strong>puente de Rialto y a la Plaza de San Marco<\/strong>.<\/p>\n<p>Por sus calles encontrar\u00e1 <strong>las caracter\u00edsticas osterias y trattorias venecianas<\/strong>, donde podr\u00e1 degustar los platos t\u00edpicos de la gastronom\u00eda local y disfrutar de un concierto, sentado junto a uno de sus hermosos canales.[\/vc_column_text][vc_empty_space height=\u00bb20px\u00bb][vc_btn title=\u00bbDESCUBRA C\u00d3MO LLEGAR\u00bb style=\u00bbcustom\u00bb custom_background=\u00bb#c6ab70&#8243; custom_text=\u00bb#ffffff\u00bb shape=\u00bbsquare\u00bb link=\u00bburl:%2Fes%2Fcomo-llegar|||\u00bb][\/vc_column][vc_column width=\u00bb1\/2&#8243; css=\u00bb.vc_custom_1531220605146{margin-top: 40px !important;}\u00bb][vc_single_image image=\u00bb8607&#8243; img_size=\u00bbfull\u00bb css=\u00bb.vc_custom_1770287182847{margin-top: 40px !important;}\u00bb][\/vc_column][\/vc_row][vc_row][vc_column][vc_empty_space height=\u00bb40px\u00bb][vc_raw_html css=\u00bb\u00bb]JTNDJTIxLS0lM0NpZnJhbWUlMjB3aWR0aCUzRCUyMjEwMCUyNSUyMiUyMGhlaWdodCUzRCUyMjUxNSUyMiUyMHNyYyUzRCUyMmh0dHBzJTNBJTJGJTJGd3d3LnlvdXR1YmUuY29tJTJGZW1iZWQlMkY1ZWQ2ckxwS2JSdyUzRnJlbCUzRDAlMjZhdXRvcGxheSUzRDElMjZzZXRWb2x1bWUlM0QwJTIyJTIwZnJhbWVib3JkZXIlM0QlMjIwJTIyJTIwYWxsb3clM0QlMjJhY2NlbGVyb21ldGVyJTNCJTIwYXV0b3BsYXklM0IlMjBlbmNyeXB0ZWQtbWVkaWElM0IlMjBneXJvc2NvcGUlM0IlMjBwaWN0dXJlLWluLXBpY3R1cmUlMjIlMjBhbGxvd2Z1bGxzY3JlZW4lM0UlM0MlMkZpZnJhbWUlM0UtLSUzRSUwQSUzQ3ZpZGVvJTIwaWQlM0QlMjJsYXp5VmlkZW8lMjIlMjB3aWR0aCUzRCUyMjEwMCUyNSUyMiUyMGhlaWdodCUzRCUyMmF1dG8lMjIlMjBjb250cm9scyUyMGF1dG9wbGF5JTIwbXV0ZWQlMjBsb29wJTNFJTBBJTIwJTIwJTIwJTIwJTNDc291cmNlJTIwZGF0YS1zcmMlM0QlMjJodHRwJTNBJTJGJTJGc2FudGFjcm9jZWJvdXRpcXVlaG90ZWwuY29tJTJGdmlkZW8tZW1iZWQlMkZkb3ZlLXNpYW1vLm1vdiUyMiUzRSUwQSUzQyUyRnZpZGVvJTNFJTBBJTBBJTNDc2NyaXB0JTNFJTBBZG9jdW1lbnQuYWRkRXZlbnRMaXN0ZW5lciUyOCUyMkRPTUNvbnRlbnRMb2FkZWQlMjIlMkMlMjBmdW5jdGlvbiUyMCUyOCUyOSUyMCU3QiUwQSUyMCUyMCUyMCUyMGNvbnN0JTIwdmlkZW8lMjAlM0QlMjBkb2N1bWVudC5nZXRFbGVtZW50QnlJZCUyOCUyMmxhenlWaWRlbyUyMiUyOSUzQiUwQSUyMCUyMCUyMCUyMGNvbnN0JTIwc291cmNlJTIwJTNEJTIwdmlkZW8ucXVlcnlTZWxlY3RvciUyOCUyMnNvdXJjZSUyMiUyOSUzQiUwQSUwQSUyMCUyMCUyMCUyMCUyRiUyRiUyMEltcG9zdGElMjBsJTI3VVJMJTIwZGVsJTIwdmlkZW8lMjBzb2xvJTIwZG9wbyUyMGNoZSUyMGlsJTIwRE9NJTIwJUMzJUE4JTIwc3RhdG8lMjBjYXJpY2F0byUwQSUyMCUyMCUyMCUyMHNvdXJjZS5zcmMlMjAlM0QlMjBzb3VyY2UuZ2V0QXR0cmlidXRlJTI4JTIyZGF0YS1zcmMlMjIlMjklM0IlMEElMjAlMjAlMjAlMjB2aWRlby5sb2FkJTI4JTI5JTNCJTIwJTJGJTJGJTIwQ2FyaWNhJTIwaWwlMjB2aWRlbyUyMGRvcG8lMjBhdmVyJTIwYXNzZWduYXRvJTIwaWwlMjBzcmMlMEElN0QlMjklM0IlMEElM0MlMkZzY3JpcHQlM0U=[\/vc_raw_html][vc_empty_space height=\u00bb40px\u00bb][\/vc_column][\/vc_row][vc_row][vc_column][vc_column_text]<div class=\"wpgmp_map_container wpgmp-map-7\" rel=\"map7\"><div class=\"wpgmp_map_parent\"><div class=\"wpgmp_map \" style=\"width:100%; height:450px;\" id=\"map7\" ><\/div><\/div><\/div><style> .wpgmp-map-7  .wpgmp_infowindow .fc-item-box.fc-item-no-padding{background-image:none;font-family:Montserrat, sans-serif;font-weight:400;font-size:15px;color:rgba(0, 0, 0, 0.87);line-height:21.4286px;background-color:rgb(255, 255, 255);font-style:normal;text-align:start;text-decoration:rgba(0, 0, 0, 0.87);margin-top:0px;margin-bottom:0px;margin-left:0px;margin-right:0px;padding-top:0px;padding-bottom:0px;padding-left:0px;padding-right:0px;} .wpgmp-map-7  .wpgmp_infowindow .fc-item-title.fc-item-primary-text-color.fc-item-top-space{background-image:none;font-family:Montserrat, sans-serif;font-weight:700;font-size:16px;color:rgb(68, 68, 68);line-height:21.4286px;background-color:rgba(0, 0, 0, 0);font-style:normal;text-align:start;text-decoration:rgb(68, 68, 68);margin-top:10px;margin-bottom:5px;margin-left:0px;margin-right:0px;padding-top:0px;padding-bottom:0px;padding-left:0px;padding-right:0px;} .wpgmp-map-7  .wpgmp_infowindow .fc-item-content.fc-item-body-text-color{background-image:none;font-family:Montserrat, sans-serif;font-weight:300;font-size:13px;color:rgb(119, 119, 119);line-height:23px;background-color:rgba(0, 0, 0, 0);font-style:normal;text-align:start;text-decoration:rgb(119, 119, 119);margin-top:0px;margin-bottom:0px;margin-left:0px;margin-right:0px;padding-top:0px;padding-bottom:0px;padding-left:0px;padding-right:0px;} .wpgmp-map-7  .wpgmp_infowindow .fc-item-content.fc-item-body-text-color{background-image:none;font-family:Montserrat, sans-serif;font-weight:300;font-size:13px;color:rgb(119, 119, 119);line-height:23px;background-color:rgba(0, 0, 0, 0);font-style:normal;text-align:start;text-decoration:rgb(119, 119, 119);margin-top:0px;margin-bottom:0px;margin-left:0px;margin-right:0px;padding-top:0px;padding-bottom:0px;padding-left:0px;padding-right:0px;} .wpgmp-map-7  .wpgmp_infowindow .fc-item-content.fc-item-body-text-color{background-image:none;font-family:Montserrat, sans-serif;font-weight:300;font-size:13px;color:rgb(119, 119, 119);line-height:23px;background-color:rgba(0, 0, 0, 0);font-style:normal;text-align:start;text-decoration:rgb(119, 119, 119);margin-top:0px;margin-bottom:0px;margin-left:0px;margin-right:0px;padding-top:0px;padding-bottom:0px;padding-left:0px;padding-right:0px;} .wpgmp-map-7  .wpgmp_infowindow.wpgmp_infowindow_post .fc-item-box.fc-item-no-padding{background-image:none;font-family:Montserrat, sans-serif;font-weight:400;font-size:15px;color:rgba(0, 0, 0, 0.87);line-height:21.4286px;background-color:rgb(255, 255, 255);font-style:normal;text-align:start;text-decoration:rgba(0, 0, 0, 0.87);margin-top:0px;margin-bottom:0px;margin-left:0px;margin-right:0px;padding-top:0px;padding-bottom:0px;padding-left:0px;padding-right:0px;} .wpgmp-map-7  .wpgmp_infowindow.wpgmp_infowindow_post .fc-item-meta.fc-item-secondary-text-color.fc-item-top-space.fc-text-center{background-image:none;font-family:Montserrat, sans-serif;font-weight:400;font-size:13px;color:rgb(119, 119, 119);line-height:23px;background-color:rgba(0, 0, 0, 0);font-style:normal;text-align:center;text-decoration:rgb(119, 119, 119);margin-top:10px;margin-bottom:7px;margin-left:0px;margin-right:0px;padding-top:0px;padding-bottom:0px;padding-left:0px;padding-right:0px;} .wpgmp-map-7  .wpgmp_infowindow.wpgmp_infowindow_post .fc-item-title.fc-item-primary-text-color.fc-text-center{background-image:none;font-family:Montserrat, sans-serif;font-weight:700;font-size:16px;color:rgb(68, 68, 68);line-height:21.4286px;background-color:rgba(0, 0, 0, 0);font-style:normal;text-align:center;text-decoration:rgb(68, 68, 68);margin-top:0px;margin-bottom:5px;margin-left:0px;margin-right:0px;padding-top:0px;padding-bottom:0px;padding-left:0px;padding-right:0px;} .wpgmp-map-7  .wpgmp_infowindow.wpgmp_infowindow_post .fc-item-content.fc-item-body-text-color.fc-item-top-space{background-image:none;font-family:Montserrat, sans-serif;font-weight:300;font-size:13px;color:rgb(119, 119, 119);line-height:23px;background-color:rgba(0, 0, 0, 0);font-style:normal;text-align:start;text-decoration:rgb(119, 119, 119);margin-top:10px;margin-bottom:0px;margin-left:0px;margin-right:0px;padding-top:0px;padding-bottom:0px;padding-left:0px;padding-right:0px;} .wpgmp-map-7 .wpgmp_locations{background-image:none;font-family:Montserrat, sans-serif;font-weight:400;font-size:15px;color:rgba(0, 0, 0, 0.87);line-height:21.4286px;background-color:rgba(0, 0, 0, 0);font-style:normal;text-align:start;text-decoration:rgba(0, 0, 0, 0.87);margin-top:0px;margin-bottom:0px;margin-left:0px;margin-right:0px;padding-top:0px;padding-bottom:0px;padding-left:0px;padding-right:0px;} .wpgmp-map-7 .wpgmp_locations_head{background-image:none;font-family:Montserrat, sans-serif;font-weight:400;font-size:15px;color:rgba(0, 0, 0, 0.87);line-height:21.4286px;background-color:rgba(0, 0, 0, 0);font-style:normal;text-align:start;text-decoration:rgba(0, 0, 0, 0.87);margin-top:0px;margin-bottom:0px;margin-left:0px;margin-right:0px;padding-top:0px;padding-bottom:0px;padding-left:0px;padding-right:0px;} .wpgmp-map-7 .place_title{background-image:none;font-family:Montserrat, sans-serif;font-weight:400;font-size:15px;color:rgb(34, 113, 177);line-height:21.4286px;background-color:rgba(0, 0, 0, 0);font-style:normal;text-align:start;text-decoration:underline rgb(34, 113, 177);margin-top:0px;margin-bottom:0px;margin-left:0px;margin-right:0px;padding-top:0px;padding-bottom:0px;padding-left:0px;padding-right:0px;} .wpgmp-map-7 .wpgmp_location_meta{background-image:none;font-family:Montserrat, sans-serif;font-weight:400;font-size:15px;color:rgba(0, 0, 0, 0.87);line-height:21.4286px;background-color:rgba(0, 0, 0, 0);font-style:normal;text-align:start;text-decoration:rgba(0, 0, 0, 0.87);margin-top:0px;margin-bottom:0px;margin-left:0px;margin-right:0px;padding-top:0px;padding-bottom:0px;padding-left:0px;padding-right:0px;} .wpgmp-map-7 .wpgmp_locations_content{background-image:none;font-family:Montserrat, sans-serif;font-weight:400;font-size:15px;color:rgba(0, 0, 0, 0.87);line-height:21.4286px;background-color:rgba(0, 0, 0, 0);font-style:normal;text-align:start;text-decoration:rgba(0, 0, 0, 0.87);margin-top:0px;margin-bottom:0px;margin-left:0px;margin-right:0px;padding-top:0px;padding-bottom:0px;padding-left:0px;padding-right:0px;}<\/style><script>jQuery(document).ready(function($) {var map7 = $(\"#map7\").maps({\"map_options\":{\"center_lat\":\"45.44008217389484\",\"center_lng\":\"12.325264723873147\",\"zoom\":19,\"map_type_id\":\"SATELLITE\",\"center_by_nearest\":false,\"fit_bounds\":false,\"center_circle_fillcolor\":\"#8CAEF2\",\"center_circle_fillopacity\":\".5\",\"center_circle_strokecolor\":\"#8CAEF2\",\"center_circle_strokeopacity\":\".5\",\"show_center_circle\":false,\"show_center_marker\":false,\"center_marker_icon\":\"https:\/\/www.santacroceboutiquehotel.com\/wp-content\/plugins\/wp-google-map-gold\/assets\/images\/\/default_marker.png\",\"draggable\":true,\"scroll_wheel\":\"false\",\"display_45_imagery\":\"45\",\"gesture\":\"auto\",\"marker_default_icon\":\"https:\/\/www.santacroceboutiquehotel.com\/wp-content\/plugins\/wp-google-map-gold\/assets\/images\/\/default_marker.png\",\"infowindow_setting\":\"<div class=\\\"fc-item-box fc-item-no-padding \\\">\\n    {marker_image}<\/p>\\n<div class=\\\"fc-itemcontent-padding\\\">\\n<div class=\\\"fc-itemcontent-padding fc-item-no-padding\\\">\\n<div class=\\\"fc-item-title fc-item-primary-text-color fc-item-top-space\\\">{marker_title}<\/div>\\n<div class=\\\"fc-item-content fc-item-body-text-color\\\">{marker_address}<\/div>\\n<div class=\\\"fc-item-content fc-item-body-text-color\\\"><a href=\\\"tel:+39041740112\\\">+39 041 740112<\/a><\/div>\\n<div class=\\\"fc-item-content fc-item-body-text-color\\\"><a href=\\\"mailto:info@santacroceboutiquehotel.com\\\">info@santacroceboutiquehotel.com<\/a><\/div>\\n<\/p><\/div>\\n<\/p><\/div>\\n<div class=\\\"fc-clear\\\"><\/div>\\n<\/div>\\n\",\"infowindow_geotags_setting\":\"<div class=\\\"fc-item-box fc-item-no-padding\\\">\\r\\n    {post_featured_image}\\r\\n    <div class=\\\"fc-itemcontent-padding\\\">\\r\\n        <div class=\\\"fc-item-padding-content_20\\\">\\r\\n            <div class=\\\"fc-item-meta fc-item-secondary-text-color fc-item-top-space fc-text-center\\\">{post_categories}<\/div>\\r\\n            <div class=\\\"fc-item-title fc-item-primary-text-color fc-text-center\\\">{post_title}<\/div>\\r\\n            <div class=\\\"fc-item-content fc-item-body-text-color fc-item-top-space\\\">\\r\\n                {post_excerpt}\\r\\n            <\/div>\\r\\n        <\/div>\\r\\n    <\/div>\\r\\n<\/div>\",\"infowindow_skin\":{\"name\":\"aare\",\"type\":\"infowindow\",\"sourcecode\":\"<div class=\\\"fc-item-box fc-item-no-padding \\\">\\r\\n    {marker_image}\\r\\n    <div class=\\\"fc-itemcontent-padding\\\">\\r\\n        <div class=\\\"fc-itemcontent-padding fc-item-no-padding\\\">\\r\\n            <div class=\\\"fc-item-title fc-item-primary-text-color fc-item-top-space\\\">{marker_title}<\/div>\\r\\n            <div class=\\\"fc-item-content fc-item-body-text-color\\\">{marker_address}<\/div>\\r\\n            <div class=\\\"fc-item-content fc-item-body-text-color\\\"><a href=\\\"tel:+39041740112\\\">+39 041 740112<\/a><\/div>\\r\\n            <div class=\\\"fc-item-content fc-item-body-text-color\\\"><a href=\\\"mailto:info@santacroceboutiquehotel.com\\\">info@santacroceboutiquehotel.com<\/a><\/div>\\r\\n        <\/div>\\r\\n    <\/div>\\r\\n    <div class=\\\"fc-clear\\\"><\/div>\\r\\n<\/div>\"},\"infowindow_post_skin\":{\"name\":\"udine\",\"type\":\"post\",\"sourcecode\":\"<div class=\\\"fc-item-box fc-item-no-padding\\\">\\r\\n    {post_featured_image}\\r\\n    <div class=\\\"fc-itemcontent-padding\\\">\\r\\n        <div class=\\\"fc-item-padding-content_20\\\">\\r\\n            <div class=\\\"fc-item-meta fc-item-secondary-text-color fc-item-top-space fc-text-center\\\">{post_categories}<\/div>\\r\\n            <div class=\\\"fc-item-title fc-item-primary-text-color fc-text-center\\\">{post_title}<\/div>\\r\\n            <div class=\\\"fc-item-content fc-item-body-text-color fc-item-top-space\\\">\\r\\n                {post_excerpt}\\r\\n            <\/div>\\r\\n        <\/div>\\r\\n    <\/div>\\r\\n<\/div>\"},\"infowindow_drop_animation\":false,\"close_infowindow_on_map_click\":false,\"default_infowindow_open\":false,\"infowindow_open_event\":\"click\",\"infowindow_filter_only\":false,\"infowindow_click_change_zoom\":0,\"infowindow_click_change_center\":false,\"full_screen_control\":true,\"search_control\":true,\"zoom_control\":true,\"map_type_control\":true,\"street_view_control\":true,\"locateme_control\":false,\"mobile_specific\":false,\"zoom_mobile\":5,\"draggable_mobile\":true,\"scroll_wheel_mobile\":true,\"full_screen_control_position\":\"TOP_RIGHT\",\"search_control_position\":\"TOP_LEFT\",\"locateme_control_position\":\"TOP_LEFT\",\"zoom_control_position\":\"TOP_LEFT\",\"map_type_control_position\":\"TOP_RIGHT\",\"map_type_control_style\":\"HORIZONTAL_BAR\",\"street_view_control_position\":\"TOP_LEFT\",\"map_control\":false,\"screens\":{\"smartphones\":{\"map_zoom_level_mobile\":\"5\"},\"ipads\":{\"map_zoom_level_mobile\":\"5\"},\"large-screens\":{\"map_zoom_level_mobile\":\"5\"}},\"map_infowindow_customisations\":false,\"infowindow_width\":\"100%\",\"infowindow_border_color\":\"rgba(0, 0, 0, 0.0980392)\",\"infowindow_bg_color\":\"#fff\",\"show_infowindow_header\":false,\"min_zoom\":\"0\",\"max_zoom\":\"19\",\"zoom_level_after_search\":\"10\",\"url_filters\":false,\"doubleclickzoom\":false,\"current_post_only\":false,\"bound_map_after_filter\":false,\"display_reset_button\":false,\"map_reset_button_text\":\"Reset\",\"height\":\"450\"},\"places\":[{\"id\":\"1\",\"title\":\"Santa Croce Boutique Hotel\",\"address\":\"Campo Nazario Sauro, 980, Venice, Metropolitan City of Venice, Italy\",\"source\":\"manual\",\"location\":{\"icon\":\"https:\/\/www.santacroceboutiquehotel.com\/wp-content\/plugins\/wp-google-map-gold\/assets\/images\/\/default_marker.png\",\"lat\":\"45.44008217389484\",\"lng\":\"12.325264723873147\",\"city\":\"Venezia\",\"state\":\"Veneto\",\"country\":\"Italy\",\"onclick_action\":\"marker\",\"open_new_tab\":\"yes\",\"postal_code\":\"30135\",\"draggable\":false,\"infowindow_default_open\":false,\"infowindow_disable\":true,\"zoom\":5,\"extra_fields\":{\"listorder\":0}}}],\"styles\":\"[\\r\\n    {\\r\\n        \\\"featureType\\\": \\\"poi\\\",\\r\\n        \\\"elementType\\\": \\\"all\\\",\\r\\n        \\\"stylers\\\": [\\r\\n            {\\r\\n                \\\"visibility\\\": \\\"off\\\"\\r\\n            }\\r\\n        ]\\r\\n    }\\r\\n]\",\"map_property\":{\"map_id\":\"7\",\"debug_mode\":false},\"map_marker_spiderfier_setting\":{\"minimum_markers\":\"0\"},\"shapes\":{\"drawing_editable\":false},\"filters\":{\"filters_container\":\"[data-container=\\\"wpgmp-filters-container\\\"]\"}}).data(\"wpgmp_maps\");});<\/script>[\/vc_column_text][\/vc_column][\/vc_row][vc_row full_width=\u00bbstretch_row\u00bb css=\u00bb.vc_custom_1532512621914{margin-top: 0px !important;margin-right: 0px !important;margin-bottom: 0px !important;margin-left: 0px !important;border-top-width: 0px !important;border-right-width: 0px !important;border-bottom-width: 0px !important;border-left-width: 0px !important;padding-top: 0px !important;padding-right: 0px !important;padding-bottom: 0px !important;padding-left: 0px !important;background-color: #f5f5f5 !important;}\u00bb][vc_column][vc_column_text el_class=\u00bbrow-text-gray-block\u00bb]<\/p>\n<p style=\"text-align: center;\"><span style=\"font-family: Playfair Display; font-style: italic; font-size: 24px;\">\u201cCuando inicia el d\u00eda, las estrellas se desvanecen con envidia, al ver emerger de la niebla los encantos de Venecia\u201d<br \/>\n&#8211; Mieczys\u0142aw Koz\u0142owski &#8211;<\/span><\/p>\n<p>[\/vc_column_text][\/vc_column][\/vc_row]<\/p>\n<p><\/p>\n<\/div>","protected":false},"excerpt":{"rendered":"<p>[vc_row full_width=\u00bbstretch_row\u00bb css=\u00bb.vc_custom_1531220205250{margin-top: 0px !important;margin-bottom: 20px !important;}\u00bb][vc_column width=\u00bb1\/2&#8243; el_class=\u00bbhalf-column\u00bb][vc_column_text] UBICACI\u00d3N [\/vc_column_text][vc_column_text]Situado en el barrio conocido como Sestiere di Santa Croce, en la parte m\u00e1s aut\u00e9ntica de la ciudad, Santa Croce Boutique Hotel le permitir\u00e1 pasear y relajarse entre hermosas iglesias y edificios hist\u00f3ricos, respirando las tradiciones de una ciudad atemporal. Se encuentra a pocos pasos [&hellip;]<\/p>\n","protected":false},"author":24,"featured_media":8597,"parent":0,"menu_order":0,"comment_status":"closed","ping_status":"closed","template":"","meta":{"_acf_changed":false,"inline_featured_image":false,"footnotes":""},"class_list":["post-4832","page","type-page","status-publish","has-post-thumbnail","hentry"],"acf":[],"_links":{"self":[{"href":"https:\/\/www.santacroceboutiquehotel.com\/es\/wp-json\/wp\/v2\/pages\/4832","targetHints":{"allow":["GET"]}}],"collection":[{"href":"https:\/\/www.santacroceboutiquehotel.com\/es\/wp-json\/wp\/v2\/pages"}],"about":[{"href":"https:\/\/www.santacroceboutiquehotel.com\/es\/wp-json\/wp\/v2\/types\/page"}],"author":[{"embeddable":true,"href":"https:\/\/www.santacroceboutiquehotel.com\/es\/wp-json\/wp\/v2\/users\/24"}],"replies":[{"embeddable":true,"href":"https:\/\/www.santacroceboutiquehotel.com\/es\/wp-json\/wp\/v2\/comments?post=4832"}],"version-history":[{"count":0,"href":"https:\/\/www.santacroceboutiquehotel.com\/es\/wp-json\/wp\/v2\/pages\/4832\/revisions"}],"wp:featuredmedia":[{"embeddable":true,"href":"https:\/\/www.santacroceboutiquehotel.com\/es\/wp-json\/wp\/v2\/media\/8597"}],"wp:attachment":[{"href":"https:\/\/www.santacroceboutiquehotel.com\/es\/wp-json\/wp\/v2\/media?parent=4832"}],"curies":[{"name":"wp","href":"https:\/\/api.w.org\/{rel}","templated":true}]}}