{"id":6390,"date":"2020-05-19T13:09:11","date_gmt":"2020-05-19T11:09:11","guid":{"rendered":"https:\/\/www.santacroceboutiquehotel.com\/it\/?page_id=6390"},"modified":"2026-01-09T14:14:41","modified_gmt":"2026-01-09T13:14:41","slug":"privacy-policy-2-2-2-2-3-2","status":"publish","type":"page","link":"https:\/\/www.santacroceboutiquehotel.com\/es\/desayuno\/","title":{"rendered":"Desayuno"},"content":{"rendered":"<div class=\"wpb-content-wrapper\"><p>[vc_row][vc_column][vc_raw_html]JTNDZGl2JTIwY2xhc3MlM0QlMjJudWRnZS1ib3glMjIlM0VFeGNlbGVudGUlM0NiciUzRWRlc2F5dW5vJTNDJTJGZGl2JTNF[\/vc_raw_html][\/vc_column][\/vc_row][vc_row full_width=\u00bbstretch_row\u00bb css=\u00bb.vc_custom_1530181273529{margin-top: 0px !important;margin-bottom: 0px !important;}\u00bb][vc_column width=\u00bb1\/3&#8243; el_class=\u00bbhalf-column\u00bb][vc_column_text]<\/p>\n<h1 class=\"divider-title\">Desayuno<\/h1>\n<p>[\/vc_column_text][vc_column_text css=\u00bb.vc_custom_1534503584975{margin-top: 30px !important;}\u00bb]Nuestro equipo de desayunos est\u00e1 listo para darle la bienvenida a nuestro elegante sal\u00f3n, donde le servir\u00e1 un <strong>exquisito buf\u00e9 de desayuno<\/strong> y una selecci\u00f3n de <strong>platos calientes cocinados al momento<\/strong> para satisfacer a los paladares m\u00e1s refinados.<\/p>\n<p>La degustaci\u00f3n de los sabores de nuestra regi\u00f3n comienza ya desde el desayuno<br \/>\nque abraza tambi\u00e9n los sabores de la <strong>gastronom\u00eda internacional<\/strong> y ofrece una amplia carta a aquellos con<strong> intolerancias y alergias<\/strong>, sin renunciar nunca a la exaltaci\u00f3n del gusto.[\/vc_column_text][\/vc_column][vc_column width=\u00bb2\/3&#8243; css=\u00bb.vc_custom_1589892607950{margin-top: 40px !important;}\u00bb][vc_media_grid element_width=\u00bb6&#8243; css=\u00bb\u00bb grid_id=\u00bbvc_gid:1767964455610-88555bc0-b094-3&#8243; include=\u00bb8490,8481,6202,8485&#8243;][\/vc_column][\/vc_row][vc_row full_width=\u00bbstretch_row\u00bb css=\u00bb.vc_custom_1589270536992{margin-top: 0px !important;margin-bottom: 0px !important;}\u00bb][vc_column width=\u00bb1\/2&#8243;][vc_column_text css=\u00bb.vc_custom_1589270444519{margin-top: 30px !important;}\u00bb]<\/p>\n<ul style=\"line-height: 30px; list-style-type: circle;\">\n<li><strong>Express products,<\/strong> from the kitchen to the Guests<\/li>\n<li>All the dishes and cutlery are washed in the dishwasher at temperatures above 70 \u00b0, detergents under medical supervision, dried with disposable paper<\/li>\n<li>Breakfast upon reservation in different shifts<\/li>\n<li><strong>Total sanitization of the room<\/strong> at the beginning, end of breakfast, between one shift and the next, change meis en place \/ table linen, sanitizing chairs and tables<\/li>\n<li>Ventilated room between one shift and another.<\/li>\n<li><strong>Safety distance<\/strong> (2 meters between each table, maximum 5 rooms at a time)<\/li>\n<\/ul>\n<p>[\/vc_column_text][\/vc_column][vc_column width=\u00bb1\/2&#8243;][vc_column_text css=\u00bb.vc_custom_1589270525122{margin-top: 30px !important;}\u00bb]<\/p>\n<ul style=\"line-height: 30px; list-style-type: circle;\">\n<li><strong>Hands sanitizer available<\/strong> at the entrance and exit of the Breakfast Room<\/li>\n<li>Staff equipped with masks and gloves<\/li>\n<li><strong>Continuous air recirculation equipment<\/strong><\/li>\n<li>Supply of technical data sheets for all sanitization products.<\/li>\n<\/ul>\n<p>Furthermore&#8230;<\/p>\n<ul style=\"line-height: 30px; list-style-type: circle;\">\n<li><strong>Breakfast in our secret garden<\/strong> surrounded by a fantastic sunny day<\/li>\n<li>Breakfast in the room without supplement.<\/li>\n<\/ul>\n<p>[\/vc_column_text][\/vc_column][\/vc_row]<\/p>\n<\/div>","protected":false},"excerpt":{"rendered":"<p>[vc_row][vc_column][vc_raw_html]JTNDZGl2JTIwY2xhc3MlM0QlMjJudWRnZS1ib3glMjIlM0VFeGNlbGVudGUlM0NiciUzRWRlc2F5dW5vJTNDJTJGZGl2JTNF[\/vc_raw_html][\/vc_column][\/vc_row][vc_row full_width=\u00bbstretch_row\u00bb css=\u00bb.vc_custom_1530181273529{margin-top: 0px !important;margin-bottom: 0px !important;}\u00bb][vc_column width=\u00bb1\/3&#8243; el_class=\u00bbhalf-column\u00bb][vc_column_text] Desayuno [\/vc_column_text][vc_column_text css=\u00bb.vc_custom_1534503584975{margin-top: 30px !important;}\u00bb]Nuestro equipo de desayunos est\u00e1 listo para darle la bienvenida a nuestro elegante sal\u00f3n, donde le servir\u00e1 un exquisito buf\u00e9 de desayuno y una selecci\u00f3n de platos calientes cocinados al momento para satisfacer a los paladares m\u00e1s refinados. La degustaci\u00f3n de los [&hellip;]<\/p>\n","protected":false},"author":24,"featured_media":6394,"parent":0,"menu_order":0,"comment_status":"closed","ping_status":"closed","template":"","meta":{"_acf_changed":false,"inline_featured_image":false,"footnotes":""},"class_list":["post-6390","page","type-page","status-publish","has-post-thumbnail","hentry"],"acf":[],"_links":{"self":[{"href":"https:\/\/www.santacroceboutiquehotel.com\/es\/wp-json\/wp\/v2\/pages\/6390","targetHints":{"allow":["GET"]}}],"collection":[{"href":"https:\/\/www.santacroceboutiquehotel.com\/es\/wp-json\/wp\/v2\/pages"}],"about":[{"href":"https:\/\/www.santacroceboutiquehotel.com\/es\/wp-json\/wp\/v2\/types\/page"}],"author":[{"embeddable":true,"href":"https:\/\/www.santacroceboutiquehotel.com\/es\/wp-json\/wp\/v2\/users\/24"}],"replies":[{"embeddable":true,"href":"https:\/\/www.santacroceboutiquehotel.com\/es\/wp-json\/wp\/v2\/comments?post=6390"}],"version-history":[{"count":0,"href":"https:\/\/www.santacroceboutiquehotel.com\/es\/wp-json\/wp\/v2\/pages\/6390\/revisions"}],"wp:featuredmedia":[{"embeddable":true,"href":"https:\/\/www.santacroceboutiquehotel.com\/es\/wp-json\/wp\/v2\/media\/6394"}],"wp:attachment":[{"href":"https:\/\/www.santacroceboutiquehotel.com\/es\/wp-json\/wp\/v2\/media?parent=6390"}],"curies":[{"name":"wp","href":"https:\/\/api.w.org\/{rel}","templated":true}]}}