{"id":7949,"date":"2025-04-10T15:52:17","date_gmt":"2025-04-10T13:52:17","guid":{"rendered":"https:\/\/www.santacroceboutiquehotel.com\/it\/?page_id=7949"},"modified":"2026-02-05T10:25:12","modified_gmt":"2026-02-05T09:25:12","slug":"privacy-policy-2-2-2-2-3-3-2","status":"publish","type":"page","link":"https:\/\/www.santacroceboutiquehotel.com\/es\/lounge-bar\/","title":{"rendered":"Lounge bar"},"content":{"rendered":"<div class=\"wpb-content-wrapper\"><p><\/p>\n<p>[vc_row full_width=\u00bbstretch_row\u00bb css=\u00bb.vc_custom_1530181273529{margin-top: 0px !important;margin-bottom: 0px !important;}\u00bb][vc_column width=\u00bb1\/3&#8243; el_class=\u00bbhalf-column\u00bb][vc_column_text css=\u00bb\u00bb]<\/p>\n<h1 class=\"divider-title\">Lounge bar<\/h1>\n<p>[\/vc_column_text][vc_column_text css=\u00bb.vc_custom_1744362113133{margin-top: 30px !important;}\u00bb]<strong>Un oasis de estilo y relax en el coraz\u00f3n de Venecia<\/strong>. Nuestro <strong>Lounge Bar<\/strong> es el lugar ideal para un aperitivo o un c\u00f3ctel largo, envuelto en un ambiente \u00edntimo con luces suaves y detalles elegantes. Nuestros barmans crear\u00e1n c\u00f3cteles a medida, inspirados en tus gustos y enriquecidos con aut\u00e9nticos sabores locales.[\/vc_column_text][vc_btn title=\u00bbDescubre el Lounge Bar\u00bb style=\u00bbcustom\u00bb custom_background=\u00bb#c6ab70&#8243; custom_text=\u00bb#ffffff\u00bb shape=\u00bbsquare\u00bb align=\u00bbleft\u00bb css=\u00bb\u00bb link=\u00bburl:https%3A%2F%2Fwww.boutiquelounge.it%2Fen%2F|target:_blank\u00bb el_class=\u00bbbtn-inline\u00bb][\/vc_column][vc_column width=\u00bb2\/3&#8243;][vc_empty_space height=\u00bb50px\u00bb][vc_media_grid element_width=\u00bb6&#8243; css=\u00bb\u00bb grid_id=\u00bbvc_gid:1770283490834-041112e2-c663-5&#8243; include=\u00bb7953,8583,8584,7956&#8243;][\/vc_column][\/vc_row][vc_row full_width=\u00bbstretch_row\u00bb css=\u00bb.vc_custom_1532508971877{margin-top: 0px !important;margin-right: 0px !important;margin-bottom: 0px !important;margin-left: 0px !important;border-top-width: 0px !important;border-right-width: 0px !important;border-bottom-width: 0px !important;border-left-width: 0px !important;padding-top: 0px !important;padding-right: 0px !important;padding-bottom: 0px !important;padding-left: 0px !important;background-color: #f5f5f5 !important;}\u00bb][vc_column][vc_column_text css=\u00bb\u00bb]<\/p>\n<p style=\"text-align: center;\"><span style=\"font-family: Playfair Display; font-style: italic; font-size: 24px;\">\u201cA bar is not just a place to drink, it&#8217;s where stories begin, hearts meet, and time slows down.\u201d<\/span><\/p>\n<p>[\/vc_column_text][\/vc_column][\/vc_row][vc_row][vc_column][vc_empty_space height=\u00bb40px\u00bb][vc_raw_html css=\u00bb\u00bb]JTNDJTIxLS0lM0NpZnJhbWUlMjB3aWR0aCUzRCUyMjEwMCUyNSUyMiUyMGhlaWdodCUzRCUyMjUxNSUyMiUyMHNyYyUzRCUyMmh0dHBzJTNBJTJGJTJGd3d3LnlvdXR1YmUuY29tJTJGZW1iZWQlMkZfQkxtTGdyaktHVSUzRnJlbCUzRDAlMjZhdXRvcGxheSUzRDAlMjZzZXRWb2x1bWUlM0QwJTIyJTIwZnJhbWVib3JkZXIlM0QlMjIwJTIyJTIwYWxsb3clM0QlMjJhY2NlbGVyb21ldGVyJTNCJTIwYXV0b3BsYXklM0IlMjBlbmNyeXB0ZWQtbWVkaWElM0IlMjBneXJvc2NvcGUlM0IlMjBwaWN0dXJlLWluLXBpY3R1cmUlMjIlMjBhbGxvd2Z1bGxzY3JlZW4lM0UlM0MlMkZpZnJhbWUlM0UtLSUzRSUwQSUwQSUzQ3ZpZGVvJTIwaWQlM0QlMjJsYXp5VmlkZW8lMjIlMjB3aWR0aCUzRCUyMjEwMCUyNSUyMiUyMGhlaWdodCUzRCUyMmF1dG8lMjIlMjBjb250cm9scyUyMGF1dG9wbGF5JTIwbXV0ZWQlMjBsb29wJTNFJTBBJTIwJTIwJTIwJTIwJTNDc291cmNlJTIwZGF0YS1zcmMlM0QlMjJodHRwcyUzQSUyRiUyRnd3dy5zYW50YWNyb2NlYm91dGlxdWVob3RlbC5jb20lMkZ3cC1jb250ZW50JTJGdXBsb2FkcyUyRjIwMjUlMkYwMyUyRkJhcmlzdGEtU2FudGEtY3JvY2UtQm91dGlxdWUtSG90ZWwtNGstU0QtNDgwcC5tb3YlMjIlM0UlMEElM0MlMkZ2aWRlbyUzRSUwQSUwQSUzQ3NjcmlwdCUzRSUwQWRvY3VtZW50LmFkZEV2ZW50TGlzdGVuZXIlMjglMjJET01Db250ZW50TG9hZGVkJTIyJTJDJTIwZnVuY3Rpb24lMjAlMjglMjklMjAlN0IlMEElMjAlMjAlMjAlMjBjb25zdCUyMHZpZGVvJTIwJTNEJTIwZG9jdW1lbnQuZ2V0RWxlbWVudEJ5SWQlMjglMjJsYXp5VmlkZW8lMjIlMjklM0IlMEElMjAlMjAlMjAlMjBjb25zdCUyMHNvdXJjZSUyMCUzRCUyMHZpZGVvLnF1ZXJ5U2VsZWN0b3IlMjglMjJzb3VyY2UlMjIlMjklM0IlMEElMEElMjAlMjAlMjAlMjAlMkYlMkYlMjBJbXBvc3RhJTIwbCUyN1VSTCUyMGRlbCUyMHZpZGVvJTIwc29sbyUyMGRvcG8lMjBjaGUlMjBpbCUyMERPTSUyMCVDMyVBOCUyMHN0YXRvJTIwY2FyaWNhdG8lMEElMjAlMjAlMjAlMjBzb3VyY2Uuc3JjJTIwJTNEJTIwc291cmNlLmdldEF0dHJpYnV0ZSUyOCUyMmRhdGEtc3JjJTIyJTI5JTNCJTBBJTIwJTIwJTIwJTIwdmlkZW8ubG9hZCUyOCUyOSUzQiUyMCUyRiUyRiUyMENhcmljYSUyMGlsJTIwdmlkZW8lMjBkb3BvJTIwYXZlciUyMGFzc2VnbmF0byUyMGlsJTIwc3JjJTBBJTdEJTI5JTNCJTBBJTNDJTJGc2NyaXB0JTNFJTBB[\/vc_raw_html][vc_empty_space height=\u00bb40px\u00bb][\/vc_column][\/vc_row]<\/p>\n<p><\/p>\n<\/div>","protected":false},"excerpt":{"rendered":"<p>[vc_row full_width=\u00bbstretch_row\u00bb css=\u00bb.vc_custom_1530181273529{margin-top: 0px !important;margin-bottom: 0px !important;}\u00bb][vc_column width=\u00bb1\/3&#8243; el_class=\u00bbhalf-column\u00bb][vc_column_text css=\u00bb\u00bb] Lounge bar [\/vc_column_text][vc_column_text css=\u00bb.vc_custom_1744362113133{margin-top: 30px !important;}\u00bb]Un oasis de estilo y relax en el coraz\u00f3n de Venecia. Nuestro Lounge Bar es el lugar ideal para un aperitivo o un c\u00f3ctel largo, envuelto en un ambiente \u00edntimo con luces suaves y detalles elegantes. Nuestros barmans crear\u00e1n c\u00f3cteles [&hellip;]<\/p>\n","protected":false},"author":32,"featured_media":7965,"parent":0,"menu_order":0,"comment_status":"closed","ping_status":"closed","template":"","meta":{"_acf_changed":false,"inline_featured_image":false,"footnotes":""},"class_list":["post-7949","page","type-page","status-publish","has-post-thumbnail","hentry"],"acf":[],"_links":{"self":[{"href":"https:\/\/www.santacroceboutiquehotel.com\/es\/wp-json\/wp\/v2\/pages\/7949","targetHints":{"allow":["GET"]}}],"collection":[{"href":"https:\/\/www.santacroceboutiquehotel.com\/es\/wp-json\/wp\/v2\/pages"}],"about":[{"href":"https:\/\/www.santacroceboutiquehotel.com\/es\/wp-json\/wp\/v2\/types\/page"}],"author":[{"embeddable":true,"href":"https:\/\/www.santacroceboutiquehotel.com\/es\/wp-json\/wp\/v2\/users\/32"}],"replies":[{"embeddable":true,"href":"https:\/\/www.santacroceboutiquehotel.com\/es\/wp-json\/wp\/v2\/comments?post=7949"}],"version-history":[{"count":0,"href":"https:\/\/www.santacroceboutiquehotel.com\/es\/wp-json\/wp\/v2\/pages\/7949\/revisions"}],"wp:featuredmedia":[{"embeddable":true,"href":"https:\/\/www.santacroceboutiquehotel.com\/es\/wp-json\/wp\/v2\/media\/7965"}],"wp:attachment":[{"href":"https:\/\/www.santacroceboutiquehotel.com\/es\/wp-json\/wp\/v2\/media?parent=7949"}],"curies":[{"name":"wp","href":"https:\/\/api.w.org\/{rel}","templated":true}]}}