{"id":8536,"date":"2026-02-05T08:37:58","date_gmt":"2026-02-05T07:37:58","guid":{"rendered":"https:\/\/www.santacroceboutiquehotel.com\/it\/?page_id=8536"},"modified":"2026-02-25T15:01:42","modified_gmt":"2026-02-25T14:01:42","slug":"lanima-dellhotel","status":"publish","type":"page","link":"https:\/\/www.santacroceboutiquehotel.com\/es\/el-alma-del-hotel\/","title":{"rendered":"El alma del hotel"},"content":{"rendered":"<div class=\"wpb-content-wrapper\"><p>[vc_row full_width=\u00bbstretch_row\u00bb css=\u00bb.vc_custom_1770214897229{margin-top: 0px !important;margin-right: 0px !important;margin-bottom: 0px !important;margin-left: 0px !important;border-top-width: 0px !important;border-right-width: 0px !important;border-bottom-width: 0px !important;border-left-width: 0px !important;padding-top: 0px !important;padding-right: 30px !important;padding-bottom: 0px !important;padding-left: 30px !important;background-color: #f5f5f5 !important;}\u00bb][vc_column][vc_column_text css=\u00bb.vc_custom_1772027227466{padding-right: 30px !important;padding-left: 30px !important;}\u00bb el_class=\u00bbrow-text-gray-block\u00bb]<\/p>\n<p style=\"text-align: center;\"><span style=\"font-family: Playfair Display; font-style: italic; font-size: 24px;\">\u00abCruzar el umbral del Santa Croce significa entrar en una dimensi\u00f3n<br \/>\ndonde la hospitalidad no es un protocolo, sino un sentimiento espont\u00e1neo.<\/span><\/p>\n<p style=\"text-align: center;\"><span style=\"font-family: Playfair Display; font-style: italic; font-size: 24px;\">En un palacio impregnado de historia, nuestra verdadera fuerza reside<br \/>\nen la armon\u00eda de un equipo que vive y trabaja como una familia unida\u00bb.<\/span><\/p>\n<p>[\/vc_column_text][\/vc_column][\/vc_row][vc_row full_width=\u00bbstretch_row\u00bb css=\u00bb.vc_custom_1530181273529{margin-top: 0px !important;margin-bottom: 0px !important;}\u00bb][vc_column width=\u00bb1\/2&#8243; el_class=\u00bbhalf-column\u00bb][vc_column_text css=\u00bb\u00bb]<\/p>\n<div class=\"divider-title-container\" style=\"margin-bottom: 25px;\">\n<p><span style=\"display: block; font-family: 'Montserrat', sans-serif; font-size: 16px; letter-spacing: 3px; color: #999; text-transform: uppercase; margin-bottom: 10px; font-weight: 400;\">Valores<\/span><\/p>\n<\/div>\n<p>[\/vc_column_text][vc_column_text css=\u00bb\u00bb]<\/p>\n<h1>M\u00e1s que un Equipo, una Identidad<\/h1>\n<p>[\/vc_column_text][vc_column_text css=\u00bb.vc_custom_1772027259734{margin-top: 30px !important;}\u00bb]<\/p>\n<p class=\"p1\"><span class=\"s1\">En el Santa Croce Boutique Hotel no trabajan simples profesionales, sino <strong>guardianes de una visi\u00f3n compartida<\/strong>. Somos un equipo unido que comparte la <strong>pasi\u00f3n por el detalle y el amor por esta ciudad \u00fanica<\/strong>. Cada sonrisa y cada gesto nacen de la armon\u00eda natural de quienes se sienten parte de un gran hogar.<\/span><\/p>\n<p>[\/vc_column_text][vc_empty_space height=\u00bb20px\u00bb][\/vc_column][vc_column width=\u00bb1\/2&#8243;][vc_single_image image=\u00bb8568&#8243; img_size=\u00bbfull\u00bb css=\u00bb.vc_custom_1770217916291{margin-top: 40px !important;}\u00bb][\/vc_column][\/vc_row][vc_row full_width=\u00bbstretch_row\u00bb css=\u00bb.vc_custom_1530181273529{margin-top: 0px !important;margin-bottom: 0px !important;}\u00bb][vc_column width=\u00bb1\/2&#8243;][vc_single_image image=\u00bb8570&#8243; img_size=\u00bbfull\u00bb css=\u00bb.vc_custom_1770217921241{margin-top: 40px !important;}\u00bb][\/vc_column][vc_column width=\u00bb1\/2&#8243; el_class=\u00bbhalf-column\u00bb][vc_column_text css=\u00bb\u00bb]<span style=\"display: block; font-family: 'Montserrat', sans-serif; font-size: 16px; letter-spacing: 3px; color: #999; text-transform: uppercase; margin-bottom: 15px; font-weight: 400;\">Filosof\u00eda<\/span>[\/vc_column_text][vc_column_text css=\u00bb\u00bb]<\/p>\n<h1>La Hospitalidad como Experiencia Compartida<\/h1>\n<p>[\/vc_column_text][vc_column_text css=\u00bb.vc_custom_1772027289333{margin-top: 30px !important;}\u00bb]<\/p>\n<p class=\"p1\">Creemos que el lujo m\u00e1s aut\u00e9ntico es la espontaneidad. Nuestro ambiente familiar se refleja en la manera en que acogemos a cada hu\u00e9sped: no como a un cliente, sino como a un <strong>amigo de la familia<\/strong>. La uni\u00f3n de nuestro equipo es la fuerza invisible que transforma una simple estancia en un <strong>recuerdo inolvidable<\/strong>.<\/p>\n<p>[\/vc_column_text][vc_empty_space height=\u00bb20px\u00bb][\/vc_column][\/vc_row][vc_row][vc_column][vc_column_text css=\u00bb\u00bb]<\/p>\n<h1>\u00danete a Nuestra Familia<\/h1>\n<p>[\/vc_column_text][vc_column_text css=\u00bb.vc_custom_1772027308782{margin-top: 30px !important;}\u00bb]<\/p>\n<p class=\"p1\"><span class=\"s1\">En el Santa Croce Boutique Hotel no buscamos simplemente colaboradores, sino <strong>personalidades aut\u00e9nticas<\/strong> que deseen convertirse en embajadores de nuestra visi\u00f3n de la hospitalidad. Si crees que el cuidado del detalle y la calidez de una sonrisa son los verdaderos ingredientes del lujo, podr\u00edas ser la persona que estamos buscando. Cu\u00e9ntanos qui\u00e9n eres y ay\u00fadanos a hacer inolvidable la estancia de cada hu\u00e9sped: <strong>tu talento es la pieza que completa nuestra armon\u00eda<\/strong>.<\/span><\/p>\n<p>[\/vc_column_text][\/vc_column][\/vc_row][vc_row][vc_column][vc_column_text css=\u00bb\u00bb]\n<div class=\"wpcf7 no-js\" id=\"wpcf7-f8621-o5\" lang=\"it-IT\" dir=\"ltr\" data-wpcf7-id=\"8621\">\n<div class=\"screen-reader-response\"><p role=\"status\" aria-live=\"polite\" aria-atomic=\"true\"><\/p> <ul><\/ul><\/div>\n<form action=\"\/es\/wp-json\/wp\/v2\/pages\/8536#wpcf7-f8621-o5\" method=\"post\" class=\"wpcf7-form init\" aria-label=\"Modulo di contatto\" novalidate=\"novalidate\" data-status=\"init\">\n<fieldset class=\"hidden-fields-container\"><input type=\"hidden\" name=\"_wpcf7\" value=\"8621\" \/><input type=\"hidden\" name=\"_wpcf7_version\" value=\"6.1.2\" \/><input type=\"hidden\" name=\"_wpcf7_locale\" value=\"it_IT\" \/><input type=\"hidden\" name=\"_wpcf7_unit_tag\" value=\"wpcf7-f8621-o5\" \/><input type=\"hidden\" name=\"_wpcf7_container_post\" value=\"0\" \/><input type=\"hidden\" name=\"_wpcf7_posted_data_hash\" value=\"\" \/>\n<\/fieldset>\n<div class=\"form-assunzione\">\n<h1 class=\"divider-title\">Env\u00edenos su candidatura<\/h1>\n<span class=\"wpcf7-form-control-wrap\" data-name=\"your-name\"><input size=\"40\" maxlength=\"400\" class=\"wpcf7-form-control wpcf7-text wpcf7-validates-as-required field-text\" aria-required=\"true\" aria-invalid=\"false\" placeholder=\"Nombre y apellido*\" value=\"\" type=\"text\" name=\"your-name\" \/><\/span>\n<span class=\"wpcf7-form-control-wrap\" data-name=\"your-email\"><input size=\"40\" maxlength=\"400\" class=\"wpcf7-form-control wpcf7-email wpcf7-validates-as-required wpcf7-text wpcf7-validates-as-email field-text\" aria-required=\"true\" aria-invalid=\"false\" placeholder=\"Email*\" value=\"\" type=\"email\" name=\"your-email\" \/><\/span>\n<span class=\"wpcf7-form-control-wrap\" data-name=\"textarea-542\"><textarea cols=\"40\" rows=\"10\" maxlength=\"2000\" class=\"wpcf7-form-control wpcf7-textarea\" aria-invalid=\"false\" name=\"textarea-542\"><\/textarea><\/span>\n<div class=\"form-cv-checkbox\">\n<span class=\"wpcf7-form-control-wrap\" data-name=\"checkbox-terms\"><span class=\"wpcf7-form-control wpcf7-checkbox wpcf7-validates-as-required wpcf7-exclusive-checkbox\"><span class=\"wpcf7-list-item first last\"><input type=\"checkbox\" name=\"checkbox-terms\" value=\"*\" \/><span class=\"wpcf7-list-item-label\">*<\/span><\/span><\/span><\/span>\n<\/div>\n<input class=\"wpcf7-form-control wpcf7-submit has-spinner ev-cont-it btn-blue\" type=\"submit\" value=\"ENVIAR\" \/>\n<div class=\"wpcf7-response-output\" aria-hidden=\"true\"><\/div>\n<\/div>\n<\/form>\n<\/div>\n[\/vc_column_text][\/vc_column][\/vc_row]<\/p>\n<\/div>","protected":false},"excerpt":{"rendered":"<p>[vc_row full_width=\u00bbstretch_row\u00bb css=\u00bb.vc_custom_1770214897229{margin-top: 0px !important;margin-right: 0px !important;margin-bottom: 0px !important;margin-left: 0px !important;border-top-width: 0px !important;border-right-width: 0px !important;border-bottom-width: 0px !important;border-left-width: 0px !important;padding-top: 0px !important;padding-right: 30px !important;padding-bottom: 0px !important;padding-left: 30px !important;background-color: #f5f5f5 !important;}\u00bb][vc_column][vc_column_text css=\u00bb.vc_custom_1772027227466{padding-right: 30px !important;padding-left: 30px !important;}\u00bb el_class=\u00bbrow-text-gray-block\u00bb] \u00abCruzar el umbral del Santa Croce significa entrar en una dimensi\u00f3n donde la hospitalidad no es un protocolo, sino un [&hellip;]<\/p>\n","protected":false},"author":36,"featured_media":8648,"parent":0,"menu_order":0,"comment_status":"closed","ping_status":"closed","template":"","meta":{"_acf_changed":false,"inline_featured_image":false,"footnotes":""},"class_list":["post-8536","page","type-page","status-publish","has-post-thumbnail","hentry"],"acf":[],"_links":{"self":[{"href":"https:\/\/www.santacroceboutiquehotel.com\/es\/wp-json\/wp\/v2\/pages\/8536","targetHints":{"allow":["GET"]}}],"collection":[{"href":"https:\/\/www.santacroceboutiquehotel.com\/es\/wp-json\/wp\/v2\/pages"}],"about":[{"href":"https:\/\/www.santacroceboutiquehotel.com\/es\/wp-json\/wp\/v2\/types\/page"}],"author":[{"embeddable":true,"href":"https:\/\/www.santacroceboutiquehotel.com\/es\/wp-json\/wp\/v2\/users\/36"}],"replies":[{"embeddable":true,"href":"https:\/\/www.santacroceboutiquehotel.com\/es\/wp-json\/wp\/v2\/comments?post=8536"}],"version-history":[{"count":0,"href":"https:\/\/www.santacroceboutiquehotel.com\/es\/wp-json\/wp\/v2\/pages\/8536\/revisions"}],"wp:featuredmedia":[{"embeddable":true,"href":"https:\/\/www.santacroceboutiquehotel.com\/es\/wp-json\/wp\/v2\/media\/8648"}],"wp:attachment":[{"href":"https:\/\/www.santacroceboutiquehotel.com\/es\/wp-json\/wp\/v2\/media?parent=8536"}],"curies":[{"name":"wp","href":"https:\/\/api.w.org\/{rel}","templated":true}]}}