{"id":4547,"date":"2018-06-27T13:08:42","date_gmt":"2018-06-27T11:08:42","guid":{"rendered":"https:\/\/www.santacroceboutiquehotel.com\/it\/?page_id=4547"},"modified":"2025-02-13T12:13:47","modified_gmt":"2025-02-13T11:13:47","slug":"privacy-policy-2-2","status":"publish","type":"page","link":"https:\/\/www.santacroceboutiquehotel.com\/fr\/chambres\/","title":{"rendered":"Chambres"},"content":{"rendered":"<div class=\"wpb-content-wrapper\"><p><\/p>\n<p>[vc_row equal_height=\u00a0\u00bbyes\u00a0\u00bb css=\u00a0\u00bb.vc_custom_1531213505206{margin-top: 30px !important;}\u00a0\u00bb][vc_column width=\u00a0\u00bb2\/3&Prime;][vc_column_text]<\/p>\n<h1 class=\"divider-title\"><a href=\"\/fr\/chambre-superieure\/\">CHAMBRE SUP\u00c9RIEURE<br \/>\nPARENTALE OU AVEC 2 LITS SIMPLES<\/a><\/h1>\n<p>[\/vc_column_text][vc_column_text css=\u00a0\u00bb.vc_custom_1541777411988{margin-top: 30px !important;}\u00a0\u00bb]Surface de la chambre de\u00a0<strong>18 m2<\/strong><br \/>\nChambre parentale\/double avec lits simples dot\u00e9e de climatisation, peignoir et minibar.[\/vc_column_text][vc_column_text]<a class=\"btn-gold\" href=\"\/fr\/chambre-superieure\/\">LIRE LA SUITE<\/a>[\/vc_column_text][vc_column_text css=\u00a0\u00bb.vc_custom_1739439415692{margin-top: 30px !important;}\u00a0\u00bb el_class=\u00a0\u00bbcontainer-recensioni-2&Prime;]\n<!-- Script JavaScript per gestire il click su \"Leggi di pi\u00f9\" -->\n<script>\ndocument.addEventListener('DOMContentLoaded', function() {\n    document.querySelectorAll(\".read-more-link\").forEach(function(button) {\n        button.addEventListener(\"click\", function(e) {\n            e.preventDefault();\n            let parent = this.parentElement;\n            let readMoreContent = parent.querySelector(\".read-more-content\");\n            let readLessLink = parent.querySelector(\".read-less-link\");\n\n            if (readMoreContent && readLessLink) {\n                readMoreContent.style.display = \"inline\"; \/\/ Mostra il testo aggiuntivo\n                this.style.display = \"none\"; \/\/ Nascondi \"Leggi di pi\u00f9\"\n                readLessLink.style.display = \"inline\"; \/\/ Mostra \"Leggi meno\"\n            }\n        });\n    });\n\n    document.querySelectorAll(\".read-less-link\").forEach(function(button) {\n        button.addEventListener(\"click\", function(e) {\n            e.preventDefault();\n            let parent = this.parentElement;\n            let readMoreContent = parent.querySelector(\".read-more-content\");\n            let readMoreLink = parent.querySelector(\".read-more-link\");\n\n            if (readMoreContent && readMoreLink) {\n                readMoreContent.style.display = \"none\"; \/\/ Nascondi il testo aggiuntivo\n                this.style.display = \"none\"; \/\/ Nascondi \"Leggi meno\"\n                readMoreLink.style.display = \"inline\"; \/\/ Mostra di nuovo \"Leggi di pi\u00f9\"\n            }\n        });\n    });\n});\n<\/script>\n\n<!-- Stile CSS per migliorare la leggibilit\u00e0 -->\n<style>\n.testo-recensione {\n    display: inline;\n    line-height: 1.5;\n}\n\n.read-more-link, .read-less-link {\n    color: #a19252; \/* Adatta il colore se necessario *\/\n    cursor: pointer;\n    text-decoration: none;\n    font-weight: bold;\n    display: inline;\n    margin-left: 2px; \/* Margine molto piccolo per separarlo visivamente *\/\n}\n\n.read-more-link:hover, .read-less-link:hover {\n    text-decoration: underline;\n}\n<\/style>\n[\/vc_column_text][vc_row_inner][vc_column_inner width=\u00a0\u00bb1\/4&Prime;][vc_column_text]<\/p>\n<div class=\"services-list\">\n<ul>\n<li class=\"ico-vista\">VUE JARDIN<\/li>\n<\/ul>\n<\/div>\n<p>[\/vc_column_text][\/vc_column_inner][vc_column_inner width=\u00a0\u00bb1\/4&Prime;][vc_column_text]<\/p>\n<div class=\"services-list\">\n<ul>\n<li class=\"ico-vista\">VUE CALLE (RUELLES TYPIQUES)<\/li>\n<\/ul>\n<\/div>\n<p>[\/vc_column_text][\/vc_column_inner][vc_column_inner width=\u00a0\u00bb1\/4&Prime;][vc_column_text]<\/p>\n<div class=\"services-list\">\n<ul>\n<li class=\"ico-vista\">VUE COUR INT\u00c9RIEURE<\/li>\n<\/ul>\n<\/div>\n<p>[\/vc_column_text][\/vc_column_inner][vc_column_inner width=\u00a0\u00bb1\/4&Prime;][vc_column_text]<\/p>\n<div class=\"services-list\">\n<ul>\n<li class=\"ico-kitcortesia\">PRODUITS DE BAIN OFFERTS<\/li>\n<\/ul>\n<\/div>\n<p>[\/vc_column_text][\/vc_column_inner][\/vc_row_inner][\/vc_column][vc_column width=\u00a0\u00bb1\/3&Prime;][vc_gallery interval=\u00a0\u00bb3&Prime; images=\u00a0\u00bb5773,6225,6224,5926,5789,5924&Prime; img_size=\u00a0\u00bbfull\u00a0\u00bb onclick=\u00a0\u00bbcustom_link\u00a0\u00bb custom_links=\u00a0\u00bb\/it\/camera-superior\/,\/it\/camera-superior\/,\/it\/camera-superior\/,\/it\/camera-superior\/,\u00a0\u00bb][\/vc_column][\/vc_row][vc_row equal_height=\u00a0\u00bbyes\u00a0\u00bb css=\u00a0\u00bb.vc_custom_1531213505206{margin-top: 30px !important;}\u00a0\u00bb][vc_column width=\u00a0\u00bb2\/3&Prime;][vc_column_text]<\/p>\n<h1 class=\"divider-title\"><a href=\"\/fr\/chambre-prestige\/\">CHAMBRE PRESTIGE<br \/>\nPARENTALE OU AVEC 2 LITS SIMPLES<\/a><\/h1>\n<p>[\/vc_column_text][vc_column_text css=\u00a0\u00bb.vc_custom_1532963382951{margin-top: 30px !important;}\u00a0\u00bb]Surface de la chambre de 20 \u00e0 22 m2<br \/>\n<span style=\"color: inherit;\">Chambre parentale\/double avec lits simples dot\u00e9e de climatisation, peignoir et minibar.<\/span>[\/vc_column_text][vc_column_text]<a class=\"btn-gold\" href=\"\/fr\/chambre-prestige\/\">LIRE LA SUITE<\/a>[\/vc_column_text][vc_column_text css=\u00a0\u00bb.vc_custom_1739440390971{margin-top: 30px !important;}\u00a0\u00bb el_class=\u00a0\u00bbcontainer-recensioni-2&Prime;]\n<!-- Script JavaScript per gestire il click su \"Leggi di pi\u00f9\" -->\n<script>\ndocument.addEventListener('DOMContentLoaded', function() {\n    document.querySelectorAll(\".read-more-link\").forEach(function(button) {\n        button.addEventListener(\"click\", function(e) {\n            e.preventDefault();\n            let parent = this.parentElement;\n            let readMoreContent = parent.querySelector(\".read-more-content\");\n            let readLessLink = parent.querySelector(\".read-less-link\");\n\n            if (readMoreContent && readLessLink) {\n                readMoreContent.style.display = \"inline\"; \/\/ Mostra il testo aggiuntivo\n                this.style.display = \"none\"; \/\/ Nascondi \"Leggi di pi\u00f9\"\n                readLessLink.style.display = \"inline\"; \/\/ Mostra \"Leggi meno\"\n            }\n        });\n    });\n\n    document.querySelectorAll(\".read-less-link\").forEach(function(button) {\n        button.addEventListener(\"click\", function(e) {\n            e.preventDefault();\n            let parent = this.parentElement;\n            let readMoreContent = parent.querySelector(\".read-more-content\");\n            let readMoreLink = parent.querySelector(\".read-more-link\");\n\n            if (readMoreContent && readMoreLink) {\n                readMoreContent.style.display = \"none\"; \/\/ Nascondi il testo aggiuntivo\n                this.style.display = \"none\"; \/\/ Nascondi \"Leggi meno\"\n                readMoreLink.style.display = \"inline\"; \/\/ Mostra di nuovo \"Leggi di pi\u00f9\"\n            }\n        });\n    });\n});\n<\/script>\n\n<!-- Stile CSS per migliorare la leggibilit\u00e0 -->\n<style>\n.testo-recensione {\n    display: inline;\n    line-height: 1.5;\n}\n\n.read-more-link, .read-less-link {\n    color: #a19252; \/* Adatta il colore se necessario *\/\n    cursor: pointer;\n    text-decoration: none;\n    font-weight: bold;\n    display: inline;\n    margin-left: 2px; \/* Margine molto piccolo per separarlo visivamente *\/\n}\n\n.read-more-link:hover, .read-less-link:hover {\n    text-decoration: underline;\n}\n<\/style>\n[\/vc_column_text][vc_row_inner][vc_column_inner width=\u00a0\u00bb1\/4&Prime;][vc_column_text]<\/p>\n<div class=\"services-list\">\n<ul>\n<li class=\"ico-vista\">VUE JARDIN<\/li>\n<\/ul>\n<\/div>\n<p>[\/vc_column_text][\/vc_column_inner][vc_column_inner width=\u00a0\u00bb1\/4&Prime;][vc_column_text]<\/p>\n<div class=\"services-list\">\n<ul>\n<li class=\"ico-vista\">VUE CALLE (RUELLES TYPIQUES)<\/li>\n<\/ul>\n<\/div>\n<p>[\/vc_column_text][\/vc_column_inner][vc_column_inner width=\u00a0\u00bb1\/4&Prime;][vc_column_text]<\/p>\n<div class=\"services-list\">\n<ul>\n<li class=\"ico-vista\">VUE COUR INT\u00c9RIEURE<\/li>\n<\/ul>\n<\/div>\n<p>[\/vc_column_text][\/vc_column_inner][vc_column_inner width=\u00a0\u00bb1\/4&Prime;][vc_column_text]<\/p>\n<div class=\"services-list\">\n<ul>\n<li class=\"ico-kitcortesia\">PRODUITS DE BAIN OFFERTS<\/li>\n<\/ul>\n<\/div>\n<p>[\/vc_column_text][\/vc_column_inner][\/vc_row_inner][\/vc_column][vc_column width=\u00a0\u00bb1\/3&Prime;][vc_gallery interval=\u00a0\u00bb3&Prime; images=\u00a0\u00bb5927,5638,5637,5636,5629&Prime; img_size=\u00a0\u00bbfull\u00a0\u00bb onclick=\u00a0\u00bbcustom_link\u00a0\u00bb custom_links=\u00a0\u00bb\/it\/camera-prestige\/,\/it\/camera-prestige\/,\/it\/camera-prestige\/,\/it\/camera-prestige\/,\/it\/camera-prestige\/,\/it\/camera-prestige\/,\/it\/camera-prestige\/,\/it\/camera-prestige\/,\/it\/camera-prestige\/,\u00a0\u00bb][\/vc_column][\/vc_row][vc_row equal_height=\u00a0\u00bbyes\u00a0\u00bb css=\u00a0\u00bb.vc_custom_1531213505206{margin-top: 30px !important;}\u00a0\u00bb][vc_column width=\u00a0\u00bb2\/3&Prime;][vc_column_text]<\/p>\n<h1 class=\"divider-title\"><a href=\"\/fr\/junior-suite\/\">JUNIOR SUITE<\/a><\/h1>\n<p>[\/vc_column_text][vc_column_text css=\u00a0\u00bb.vc_custom_1532963855845{margin-top: 30px !important;}\u00a0\u00bb]Surface de la chambre de 25 \u00e0 32 m2<br \/>\nCette Junior Suite dispose de peignoir, climatisation et minibar.[\/vc_column_text][vc_column_text]<a class=\"btn-gold\" href=\"\/fr\/junior-suite\/\">LIRE LA SUITE<\/a>[\/vc_column_text][vc_column_text css=\u00a0\u00bb.vc_custom_1739440561808{margin-top: 30px !important;}\u00a0\u00bb el_class=\u00a0\u00bbcontainer-recensioni-2&Prime;]\n<!-- Script JavaScript per gestire il click su \"Leggi di pi\u00f9\" -->\n<script>\ndocument.addEventListener('DOMContentLoaded', function() {\n    document.querySelectorAll(\".read-more-link\").forEach(function(button) {\n        button.addEventListener(\"click\", function(e) {\n            e.preventDefault();\n            let parent = this.parentElement;\n            let readMoreContent = parent.querySelector(\".read-more-content\");\n            let readLessLink = parent.querySelector(\".read-less-link\");\n\n            if (readMoreContent && readLessLink) {\n                readMoreContent.style.display = \"inline\"; \/\/ Mostra il testo aggiuntivo\n                this.style.display = \"none\"; \/\/ Nascondi \"Leggi di pi\u00f9\"\n                readLessLink.style.display = \"inline\"; \/\/ Mostra \"Leggi meno\"\n            }\n        });\n    });\n\n    document.querySelectorAll(\".read-less-link\").forEach(function(button) {\n        button.addEventListener(\"click\", function(e) {\n            e.preventDefault();\n            let parent = this.parentElement;\n            let readMoreContent = parent.querySelector(\".read-more-content\");\n            let readMoreLink = parent.querySelector(\".read-more-link\");\n\n            if (readMoreContent && readMoreLink) {\n                readMoreContent.style.display = \"none\"; \/\/ Nascondi il testo aggiuntivo\n                this.style.display = \"none\"; \/\/ Nascondi \"Leggi meno\"\n                readMoreLink.style.display = \"inline\"; \/\/ Mostra di nuovo \"Leggi di pi\u00f9\"\n            }\n        });\n    });\n});\n<\/script>\n\n<!-- Stile CSS per migliorare la leggibilit\u00e0 -->\n<style>\n.testo-recensione {\n    display: inline;\n    line-height: 1.5;\n}\n\n.read-more-link, .read-less-link {\n    color: #a19252; \/* Adatta il colore se necessario *\/\n    cursor: pointer;\n    text-decoration: none;\n    font-weight: bold;\n    display: inline;\n    margin-left: 2px; \/* Margine molto piccolo per separarlo visivamente *\/\n}\n\n.read-more-link:hover, .read-less-link:hover {\n    text-decoration: underline;\n}\n<\/style>\n[\/vc_column_text][vc_row_inner][vc_column_inner width=\u00a0\u00bb1\/4&Prime;][vc_column_text]<\/p>\n<div class=\"services-list\">\n<ul>\n<li class=\"ico-vista\">VUE JARDIN<\/li>\n<\/ul>\n<\/div>\n<p>[\/vc_column_text][\/vc_column_inner][vc_column_inner width=\u00a0\u00bb1\/4&Prime;][vc_column_text]<\/p>\n<div class=\"services-list\">\n<ul>\n<li class=\"ico-vista\">VUE CALLE (RUELLES TYPIQUES)<\/li>\n<\/ul>\n<\/div>\n<p>[\/vc_column_text][\/vc_column_inner][vc_column_inner width=\u00a0\u00bb1\/4&Prime;][vc_column_text]<\/p>\n<div class=\"services-list\">\n<ul>\n<li class=\"ico-vista\">VUE COUR INT\u00c9RIEURE<\/li>\n<\/ul>\n<\/div>\n<p>[\/vc_column_text][\/vc_column_inner][vc_column_inner width=\u00a0\u00bb1\/4&Prime;][vc_column_text]<\/p>\n<div class=\"services-list\">\n<ul>\n<li class=\"ico-kitcortesia\">PRODUITS DE BAIN OFFERTS<\/li>\n<\/ul>\n<\/div>\n<p>[\/vc_column_text][\/vc_column_inner][\/vc_row_inner][\/vc_column][vc_column width=\u00a0\u00bb1\/3&Prime;][vc_gallery type=\u00a0\u00bbflexslider_slide\u00a0\u00bb interval=\u00a0\u00bb3&Prime; images=\u00a0\u00bb5772,5771,5782,5783,5784,5785,5786,5790&Prime; img_size=\u00a0\u00bbfull\u00a0\u00bb onclick=\u00a0\u00bbcustom_link\u00a0\u00bb custom_links=\u00a0\u00bb\/it\/junior-suite\/,\/it\/junior-suite\/,\/it\/junior-suite\/,\/it\/junior-suite\/,\/it\/junior-suite\/,\/it\/junior-suite\/,\/it\/junior-suite\/,\/it\/junior-suite\/,\/it\/junior-suite\/,\/it\/junior-suite\/,\/it\/junior-suite\/\u00a0\u00bb][\/vc_column][\/vc_row][vc_row equal_height=\u00a0\u00bbyes\u00a0\u00bb css=\u00a0\u00bb.vc_custom_1531213505206{margin-top: 30px !important;}\u00a0\u00bb][vc_column width=\u00a0\u00bb2\/3&Prime;][vc_column_text]<\/p>\n<h1 class=\"divider-title\"><a href=\"\/fr\/premium-junior-suite\/\">PREMIUM JUNIOR SUITE<\/a><\/h1>\n<p>[\/vc_column_text][vc_column_text css=\u00a0\u00bb.vc_custom_1676389837535{margin-top: 30px !important;}\u00a0\u00bb]Surface de la chambre de 25 m2.<br \/>\nCette Junior Suite Deluxe dispose de peignoir, climatisation et minibar.[\/vc_column_text][vc_column_text]<a class=\"btn-gold\" href=\"\/fr\/premium-junior-suite\/\">LIRE LA SUITE<\/a>[\/vc_column_text][vc_column_text css=\u00a0\u00bb.vc_custom_1739440681457{margin-top: 30px !important;}\u00a0\u00bb el_class=\u00a0\u00bbcontainer-recensioni-2&Prime;]\n<!-- Script JavaScript per gestire il click su \"Leggi di pi\u00f9\" -->\n<script>\ndocument.addEventListener('DOMContentLoaded', function() {\n    document.querySelectorAll(\".read-more-link\").forEach(function(button) {\n        button.addEventListener(\"click\", function(e) {\n            e.preventDefault();\n            let parent = this.parentElement;\n            let readMoreContent = parent.querySelector(\".read-more-content\");\n            let readLessLink = parent.querySelector(\".read-less-link\");\n\n            if (readMoreContent && readLessLink) {\n                readMoreContent.style.display = \"inline\"; \/\/ Mostra il testo aggiuntivo\n                this.style.display = \"none\"; \/\/ Nascondi \"Leggi di pi\u00f9\"\n                readLessLink.style.display = \"inline\"; \/\/ Mostra \"Leggi meno\"\n            }\n        });\n    });\n\n    document.querySelectorAll(\".read-less-link\").forEach(function(button) {\n        button.addEventListener(\"click\", function(e) {\n            e.preventDefault();\n            let parent = this.parentElement;\n            let readMoreContent = parent.querySelector(\".read-more-content\");\n            let readMoreLink = parent.querySelector(\".read-more-link\");\n\n            if (readMoreContent && readMoreLink) {\n                readMoreContent.style.display = \"none\"; \/\/ Nascondi il testo aggiuntivo\n                this.style.display = \"none\"; \/\/ Nascondi \"Leggi meno\"\n                readMoreLink.style.display = \"inline\"; \/\/ Mostra di nuovo \"Leggi di pi\u00f9\"\n            }\n        });\n    });\n});\n<\/script>\n\n<!-- Stile CSS per migliorare la leggibilit\u00e0 -->\n<style>\n.testo-recensione {\n    display: inline;\n    line-height: 1.5;\n}\n\n.read-more-link, .read-less-link {\n    color: #a19252; \/* Adatta il colore se necessario *\/\n    cursor: pointer;\n    text-decoration: none;\n    font-weight: bold;\n    display: inline;\n    margin-left: 2px; \/* Margine molto piccolo per separarlo visivamente *\/\n}\n\n.read-more-link:hover, .read-less-link:hover {\n    text-decoration: underline;\n}\n<\/style>\n[\/vc_column_text][vc_row_inner][vc_column_inner width=\u00a0\u00bb1\/4&Prime;][vc_column_text]<\/p>\n<div class=\"services-list\">\n<ul>\n<li class=\"ico-vista\">VUE JARDIN<\/li>\n<\/ul>\n<\/div>\n<p>[\/vc_column_text][\/vc_column_inner][vc_column_inner width=\u00a0\u00bb1\/4&Prime;][vc_column_text]<\/p>\n<div class=\"services-list\">\n<ul>\n<li class=\"ico-vista\">VUE CALLE (RUELLES TYPIQUES)<\/li>\n<\/ul>\n<\/div>\n<p>[\/vc_column_text][\/vc_column_inner][vc_column_inner width=\u00a0\u00bb1\/4&Prime;][vc_column_text]<\/p>\n<div class=\"services-list\">\n<ul>\n<li class=\"ico-vista\">VUE COUR INT\u00c9RIEURE<\/li>\n<\/ul>\n<\/div>\n<p>[\/vc_column_text][\/vc_column_inner][vc_column_inner width=\u00a0\u00bb1\/4&Prime;][vc_column_text]<\/p>\n<div class=\"services-list\">\n<ul>\n<li class=\"ico-kitcortesia\">PRODUITS DE BAIN OFFERTS<\/li>\n<\/ul>\n<\/div>\n<p>[\/vc_column_text][\/vc_column_inner][\/vc_row_inner][\/vc_column][vc_column width=\u00a0\u00bb1\/3&Prime;][vc_gallery type=\u00a0\u00bbflexslider_slide\u00a0\u00bb interval=\u00a0\u00bb3&Prime; images=\u00a0\u00bb6519,6664,6665,6663,6660,6662,6661,4310,4730,4586,4585,4589,4588,4587&Prime; img_size=\u00a0\u00bbfull\u00a0\u00bb onclick=\u00a0\u00bbcustom_link\u00a0\u00bb custom_links=\u00a0\u00bb\/it\/junior-suite\/,\/it\/junior-suite\/,\/it\/junior-suite\/,\/it\/junior-suite\/,\/it\/junior-suite\/,\/it\/junior-suite\/,\/it\/junior-suite\/,\/it\/junior-suite\/,\/it\/junior-suite\/,\/it\/junior-suite\/,\/it\/junior-suite\/\u00a0\u00bb][\/vc_column][\/vc_row][vc_row equal_height=\u00a0\u00bbyes\u00a0\u00bb css=\u00a0\u00bb.vc_custom_1531213505206{margin-top: 30px !important;}\u00a0\u00bb][vc_column width=\u00a0\u00bb2\/3&Prime;][vc_column_text]<\/p>\n<h1 class=\"divider-title\"><a href=\"\/fr\/suite\/\">SUITE<\/a><\/h1>\n<p>[\/vc_column_text][vc_column_text css=\u00a0\u00bb.vc_custom_1533019971050{margin-top: 30px !important;}\u00a0\u00bb]Surface de la chambre 28 m2<br \/>\n<span style=\"color: inherit;\">Cette suite est \u00e9quip\u00e9e de climatisation, minibar et TV \u00e9cran plat.<\/span>[\/vc_column_text][vc_column_text]<a class=\"btn-gold\" href=\"\/fr\/suite\/\">LIRE LA SUITE<\/a>[\/vc_column_text][vc_column_text css=\u00a0\u00bb.vc_custom_1739440691577{margin-top: 30px !important;}\u00a0\u00bb el_class=\u00a0\u00bbcontainer-recensioni-2&Prime;]\n<!-- Script JavaScript per gestire il click su \"Leggi di pi\u00f9\" -->\n<script>\ndocument.addEventListener('DOMContentLoaded', function() {\n    document.querySelectorAll(\".read-more-link\").forEach(function(button) {\n        button.addEventListener(\"click\", function(e) {\n            e.preventDefault();\n            let parent = this.parentElement;\n            let readMoreContent = parent.querySelector(\".read-more-content\");\n            let readLessLink = parent.querySelector(\".read-less-link\");\n\n            if (readMoreContent && readLessLink) {\n                readMoreContent.style.display = \"inline\"; \/\/ Mostra il testo aggiuntivo\n                this.style.display = \"none\"; \/\/ Nascondi \"Leggi di pi\u00f9\"\n                readLessLink.style.display = \"inline\"; \/\/ Mostra \"Leggi meno\"\n            }\n        });\n    });\n\n    document.querySelectorAll(\".read-less-link\").forEach(function(button) {\n        button.addEventListener(\"click\", function(e) {\n            e.preventDefault();\n            let parent = this.parentElement;\n            let readMoreContent = parent.querySelector(\".read-more-content\");\n            let readMoreLink = parent.querySelector(\".read-more-link\");\n\n            if (readMoreContent && readMoreLink) {\n                readMoreContent.style.display = \"none\"; \/\/ Nascondi il testo aggiuntivo\n                this.style.display = \"none\"; \/\/ Nascondi \"Leggi meno\"\n                readMoreLink.style.display = \"inline\"; \/\/ Mostra di nuovo \"Leggi di pi\u00f9\"\n            }\n        });\n    });\n});\n<\/script>\n\n<!-- Stile CSS per migliorare la leggibilit\u00e0 -->\n<style>\n.testo-recensione {\n    display: inline;\n    line-height: 1.5;\n}\n\n.read-more-link, .read-less-link {\n    color: #a19252; \/* Adatta il colore se necessario *\/\n    cursor: pointer;\n    text-decoration: none;\n    font-weight: bold;\n    display: inline;\n    margin-left: 2px; \/* Margine molto piccolo per separarlo visivamente *\/\n}\n\n.read-more-link:hover, .read-less-link:hover {\n    text-decoration: underline;\n}\n<\/style>\n[\/vc_column_text][vc_row_inner][vc_column_inner width=\u00a0\u00bb1\/4&Prime;][vc_column_text]<\/p>\n<div class=\"services-list\">\n<ul>\n<li class=\"ico-vista\">VUE JARDIN<\/li>\n<\/ul>\n<\/div>\n<p>[\/vc_column_text][\/vc_column_inner][vc_column_inner width=\u00a0\u00bb1\/4&Prime;][vc_column_text]<\/p>\n<div class=\"services-list\">\n<ul>\n<li class=\"ico-minibar\">MINIBAR GRATUIT<\/li>\n<\/ul>\n<\/div>\n<p>[\/vc_column_text][\/vc_column_inner][vc_column_inner width=\u00a0\u00bb1\/4&Prime;][vc_column_text]<\/p>\n<div class=\"services-list\">\n<ul>\n<li class=\"ico-kitcortesia\">PRODUITS DE BAIN OFFERTS<\/li>\n<\/ul>\n<\/div>\n<p>[\/vc_column_text][\/vc_column_inner][vc_column_inner width=\u00a0\u00bb1\/4&Prime;][\/vc_column_inner][\/vc_row_inner][\/vc_column][vc_column width=\u00a0\u00bb1\/3&Prime;][vc_gallery interval=\u00a0\u00bb3&Prime; images=\u00a0\u00bb5794,5795,5796,5797,5798,5799,5800,5801,5802,5803&Prime; img_size=\u00a0\u00bbfull\u00a0\u00bb onclick=\u00a0\u00bbcustom_link\u00a0\u00bb custom_links=\u00a0\u00bb\/fr\/suite\/,\/fr\/suite\/,\/fr\/suite\/,\/fr\/suite\/,\/fr\/suite\/,\/fr\/suite\/,\/fr\/suite\/,\/fr\/suite\/,\/fr\/suite\/,\/fr\/suite\/,\/fr\/suite\/,\u00a0\u00bb][\/vc_column][\/vc_row]<\/p>\n<p><\/p>\n<\/div>","protected":false},"excerpt":{"rendered":"<p>[vc_row equal_height=\u00a0\u00bbyes\u00a0\u00bb css=\u00a0\u00bb.vc_custom_1531213505206{margin-top: 30px !important;}\u00a0\u00bb][vc_column width=\u00a0\u00bb2\/3&Prime;][vc_column_text] CHAMBRE SUP\u00c9RIEURE PARENTALE OU AVEC 2 LITS SIMPLES [\/vc_column_text][vc_column_text css=\u00a0\u00bb.vc_custom_1541777411988{margin-top: 30px !important;}\u00a0\u00bb]Surface de la chambre de\u00a018 m2 Chambre parentale\/double avec lits simples dot\u00e9e de climatisation, peignoir et minibar.[\/vc_column_text][vc_column_text]LIRE LA SUITE[\/vc_column_text][vc_column_text css=\u00a0\u00bb.vc_custom_1739439415692{margin-top: 30px !important;}\u00a0\u00bb el_class=\u00a0\u00bbcontainer-recensioni-2&Prime;][\/vc_column_text][vc_row_inner][vc_column_inner width=\u00a0\u00bb1\/4&Prime;][vc_column_text] VUE JARDIN [\/vc_column_text][\/vc_column_inner][vc_column_inner width=\u00a0\u00bb1\/4&Prime;][vc_column_text] VUE CALLE (RUELLES TYPIQUES) [\/vc_column_text][\/vc_column_inner][vc_column_inner width=\u00a0\u00bb1\/4&Prime;][vc_column_text] VUE COUR INT\u00c9RIEURE [\/vc_column_text][\/vc_column_inner][vc_column_inner [&hellip;]<\/p>\n","protected":false},"author":24,"featured_media":6309,"parent":0,"menu_order":0,"comment_status":"closed","ping_status":"closed","template":"","meta":{"_acf_changed":false,"inline_featured_image":false,"footnotes":""},"class_list":["post-4547","page","type-page","status-publish","has-post-thumbnail","hentry"],"acf":[],"_links":{"self":[{"href":"https:\/\/www.santacroceboutiquehotel.com\/fr\/wp-json\/wp\/v2\/pages\/4547","targetHints":{"allow":["GET"]}}],"collection":[{"href":"https:\/\/www.santacroceboutiquehotel.com\/fr\/wp-json\/wp\/v2\/pages"}],"about":[{"href":"https:\/\/www.santacroceboutiquehotel.com\/fr\/wp-json\/wp\/v2\/types\/page"}],"author":[{"embeddable":true,"href":"https:\/\/www.santacroceboutiquehotel.com\/fr\/wp-json\/wp\/v2\/users\/24"}],"replies":[{"embeddable":true,"href":"https:\/\/www.santacroceboutiquehotel.com\/fr\/wp-json\/wp\/v2\/comments?post=4547"}],"version-history":[{"count":0,"href":"https:\/\/www.santacroceboutiquehotel.com\/fr\/wp-json\/wp\/v2\/pages\/4547\/revisions"}],"wp:featuredmedia":[{"embeddable":true,"href":"https:\/\/www.santacroceboutiquehotel.com\/fr\/wp-json\/wp\/v2\/media\/6309"}],"wp:attachment":[{"href":"https:\/\/www.santacroceboutiquehotel.com\/fr\/wp-json\/wp\/v2\/media?parent=4547"}],"curies":[{"name":"wp","href":"https:\/\/api.w.org\/{rel}","templated":true}]}}