{"id":4562,"date":"2018-06-27T15:23:28","date_gmt":"2018-06-27T13:23:28","guid":{"rendered":"https:\/\/www.santacroceboutiquehotel.com\/it\/?page_id=4562"},"modified":"2025-03-12T08:36:57","modified_gmt":"2025-03-12T07:36:57","slug":"lorient-santa-croce-boutique-hotel-venise","status":"publish","type":"page","link":"https:\/\/www.santacroceboutiquehotel.com\/fr\/lorient\/","title":{"rendered":"L\u2019Orient"},"content":{"rendered":"<div class=\"wpb-content-wrapper\"><p>[vc_row full_width=\u00a0\u00bbstretch_row\u00a0\u00bb css=\u00a0\u00bb.vc_custom_1530180581341{margin-top: 0px !important;margin-bottom: 0px !important;}\u00a0\u00bb][vc_column width=\u00a0\u00bb1\/3&Prime; el_class=\u00a0\u00bbhalf-column\u00a0\u00bb][vc_column_text]<\/p>\n<h1 class=\"divider-title\">L&rsquo;ORIENT<\/h1>\n<p>[\/vc_column_text][vc_column_text css=\u00a0\u00bb.vc_custom_1533032377739{margin-top: 30px !important;}\u00a0\u00bb]<strong>Venise <\/strong>a toujours \u00e9t\u00e9, d\u00e8s ses origines, une ville <strong>cosmopolite et multi-ethnique<\/strong>. Les influences r\u00e9ciproques des diff\u00e9rentes cultures pr\u00e9sentes simultan\u00e9ment se retrouvent, aujourd\u2019hui encore, dans de nombreux aspects et secteurs de la vie v\u00e9nitienne.<\/p>\n<p>Certains t\u00e9moignages historiques, comme l\u2019<strong>art textile de Rubelli et de Fortuny<\/strong> et de leurs tissus connus dans le monde entier, enrichissent aujourd\u2019hui l\u2019ameublement du Santa Croce Boutique Hotel, o\u00f9 les <strong>drapages<\/strong>, les <strong>toiles<\/strong> et les <strong>fragments d\u2019\u00e9toffes et de velours <\/strong>\u00e9l\u00e9gants et raffin\u00e9s incluent dans le r\u00e9cit des documents provenant de <strong>l\u2019Orient<\/strong>, de <strong>l\u2019Afrique<\/strong> et des <strong>Am\u00e9riques<\/strong>.[\/vc_column_text][\/vc_column][vc_column width=\u00a0\u00bb2\/3&Prime;][vc_single_image image=\u00a0\u00bb5396&Prime; img_size=\u00a0\u00bbfull\u00a0\u00bb css=\u00a0\u00bb.vc_custom_1539163256989{margin-top: 40px !important;margin-bottom: 10px !important;}\u00a0\u00bb][vc_media_grid gap=\u00a0\u00bb10&Prime; css=\u00a0\u00bb\u00a0\u00bb grid_id=\u00a0\u00bbvc_gid:1741764986974-d3bf49b6-9615-10&Prime; include=\u00a0\u00bb5398,4616,5410,6428,6222,5564,7548,7546&Prime;][\/vc_column][\/vc_row]<\/p>\n<\/div>","protected":false},"excerpt":{"rendered":"<p>[vc_row full_width=\u00a0\u00bbstretch_row\u00a0\u00bb css=\u00a0\u00bb.vc_custom_1530180581341{margin-top: 0px !important;margin-bottom: 0px !important;}\u00a0\u00bb][vc_column width=\u00a0\u00bb1\/3&Prime; el_class=\u00a0\u00bbhalf-column\u00a0\u00bb][vc_column_text] L&rsquo;ORIENT [\/vc_column_text][vc_column_text css=\u00a0\u00bb.vc_custom_1533032377739{margin-top: 30px !important;}\u00a0\u00bb]Venise a toujours \u00e9t\u00e9, d\u00e8s ses origines, une ville cosmopolite et multi-ethnique. Les influences r\u00e9ciproques des diff\u00e9rentes cultures pr\u00e9sentes simultan\u00e9ment se retrouvent, aujourd\u2019hui encore, dans de nombreux aspects et secteurs de la vie v\u00e9nitienne. Certains t\u00e9moignages historiques, comme l\u2019art textile de Rubelli [&hellip;]<\/p>\n","protected":false},"author":24,"featured_media":5397,"parent":0,"menu_order":0,"comment_status":"closed","ping_status":"closed","template":"","meta":{"_acf_changed":false,"inline_featured_image":false,"footnotes":""},"class_list":["post-4562","page","type-page","status-publish","has-post-thumbnail","hentry"],"acf":[],"_links":{"self":[{"href":"https:\/\/www.santacroceboutiquehotel.com\/fr\/wp-json\/wp\/v2\/pages\/4562","targetHints":{"allow":["GET"]}}],"collection":[{"href":"https:\/\/www.santacroceboutiquehotel.com\/fr\/wp-json\/wp\/v2\/pages"}],"about":[{"href":"https:\/\/www.santacroceboutiquehotel.com\/fr\/wp-json\/wp\/v2\/types\/page"}],"author":[{"embeddable":true,"href":"https:\/\/www.santacroceboutiquehotel.com\/fr\/wp-json\/wp\/v2\/users\/24"}],"replies":[{"embeddable":true,"href":"https:\/\/www.santacroceboutiquehotel.com\/fr\/wp-json\/wp\/v2\/comments?post=4562"}],"version-history":[{"count":0,"href":"https:\/\/www.santacroceboutiquehotel.com\/fr\/wp-json\/wp\/v2\/pages\/4562\/revisions"}],"wp:featuredmedia":[{"embeddable":true,"href":"https:\/\/www.santacroceboutiquehotel.com\/fr\/wp-json\/wp\/v2\/media\/5397"}],"wp:attachment":[{"href":"https:\/\/www.santacroceboutiquehotel.com\/fr\/wp-json\/wp\/v2\/media?parent=4562"}],"curies":[{"name":"wp","href":"https:\/\/api.w.org\/{rel}","templated":true}]}}