{"id":4570,"date":"2018-06-27T16:05:32","date_gmt":"2018-06-27T14:05:32","guid":{"rendered":"https:\/\/www.santacroceboutiquehotel.com\/it\/?page_id=4570"},"modified":"2025-02-11T14:11:18","modified_gmt":"2025-02-11T13:11:18","slug":"privacy-policy-2-2-2-2","status":"publish","type":"page","link":"https:\/\/www.santacroceboutiquehotel.com\/fr\/les-jardins-secrets\/","title":{"rendered":"Les jardins secrets"},"content":{"rendered":"<div class=\"wpb-content-wrapper\"><p>[vc_row full_width=\u00a0\u00bbstretch_row\u00a0\u00bb css=\u00a0\u00bb.vc_custom_1530181273529{margin-top: 0px !important;margin-bottom: 0px !important;}\u00a0\u00bb][vc_column width=\u00a0\u00bb1\/3&Prime; el_class=\u00a0\u00bbhalf-column\u00a0\u00bb][vc_column_text]<\/p>\n<h1 class=\"divider-title\">LES JARDINS SECRETS<\/h1>\n<p>[\/vc_column_text][vc_column_text css=\u00a0\u00bb.vc_custom_1533032101735{margin-top: 30px !important;}\u00a0\u00bb]Venise est une ville magique pour de multiples raisons, dont ses nombreux <strong>jardins <\/strong>cach\u00e9s que peu de personnes connaissent!<br \/>\nIls se trouvent principalement \u00e0 l\u2019int\u00e9rieur des anciens palais priv\u00e9s, o\u00f9 ils <strong>t\u00e9moignent de l\u2019histoire de Venise<\/strong> et de l\u2019ancien pouvoir social et fonctionnel, et pour cette raison, non accessibles aux touristes.<\/p>\n<p>Le Santa Croce Boutique Hotel s\u2019est inspir\u00e9 de ce th\u00e8me \u00e9cologique \u00e0 travers la r\u00e9alisation d\u2019un <strong>ameublement <\/strong>de type <strong>floral, ornemental et exotique <\/strong>qui rev\u00eat les murs et les plafonds des chambres, avec le souhait d\u2019accompagner nos h\u00f4tes \u00e0 la <strong>d\u00e9couverte de ces espaces<\/strong>, dans une sorte de parcours d\u2019exploration fait de paix et de s\u00e9r\u00e9nit\u00e9.[\/vc_column_text][\/vc_column][vc_column width=\u00a0\u00bb2\/3&Prime;][vc_single_image image=\u00a0\u00bb5496&Prime; img_size=\u00a0\u00bbfull\u00a0\u00bb css=\u00a0\u00bb.vc_custom_1539163060150{margin-top: 40px !important;margin-bottom: 10px !important;}\u00a0\u00bb][vc_media_grid gap=\u00a0\u00bb10&Prime; css=\u00a0\u00bb\u00a0\u00bb grid_id=\u00a0\u00bbvc_gid:1739279397193-f47fe481-ecf0-9&Prime; include=\u00a0\u00bb5512,5513,5514,5515,5516,5517,7506,7552,7507&Prime;][\/vc_column][\/vc_row]<\/p>\n<\/div>","protected":false},"excerpt":{"rendered":"<p>[vc_row full_width=\u00a0\u00bbstretch_row\u00a0\u00bb css=\u00a0\u00bb.vc_custom_1530181273529{margin-top: 0px !important;margin-bottom: 0px !important;}\u00a0\u00bb][vc_column width=\u00a0\u00bb1\/3&Prime; el_class=\u00a0\u00bbhalf-column\u00a0\u00bb][vc_column_text] LES JARDINS SECRETS [\/vc_column_text][vc_column_text css=\u00a0\u00bb.vc_custom_1533032101735{margin-top: 30px !important;}\u00a0\u00bb]Venise est une ville magique pour de multiples raisons, dont ses nombreux jardins cach\u00e9s que peu de personnes connaissent! Ils se trouvent principalement \u00e0 l\u2019int\u00e9rieur des anciens palais priv\u00e9s, o\u00f9 ils t\u00e9moignent de l\u2019histoire de Venise et de l\u2019ancien pouvoir [&hellip;]<\/p>\n","protected":false},"author":24,"featured_media":5392,"parent":0,"menu_order":0,"comment_status":"closed","ping_status":"closed","template":"","meta":{"_acf_changed":false,"inline_featured_image":false,"footnotes":""},"class_list":["post-4570","page","type-page","status-publish","has-post-thumbnail","hentry"],"acf":[],"_links":{"self":[{"href":"https:\/\/www.santacroceboutiquehotel.com\/fr\/wp-json\/wp\/v2\/pages\/4570","targetHints":{"allow":["GET"]}}],"collection":[{"href":"https:\/\/www.santacroceboutiquehotel.com\/fr\/wp-json\/wp\/v2\/pages"}],"about":[{"href":"https:\/\/www.santacroceboutiquehotel.com\/fr\/wp-json\/wp\/v2\/types\/page"}],"author":[{"embeddable":true,"href":"https:\/\/www.santacroceboutiquehotel.com\/fr\/wp-json\/wp\/v2\/users\/24"}],"replies":[{"embeddable":true,"href":"https:\/\/www.santacroceboutiquehotel.com\/fr\/wp-json\/wp\/v2\/comments?post=4570"}],"version-history":[{"count":0,"href":"https:\/\/www.santacroceboutiquehotel.com\/fr\/wp-json\/wp\/v2\/pages\/4570\/revisions"}],"wp:featuredmedia":[{"embeddable":true,"href":"https:\/\/www.santacroceboutiquehotel.com\/fr\/wp-json\/wp\/v2\/media\/5392"}],"wp:attachment":[{"href":"https:\/\/www.santacroceboutiquehotel.com\/fr\/wp-json\/wp\/v2\/media?parent=4570"}],"curies":[{"name":"wp","href":"https:\/\/api.w.org\/{rel}","templated":true}]}}