{"id":4572,"date":"2018-06-27T16:08:25","date_gmt":"2018-06-27T14:08:25","guid":{"rendered":"https:\/\/www.santacroceboutiquehotel.com\/it\/?page_id=4572"},"modified":"2025-02-11T12:48:44","modified_gmt":"2025-02-11T11:48:44","slug":"privacy-policy-2-2-2-3","status":"publish","type":"page","link":"https:\/\/www.santacroceboutiquehotel.com\/fr\/les-caravelles\/","title":{"rendered":"Les Caravelles"},"content":{"rendered":"<div class=\"wpb-content-wrapper\"><p>[vc_row full_width=\u00a0\u00bbstretch_row\u00a0\u00bb css=\u00a0\u00bb.vc_custom_1530180581341{margin-top: 0px !important;margin-bottom: 0px !important;}\u00a0\u00bb][vc_column width=\u00a0\u00bb1\/3&Prime; el_class=\u00a0\u00bbhalf-column\u00a0\u00bb][vc_column_text]<\/p>\n<h1 class=\"divider-title\">LES CARAVELLES<\/h1>\n<p>[\/vc_column_text][vc_column_text css=\u00a0\u00bb.vc_custom_1533032603358{margin-top: 30px !important;}\u00a0\u00bb]Venise, qui se d\u00e9veloppe <strong>entre les lagunes<\/strong> qui donnent sur l\u2019Adriatique et depuis toujours tourn\u00e9e vers les \u00e9changes avec l\u2019Est m\u00e9diterran\u00e9en, puisait sa propre force commerciale et la s\u00e9curit\u00e9 militaire sur la <strong>puissance de sa flotte<\/strong>.<br \/>\nLe <strong>bateau<\/strong>, construit en bois avec des caract\u00e9ristiques diff\u00e9rentes, fut depuis toujours le principal moyen de locomotion pour les personnes et les marchandises.<\/p>\n<p>Le Santa Croce Boutique Hotel a repris ce th\u00e8me typique de l\u2019histoire v\u00e9nitienne en proposant \u00e0 ses h\u00f4tes des <strong>espaces et des atmosph\u00e8res \u201cflottantes\u201d<\/strong> savamment reconstruits et typiquement marins qui l\u2019accompagneront dans la d\u00e9couverte de la <strong>tradition navale<\/strong>, comme un autre lieu de la m\u00e9moire de cette ville.[\/vc_column_text][\/vc_column][vc_column width=\u00a0\u00bb2\/3&Prime;][vc_single_image image=\u00a0\u00bb5532&Prime; img_size=\u00a0\u00bbfull\u00a0\u00bb css=\u00a0\u00bb.vc_custom_1539163386800{margin-top: 40px !important;margin-bottom: 10px !important;}\u00a0\u00bb][vc_media_grid gap=\u00a0\u00bb10&Prime; css=\u00a0\u00bb\u00a0\u00bb grid_id=\u00a0\u00bbvc_gid:1739274454003-da7af38f-093a-5&Prime; include=\u00a0\u00bb5523,5548,5525,5526,5522,5524,7549,7550,7551&Prime;][\/vc_column][\/vc_row]<\/p>\n<\/div>","protected":false},"excerpt":{"rendered":"<p>[vc_row full_width=\u00a0\u00bbstretch_row\u00a0\u00bb css=\u00a0\u00bb.vc_custom_1530180581341{margin-top: 0px !important;margin-bottom: 0px !important;}\u00a0\u00bb][vc_column width=\u00a0\u00bb1\/3&Prime; el_class=\u00a0\u00bbhalf-column\u00a0\u00bb][vc_column_text] LES CARAVELLES [\/vc_column_text][vc_column_text css=\u00a0\u00bb.vc_custom_1533032603358{margin-top: 30px !important;}\u00a0\u00bb]Venise, qui se d\u00e9veloppe entre les lagunes qui donnent sur l\u2019Adriatique et depuis toujours tourn\u00e9e vers les \u00e9changes avec l\u2019Est m\u00e9diterran\u00e9en, puisait sa propre force commerciale et la s\u00e9curit\u00e9 militaire sur la puissance de sa flotte. Le bateau, construit en bois [&hellip;]<\/p>\n","protected":false},"author":24,"featured_media":5531,"parent":0,"menu_order":0,"comment_status":"closed","ping_status":"closed","template":"","meta":{"_acf_changed":false,"inline_featured_image":false,"footnotes":""},"class_list":["post-4572","page","type-page","status-publish","has-post-thumbnail","hentry"],"acf":[],"_links":{"self":[{"href":"https:\/\/www.santacroceboutiquehotel.com\/fr\/wp-json\/wp\/v2\/pages\/4572","targetHints":{"allow":["GET"]}}],"collection":[{"href":"https:\/\/www.santacroceboutiquehotel.com\/fr\/wp-json\/wp\/v2\/pages"}],"about":[{"href":"https:\/\/www.santacroceboutiquehotel.com\/fr\/wp-json\/wp\/v2\/types\/page"}],"author":[{"embeddable":true,"href":"https:\/\/www.santacroceboutiquehotel.com\/fr\/wp-json\/wp\/v2\/users\/24"}],"replies":[{"embeddable":true,"href":"https:\/\/www.santacroceboutiquehotel.com\/fr\/wp-json\/wp\/v2\/comments?post=4572"}],"version-history":[{"count":0,"href":"https:\/\/www.santacroceboutiquehotel.com\/fr\/wp-json\/wp\/v2\/pages\/4572\/revisions"}],"wp:featuredmedia":[{"embeddable":true,"href":"https:\/\/www.santacroceboutiquehotel.com\/fr\/wp-json\/wp\/v2\/media\/5531"}],"wp:attachment":[{"href":"https:\/\/www.santacroceboutiquehotel.com\/fr\/wp-json\/wp\/v2\/media?parent=4572"}],"curies":[{"name":"wp","href":"https:\/\/api.w.org\/{rel}","templated":true}]}}