{"id":4574,"date":"2018-06-27T16:11:22","date_gmt":"2018-06-27T14:11:22","guid":{"rendered":"https:\/\/www.santacroceboutiquehotel.com\/it\/?page_id=4574"},"modified":"2025-03-12T08:39:01","modified_gmt":"2025-03-12T07:39:01","slug":"privacy-policy-2-2-2-4","status":"publish","type":"page","link":"https:\/\/www.santacroceboutiquehotel.com\/fr\/les-pierres-de-venise\/","title":{"rendered":"Les pierres de Venise"},"content":{"rendered":"<div class=\"wpb-content-wrapper\"><p>[vc_row full_width=\u00a0\u00bbstretch_row\u00a0\u00bb css=\u00a0\u00bb.vc_custom_1530180994858{margin-top: 0px !important;margin-bottom: 0px !important;}\u00a0\u00bb][vc_column width=\u00a0\u00bb1\/3&Prime; el_class=\u00a0\u00bbhalf-column\u00a0\u00bb][vc_column_text]<\/p>\n<h1 class=\"divider-title\">LES PIERRES DE VENISE<\/h1>\n<p>[\/vc_column_text][vc_column_text css=\u00a0\u00bb.vc_custom_1533032897621{margin-top: 30px !important;}\u00a0\u00bb]Nombreux sont les t\u00e9moignages de la splendeur artistique et citadine de Venise, mais les merveilles litt\u00e9raires et artistiques de <strong>John Ruskin<\/strong> remontant au XIX<sup>e<\/sup> si\u00e8cle restent dans les m\u00e9moires, \u00e0 travers ses r\u00e9cits et ses peintures d\u00e9di\u00e9s \u00e0 cette ville, qui transmettent une image d\u2019une Venise r\u00e9elle o\u00f9 lire dans les stratifications des <strong>pierres de chaque \u00e9poque, <\/strong>la signification qui en \u00e9mane.<\/p>\n<p>Le Santa Croce Boutique Hotel a tent\u00e9 de reproposer cette volont\u00e9 de <strong>revisiter <\/strong>et de <strong>photographier <\/strong>la <strong>grande civilisation v\u00e9nitienne<\/strong> extraordinairement traduite par Ruskin \u00e0 travers des mots, des images et <strong>une reproduction de la peinture<\/strong> qui s\u2019inspire de ses aquarelles, rev\u00eatant certaines chambres mises \u00e0 la disposition des h\u00f4tes, dans une sorte de <strong>fresque \u201carch\u00e9ologique\u201d<\/strong> o\u00f9 il est possible de revivre ce sentiment intime et \u201cromantique\u201d v\u00e9nitien.[\/vc_column_text][\/vc_column][vc_column width=\u00a0\u00bb2\/3&Prime;][vc_single_image image=\u00a0\u00bb5554&Prime; img_size=\u00a0\u00bbfull\u00a0\u00bb css=\u00a0\u00bb.vc_custom_1539163568477{margin-top: 40px !important;margin-bottom: 10px !important;}\u00a0\u00bb][vc_media_grid gap=\u00a0\u00bb10&Prime; css=\u00a0\u00bb\u00a0\u00bb grid_id=\u00a0\u00bbvc_gid:1741765093506-552dbbef-ca30-10&Prime; include=\u00a0\u00bb5556,5557,5946,7541,5534,7538,5536,5558,7540,7704&Prime;][\/vc_column][\/vc_row]<\/p>\n<\/div>","protected":false},"excerpt":{"rendered":"<p>[vc_row full_width=\u00a0\u00bbstretch_row\u00a0\u00bb css=\u00a0\u00bb.vc_custom_1530180994858{margin-top: 0px !important;margin-bottom: 0px !important;}\u00a0\u00bb][vc_column width=\u00a0\u00bb1\/3&Prime; el_class=\u00a0\u00bbhalf-column\u00a0\u00bb][vc_column_text] LES PIERRES DE VENISE [\/vc_column_text][vc_column_text css=\u00a0\u00bb.vc_custom_1533032897621{margin-top: 30px !important;}\u00a0\u00bb]Nombreux sont les t\u00e9moignages de la splendeur artistique et citadine de Venise, mais les merveilles litt\u00e9raires et artistiques de John Ruskin remontant au XIXe si\u00e8cle restent dans les m\u00e9moires, \u00e0 travers ses r\u00e9cits et ses peintures d\u00e9di\u00e9s \u00e0 cette [&hellip;]<\/p>\n","protected":false},"author":24,"featured_media":4668,"parent":0,"menu_order":0,"comment_status":"closed","ping_status":"closed","template":"","meta":{"_acf_changed":false,"inline_featured_image":false,"footnotes":""},"class_list":["post-4574","page","type-page","status-publish","has-post-thumbnail","hentry"],"acf":[],"_links":{"self":[{"href":"https:\/\/www.santacroceboutiquehotel.com\/fr\/wp-json\/wp\/v2\/pages\/4574","targetHints":{"allow":["GET"]}}],"collection":[{"href":"https:\/\/www.santacroceboutiquehotel.com\/fr\/wp-json\/wp\/v2\/pages"}],"about":[{"href":"https:\/\/www.santacroceboutiquehotel.com\/fr\/wp-json\/wp\/v2\/types\/page"}],"author":[{"embeddable":true,"href":"https:\/\/www.santacroceboutiquehotel.com\/fr\/wp-json\/wp\/v2\/users\/24"}],"replies":[{"embeddable":true,"href":"https:\/\/www.santacroceboutiquehotel.com\/fr\/wp-json\/wp\/v2\/comments?post=4574"}],"version-history":[{"count":0,"href":"https:\/\/www.santacroceboutiquehotel.com\/fr\/wp-json\/wp\/v2\/pages\/4574\/revisions"}],"wp:featuredmedia":[{"embeddable":true,"href":"https:\/\/www.santacroceboutiquehotel.com\/fr\/wp-json\/wp\/v2\/media\/4668"}],"wp:attachment":[{"href":"https:\/\/www.santacroceboutiquehotel.com\/fr\/wp-json\/wp\/v2\/media?parent=4574"}],"curies":[{"name":"wp","href":"https:\/\/api.w.org\/{rel}","templated":true}]}}