{"id":4815,"date":"2018-07-24T12:05:27","date_gmt":"2018-07-24T10:05:27","guid":{"rendered":"https:\/\/www.santacroceboutiquehotel.com\/it\/?page_id=4815"},"modified":"2025-02-11T14:26:06","modified_gmt":"2025-02-11T13:26:06","slug":"privacy-policy-2-2-2-2-2","status":"publish","type":"page","link":"https:\/\/www.santacroceboutiquehotel.com\/fr\/concierge\/","title":{"rendered":"Concierge"},"content":{"rendered":"<div class=\"wpb-content-wrapper\"><p>[vc_row full_width=\u00a0\u00bbstretch_row\u00a0\u00bb css=\u00a0\u00bb.vc_custom_1530181273529{margin-top: 0px !important;margin-bottom: 0px !important;}\u00a0\u00bb][vc_column width=\u00a0\u00bb1\/3&Prime; el_class=\u00a0\u00bbhalf-column\u00a0\u00bb][vc_column_text]<\/p>\n<h1 class=\"divider-title\">Concierge<\/h1>\n<p>[\/vc_column_text][vc_column_text css=\u00a0\u00bb.vc_custom_1539004458031{margin-top: 30px !important;}\u00a0\u00bb]<\/p>\n<p class=\"p1\"><span class=\"s1\">Pour jouir de la sph\u00e8re magique de Venise, humer ses myst\u00e8res et les merveilles de son histoire infinie, notre \u00e9quipe sera \u00e0 votre disposition pour vous guider au mieux lors de votre d\u00e9couverte de cette ville magique, en <strong>organisant pour vous des tours priv\u00e9s<\/strong> dans les recoins les plus cach\u00e9s de Venise, \u00e0 travers la lagune et ses \u00eeles les plus enchanteresses.<\/span><\/p>\n<p><strong>Un tour en gondole<\/strong> est la plus romantique des fa\u00e7ons d\u2019arr\u00eater le temps et de jouir des merveilles de la ville, de ses canaux et de ses superbes palais.[\/vc_column_text][vc_empty_space height=\u00a0\u00bb20px\u00a0\u00bb][\/vc_column][vc_column width=\u00a0\u00bb2\/3&Prime;][vc_single_image image=\u00a0\u00bb5469&Prime; img_size=\u00a0\u00bbfull\u00a0\u00bb css=\u00a0\u00bb.vc_custom_1539004432994{margin-top: 40px !important;}\u00a0\u00bb][\/vc_column][\/vc_row][vc_row equal_height=\u00a0\u00bbyes\u00a0\u00bb content_placement=\u00a0\u00bbmiddle\u00a0\u00bb disable_element=\u00a0\u00bbyes\u00a0\u00bb][vc_column width=\u00a0\u00bb1\/3&Prime;][vc_single_image image=\u00a0\u00bb5471&Prime; img_size=\u00a0\u00bbfull\u00a0\u00bb][\/vc_column][vc_column width=\u00a0\u00bb2\/3&Prime; el_class=\u00a0\u00bbcol-contatti\u00a0\u00bb][vc_column_text el_class=\u00a0\u00bbblock-text\u00a0\u00bb]Je suis Luca, R\u00e9ceptionniste, je suis heureux d\u2019organiser votre transfert pour vous bercer jusqu\u2019\u00e0 votre arriv\u00e9e \u00e0 l\u2019h\u00f4tel ou pour faciliter votre d\u00e9part.<\/p>\n<p>Demandez \u00e0 notre \u00e9quipe de s\u2019occuper de vous pour une exp\u00e9rience inoubliable.<\/p>\n<p>Nous sommes \u00e0 votre disposition:[\/vc_column_text][vc_row_inner el_class=\u00a0\u00bbrow-btn\u00a0\u00bb][vc_column_inner width=\u00a0\u00bb1\/2&Prime; offset=\u00a0\u00bbvc_col-xs-6&Prime;][vc_btn title=\u00a0\u00bbAPPEL\u00a0\u00bb style=\u00a0\u00bbcustom\u00a0\u00bb custom_background=\u00a0\u00bb#c6ab70&Prime; custom_text=\u00a0\u00bb#ffffff\u00a0\u00bb shape=\u00a0\u00bbsquare\u00a0\u00bb align=\u00a0\u00bbright\u00a0\u00bb i_icon_fontawesome=\u00a0\u00bbfa fa-phone\u00a0\u00bb add_icon=\u00a0\u00bbtrue\u00a0\u00bb link=\u00a0\u00bburl:tel%3A%2B39041740112|||\u00a0\u00bb][\/vc_column_inner][vc_column_inner width=\u00a0\u00bb1\/2&Prime; offset=\u00a0\u00bbvc_col-xs-6&Prime;][vc_btn title=\u00a0\u00bbECRIVEZ-NOUS UN EMAIL\u00a0\u00bb style=\u00a0\u00bbcustom\u00a0\u00bb custom_background=\u00a0\u00bb#c6ab70&Prime; custom_text=\u00a0\u00bb#ffffff\u00a0\u00bb shape=\u00a0\u00bbsquare\u00a0\u00bb i_icon_fontawesome=\u00a0\u00bbfa fa-envelope\u00a0\u00bb add_icon=\u00a0\u00bbtrue\u00a0\u00bb link=\u00a0\u00bburl:mailto%3AInfo%40santacroceboutiquehotel.com|||\u00a0\u00bb][\/vc_column_inner][\/vc_row_inner][vc_column_text el_class=\u00a0\u00bbblock-text\u00a0\u00bb]<\/p>\n<p style=\"text-align: center;\">Ou bien chattez avec nous, vous trouverez le contact en bas \u00e0 droite.<\/p>\n<div class=\"divider-gold\"><\/div>\n<div class=\"block-autore\" style=\"text-align: center;\">Luca<br \/>\nFront Office Agent<\/div>\n<p>[\/vc_column_text][\/vc_column][\/vc_row][vc_row equal_height=\u00a0\u00bbyes\u00a0\u00bb content_placement=\u00a0\u00bbmiddle\u00a0\u00bb][vc_column width=\u00a0\u00bb1\/3&Prime;][vc_single_image image=\u00a0\u00bb7379&Prime; img_size=\u00a0\u00bbfull\u00a0\u00bb css=\u00a0\u00bb\u00a0\u00bb][\/vc_column][vc_column width=\u00a0\u00bb2\/3&Prime; el_class=\u00a0\u00bbcol-contatti\u00a0\u00bb][vc_column_text css=\u00a0\u00bb\u00a0\u00bb el_class=\u00a0\u00bbblock-text\u00a0\u00bb]Je m&rsquo;appelle Martina.<br \/>\nJe serai \u00e0 votre disposition pour vous proposer les meilleures visites de Venise et vous aider \u00e0 d\u00e9couvrir les endroits les plus secrets de cette ville.[\/vc_column_text][vc_row_inner el_class=\u00a0\u00bbrow-btn\u00a0\u00bb][vc_column_inner width=\u00a0\u00bb1\/2&Prime; offset=\u00a0\u00bbvc_col-xs-6&Prime;][vc_btn title=\u00a0\u00bbAPPEL\u00a0\u00bb style=\u00a0\u00bbcustom\u00a0\u00bb custom_background=\u00a0\u00bb#c6ab70&Prime; custom_text=\u00a0\u00bb#ffffff\u00a0\u00bb shape=\u00a0\u00bbsquare\u00a0\u00bb align=\u00a0\u00bbright\u00a0\u00bb i_icon_fontawesome=\u00a0\u00bbfas fa-phone\u00a0\u00bb css=\u00a0\u00bb\u00a0\u00bb add_icon=\u00a0\u00bbtrue\u00a0\u00bb link=\u00a0\u00bburl:tel%3A%2B39041740112|||\u00a0\u00bb el_class=\u00a0\u00bbbtn-inline\u00a0\u00bb][\/vc_column_inner][vc_column_inner width=\u00a0\u00bb1\/2&Prime; offset=\u00a0\u00bbvc_col-xs-6&Prime;][vc_btn title=\u00a0\u00bbECRIVEZ-NOUS UN EMAIL\u00a0\u00bb style=\u00a0\u00bbcustom\u00a0\u00bb custom_background=\u00a0\u00bb#c6ab70&Prime; custom_text=\u00a0\u00bb#ffffff\u00a0\u00bb shape=\u00a0\u00bbsquare\u00a0\u00bb align=\u00a0\u00bbleft\u00a0\u00bb i_icon_fontawesome=\u00a0\u00bbfas fa-envelope\u00a0\u00bb css=\u00a0\u00bb\u00a0\u00bb add_icon=\u00a0\u00bbtrue\u00a0\u00bb link=\u00a0\u00bburl:mailto%3AInfo%40santacroceboutiquehotel.com|||\u00a0\u00bb el_class=\u00a0\u00bbbtn-inline\u00a0\u00bb][\/vc_column_inner][\/vc_row_inner][vc_column_text css=\u00a0\u00bb\u00a0\u00bb el_class=\u00a0\u00bbblock-text\u00a0\u00bb]<\/p>\n<p style=\"text-align: center;\">Ou \u00e9crivez-nous en chat, vous le trouverez en bas \u00e0 droite.<\/p>\n<div class=\"divider-gold\"><\/div>\n<p style=\"text-align: center;\">Martina<\/p>\n<p>[\/vc_column_text][\/vc_column][\/vc_row][vc_row full_width=\u00a0\u00bbstretch_row\u00a0\u00bb css=\u00a0\u00bb.vc_custom_1532512529390{margin-top: 0px !important;margin-right: 0px !important;margin-bottom: 0px !important;margin-left: 0px !important;border-top-width: 0px !important;border-right-width: 0px !important;border-bottom-width: 0px !important;border-left-width: 0px !important;padding-top: 0px !important;padding-right: 0px !important;padding-bottom: 0px !important;padding-left: 0px !important;background-color: #f5f5f5 !important;}\u00a0\u00bb][vc_column][vc_column_text el_class=\u00a0\u00bbrow-text-gray-block\u00a0\u00bb]<\/p>\n<p style=\"text-align: center;\"><span style=\"font-family: Playfair Display; font-style: italic; font-size: 24px;\">\u201cLa gondole noire, \u00e9lanc\u00e9e, sa fa\u00e7on de se mouvoir, l\u00e9g\u00e8re, silencieuse, a quelque chose d\u2019\u00e9trange, une beaut\u00e9 de songe, elle fait partie int\u00e9grante de la ville de l\u2019oisivet\u00e9, de l\u2019amour et de la musique.\u201d<br \/>\n&#8211; Hermann Hesse &#8211;<\/span><\/p>\n<p>[\/vc_column_text][\/vc_column][\/vc_row][vc_row css=\u00a0\u00bb.vc_custom_1588937462821{margin-left: 10px !important;}\u00a0\u00bb][vc_column][vc_column_text]<\/p>\n<h1 class=\"divider-title\">Venice as no one tells you\u2026<\/h1>\n<p>There are so many Venice, we love them and we would like to let you taste them all:<br \/>\n[\/vc_column_text][\/vc_column][\/vc_row][vc_row full_width=\u00a0\u00bbstretch_row\u00a0\u00bb css=\u00a0\u00bb.vc_custom_1530181273529{margin-top: 0px !important;margin-bottom: 0px !important;}\u00a0\u00bb][vc_column width=\u00a0\u00bb1\/3&Prime; el_class=\u00a0\u00bbhalf-column\u00a0\u00bb][vc_column_text]<\/p>\n<h3 style=\"font-family: 'Playfair Display', serif; color: #5b5b5b;\">Pellestrina<\/h3>\n<p>Island of fishermen <strong>with colored houses, fresh fish, a LIPU oasis, enchanting sunsets<\/strong> in the peace and silence of the lagoon[\/vc_column_text][\/vc_column][vc_column width=\u00a0\u00bb2\/3&Prime;][vc_single_image image=\u00a0\u00bb6322&Prime; img_size=\u00a0\u00bbfull\u00a0\u00bb css=\u00a0\u00bb.vc_custom_1588936430370{margin-top: 40px !important;}\u00a0\u00bb][\/vc_column][\/vc_row][vc_row full_width=\u00a0\u00bbstretch_row\u00a0\u00bb css=\u00a0\u00bb.vc_custom_1530181273529{margin-top: 0px !important;margin-bottom: 0px !important;}\u00a0\u00bb][vc_column width=\u00a0\u00bb2\/3&Prime; el_class=\u00a0\u00bbhalf-column\u00a0\u00bb][vc_single_image image=\u00a0\u00bb6324&Prime; img_size=\u00a0\u00bbfull\u00a0\u00bb css=\u00a0\u00bb.vc_custom_1588937928530{margin-top: 0px !important;}\u00a0\u00bb][\/vc_column][vc_column width=\u00a0\u00bb1\/3&Prime;][vc_column_text css=\u00a0\u00bb.vc_custom_1588937980567{margin-top: 60px !important;}\u00a0\u00bb]<\/p>\n<h3 style=\"font-family: 'Playfair Display', serif; color: #5b5b5b;\">Sant&rsquo;Erasmo Island<\/h3>\n<p><strong>Bikers among the vineyards and breathtaking views in the center of the lagoon. <\/strong>Local products, vineyards, honey and a small golden beach.[\/vc_column_text][\/vc_column][\/vc_row][vc_row full_width=\u00a0\u00bbstretch_row\u00a0\u00bb css=\u00a0\u00bb.vc_custom_1530181273529{margin-top: 0px !important;margin-bottom: 0px !important;}\u00a0\u00bb][vc_column width=\u00a0\u00bb1\/3&Prime; el_class=\u00a0\u00bbhalf-column\u00a0\u00bb][vc_column_text css=\u00a0\u00bb.vc_custom_1588938026181{margin-top: 30px !important;}\u00a0\u00bb]<\/p>\n<h3 style=\"font-family: 'Playfair Display', serif; color: #5b5b5b;\">Stroll through the Venice&#8230;<\/h3>\n<p><strong>of which the guides do not speak:<\/strong> its perfumes, its colors, its flavors, the ancient craftsmen&rsquo;s crafts. Accompanied by a Venetian.[\/vc_column_text][\/vc_column][vc_column width=\u00a0\u00bb2\/3&Prime;][vc_single_image image=\u00a0\u00bb6321&Prime; img_size=\u00a0\u00bbfull\u00a0\u00bb css=\u00a0\u00bb.vc_custom_1588938014405{margin-top: 40px !important;}\u00a0\u00bb][\/vc_column][\/vc_row][vc_row full_width=\u00a0\u00bbstretch_row\u00a0\u00bb css=\u00a0\u00bb.vc_custom_1530181273529{margin-top: 0px !important;margin-bottom: 0px !important;}\u00a0\u00bb][vc_column width=\u00a0\u00bb2\/3&Prime; el_class=\u00a0\u00bbhalf-column\u00a0\u00bb][vc_single_image image=\u00a0\u00bb6325&Prime; img_size=\u00a0\u00bbfull\u00a0\u00bb css=\u00a0\u00bb.vc_custom_1588938144257{margin-top: 0px !important;}\u00a0\u00bb][\/vc_column][vc_column width=\u00a0\u00bb1\/3&Prime;][vc_column_text css=\u00a0\u00bb.vc_custom_1588938452657{margin-top: 60px !important;}\u00a0\u00bb]<\/p>\n<h3 style=\"font-family: 'Playfair Display', serif; color: #5b5b5b;\">Enjoy a breathtaking and romantic sunset&#8230;<\/h3>\n<p>in the heart of the San Marco Basin surrounded by <strong>poetry, magic and works of art<\/strong>.[\/vc_column_text][\/vc_column][\/vc_row][vc_row full_width=\u00a0\u00bbstretch_row\u00a0\u00bb css=\u00a0\u00bb.vc_custom_1530181273529{margin-top: 0px !important;margin-bottom: 0px !important;}\u00a0\u00bb][vc_column width=\u00a0\u00bb1\/3&Prime; el_class=\u00a0\u00bbhalf-column\u00a0\u00bb][vc_column_text css=\u00a0\u00bb.vc_custom_1588938437364{margin-top: 30px !important;}\u00a0\u00bb]<\/p>\n<h3 style=\"font-family: 'Playfair Display', serif; color: #5b5b5b;\">Tipical food<\/h3>\n<p>Our suggestions to enjoy our tipical food rich of traditions <strong>to feel a real venitian.<\/strong>[\/vc_column_text][\/vc_column][vc_column width=\u00a0\u00bb2\/3&Prime;][vc_single_image image=\u00a0\u00bb6323&Prime; img_size=\u00a0\u00bbfull\u00a0\u00bb css=\u00a0\u00bb.vc_custom_1588938236596{margin-top: 40px !important;}\u00a0\u00bb][\/vc_column][\/vc_row][vc_row full_width=\u00a0\u00bbstretch_row\u00a0\u00bb css=\u00a0\u00bb.vc_custom_1530181273529{margin-top: 0px !important;margin-bottom: 0px !important;}\u00a0\u00bb][vc_column width=\u00a0\u00bb2\/3&Prime; el_class=\u00a0\u00bbhalf-column\u00a0\u00bb][vc_single_image image=\u00a0\u00bb6326&Prime; img_size=\u00a0\u00bbfull\u00a0\u00bb css=\u00a0\u00bb.vc_custom_1588938329608{margin-top: 0px !important;}\u00a0\u00bb][\/vc_column][vc_column width=\u00a0\u00bb1\/3&Prime;][vc_column_text css=\u00a0\u00bb.vc_custom_1588938423840{margin-top: 60px !important;}\u00a0\u00bb]<\/p>\n<h3 style=\"font-family: 'Playfair Display', serif; color: #5b5b5b;\">The land of Prosecco<\/h3>\n<p>Discover the land of Prosecco, <strong>Unesco Heritage<\/strong> and taste our most famous wine sorrounded by nature.[\/vc_column_text][\/vc_column][\/vc_row]<\/p>\n<\/div>","protected":false},"excerpt":{"rendered":"<p>[vc_row full_width=\u00a0\u00bbstretch_row\u00a0\u00bb css=\u00a0\u00bb.vc_custom_1530181273529{margin-top: 0px !important;margin-bottom: 0px !important;}\u00a0\u00bb][vc_column width=\u00a0\u00bb1\/3&Prime; el_class=\u00a0\u00bbhalf-column\u00a0\u00bb][vc_column_text] Concierge [\/vc_column_text][vc_column_text css=\u00a0\u00bb.vc_custom_1539004458031{margin-top: 30px !important;}\u00a0\u00bb] Pour jouir de la sph\u00e8re magique de Venise, humer ses myst\u00e8res et les merveilles de son histoire infinie, notre \u00e9quipe sera \u00e0 votre disposition pour vous guider au mieux lors de votre d\u00e9couverte de cette ville magique, en organisant pour vous [&hellip;]<\/p>\n","protected":false},"author":24,"featured_media":6310,"parent":0,"menu_order":0,"comment_status":"closed","ping_status":"closed","template":"","meta":{"_acf_changed":false,"inline_featured_image":false,"footnotes":""},"class_list":["post-4815","page","type-page","status-publish","has-post-thumbnail","hentry"],"acf":[],"_links":{"self":[{"href":"https:\/\/www.santacroceboutiquehotel.com\/fr\/wp-json\/wp\/v2\/pages\/4815","targetHints":{"allow":["GET"]}}],"collection":[{"href":"https:\/\/www.santacroceboutiquehotel.com\/fr\/wp-json\/wp\/v2\/pages"}],"about":[{"href":"https:\/\/www.santacroceboutiquehotel.com\/fr\/wp-json\/wp\/v2\/types\/page"}],"author":[{"embeddable":true,"href":"https:\/\/www.santacroceboutiquehotel.com\/fr\/wp-json\/wp\/v2\/users\/24"}],"replies":[{"embeddable":true,"href":"https:\/\/www.santacroceboutiquehotel.com\/fr\/wp-json\/wp\/v2\/comments?post=4815"}],"version-history":[{"count":0,"href":"https:\/\/www.santacroceboutiquehotel.com\/fr\/wp-json\/wp\/v2\/pages\/4815\/revisions"}],"wp:featuredmedia":[{"embeddable":true,"href":"https:\/\/www.santacroceboutiquehotel.com\/fr\/wp-json\/wp\/v2\/media\/6310"}],"wp:attachment":[{"href":"https:\/\/www.santacroceboutiquehotel.com\/fr\/wp-json\/wp\/v2\/media?parent=4815"}],"curies":[{"name":"wp","href":"https:\/\/api.w.org\/{rel}","templated":true}]}}