{"id":4843,"date":"2018-07-24T12:29:38","date_gmt":"2018-07-24T10:29:38","guid":{"rendered":"https:\/\/www.santacroceboutiquehotel.com\/it\/?page_id=4843"},"modified":"2025-03-13T15:11:44","modified_gmt":"2025-03-13T14:11:44","slug":"privacy-policy-2-2-2-2-4","status":"publish","type":"page","link":"https:\/\/www.santacroceboutiquehotel.com\/fr\/logo\/","title":{"rendered":"Logo"},"content":{"rendered":"<div class=\"wpb-content-wrapper\"><p>[vc_row full_width=\u00a0\u00bbstretch_row\u00a0\u00bb equal_height=\u00a0\u00bbyes\u00a0\u00bb content_placement=\u00a0\u00bbmiddle\u00a0\u00bb css=\u00a0\u00bb.vc_custom_1741872582385{margin-top: 0px !important;margin-bottom: 0px !important;}\u00a0\u00bb][vc_column width=\u00a0\u00bb1\/2&Prime; el_class=\u00a0\u00bbhalf-column\u00a0\u00bb][vc_column_text css=\u00a0\u00bb\u00a0\u00bb]<\/p>\n<h1 class=\"divider-title titolo-logo\">NOTRE LOGO:<br \/>\nun lien indissoluble avec Venise<\/h1>\n<p>[\/vc_column_text][\/vc_column][vc_column width=\u00a0\u00bb1\/2&Prime;][vc_single_image image=\u00a0\u00bb7544&Prime; img_size=\u00a0\u00bbfull\u00a0\u00bb alignment=\u00a0\u00bbcenter\u00a0\u00bb css=\u00a0\u00bb.vc_custom_1741871771526{margin-top: 40px !important;}\u00a0\u00bb][\/vc_column][\/vc_row][vc_row full_width=\u00a0\u00bbstretch_row\u00a0\u00bb equal_height=\u00a0\u00bbyes\u00a0\u00bb content_placement=\u00a0\u00bbmiddle\u00a0\u00bb css=\u00a0\u00bb.vc_custom_1741872465589{margin-top: 0px !important;margin-bottom: 0px !important;}\u00a0\u00bb][vc_column width=\u00a0\u00bb1\/2&Prime; el_class=\u00a0\u00bbhalf-column\u00a0\u00bb][vc_column_text css=\u00a0\u00bb\u00a0\u00bb el_class=\u00a0\u00bbtesto-logo-mobile\u00a0\u00bb]Dans la <strong>Basilique de Saint-Marc<\/strong> se trouve un moule en marbre aussi ancien que Venise: c\u2019est ce moule qui nous a inspir\u00e9 pour cr\u00e9er le logo de notre h\u00f4tel.<\/p>\n<p>La d\u00e9coration reprend le <strong>symbolisme de la croix<\/strong> mais repr\u00e9sente \u00e9galement une <strong>r\u00e9f\u00e9rence visuelle aux fen\u00eatres byzantines de la Basilique<\/strong>. Les quatre parties sont unies entre elles par le <strong>symbole de l\u2019infini<\/strong>, un signe continu sans d\u00e9but ni fin.[\/vc_column_text][vc_single_image image=\u00a0\u00bb5685&Prime; img_size=\u00a0\u00bbfull\u00a0\u00bb alignment=\u00a0\u00bbcenter\u00a0\u00bb css=\u00a0\u00bb.vc_custom_1740405442417{margin-top: 40px !important;}\u00a0\u00bb][\/vc_column][vc_column width=\u00a0\u00bb1\/2&Prime;][vc_column_text css=\u00a0\u00bb.vc_custom_1741874756093{margin-top: 30px !important;}\u00a0\u00bb el_class=\u00a0\u00bbtesto-logo\u00a0\u00bb]Dans la <strong>Basilique de Saint-Marc<\/strong> se trouve un moule en marbre aussi ancien que Venise: c\u2019est ce moule qui nous a inspir\u00e9 pour cr\u00e9er le logo de notre h\u00f4tel.<\/p>\n<p>La d\u00e9coration reprend le <strong>symbolisme de la croix<\/strong> mais repr\u00e9sente \u00e9galement une <strong>r\u00e9f\u00e9rence visuelle aux fen\u00eatres byzantines de la Basilique<\/strong>. Les quatre parties sont unies entre elles par le <strong>symbole de l\u2019infini<\/strong>, un signe continu sans d\u00e9but ni fin.[\/vc_column_text][\/vc_column][\/vc_row]<\/p>\n<\/div>","protected":false},"excerpt":{"rendered":"<p>[vc_row full_width=\u00a0\u00bbstretch_row\u00a0\u00bb equal_height=\u00a0\u00bbyes\u00a0\u00bb content_placement=\u00a0\u00bbmiddle\u00a0\u00bb css=\u00a0\u00bb.vc_custom_1741872582385{margin-top: 0px !important;margin-bottom: 0px !important;}\u00a0\u00bb][vc_column width=\u00a0\u00bb1\/2&Prime; el_class=\u00a0\u00bbhalf-column\u00a0\u00bb][vc_column_text css=\u00a0\u00bb\u00a0\u00bb] NOTRE LOGO: un lien indissoluble avec Venise [\/vc_column_text][\/vc_column][vc_column width=\u00a0\u00bb1\/2&Prime;][vc_single_image image=\u00a0\u00bb7544&Prime; img_size=\u00a0\u00bbfull\u00a0\u00bb alignment=\u00a0\u00bbcenter\u00a0\u00bb css=\u00a0\u00bb.vc_custom_1741871771526{margin-top: 40px !important;}\u00a0\u00bb][\/vc_column][\/vc_row][vc_row full_width=\u00a0\u00bbstretch_row\u00a0\u00bb equal_height=\u00a0\u00bbyes\u00a0\u00bb content_placement=\u00a0\u00bbmiddle\u00a0\u00bb css=\u00a0\u00bb.vc_custom_1741872465589{margin-top: 0px !important;margin-bottom: 0px !important;}\u00a0\u00bb][vc_column width=\u00a0\u00bb1\/2&Prime; el_class=\u00a0\u00bbhalf-column\u00a0\u00bb][vc_column_text css=\u00a0\u00bb\u00a0\u00bb el_class=\u00a0\u00bbtesto-logo-mobile\u00a0\u00bb]Dans la Basilique de Saint-Marc se trouve un moule en marbre aussi ancien que Venise: c\u2019est ce [&hellip;]<\/p>\n","protected":false},"author":24,"featured_media":5888,"parent":0,"menu_order":0,"comment_status":"closed","ping_status":"closed","template":"","meta":{"_acf_changed":false,"inline_featured_image":false,"footnotes":""},"class_list":["post-4843","page","type-page","status-publish","has-post-thumbnail","hentry"],"acf":[],"_links":{"self":[{"href":"https:\/\/www.santacroceboutiquehotel.com\/fr\/wp-json\/wp\/v2\/pages\/4843","targetHints":{"allow":["GET"]}}],"collection":[{"href":"https:\/\/www.santacroceboutiquehotel.com\/fr\/wp-json\/wp\/v2\/pages"}],"about":[{"href":"https:\/\/www.santacroceboutiquehotel.com\/fr\/wp-json\/wp\/v2\/types\/page"}],"author":[{"embeddable":true,"href":"https:\/\/www.santacroceboutiquehotel.com\/fr\/wp-json\/wp\/v2\/users\/24"}],"replies":[{"embeddable":true,"href":"https:\/\/www.santacroceboutiquehotel.com\/fr\/wp-json\/wp\/v2\/comments?post=4843"}],"version-history":[{"count":0,"href":"https:\/\/www.santacroceboutiquehotel.com\/fr\/wp-json\/wp\/v2\/pages\/4843\/revisions"}],"wp:featuredmedia":[{"embeddable":true,"href":"https:\/\/www.santacroceboutiquehotel.com\/fr\/wp-json\/wp\/v2\/media\/5888"}],"wp:attachment":[{"href":"https:\/\/www.santacroceboutiquehotel.com\/fr\/wp-json\/wp\/v2\/media?parent=4843"}],"curies":[{"name":"wp","href":"https:\/\/api.w.org\/{rel}","templated":true}]}}