{"id":5816,"date":"2018-10-10T10:20:15","date_gmt":"2018-10-10T08:20:15","guid":{"rendered":"https:\/\/www.santacroceboutiquehotel.com\/it\/?page_id=5816"},"modified":"2025-04-22T14:45:21","modified_gmt":"2025-04-22T12:45:21","slug":"camera-prestige-2","status":"publish","type":"page","link":"https:\/\/www.santacroceboutiquehotel.com\/fr\/junior-suite\/","title":{"rendered":"Junior suite"},"content":{"rendered":"<div class=\"wpb-content-wrapper\"><p>[vc_row full_width=\u00a0\u00bbstretch_row\u00a0\u00bb css=\u00a0\u00bb.vc_custom_1530182117040{margin-top: 0px !important;margin-bottom: 0px !important;}\u00a0\u00bb][vc_column width=\u00a0\u00bb2\/3&Prime; el_class=\u00a0\u00bbhalf-column\u00a0\u00bb][vc_column_text]<\/p>\n<h1 class=\"divider-title\">JUNIOR SUITE<\/h1>\n<p>[\/vc_column_text][\/vc_column][vc_column width=\u00a0\u00bb1\/3&Prime;][vc_column_text css=\u00a0\u00bb.vc_custom_1530186241254{margin-top: 70px !important;}\u00a0\u00bb]<\/p>\n<p style=\"text-align: center;\"><a class=\"btn-gold btn-camere\" href=\"https:\/\/www.simplebooking.it\/ibe\/hotelbooking\/search?hid=5646&lang=FR\" data-gaanalytics=\"gaEvento\" data-gacategoria=\"PaginaCamereFRA\" data-gaazione=\"CameraFRA\">V\u00c9RIFIER LA DISPONIBILIT\u00c9<\/a><\/p>\n<p>[\/vc_column_text][\/vc_column][\/vc_row][vc_row full_width=\u00a0\u00bbstretch_row\u00a0\u00bb el_class=\u00a0\u00bbroom-gallery\u00a0\u00bb][vc_column][vc_empty_space height=\u00a0\u00bb15px\u00a0\u00bb][vc_media_grid element_width=\u00a0\u00bb2&Prime; gap=\u00a0\u00bb10&Prime; css=\u00a0\u00bb\u00a0\u00bb initial_loading_animation=\u00a0\u00bbnone\u00a0\u00bb grid_id=\u00a0\u00bbvc_gid:1745325839691-90f0f59a-61aa-10&Prime; include=\u00a0\u00bb8050,8059,5785,5784,8061,8080,7514,5634&Prime;][\/vc_column][\/vc_row][vc_row full_width=\u00a0\u00bbstretch_row\u00a0\u00bb el_class=\u00a0\u00bbroom-gallery\u00a0\u00bb][vc_column][vc_column_text css=\u00a0\u00bb.vc_custom_1538727263467{margin-top: 70px !important;}\u00a0\u00bb]<\/p>\n<p style=\"text-align: left;\"><a class=\"btn-gold btn-camere\" href=\"https:\/\/www.simplebooking.it\/ibe\/hotelbooking\/search?hid=5646&lang=FR\" data-gaanalytics=\"gaEvento\" data-gacategoria=\"PaginaCamereFRA\" data-gaazione=\"CameraFRA\">V\u00c9RIFIER LA DISPONIBILIT\u00c9<\/a><\/p>\n<p>[\/vc_column_text][\/vc_column][\/vc_row][vc_row full_width=\u00a0\u00bbstretch_row\u00a0\u00bb el_class=\u00a0\u00bbroom-gallery\u00a0\u00bb][vc_column][vc_empty_space height=\u00a0\u00bb15px\u00a0\u00bb][vc_column_text css=\u00a0\u00bb.vc_custom_1564386733091{margin-top: 30px !important;}\u00a0\u00bb]Surface de la chambre <strong>25m2.<\/strong><br \/>\nCette Junior Suite dispose de peignoir, climatisation et minibar.[\/vc_column_text][\/vc_column][\/vc_row][vc_row][vc_column width=\u00a0\u00bb1\/4&Prime;][vc_column_text]<\/p>\n<div class=\"services-list\">\n<ul>\n<li class=\"ico-vista\">Vue jardin<\/li>\n<li class=\"ico-vista\">Vue calle (ruelles typiques)<\/li>\n<li class=\"ico-vista\">Vue cour int\u00e9rieure<\/li>\n<li class=\"ico-telefono\">T\u00e9l\u00e9phone<\/li>\n<li class=\"ico-tv\">TV \u00e9cran plat<\/li>\n<li class=\"ico-ariacondizionata\">Climatisation<\/li>\n<\/ul>\n<\/div>\n<p>[\/vc_column_text][\/vc_column][vc_column width=\u00a0\u00bb1\/4&Prime;][vc_column_text]<\/p>\n<div class=\"services-list\">\n<ul>\n<li class=\"ico-riscaldamento\">Chauffage<\/li>\n<li class=\"ico-armadio\">Armoire\/garde-robe<\/li>\n<li class=\"ico-salotto\">Canap\u00e9-lit<\/li>\n<li class=\"ico-doccia\">Douche \u00e9quip\u00e9e de chromoth\u00e9rapie<\/li>\n<li class=\"ico-asciugacapelli\">S\u00e8che-cheveux<\/li>\n<\/ul>\n<\/div>\n<p>[\/vc_column_text][\/vc_column][vc_column width=\u00a0\u00bb1\/4&Prime;][vc_column_text]<\/p>\n<div class=\"services-list\">\n<ul>\n<li class=\"ico-accappatoio\">Peignoir<\/li>\n<li class=\"ico-kitcortesia\">Produits de bain offerts<\/li>\n<li class=\"ico-wc\">WC<\/li>\n<li class=\"ico-wc\">Salle de bain priv\u00e9e<\/li>\n<li class=\"ico-minibar\">Minibar gratuit<\/li>\n<\/ul>\n<\/div>\n<p>[\/vc_column_text][\/vc_column][vc_column width=\u00a0\u00bb1\/4&Prime;][vc_column_text]<\/p>\n<div class=\"services-list\">\n<ul>\n<li class=\"ico-asciugamano\">Serviettes de bain<\/li>\n<li class=\"ico-ascensore\">\u00c9tages sup\u00e9rieurs accessibles par ascenseur<\/li>\n<li class=\"ico-accessibilita\">Chambres pour personnes porteuses de handicap<\/li>\n<li class=\"ico-bidet\">Bidet<\/li>\n<\/ul>\n<\/div>\n<p>[\/vc_column_text][\/vc_column][\/vc_row][vc_row full_width=\u00a0\u00bbstretch_row\u00a0\u00bb el_class=\u00a0\u00bbroom-gallery\u00a0\u00bb][vc_column][vc_column_text css=\u00a0\u00bb.vc_custom_1538727271121{margin-top: 70px !important;}\u00a0\u00bb]<\/p>\n<p style=\"text-align: left;\"><a class=\"btn-gold btn-camere\" href=\"https:\/\/www.simplebooking.it\/ibe\/hotelbooking\/search?hid=5646&lang=FR\" data-gaanalytics=\"gaEvento\" data-gacategoria=\"PaginaCamereFRA\" data-gaazione=\"CameraFRA\">V\u00c9RIFIER LA DISPONIBILIT\u00c9<\/a><\/p>\n<p>[\/vc_column_text][\/vc_column][\/vc_row]<\/p>\n<\/div>","protected":false},"excerpt":{"rendered":"<p>[vc_row full_width=\u00a0\u00bbstretch_row\u00a0\u00bb css=\u00a0\u00bb.vc_custom_1530182117040{margin-top: 0px !important;margin-bottom: 0px !important;}\u00a0\u00bb][vc_column width=\u00a0\u00bb2\/3&Prime; el_class=\u00a0\u00bbhalf-column\u00a0\u00bb][vc_column_text] JUNIOR SUITE [\/vc_column_text][\/vc_column][vc_column width=\u00a0\u00bb1\/3&Prime;][vc_column_text css=\u00a0\u00bb.vc_custom_1530186241254{margin-top: 70px !important;}\u00a0\u00bb] [\/vc_column_text][\/vc_column][\/vc_row][vc_row full_width=\u00a0\u00bbstretch_row\u00a0\u00bb el_class=\u00a0\u00bbroom-gallery\u00a0\u00bb][vc_column][vc_empty_space height=\u00a0\u00bb15px\u00a0\u00bb][vc_media_grid element_width=\u00a0\u00bb2&Prime; gap=\u00a0\u00bb10&Prime; css=\u00a0\u00bb\u00a0\u00bb initial_loading_animation=\u00a0\u00bbnone\u00a0\u00bb grid_id=\u00a0\u00bbvc_gid:1745325839691-90f0f59a-61aa-10&Prime; include=\u00a0\u00bb8050,8059,5785,5784,8061,8080,7514,5634&Prime;][\/vc_column][\/vc_row][vc_row full_width=\u00a0\u00bbstretch_row\u00a0\u00bb el_class=\u00a0\u00bbroom-gallery\u00a0\u00bb][vc_column][vc_column_text css=\u00a0\u00bb.vc_custom_1538727263467{margin-top: 70px !important;}\u00a0\u00bb] [\/vc_column_text][\/vc_column][\/vc_row][vc_row full_width=\u00a0\u00bbstretch_row\u00a0\u00bb el_class=\u00a0\u00bbroom-gallery\u00a0\u00bb][vc_column][vc_empty_space height=\u00a0\u00bb15px\u00a0\u00bb][vc_column_text css=\u00a0\u00bb.vc_custom_1564386733091{margin-top: 30px !important;}\u00a0\u00bb]Surface de la chambre 25m2. Cette Junior Suite dispose de peignoir, climatisation et minibar.[\/vc_column_text][\/vc_column][\/vc_row][vc_row][vc_column width=\u00a0\u00bb1\/4&Prime;][vc_column_text] Vue jardin Vue [&hellip;]<\/p>\n","protected":false},"author":24,"featured_media":4800,"parent":0,"menu_order":0,"comment_status":"closed","ping_status":"closed","template":"","meta":{"_acf_changed":false,"inline_featured_image":false,"footnotes":""},"class_list":["post-5816","page","type-page","status-publish","has-post-thumbnail","hentry"],"acf":[],"_links":{"self":[{"href":"https:\/\/www.santacroceboutiquehotel.com\/fr\/wp-json\/wp\/v2\/pages\/5816","targetHints":{"allow":["GET"]}}],"collection":[{"href":"https:\/\/www.santacroceboutiquehotel.com\/fr\/wp-json\/wp\/v2\/pages"}],"about":[{"href":"https:\/\/www.santacroceboutiquehotel.com\/fr\/wp-json\/wp\/v2\/types\/page"}],"author":[{"embeddable":true,"href":"https:\/\/www.santacroceboutiquehotel.com\/fr\/wp-json\/wp\/v2\/users\/24"}],"replies":[{"embeddable":true,"href":"https:\/\/www.santacroceboutiquehotel.com\/fr\/wp-json\/wp\/v2\/comments?post=5816"}],"version-history":[{"count":0,"href":"https:\/\/www.santacroceboutiquehotel.com\/fr\/wp-json\/wp\/v2\/pages\/5816\/revisions"}],"wp:featuredmedia":[{"embeddable":true,"href":"https:\/\/www.santacroceboutiquehotel.com\/fr\/wp-json\/wp\/v2\/media\/4800"}],"wp:attachment":[{"href":"https:\/\/www.santacroceboutiquehotel.com\/fr\/wp-json\/wp\/v2\/media?parent=5816"}],"curies":[{"name":"wp","href":"https:\/\/api.w.org\/{rel}","templated":true}]}}