{"id":5952,"date":"2018-11-15T16:28:26","date_gmt":"2018-11-15T15:28:26","guid":{"rendered":"https:\/\/www.santacroceboutiquehotel.com\/it\/?page_id=5952"},"modified":"2024-09-25T14:59:49","modified_gmt":"2024-09-25T12:59:49","slug":"home-2","status":"publish","type":"page","link":"https:\/\/www.santacroceboutiquehotel.com\/fr\/home-b\/","title":{"rendered":"Home b"},"content":{"rendered":"<div class=\"wpb-content-wrapper\"><p>[vc_row full_width=\u00a0\u00bbstretch_row_content_no_spaces\u00a0\u00bb css=\u00a0\u00bb.vc_custom_1532508963736{margin-top: 0px !important;margin-right: 0px !important;margin-bottom: 0px !important;margin-left: 0px !important;border-top-width: 0px !important;border-right-width: 0px !important;border-bottom-width: 0px !important;border-left-width: 0px !important;padding-top: 0px !important;padding-right: 0px !important;padding-bottom: 0px !important;padding-left: 0px !important;background-color: #f5f5f5 !important;}\u00a0\u00bb el_id=\u00a0\u00bbfirst-row\u00a0\u00bb][vc_column css=\u00a0\u00bb.vc_custom_1526996589350{margin: 0px !important;border-width: 0px !important;padding: 0px !important;}\u00a0\u00bb][vc_column_text css=\u00a0\u00bb.vc_custom_1538749791077{margin-top: 0px !important;margin-right: 0px !important;margin-bottom: 0px !important;margin-left: 0px !important;border-top-width: 0px !important;border-right-width: 0px !important;border-bottom-width: 0px !important;border-left-width: 0px !important;padding-top: 0px !important;padding-right: 0px !important;padding-bottom: 0px !important;padding-left: 0px !important;}\u00a0\u00bb]<\/p>\n<p class=\"home-italic-text\">Venise, ville unique et enchanteresse, riche en histoire, art et secrets.<br \/>\nLe Santa Croce Boutique Hotel est la meilleure fa\u00e7on de se retrouver dans la magie et les tradi-tions de la S\u00e9r\u00e9nissime.<\/p>\n<p class=\"home-italic-text-second\">L\u2019h\u00f4tel s\u2019ouvre sur un<strong> jardin secret, spacieux et coquet<\/strong>, rare joyau pour Venise, o\u00f9 les h\u00f4tes pour-ront se d\u00e9tendre apr\u00e8s une journ\u00e9e pass\u00e9e \u00e0 errer dans les ruelles et sur les places.<br \/>\nVous jouirez de la <strong>tranquillit\u00e9<\/strong> et de la <strong>paix<\/strong> qu\u2019offre notre emplacement, en partant \u00e0 la d\u00e9cou-verte de l\u2019enchantement d\u2019une ville unique, de sa lagune pleine de myst\u00e8res et de ses \u00eeles les plus belles : Murano, Burano et Torcello.<\/p>\n<p>[\/vc_column_text][\/vc_column][\/vc_row][vc_row full_width=\u00a0\u00bbstretch_row_content_no_spaces\u00a0\u00bb css=\u00a0\u00bb.vc_custom_1527062158195{margin-top: 0px !important;margin-right: 0px !important;margin-bottom: 0px !important;margin-left: 0px !important;border-top-width: 0px !important;border-right-width: 0px !important;border-bottom-width: 0px !important;border-left-width: 0px !important;padding-top: 0px !important;padding-right: 0px !important;padding-bottom: 0px !important;padding-left: 0px !important;}\u00a0\u00bb el_id=\u00a0\u00bbhotel-row\u00a0\u00bb el_class=\u00a0\u00bbcontainer\u00a0\u00bb][vc_column css=\u00a0\u00bb.vc_custom_1527061550552{margin-top: 0px !important;margin-right: 0px !important;margin-bottom: 0px !important;margin-left: 0px !important;border-top-width: 0px !important;border-right-width: 0px !important;border-bottom-width: 0px !important;border-left-width: 0px !important;padding-top: 0px !important;padding-right: 0px !important;padding-bottom: 0px !important;padding-left: 0px !important;}\u00a0\u00bb][vc_row_inner][vc_column_inner el_class=\u00a0\u00bbdescription-column\u00a0\u00bb width=\u00a0\u00bb1\/3&Prime;][vc_column_text]<\/p>\n<h1 class=\"divider-title\">H\u00d4TEL<\/h1>\n<p>[\/vc_column_text][vc_column_text css=\u00a0\u00bb.vc_custom_1533035816668{margin-top: 0px !important;margin-right: 0px !important;margin-bottom: 0px !important;margin-left: 0px !important;border-top-width: 0px !important;border-right-width: 0px !important;border-bottom-width: 0px !important;border-left-width: 0px !important;padding-top: 0px !important;padding-right: 0px !important;padding-bottom: 0px !important;padding-left: 0px !important;}\u00a0\u00bb]Situ\u00e9 dans le Sestiere de Santa Croce, la zone la plus authentique de la ville au c\u0153ur de la Vieille Venise, le <strong>Santa Croce Boutique Hotel<\/strong> vous permettra de vous promener et de vous d\u00e9tendre parmi les merveilleuses \u00e9glises et les palais historiques, o\u00f9 vous pourrez vous plonger dans la vie de Venise et de ses habitants, authentique et particuli\u00e8re.[\/vc_column_text][\/vc_column_inner][vc_column_inner el_class=\u00a0\u00bbimage-column\u00a0\u00bb width=\u00a0\u00bb2\/3&Prime;][vc_single_image image=\u00a0\u00bb5446&Prime; img_size=\u00a0\u00bbfull\u00a0\u00bb alignment=\u00a0\u00bbcenter\u00a0\u00bb css=\u00a0\u00bb.vc_custom_1539003382655{margin-top: 150px !important;margin-right: 0px !important;margin-bottom: 0px !important;margin-left: 0px !important;border-top-width: 0px !important;border-right-width: 0px !important;border-bottom-width: 0px !important;border-left-width: 0px !important;padding-top: 0px !important;padding-right: 0px !important;padding-bottom: 0px !important;padding-left: 0px !important;}\u00a0\u00bb][\/vc_column_inner][\/vc_row_inner][\/vc_column][\/vc_row][vc_row full_width=\u00a0\u00bbstretch_row_content_no_spaces\u00a0\u00bb css=\u00a0\u00bb.vc_custom_1527062549055{margin-top: 0px !important;margin-right: 0px !important;margin-bottom: 0px !important;margin-left: 0px !important;border-top-width: 0px !important;border-right-width: 0px !important;border-bottom-width: 0px !important;border-left-width: 0px !important;padding-top: 0px !important;padding-right: 0px !important;padding-bottom: 0px !important;padding-left: 0px !important;}\u00a0\u00bb el_id=\u00a0\u00bbthemes-row\u00a0\u00bb el_class=\u00a0\u00bbcontainer\u00a0\u00bb][vc_column css=\u00a0\u00bb.vc_custom_1527062525553{margin-top: 0px !important;margin-right: 0px !important;margin-bottom: 0px !important;margin-left: 0px !important;border-top-width: 0px !important;border-right-width: 0px !important;border-bottom-width: 0px !important;border-left-width: 0px !important;padding-top: 0px !important;padding-right: 0px !important;padding-bottom: 0px !important;padding-left: 0px !important;}\u00a0\u00bb][vc_row_inner equal_height=\u00a0\u00bbyes\u00a0\u00bb content_placement=\u00a0\u00bbmiddle\u00a0\u00bb][vc_column_inner el_class=\u00a0\u00bbdescription-column\u00a0\u00bb width=\u00a0\u00bb2\/3&Prime;][vc_column_text]<\/p>\n<h1 class=\"divider-title\">LES TH\u00c8MES<\/h1>\n<p>[\/vc_column_text][vc_column_text css=\u00a0\u00bb.vc_custom_1533035889777{margin-top: 0px !important;margin-right: 0px !important;margin-bottom: 0px !important;margin-left: 0px !important;border-top-width: 0px !important;border-right-width: 0px !important;border-bottom-width: 0px !important;border-left-width: 0px !important;padding-top: 0px !important;padding-right: 0px !important;padding-bottom: 0px !important;padding-left: 0px !important;}\u00a0\u00bb]Le Santa Croce Boutique Hotel est un h\u00f4tel exclusif qui dispose de <strong>15 chambres et suites<\/strong> de grande qualit\u00e9, finement meubl\u00e9es, chacune inspir\u00e9e \u00e0 des th\u00e8mes qui ram\u00e8nent \u00e0 des aspects uniques de l\u2019histoire v\u00e9nitienne : <strong>Les pierres de Venise, L\u2019Orient, Les Jardins Secrets <\/strong>et<strong> Les Cara-velles.<\/strong>[\/vc_column_text][\/vc_column_inner][vc_column_inner el_class=\u00a0\u00bbbutton-column\u00a0\u00bb width=\u00a0\u00bb1\/3&Prime;][vc_column_text]<\/p>\n<p style=\"text-align: center;\"><a class=\"btn-gold\" href=\"\/fr\/chambres\">Chambres<\/a><\/p>\n<p>[\/vc_column_text][\/vc_column_inner][\/vc_row_inner][vc_row_inner gap=\u00a0\u00bb10&Prime; el_class=\u00a0\u00bbthemes-image-block\u00a0\u00bb][vc_column_inner width=\u00a0\u00bb1\/4&Prime;][vc_single_image image=\u00a0\u00bb5228&Prime; img_size=\u00a0\u00bbfull\u00a0\u00bb onclick=\u00a0\u00bbcustom_link\u00a0\u00bb css=\u00a0\u00bb.vc_custom_1538749603441{margin-bottom: 0px !important;padding-bottom: 0px !important;}\u00a0\u00bb link=\u00a0\u00bb\/fr\/les-caravelles\/\u00a0\u00bb][vc_column_text el_class=\u00a0\u00bbtheme-text\u00a0\u00bb]<a href=\"\/fr\/les-caravelles\/\">LES CARAVELLES<\/a>[\/vc_column_text][\/vc_column_inner][vc_column_inner width=\u00a0\u00bb1\/4&Prime;][vc_single_image image=\u00a0\u00bb6015&Prime; img_size=\u00a0\u00bbfull\u00a0\u00bb onclick=\u00a0\u00bbcustom_link\u00a0\u00bb css=\u00a0\u00bb.vc_custom_1546426395326{margin-bottom: 0px !important;padding-bottom: 0px !important;}\u00a0\u00bb link=\u00a0\u00bb\/fr\/les-pierres-de-venise\/\u00a0\u00bb][vc_column_text el_class=\u00a0\u00bbtheme-text\u00a0\u00bb]<a href=\"\/fr\/les-pierres-de-venise\/\">LES PIERRES DE<br \/>\nVENISE<\/a>[\/vc_column_text][\/vc_column_inner][vc_column_inner width=\u00a0\u00bb1\/4&Prime;][vc_single_image image=\u00a0\u00bb5231&Prime; img_size=\u00a0\u00bbfull\u00a0\u00bb onclick=\u00a0\u00bbcustom_link\u00a0\u00bb css=\u00a0\u00bb.vc_custom_1538749652365{margin-bottom: 0px !important;padding-bottom: 0px !important;}\u00a0\u00bb link=\u00a0\u00bb\/fr\/lorient\/\u00a0\u00bb][vc_column_text el_class=\u00a0\u00bbtheme-text\u00a0\u00bb]<a href=\"\/fr\/lorient\/\">L\u2019ORIENT<\/a>[\/vc_column_text][\/vc_column_inner][vc_column_inner width=\u00a0\u00bb1\/4&Prime;][vc_single_image image=\u00a0\u00bb5232&Prime; img_size=\u00a0\u00bbfull\u00a0\u00bb onclick=\u00a0\u00bbcustom_link\u00a0\u00bb css=\u00a0\u00bb.vc_custom_1538749678336{margin-bottom: 0px !important;padding-bottom: 0px !important;}\u00a0\u00bb link=\u00a0\u00bb\/fr\/les-jardins-secrets\/\u00a0\u00bb][vc_column_text el_class=\u00a0\u00bbtheme-text\u00a0\u00bb]<a href=\"\/fr\/les-jardins-secrets\/\">LES JARDINS<br \/>\nSECRETS<\/a>[\/vc_column_text][\/vc_column_inner][\/vc_row_inner][\/vc_column][\/vc_row][vc_row full_width=\u00a0\u00bbstretch_row_content_no_spaces\u00a0\u00bb equal_height=\u00a0\u00bbyes\u00a0\u00bb content_placement=\u00a0\u00bbmiddle\u00a0\u00bb disable_element=\u00a0\u00bbyes\u00a0\u00bb css=\u00a0\u00bb.vc_custom_1538749439080{margin-top: 0px !important;margin-right: 0px !important;margin-bottom: 0px !important;margin-left: 0px !important;border-top-width: 0px !important;border-right-width: 0px !important;border-bottom-width: 0px !important;border-left-width: 0px !important;padding-top: 0px !important;padding-right: 0px !important;padding-bottom: 0px !important;padding-left: 0px !important;}\u00a0\u00bb el_id=\u00a0\u00bbfour-boxes\u00a0\u00bb][vc_column width=\u00a0\u00bb1\/4&Prime; css=\u00a0\u00bb.vc_custom_1527674400571{margin-top: 0px !important;margin-right: 0px !important;margin-bottom: 0px !important;margin-left: 0px !important;border-top-width: 0px !important;border-right-width: 0px !important;border-bottom-width: 0px !important;border-left-width: 0px !important;padding-top: 0px !important;padding-right: 0px !important;padding-bottom: 0px !important;padding-left: 0px !important;}\u00a0\u00bb el_class=\u00a0\u00bbsingle-box\u00a0\u00bb offset=\u00a0\u00bbvc_col-lg-3 vc_col-md-3 vc_col-xs-6&Prime;][vc_single_image image=\u00a0\u00bb5228&Prime; img_size=\u00a0\u00bbfull\u00a0\u00bb alignment=\u00a0\u00bbcenter\u00a0\u00bb onclick=\u00a0\u00bbcustom_link\u00a0\u00bb link=\u00a0\u00bb\/fr\/les-caravelles\/\u00a0\u00bb el_class=\u00a0\u00bbimg-box\u00a0\u00bb][vc_column_text el_class=\u00a0\u00bbtext-box\u00a0\u00bb]<a href=\"\/fr\/galerie-photo\/#caravelle\" class=\"broken_link\">LES CARAVELLES<\/a>[\/vc_column_text][\/vc_column][vc_column width=\u00a0\u00bb1\/4&Prime; el_class=\u00a0\u00bbsingle-box\u00a0\u00bb offset=\u00a0\u00bbvc_col-lg-3 vc_col-md-3 vc_col-xs-6&Prime;][vc_single_image image=\u00a0\u00bb5230&Prime; img_size=\u00a0\u00bbfull\u00a0\u00bb alignment=\u00a0\u00bbcenter\u00a0\u00bb onclick=\u00a0\u00bbcustom_link\u00a0\u00bb link=\u00a0\u00bb\/fr\/les-pierres-de-venise\/\u00a0\u00bb el_class=\u00a0\u00bbimg-box\u00a0\u00bb][vc_column_text el_class=\u00a0\u00bbtext-box\u00a0\u00bb]<a href=\"\/fr\/galerie-photo\/#pietre-venezia\" class=\"broken_link\">LES PIERRES DE VENISE<\/a>[\/vc_column_text][\/vc_column][vc_column width=\u00a0\u00bb1\/4&Prime; el_class=\u00a0\u00bbsingle-box\u00a0\u00bb offset=\u00a0\u00bbvc_col-lg-3 vc_col-md-3 vc_col-xs-6&Prime;][vc_single_image image=\u00a0\u00bb5231&Prime; img_size=\u00a0\u00bbfull\u00a0\u00bb alignment=\u00a0\u00bbcenter\u00a0\u00bb onclick=\u00a0\u00bbcustom_link\u00a0\u00bb link=\u00a0\u00bb\/fr\/lorient\/\u00a0\u00bb el_class=\u00a0\u00bbimg-box\u00a0\u00bb][vc_column_text el_class=\u00a0\u00bbtext-box\u00a0\u00bb]<a href=\"\/fr\/galerie-photo\/#oriente\" class=\"broken_link\">L&rsquo;ORIENT<\/a>[\/vc_column_text][\/vc_column][vc_column width=\u00a0\u00bb1\/4&Prime; el_class=\u00a0\u00bbsingle-box\u00a0\u00bb offset=\u00a0\u00bbvc_col-lg-3 vc_col-md-3 vc_col-xs-6&Prime;][vc_single_image image=\u00a0\u00bb5232&Prime; img_size=\u00a0\u00bbfull\u00a0\u00bb alignment=\u00a0\u00bbcenter\u00a0\u00bb onclick=\u00a0\u00bbcustom_link\u00a0\u00bb link=\u00a0\u00bb\/fr\/les-jardins-secrets\/\u00a0\u00bb el_class=\u00a0\u00bbimg-box\u00a0\u00bb][vc_column_text el_class=\u00a0\u00bbtext-box\u00a0\u00bb]<a href=\"\/fr\/galerie-photo\/#giardini-segreti\" class=\"broken_link\">LES JARDINS SECRETS<\/a>[\/vc_column_text][\/vc_column][\/vc_row][vc_row full_width=\u00a0\u00bbstretch_row_content_no_spaces\u00a0\u00bb css=\u00a0\u00bb.vc_custom_1538745885242{margin-top: 0px !important;margin-right: 0px !important;margin-bottom: 0px !important;margin-left: 0px !important;border-top-width: 0px !important;border-right-width: 0px !important;border-bottom-width: 0px !important;border-left-width: 0px !important;padding-top: 0px !important;padding-right: 0px !important;padding-bottom: 0px !important;padding-left: 0px !important;}\u00a0\u00bb el_class=\u00a0\u00bbcontainer reviews-row\u00a0\u00bb el_id=\u00a0\u00bbreviews-row\u00a0\u00bb][vc_column width=\u00a0\u00bb1\/3&Prime; css=\u00a0\u00bb.vc_custom_1527062525553{margin-top: 0px !important;margin-right: 0px !important;margin-bottom: 0px !important;margin-left: 0px !important;border-top-width: 0px !important;border-right-width: 0px !important;border-bottom-width: 0px !important;border-left-width: 0px !important;padding-top: 0px !important;padding-right: 0px !important;padding-bottom: 0px !important;padding-left: 0px !important;}\u00a0\u00bb][vc_single_image image=\u00a0\u00bb5372&Prime; img_size=\u00a0\u00bbfull\u00a0\u00bb css=\u00a0\u00bb.vc_custom_1539002649328{margin-top: 0px !important;margin-right: 0px !important;margin-bottom: 0px !important;margin-left: 0px !important;padding-top: 0px !important;padding-right: 0px !important;padding-bottom: 0px !important;padding-left: 0px !important;}\u00a0\u00bb][\/vc_column][vc_column width=\u00a0\u00bb2\/3&Prime;][vc_column_text el_class=\u00a0\u00bbblock-text\u00a0\u00bb]Je suis Luca, R\u00e9ceptionniste. L\u2019\u00e9quipe du Santa Croce Boutique Hotel et moi-m\u00eame sommes \u00e0 votre disposition pour que votre s\u00e9jour dans la merveilleuse ville de Venise soit inoubliable.<\/p>\n<p>Les vacanciers qui ont d\u00e9j\u00e0 s\u00e9journ\u00e9 chez nous sont enthousiastes, n\u2019h\u00e9sitez pas \u00e0 nous contacter pour toute information susceptible de transformer votre r\u00eave de Venise en r\u00e9alit\u00e9.[\/vc_column_text][vc_row_inner content_placement=\u00a0\u00bbtop\u00a0\u00bb][vc_column_inner el_class=\u00a0\u00bbdescription-column\u00a0\u00bb width=\u00a0\u00bb1\/3&Prime; css=\u00a0\u00bb.vc_custom_1538745335149{margin-top: 0px !important;margin-right: 0px !important;margin-bottom: 0px !important;margin-left: 0px !important;}\u00a0\u00bb][vc_column_text el_class=\u00a0\u00bbblock-google\u00a0\u00bb]<img decoding=\"async\" class=\"google-image alignnone wp-image-5271\" src=\"https:\/\/www.santacroceboutiquehotel.com\/wp-content\/uploads\/2018\/10\/logo-google-small.png\" alt=\"\" width=\"110\" height=\"39\" \/><\/p>\n<p class=\"punteggio-google\">5,0 <i class=\"fa fa-star\" aria-hidden=\"true\"><\/i><i class=\"fa fa-star\" aria-hidden=\"true\"><\/i><i class=\"fa fa-star\" aria-hidden=\"true\"><\/i><i class=\"fa fa-star\" aria-hidden=\"true\"><\/i><i class=\"fa fa-star\" aria-hidden=\"true\"><\/i><\/p>\n<p>[\/vc_column_text][\/vc_column_inner][vc_column_inner width=\u00a0\u00bb1\/3&Prime;][vc_column_text el_class=\u00a0\u00bbblock-booking\u00a0\u00bb]<\/p>\n<p><img decoding=\"async\" class=\"logo-booking alignnone wp-image-5270\" src=\"https:\/\/www.santacroceboutiquehotel.com\/wp-content\/uploads\/2018\/10\/logo-booking-small.png\" alt=\"\" width=\"110\" height=\"39\" \/><\/p>\n<p class=\"title-booking\"><span class=\"title\">Exceptionnel<\/span><\/p>\n<p class=\"punteggio-booking-home\">9,6<\/p>\n<p>[\/vc_column_text][\/vc_column_inner][vc_column_inner el_class=\u00a0\u00bbbutton-column\u00a0\u00bb width=\u00a0\u00bb1\/3&Prime;][vc_column_text el_class=\u00a0\u00bbblock-tripadvisor\u00a0\u00bb]<img decoding=\"async\" class=\"logo-tripadvisor alignnone wp-image-5272\" src=\"https:\/\/www.santacroceboutiquehotel.com\/wp-content\/uploads\/2018\/10\/logo-tripadvisor.png\" alt=\"\" width=\"110\" height=\"39\" \/><br \/>\n<i class=\"fa fa-circle\" aria-hidden=\"true\"><\/i> <i class=\"fa fa-circle\" aria-hidden=\"true\"><\/i> <i class=\"fa fa-circle\" aria-hidden=\"true\"><\/i> <i class=\"fa fa-circle\" aria-hidden=\"true\"><\/i> <i class=\"fa fa-circle\" aria-hidden=\"true\"><\/i>[\/vc_column_text][\/vc_column_inner][\/vc_row_inner][vc_column_text el_class=\u00a0\u00bbblock-text\u00a0\u00bb]<\/p>\n<div class=\"divider-gold\"><\/div>\n<p style=\"text-align: center;\">Luca<br \/>\nFront Office Agent<\/p>\n<p>[\/vc_column_text][\/vc_column][\/vc_row][vc_row full_width=\u00a0\u00bbstretch_row_content_no_spaces\u00a0\u00bb css=\u00a0\u00bb.vc_custom_1531222199194{margin-top: 0px !important;margin-right: 0px !important;margin-bottom: 0px !important;margin-left: 0px !important;border-top-width: 0px !important;border-right-width: 0px !important;border-bottom-width: 0px !important;border-left-width: 0px !important;padding-top: 0px !important;padding-right: 0px !important;padding-bottom: 0px !important;padding-left: 0px !important;}\u00a0\u00bb el_id=\u00a0\u00bbwhere-row\u00a0\u00bb el_class=\u00a0\u00bbcontainer\u00a0\u00bb][vc_column css=\u00a0\u00bb.vc_custom_1527079348989{margin-top: 0px !important;margin-right: 0px !important;margin-bottom: 0px !important;margin-left: 0px !important;border-top-width: 0px !important;border-right-width: 0px !important;border-bottom-width: 0px !important;border-left-width: 0px !important;padding-top: 0px !important;padding-right: 0px !important;padding-bottom: 0px !important;padding-left: 0px !important;}\u00a0\u00bb][vc_row_inner equal_height=\u00a0\u00bbyes\u00a0\u00bb content_placement=\u00a0\u00bbmiddle\u00a0\u00bb][vc_column_inner el_class=\u00a0\u00bbhalf-column\u00a0\u00bb css=\u00a0\u00bb.vc_custom_1531222251429{margin-bottom: 20px !important;}\u00a0\u00bb][vc_column_text css=\u00a0\u00bb.vc_custom_1532506520710{margin-top: 0px !important;margin-right: 0px !important;margin-bottom: 0px !important;margin-left: 0px !important;border-top-width: 0px !important;border-right-width: 0px !important;border-bottom-width: 0px !important;border-left-width: 0px !important;padding-top: 0px !important;padding-right: 0px !important;padding-bottom: 0px !important;padding-left: 0px !important;}\u00a0\u00bb]<\/p>\n<h1 class=\"divider-title\">LOCATION<\/h1>\n<p>[\/vc_column_text][vc_column_text css=\u00a0\u00bb.vc_custom_1533036280172{margin-top: 20px !important;margin-right: 0px !important;margin-bottom: 0px !important;margin-left: 0px !important;border-top-width: 0px !important;border-right-width: 0px !important;border-bottom-width: 0px !important;border-left-width: 0px !important;padding-top: 0px !important;padding-right: 0px !important;padding-bottom: 0px !important;padding-left: 0px !important;}\u00a0\u00bb]\u00c0 quelques pas du <strong>Ghetto Juif<\/strong> le plus ancien d\u2019Europe et <strong>des plus belles \u00e9glises de Venise<\/strong>, comme l\u2019\u00e9glise des Frari et la Scuola Grande de San Rocco o\u00f9 vous d\u00e9couvrirez les plus grands <strong>chefs-d\u2019\u0153uvre de Tintoretto.<\/strong><\/p>\n<p>En quelques minutes, vous arriverez au <strong>Pont de Rialto et sur la Place Saint-Marc.<\/strong><\/p>\n<p>Dans le voisinage, les bistrots et les auberges v\u00e9nitiens vous feront savourer tous les plats typiques de la cuisine locale et \u00e9couter un concert, assis pr\u00e8s d\u2019un canal enchant\u00e9.[\/vc_column_text][\/vc_column_inner][\/vc_row_inner][\/vc_column][\/vc_row][vc_row full_width=\u00a0\u00bbstretch_row_content_no_spaces\u00a0\u00bb css=\u00a0\u00bb.vc_custom_1530170557434{margin-top: 0px !important;margin-right: 0px !important;margin-bottom: 0px !important;margin-left: 0px !important;border-top-width: 0px !important;border-right-width: 0px !important;border-bottom-width: 0px !important;border-left-width: 0px !important;padding-top: 0px !important;padding-right: 0px !important;padding-bottom: 0px !important;padding-left: 0px !important;}\u00a0\u00bb el_id=\u00a0\u00bbmap-row\u00a0\u00bb][vc_column css=\u00a0\u00bb.vc_custom_1530170518790{margin: 0px !important;border-width: 0px !important;padding: 0px !important;}\u00a0\u00bb][vc_single_image image=\u00a0\u00bb4559&Prime; img_size=\u00a0\u00bbfull\u00a0\u00bb alignment=\u00a0\u00bbcenter\u00a0\u00bb onclick=\u00a0\u00bbcustom_link\u00a0\u00bb css=\u00a0\u00bb.vc_custom_1533036306565{margin-top: 0px !important;margin-right: 0px !important;margin-bottom: 0px !important;margin-left: 0px !important;border-top-width: 0px !important;border-right-width: 0px !important;border-bottom-width: 0px !important;border-left-width: 0px !important;padding-top: 0px !important;padding-right: 0px !important;padding-bottom: 0px !important;padding-left: 0px !important;}\u00a0\u00bb link=\u00a0\u00bb\/fr\/location\/\u00a0\u00bb][\/vc_column][\/vc_row][vc_row full_width=\u00a0\u00bbstretch_row_content_no_spaces\u00a0\u00bb css=\u00a0\u00bb.vc_custom_1527080607092{margin-top: 0px !important;margin-right: 0px !important;margin-bottom: 0px !important;margin-left: 0px !important;border-top-width: 0px !important;border-right-width: 0px !important;border-bottom-width: 0px !important;border-left-width: 0px !important;padding-top: 0px !important;padding-right: 0px !important;padding-bottom: 0px !important;padding-left: 0px !important;}\u00a0\u00bb el_class=\u00a0\u00bbcontainer\u00a0\u00bb el_id=\u00a0\u00bbwhere-desc-row\u00a0\u00bb][vc_column css=\u00a0\u00bb.vc_custom_1527062525553{margin-top: 0px !important;margin-right: 0px !important;margin-bottom: 0px !important;margin-left: 0px !important;border-top-width: 0px !important;border-right-width: 0px !important;border-bottom-width: 0px !important;border-left-width: 0px !important;padding-top: 0px !important;padding-right: 0px !important;padding-bottom: 0px !important;padding-left: 0px !important;}\u00a0\u00bb][vc_empty_space height=\u00a0\u00bb40px\u00a0\u00bb][vc_row_inner equal_height=\u00a0\u00bbyes\u00a0\u00bb content_placement=\u00a0\u00bbmiddle\u00a0\u00bb][vc_column_inner el_class=\u00a0\u00bbdescription-column\u00a0\u00bb width=\u00a0\u00bb2\/3&Prime;][vc_column_text css=\u00a0\u00bb.vc_custom_1533037475246{margin-top: 0px !important;margin-right: 0px !important;margin-bottom: 0px !important;margin-left: 0px !important;border-top-width: 0px !important;border-right-width: 0px !important;border-bottom-width: 0px !important;border-left-width: 0px !important;padding-top: 0px !important;padding-right: 0px !important;padding-bottom: 0px !important;padding-left: 0px !important;}\u00a0\u00bb]Le <strong>Santa Croce Boutique Hotel est situ\u00e9 dans le Sestiere de Santa Croce, la zone la plus authentique de la ville au c\u0153ur de la Vieille Venise<\/strong>, o\u00f9 vous pourrez vous plonger dans la vie de Venise et de ses habitants, authentique et particuli\u00e8re.[\/vc_column_text][\/vc_column_inner][vc_column_inner el_class=\u00a0\u00bbbutton-column\u00a0\u00bb width=\u00a0\u00bb1\/3&Prime;][vc_column_text]<\/p>\n<p style=\"text-align: center;\"><a class=\"btn-gold\" href=\"\/fr\/location\/\">Plan<\/a><\/p>\n<p>[\/vc_column_text][\/vc_column_inner][\/vc_row_inner][vc_empty_space height=\u00a0\u00bb40px\u00a0\u00bb][\/vc_column][\/vc_row]<\/p>\n<\/div>","protected":false},"excerpt":{"rendered":"<p>[vc_row full_width=\u00a0\u00bbstretch_row_content_no_spaces\u00a0\u00bb css=\u00a0\u00bb.vc_custom_1532508963736{margin-top: 0px !important;margin-right: 0px !important;margin-bottom: 0px !important;margin-left: 0px !important;border-top-width: 0px !important;border-right-width: 0px !important;border-bottom-width: 0px !important;border-left-width: 0px !important;padding-top: 0px !important;padding-right: 0px !important;padding-bottom: 0px !important;padding-left: 0px !important;background-color: #f5f5f5 !important;}\u00a0\u00bb el_id=\u00a0\u00bbfirst-row\u00a0\u00bb][vc_column css=\u00a0\u00bb.vc_custom_1526996589350{margin: 0px !important;border-width: 0px !important;padding: 0px !important;}\u00a0\u00bb][vc_column_text css=\u00a0\u00bb.vc_custom_1538749791077{margin-top: 0px !important;margin-right: 0px !important;margin-bottom: 0px !important;margin-left: 0px !important;border-top-width: 0px !important;border-right-width: 0px !important;border-bottom-width: 0px !important;border-left-width: 0px !important;padding-top: 0px [&hellip;]<\/p>\n","protected":false},"author":24,"featured_media":0,"parent":0,"menu_order":0,"comment_status":"closed","ping_status":"open","template":"","meta":{"_acf_changed":false,"inline_featured_image":false,"footnotes":""},"class_list":["post-5952","page","type-page","status-publish","hentry"],"acf":[],"_links":{"self":[{"href":"https:\/\/www.santacroceboutiquehotel.com\/fr\/wp-json\/wp\/v2\/pages\/5952","targetHints":{"allow":["GET"]}}],"collection":[{"href":"https:\/\/www.santacroceboutiquehotel.com\/fr\/wp-json\/wp\/v2\/pages"}],"about":[{"href":"https:\/\/www.santacroceboutiquehotel.com\/fr\/wp-json\/wp\/v2\/types\/page"}],"author":[{"embeddable":true,"href":"https:\/\/www.santacroceboutiquehotel.com\/fr\/wp-json\/wp\/v2\/users\/24"}],"replies":[{"embeddable":true,"href":"https:\/\/www.santacroceboutiquehotel.com\/fr\/wp-json\/wp\/v2\/comments?post=5952"}],"version-history":[{"count":0,"href":"https:\/\/www.santacroceboutiquehotel.com\/fr\/wp-json\/wp\/v2\/pages\/5952\/revisions"}],"wp:attachment":[{"href":"https:\/\/www.santacroceboutiquehotel.com\/fr\/wp-json\/wp\/v2\/media?parent=5952"}],"curies":[{"name":"wp","href":"https:\/\/api.w.org\/{rel}","templated":true}]}}