{"id":6390,"date":"2020-05-19T13:09:11","date_gmt":"2020-05-19T11:09:11","guid":{"rendered":"https:\/\/www.santacroceboutiquehotel.com\/it\/?page_id=6390"},"modified":"2026-01-09T14:14:41","modified_gmt":"2026-01-09T13:14:41","slug":"privacy-policy-2-2-2-2-3-2","status":"publish","type":"page","link":"https:\/\/www.santacroceboutiquehotel.com\/fr\/petit-dejeuner\/","title":{"rendered":"P\u00e9tit dejeuner"},"content":{"rendered":"<div class=\"wpb-content-wrapper\"><p>[vc_row][vc_column][vc_raw_html]JTNDZGl2JTIwY2xhc3MlM0QlMjJudWRnZS1ib3glMjIlM0VFeGNlbGxlbnQlM0NiciUzRXBldGl0LWQlQzMlQTlqZXVuZXIlM0MlMkZkaXYlM0U=[\/vc_raw_html][\/vc_column][\/vc_row][vc_row full_width=\u00a0\u00bbstretch_row\u00a0\u00bb css=\u00a0\u00bb.vc_custom_1530181273529{margin-top: 0px !important;margin-bottom: 0px !important;}\u00a0\u00bb][vc_column width=\u00a0\u00bb1\/3&Prime; el_class=\u00a0\u00bbhalf-column\u00a0\u00bb][vc_column_text]<\/p>\n<h1 class=\"divider-title\">P\u00e9tit dejeuner<\/h1>\n<p>[\/vc_column_text][vc_column_text css=\u00a0\u00bb.vc_custom_1532961966874{margin-top: 30px !important;}\u00a0\u00bb]<\/p>\n<p class=\"p1\"><span class=\"s1\">Notre \u00e9quipe d\u00e9di\u00e9e aux petits d\u00e9jeuners est pr\u00eate \u00e0 vous accueillir dans notre salle \u00e9l\u00e9gante, en vous servant un <strong>petit d\u00e9jeuner copieux au buffet<\/strong> et des <strong>plats chauds pr\u00e9par\u00e9s \u00e0 l\u2019instant<\/strong> pour les palais les plus raffin\u00e9s.<\/span><\/p>\n<p>La d\u00e9gustation des saveurs de notre territoire commence justement par le petit d\u00e9jeuner qui propose \u00e9galement les mets de la <strong>cuisine internationale<\/strong>, ainsi que des produits pour les personnes souffrant <strong>d\u2019intol\u00e9rances ou d\u2019allergies alimentaires<\/strong>, sans pour autant renoncer \u00e0 mettre la saveur en valeur.[\/vc_column_text][\/vc_column][vc_column width=\u00a0\u00bb2\/3&Prime; css=\u00a0\u00bb.vc_custom_1589892345217{margin-top: 40px !important;}\u00a0\u00bb][vc_media_grid element_width=\u00a0\u00bb6&Prime; css=\u00a0\u00bb\u00a0\u00bb grid_id=\u00a0\u00bbvc_gid:1767964392571-05252fe7-d53a-6&Prime; include=\u00a0\u00bb8490,8481,6202,8485&Prime;][\/vc_column][\/vc_row][vc_row full_width=\u00a0\u00bbstretch_row\u00a0\u00bb css=\u00a0\u00bb.vc_custom_1589270536992{margin-top: 0px !important;margin-bottom: 0px !important;}\u00a0\u00bb][vc_column width=\u00a0\u00bb1\/2&Prime;][vc_column_text css=\u00a0\u00bb.vc_custom_1589270444519{margin-top: 30px !important;}\u00a0\u00bb]<\/p>\n<ul style=\"line-height: 30px; list-style-type: circle;\">\n<li><strong>Express products,<\/strong> from the kitchen to the Guests<\/li>\n<li>All the dishes and cutlery are washed in the dishwasher at temperatures above 70 \u00b0, detergents under medical supervision, dried with disposable paper<\/li>\n<li>Breakfast upon reservation in different shifts<\/li>\n<li><strong>Total sanitization of the room<\/strong> at the beginning, end of breakfast, between one shift and the next, change meis en place \/ table linen, sanitizing chairs and tables<\/li>\n<li>Ventilated room between one shift and another.<\/li>\n<li><strong>Safety distance<\/strong> (2 meters between each table, maximum 5 rooms at a time)<\/li>\n<\/ul>\n<p>[\/vc_column_text][\/vc_column][vc_column width=\u00a0\u00bb1\/2&Prime;][vc_column_text css=\u00a0\u00bb.vc_custom_1589270525122{margin-top: 30px !important;}\u00a0\u00bb]<\/p>\n<ul style=\"line-height: 30px; list-style-type: circle;\">\n<li><strong>Hands sanitizer available<\/strong> at the entrance and exit of the Breakfast Room<\/li>\n<li>Staff equipped with masks and gloves<\/li>\n<li><strong>Continuous air recirculation equipment<\/strong><\/li>\n<li>Supply of technical data sheets for all sanitization products.<\/li>\n<\/ul>\n<p>Furthermore&#8230;<\/p>\n<ul style=\"line-height: 30px; list-style-type: circle;\">\n<li><strong>Breakfast in our secret garden<\/strong> surrounded by a fantastic sunny day<\/li>\n<li>Breakfast in the room without supplement.<\/li>\n<\/ul>\n<p>[\/vc_column_text][\/vc_column][\/vc_row]<\/p>\n<\/div>","protected":false},"excerpt":{"rendered":"<p>[vc_row][vc_column][vc_raw_html]JTNDZGl2JTIwY2xhc3MlM0QlMjJudWRnZS1ib3glMjIlM0VFeGNlbGxlbnQlM0NiciUzRXBldGl0LWQlQzMlQTlqZXVuZXIlM0MlMkZkaXYlM0U=[\/vc_raw_html][\/vc_column][\/vc_row][vc_row full_width=\u00a0\u00bbstretch_row\u00a0\u00bb css=\u00a0\u00bb.vc_custom_1530181273529{margin-top: 0px !important;margin-bottom: 0px !important;}\u00a0\u00bb][vc_column width=\u00a0\u00bb1\/3&Prime; el_class=\u00a0\u00bbhalf-column\u00a0\u00bb][vc_column_text] P\u00e9tit dejeuner [\/vc_column_text][vc_column_text css=\u00a0\u00bb.vc_custom_1532961966874{margin-top: 30px !important;}\u00a0\u00bb] Notre \u00e9quipe d\u00e9di\u00e9e aux petits d\u00e9jeuners est pr\u00eate \u00e0 vous accueillir dans notre salle \u00e9l\u00e9gante, en vous servant un petit d\u00e9jeuner copieux au buffet et des plats chauds pr\u00e9par\u00e9s \u00e0 l\u2019instant pour les palais les plus raffin\u00e9s. La d\u00e9gustation des [&hellip;]<\/p>\n","protected":false},"author":24,"featured_media":6394,"parent":0,"menu_order":0,"comment_status":"closed","ping_status":"closed","template":"","meta":{"_acf_changed":false,"inline_featured_image":false,"footnotes":""},"class_list":["post-6390","page","type-page","status-publish","has-post-thumbnail","hentry"],"acf":[],"_links":{"self":[{"href":"https:\/\/www.santacroceboutiquehotel.com\/fr\/wp-json\/wp\/v2\/pages\/6390","targetHints":{"allow":["GET"]}}],"collection":[{"href":"https:\/\/www.santacroceboutiquehotel.com\/fr\/wp-json\/wp\/v2\/pages"}],"about":[{"href":"https:\/\/www.santacroceboutiquehotel.com\/fr\/wp-json\/wp\/v2\/types\/page"}],"author":[{"embeddable":true,"href":"https:\/\/www.santacroceboutiquehotel.com\/fr\/wp-json\/wp\/v2\/users\/24"}],"replies":[{"embeddable":true,"href":"https:\/\/www.santacroceboutiquehotel.com\/fr\/wp-json\/wp\/v2\/comments?post=6390"}],"version-history":[{"count":0,"href":"https:\/\/www.santacroceboutiquehotel.com\/fr\/wp-json\/wp\/v2\/pages\/6390\/revisions"}],"wp:featuredmedia":[{"embeddable":true,"href":"https:\/\/www.santacroceboutiquehotel.com\/fr\/wp-json\/wp\/v2\/media\/6394"}],"wp:attachment":[{"href":"https:\/\/www.santacroceboutiquehotel.com\/fr\/wp-json\/wp\/v2\/media?parent=6390"}],"curies":[{"name":"wp","href":"https:\/\/api.w.org\/{rel}","templated":true}]}}