{"id":6696,"date":"2023-01-17T12:43:10","date_gmt":"2023-01-17T11:43:10","guid":{"rendered":"https:\/\/www.santacroceboutiquehotel.com\/?page_id=6696"},"modified":"2025-06-30T10:50:29","modified_gmt":"2025-06-30T08:50:29","slug":"giardino","status":"publish","type":"page","link":"https:\/\/www.santacroceboutiquehotel.com\/fr\/jardin\/","title":{"rendered":"Jardin"},"content":{"rendered":"<div class=\"wpb-content-wrapper\"><p>[vc_row full_width=\u00a0\u00bbstretch_row\u00a0\u00bb css=\u00a0\u00bb.vc_custom_1532508971877{margin-top: 0px !important;margin-right: 0px !important;margin-bottom: 0px !important;margin-left: 0px !important;border-top-width: 0px !important;border-right-width: 0px !important;border-bottom-width: 0px !important;border-left-width: 0px !important;padding-top: 0px !important;padding-right: 0px !important;padding-bottom: 0px !important;padding-left: 0px !important;background-color: #f5f5f5 !important;}\u00a0\u00bb][vc_column][vc_column_text el_class=\u00a0\u00bbrow-text-gray-block\u00a0\u00bb]<\/p>\n<p style=\"text-align: center;\"><span style=\"font-family: Playfair Display; font-style: italic; font-size: 24px;\">Situ\u00e9 au c\u0153ur de Venise mais dans un environnement verdoyant, ce lieu secret offre une alternative agr\u00e9able aux ruelles (calli) fr\u00e9n\u00e9tiques du centre historique.<br \/>\nUn espace intime pour passer des moments inoubliables de paix et de d\u00e9tente, pour vivre Venise d&rsquo;une mani\u00e8re encore plus authentique et immersive.<\/span><\/p>\n<p>[\/vc_column_text][\/vc_column][\/vc_row][vc_row full_width=\u00a0\u00bbstretch_row\u00a0\u00bb css=\u00a0\u00bb.vc_custom_1530181273529{margin-top: 0px !important;margin-bottom: 0px !important;}\u00a0\u00bb][vc_column el_class=\u00a0\u00bbhalf-column\u00a0\u00bb][vc_column_text]<\/p>\n<h1 class=\"divider-title\">Jardin<\/h1>\n<p>[\/vc_column_text][\/vc_column][vc_column][vc_media_grid element_width=\u00a0\u00bb6&Prime; css=\u00a0\u00bb\u00a0\u00bb grid_id=\u00a0\u00bbvc_gid:1751273405488-8b194664-6efc-5&Prime; include=\u00a0\u00bb6651,6650,6647,6648&Prime;][\/vc_column][\/vc_row]<\/p>\n<\/div>","protected":false},"excerpt":{"rendered":"<p>[vc_row full_width=\u00a0\u00bbstretch_row\u00a0\u00bb css=\u00a0\u00bb.vc_custom_1532508971877{margin-top: 0px !important;margin-right: 0px !important;margin-bottom: 0px !important;margin-left: 0px !important;border-top-width: 0px !important;border-right-width: 0px !important;border-bottom-width: 0px !important;border-left-width: 0px !important;padding-top: 0px !important;padding-right: 0px !important;padding-bottom: 0px !important;padding-left: 0px !important;background-color: #f5f5f5 !important;}\u00a0\u00bb][vc_column][vc_column_text el_class=\u00a0\u00bbrow-text-gray-block\u00a0\u00bb] Situ\u00e9 au c\u0153ur de Venise mais dans un environnement verdoyant, ce lieu secret offre une alternative agr\u00e9able aux ruelles (calli) fr\u00e9n\u00e9tiques du centre historique. Un [&hellip;]<\/p>\n","protected":false},"author":24,"featured_media":6652,"parent":0,"menu_order":0,"comment_status":"closed","ping_status":"closed","template":"","meta":{"_acf_changed":false,"inline_featured_image":false,"footnotes":""},"class_list":["post-6696","page","type-page","status-publish","has-post-thumbnail","hentry"],"acf":[],"_links":{"self":[{"href":"https:\/\/www.santacroceboutiquehotel.com\/fr\/wp-json\/wp\/v2\/pages\/6696","targetHints":{"allow":["GET"]}}],"collection":[{"href":"https:\/\/www.santacroceboutiquehotel.com\/fr\/wp-json\/wp\/v2\/pages"}],"about":[{"href":"https:\/\/www.santacroceboutiquehotel.com\/fr\/wp-json\/wp\/v2\/types\/page"}],"author":[{"embeddable":true,"href":"https:\/\/www.santacroceboutiquehotel.com\/fr\/wp-json\/wp\/v2\/users\/24"}],"replies":[{"embeddable":true,"href":"https:\/\/www.santacroceboutiquehotel.com\/fr\/wp-json\/wp\/v2\/comments?post=6696"}],"version-history":[{"count":0,"href":"https:\/\/www.santacroceboutiquehotel.com\/fr\/wp-json\/wp\/v2\/pages\/6696\/revisions"}],"wp:featuredmedia":[{"embeddable":true,"href":"https:\/\/www.santacroceboutiquehotel.com\/fr\/wp-json\/wp\/v2\/media\/6652"}],"wp:attachment":[{"href":"https:\/\/www.santacroceboutiquehotel.com\/fr\/wp-json\/wp\/v2\/media?parent=6696"}],"curies":[{"name":"wp","href":"https:\/\/api.w.org\/{rel}","templated":true}]}}