{"id":7949,"date":"2025-04-10T15:52:17","date_gmt":"2025-04-10T13:52:17","guid":{"rendered":"https:\/\/www.santacroceboutiquehotel.com\/it\/?page_id=7949"},"modified":"2026-02-05T10:25:12","modified_gmt":"2026-02-05T09:25:12","slug":"privacy-policy-2-2-2-2-3-3-2","status":"publish","type":"page","link":"https:\/\/www.santacroceboutiquehotel.com\/fr\/lounge-bar\/","title":{"rendered":"Lounge bar"},"content":{"rendered":"<div class=\"wpb-content-wrapper\"><p><\/p>\n<p>[vc_row full_width=\u00a0\u00bbstretch_row\u00a0\u00bb css=\u00a0\u00bb.vc_custom_1530181273529{margin-top: 0px !important;margin-bottom: 0px !important;}\u00a0\u00bb][vc_column width=\u00a0\u00bb1\/3&Prime; el_class=\u00a0\u00bbhalf-column\u00a0\u00bb][vc_column_text css=\u00a0\u00bb\u00a0\u00bb]<\/p>\n<h1 class=\"divider-title\">Lounge bar<\/h1>\n<p>[\/vc_column_text][vc_column_text css=\u00a0\u00bb.vc_custom_1744362086512{margin-top: 30px !important;}\u00a0\u00bb]<strong>Une oasis de style et de d\u00e9tente au c\u0153ur de Venise<\/strong>. Notre <strong>Lounge Bar<\/strong> est l\u2019endroit id\u00e9al pour un ap\u00e9ritif ou un cocktail, dans une atmosph\u00e8re intime aux lumi\u00e8res tamis\u00e9es et aux d\u00e9tails soign\u00e9s. Nos barmen cr\u00e9eront des cocktails sur mesure, inspir\u00e9s de vos go\u00fbts et enrichis de saveurs authentiques du terroir.[\/vc_column_text][vc_btn title=\u00a0\u00bbD\u00e9couvrez le Lounge Bar\u00a0\u00bb style=\u00a0\u00bbcustom\u00a0\u00bb custom_background=\u00a0\u00bb#c6ab70&Prime; custom_text=\u00a0\u00bb#ffffff\u00a0\u00bb shape=\u00a0\u00bbsquare\u00a0\u00bb align=\u00a0\u00bbleft\u00a0\u00bb css=\u00a0\u00bb\u00a0\u00bb link=\u00a0\u00bburl:https%3A%2F%2Fwww.boutiquelounge.it%2Fen%2F|target:_blank\u00a0\u00bb el_class=\u00a0\u00bbbtn-inline\u00a0\u00bb][\/vc_column][vc_column width=\u00a0\u00bb2\/3&Prime;][vc_empty_space height=\u00a0\u00bb50px\u00a0\u00bb][vc_media_grid element_width=\u00a0\u00bb6&Prime; css=\u00a0\u00bb\u00a0\u00bb grid_id=\u00a0\u00bbvc_gid:1770283453479-a6756f3c-d839-4&Prime; include=\u00a0\u00bb7953,8583,8584,7956&Prime;][\/vc_column][\/vc_row][vc_row full_width=\u00a0\u00bbstretch_row\u00a0\u00bb css=\u00a0\u00bb.vc_custom_1532508971877{margin-top: 0px !important;margin-right: 0px !important;margin-bottom: 0px !important;margin-left: 0px !important;border-top-width: 0px !important;border-right-width: 0px !important;border-bottom-width: 0px !important;border-left-width: 0px !important;padding-top: 0px !important;padding-right: 0px !important;padding-bottom: 0px !important;padding-left: 0px !important;background-color: #f5f5f5 !important;}\u00a0\u00bb][vc_column][vc_column_text css=\u00a0\u00bb\u00a0\u00bb]<\/p>\n<p style=\"text-align: center;\"><span style=\"font-family: Playfair Display; font-style: italic; font-size: 24px;\">\u201cA bar is not just a place to drink, it&rsquo;s where stories begin, hearts meet, and time slows down.\u201d<\/span><\/p>\n<p>[\/vc_column_text][\/vc_column][\/vc_row][vc_row full_width=\u00a0\u00bbstretch_row\u00a0\u00bb disable_element=\u00a0\u00bbyes\u00a0\u00bb css=\u00a0\u00bb.vc_custom_1588926468613{margin-top: 0px !important;margin-right: 0px !important;margin-bottom: 0px !important;margin-left: 0px !important;border-top-width: 0px !important;border-right-width: 0px !important;border-bottom-width: 0px !important;border-left-width: 0px !important;padding-top: 0px !important;padding-right: 0px !important;padding-bottom: 0px !important;padding-left: 0px !important;background-color: #f5f5f5 !important;}\u00a0\u00bb][vc_column][vc_column_text el_class=\u00a0\u00bbrow-text-gray-block\u00a0\u00bb]<\/p>\n<p style=\"text-align: center;\"><span style=\"font-family: Playfair Display; font-style: italic; font-size: 24px;\">\u201cPer iniziare la giornata scelgo un caff\u00e8, per continuarla, un sorriso.\u201d<br \/>\n&#8211; Stephen Littleword &#8211;<\/span><\/p>\n<p>[\/vc_column_text][\/vc_column][\/vc_row][vc_row][vc_column][vc_empty_space height=\u00a0\u00bb40px\u00a0\u00bb][vc_raw_html css=\u00a0\u00bb\u00a0\u00bb]JTNDJTIxLS0lM0NpZnJhbWUlMjB3aWR0aCUzRCUyMjEwMCUyNSUyMiUyMGhlaWdodCUzRCUyMjUxNSUyMiUyMHNyYyUzRCUyMmh0dHBzJTNBJTJGJTJGd3d3LnlvdXR1YmUuY29tJTJGZW1iZWQlMkZfQkxtTGdyaktHVSUzRnJlbCUzRDAlMjZhdXRvcGxheSUzRDAlMjZzZXRWb2x1bWUlM0QwJTIyJTIwZnJhbWVib3JkZXIlM0QlMjIwJTIyJTIwYWxsb3clM0QlMjJhY2NlbGVyb21ldGVyJTNCJTIwYXV0b3BsYXklM0IlMjBlbmNyeXB0ZWQtbWVkaWElM0IlMjBneXJvc2NvcGUlM0IlMjBwaWN0dXJlLWluLXBpY3R1cmUlMjIlMjBhbGxvd2Z1bGxzY3JlZW4lM0UlM0MlMkZpZnJhbWUlM0UtLSUzRSUwQSUzQ3ZpZGVvJTIwaWQlM0QlMjJsYXp5VmlkZW8lMjIlMjB3aWR0aCUzRCUyMjEwMCUyNSUyMiUyMGhlaWdodCUzRCUyMmF1dG8lMjIlMjBjb250cm9scyUyMGF1dG9wbGF5JTIwbXV0ZWQlMjBsb29wJTNFJTBBJTIwJTIwJTIwJTIwJTNDc291cmNlJTIwZGF0YS1zcmMlM0QlMjJodHRwcyUzQSUyRiUyRnd3dy5zYW50YWNyb2NlYm91dGlxdWVob3RlbC5jb20lMkZ3cC1jb250ZW50JTJGdXBsb2FkcyUyRjIwMjUlMkYwMyUyRkJhcmlzdGEtU2FudGEtY3JvY2UtQm91dGlxdWUtSG90ZWwtNGstU0QtNDgwcC5tb3YlMjIlM0UlMEElM0MlMkZ2aWRlbyUzRSUwQSUwQSUzQ3NjcmlwdCUzRSUwQWRvY3VtZW50LmFkZEV2ZW50TGlzdGVuZXIlMjglMjJET01Db250ZW50TG9hZGVkJTIyJTJDJTIwZnVuY3Rpb24lMjAlMjglMjklMjAlN0IlMEElMjAlMjAlMjAlMjBjb25zdCUyMHZpZGVvJTIwJTNEJTIwZG9jdW1lbnQuZ2V0RWxlbWVudEJ5SWQlMjglMjJsYXp5VmlkZW8lMjIlMjklM0IlMEElMjAlMjAlMjAlMjBjb25zdCUyMHNvdXJjZSUyMCUzRCUyMHZpZGVvLnF1ZXJ5U2VsZWN0b3IlMjglMjJzb3VyY2UlMjIlMjklM0IlMEElMEElMjAlMjAlMjAlMjAlMkYlMkYlMjBJbXBvc3RhJTIwbCUyN1VSTCUyMGRlbCUyMHZpZGVvJTIwc29sbyUyMGRvcG8lMjBjaGUlMjBpbCUyMERPTSUyMCVDMyVBOCUyMHN0YXRvJTIwY2FyaWNhdG8lMEElMjAlMjAlMjAlMjBzb3VyY2Uuc3JjJTIwJTNEJTIwc291cmNlLmdldEF0dHJpYnV0ZSUyOCUyMmRhdGEtc3JjJTIyJTI5JTNCJTBBJTIwJTIwJTIwJTIwdmlkZW8ubG9hZCUyOCUyOSUzQiUyMCUyRiUyRiUyMENhcmljYSUyMGlsJTIwdmlkZW8lMjBkb3BvJTIwYXZlciUyMGFzc2VnbmF0byUyMGlsJTIwc3JjJTBBJTdEJTI5JTNCJTBBJTNDJTJGc2NyaXB0JTNFJTBB[\/vc_raw_html][vc_empty_space height=\u00a0\u00bb40px\u00a0\u00bb][\/vc_column][\/vc_row]<\/p>\n<p><\/p>\n<\/div>","protected":false},"excerpt":{"rendered":"<p>[vc_row full_width=\u00a0\u00bbstretch_row\u00a0\u00bb css=\u00a0\u00bb.vc_custom_1530181273529{margin-top: 0px !important;margin-bottom: 0px !important;}\u00a0\u00bb][vc_column width=\u00a0\u00bb1\/3&Prime; el_class=\u00a0\u00bbhalf-column\u00a0\u00bb][vc_column_text css=\u00a0\u00bb\u00a0\u00bb] Lounge bar [\/vc_column_text][vc_column_text css=\u00a0\u00bb.vc_custom_1744362086512{margin-top: 30px !important;}\u00a0\u00bb]Une oasis de style et de d\u00e9tente au c\u0153ur de Venise. Notre Lounge Bar est l\u2019endroit id\u00e9al pour un ap\u00e9ritif ou un cocktail, dans une atmosph\u00e8re intime aux lumi\u00e8res tamis\u00e9es et aux d\u00e9tails soign\u00e9s. Nos barmen cr\u00e9eront des cocktails sur [&hellip;]<\/p>\n","protected":false},"author":32,"featured_media":7965,"parent":0,"menu_order":0,"comment_status":"closed","ping_status":"closed","template":"","meta":{"_acf_changed":false,"inline_featured_image":false,"footnotes":""},"class_list":["post-7949","page","type-page","status-publish","has-post-thumbnail","hentry"],"acf":[],"_links":{"self":[{"href":"https:\/\/www.santacroceboutiquehotel.com\/fr\/wp-json\/wp\/v2\/pages\/7949","targetHints":{"allow":["GET"]}}],"collection":[{"href":"https:\/\/www.santacroceboutiquehotel.com\/fr\/wp-json\/wp\/v2\/pages"}],"about":[{"href":"https:\/\/www.santacroceboutiquehotel.com\/fr\/wp-json\/wp\/v2\/types\/page"}],"author":[{"embeddable":true,"href":"https:\/\/www.santacroceboutiquehotel.com\/fr\/wp-json\/wp\/v2\/users\/32"}],"replies":[{"embeddable":true,"href":"https:\/\/www.santacroceboutiquehotel.com\/fr\/wp-json\/wp\/v2\/comments?post=7949"}],"version-history":[{"count":0,"href":"https:\/\/www.santacroceboutiquehotel.com\/fr\/wp-json\/wp\/v2\/pages\/7949\/revisions"}],"wp:featuredmedia":[{"embeddable":true,"href":"https:\/\/www.santacroceboutiquehotel.com\/fr\/wp-json\/wp\/v2\/media\/7965"}],"wp:attachment":[{"href":"https:\/\/www.santacroceboutiquehotel.com\/fr\/wp-json\/wp\/v2\/media?parent=7949"}],"curies":[{"name":"wp","href":"https:\/\/api.w.org\/{rel}","templated":true}]}}