{"id":8199,"date":"2025-05-05T09:56:20","date_gmt":"2025-05-05T07:56:20","guid":{"rendered":"https:\/\/www.santacroceboutiquehotel.com\/it\/?page_id=8199"},"modified":"2025-05-12T10:16:01","modified_gmt":"2025-05-12T08:16:01","slug":"faq-2","status":"publish","type":"page","link":"https:\/\/www.santacroceboutiquehotel.com\/fr\/evenements-en-vedette\/","title":{"rendered":"\u00c9v\u00e9nements en vedette"},"content":{"rendered":"<div class=\"wpb-content-wrapper\"><p><\/p>\n<p>[vc_row][vc_column][vc_empty_space height=\u00a0\u00bb15px\u00a0\u00bb][vc_custom_heading text=\u00a0\u00bb\u00c9v\u00e9nements en vedette\u00a0\u00bb font_container=\u00a0\u00bbtag:h1|text_align:center\u00a0\u00bb use_theme_fonts=\u00a0\u00bbyes\u00a0\u00bb css=\u00a0\u00bb\u00a0\u00bb][vc_empty_space height=\u00a0\u00bb30px\u00a0\u00bb][vc_column_text css=\u00a0\u00bb\u00a0\u00bb]<div class=\"post-dms-container\">\n    <div class=\"column-left-dms\">\n        <!-- Filtro per categorie -->\n        <div class=\"category-filter open\">\n            <div class=\"category-header\">\n                <span>CAT\u00c9GORIE D'\u00c9V\u00c9NEMENT<\/span>\n                <span class=\"toggle-icon\">\u25bc<\/span>\n            <\/div>\n            <ul class=\"category-list\">\n                <li data-category=\"\">\n                    <img decoding=\"async\" src=\"https:\/\/www.santacroceboutiquehotel.com\/wp-content\/uploads\/2025\/05\/sparkles-light-2.webp\" alt=\"Tutte le categorie\">\n                    <span>Toutes les cat\u00e9gories<\/span>\n                <\/li>\n                <li data-category=\"cultura\">\n                    <img decoding=\"async\" src=\"https:\/\/www.santacroceboutiquehotel.com\/wp-content\/uploads\/2025\/05\/book-heart-light.png\" alt=\"Cultura\">\n                    <span>Culture<\/span>\n                <\/li>\n                <li data-category=\"enogastronomia\">\n                    <img decoding=\"async\" src=\"https:\/\/www.santacroceboutiquehotel.com\/wp-content\/uploads\/2025\/05\/user-chef-sharp-light.png\" alt=\"Enogastronomia\">\n                    <span>Gastronomie et vin<\/span>\n                <\/li>\n                <li data-category=\"escursioni\">\n                    <img decoding=\"async\" src=\"https:\/\/www.santacroceboutiquehotel.com\/wp-content\/uploads\/2025\/05\/person-hiking-light.png\" alt=\"Escursioni\">\n                    <span>Excursions<\/span>\n                <\/li>\n                <li data-category=\"formazione\">\n                    <img decoding=\"async\" src=\"https:\/\/www.santacroceboutiquehotel.com\/wp-content\/uploads\/2025\/05\/graduation-cap-light.webp\" alt=\"Formazione\">\n                    <span>Formation<\/span>\n                <\/li>\n                <li data-category=\"musica\">\n                    <img decoding=\"async\" src=\"https:\/\/www.santacroceboutiquehotel.com\/wp-content\/uploads\/2025\/05\/music-light.png\" alt=\"Musica\">\n                    <span>Musique<\/span>\n                <\/li>\n                <li data-category=\"salute\">\n                    <img decoding=\"async\" src=\"https:\/\/www.santacroceboutiquehotel.com\/wp-content\/uploads\/2025\/05\/staff-snake-light.webp\" alt=\"Salute\">\n                    <span>Sant\u00e9<\/span>\n                <\/li>\n                <li data-category=\"sport\">\n                    <img decoding=\"async\" src=\"https:\/\/www.santacroceboutiquehotel.com\/wp-content\/uploads\/2025\/05\/person-running-fast-light-2.webp\" alt=\"Sport\">\n                    <span>Sport<\/span>\n                <\/li>\n                <li data-category=\"svago\">\n                    <img decoding=\"async\" src=\"https:\/\/www.santacroceboutiquehotel.com\/wp-content\/uploads\/2025\/05\/sparkles-light-2.webp\" alt=\"Svago\">\n                    <span>Loisirs<\/span>\n                <\/li>\n            <\/ul>\n        <\/div>\n    <\/div>\n\n    <div class=\"column-right-dms\">\n        <div id=\"post-list\">\n            <div class=\"row-dms\"><script>console.log('Debug Objects: 0' );<\/script>                <div class=\"column-1-3-dms\">\n                        <div class=\"single-item-dms\">\n                                <div class=\"row-single-upper\" style=\"background-image:url('https:\/\/www.santacroceboutiquehotel.com\/wp-content\/uploads\/2025\/07\/Event-image.jpg');background-position: center; background-size: cover;\">\n                                    <img decoding=\"async\" class=\"img-category\" src=\"https:\/\/www.santacroceboutiquehotel.com\/wp-content\/uploads\/2025\/05\/book-heart-light.png\">\n                                <\/div>\n                                <div class=\"row-single-bottom second\">\n                                    <div class=\"dms-bottom-title\">\n                                        <a href=\"https:\/\/www.santacroceboutiquehotel.com\/fr\/texte-traduit-venise-secrete-sculptures-et-detente\/\">\n                                            <h3>Texte traduit : &lsquo;Venise Secr\u00e8te : Sculptures et D\u00e9tente&rsquo;<\/h3>\n                                        <\/a>\n                                    <\/div>\n                                    <div class=\"dms-bottom-excerpt\">\n                                        <a href=\"https:\/\/www.santacroceboutiquehotel.com\/fr\/texte-traduit-venise-secrete-sculptures-et-detente\/\">\n                                            <p>D\u00e9couvrez les Beaut\u00e9s de Venise : Les Sculptures de la Tribune du Palais Grimani\nPr\u00eats \u00e0 vous laisser enchanter ? L&rsquo;\u00e9v\u00e9nement Les sculptur...<\/p>\n                                        <\/a>\n                                    <\/div>\n                                <\/div>\n                                <div class=\"row-single-bottom third\">\n                                    <div class=\"dms-bottom-button\">\n                                        <a href=\"https:\/\/www.santacroceboutiquehotel.com\/fr\/texte-traduit-venise-secrete-sculptures-et-detente\/\" title=\"Texte traduit : &lsquo;Venise Secr\u00e8te : Sculptures et D\u00e9tente&rsquo;\" class=\"btn offers-list-container-single-button mobile-action\">\n                                            Je suis int\u00e9ress\u00e9                                        <\/a>\n                                    <\/div>\n                                <\/div>\n                        <\/div>\n                <\/div>\n                <script>console.log('Debug Objects: 1' );<\/script>                <div class=\"column-1-3-dms\">\n                        <div class=\"single-item-dms\">\n                                <div class=\"row-single-upper\" style=\"background-image:url('https:\/\/www.santacroceboutiquehotel.com\/wp-content\/uploads\/2025\/05\/Event-image.jpeg');background-position: center; background-size: cover;\">\n                                    <img decoding=\"async\" class=\"img-category\" src=\"https:\/\/www.santacroceboutiquehotel.com\/wp-content\/uploads\/2025\/05\/book-heart-light.png\">\n                                <\/div>\n                                <div class=\"row-single-bottom second\">\n                                    <div class=\"dms-bottom-title\">\n                                        <a href=\"https:\/\/www.santacroceboutiquehotel.com\/fr\/venise-en-art-decouvrez-des-histoires-deau\/\">\n                                            <h3>Venise en Art : D\u00e9couvrez des Histoires d&rsquo;Eau !<\/h3>\n                                        <\/a>\n                                    <\/div>\n                                    <div class=\"dms-bottom-excerpt\">\n                                        <a href=\"https:\/\/www.santacroceboutiquehotel.com\/fr\/venise-en-art-decouvrez-des-histoires-deau\/\">\n                                            <p>Explorez Venise \u00e0 travers l&rsquo;Art : D\u00e9couvrez &lsquo;Histoires d&rsquo;eau&rsquo; !\nS&rsquo;il y a un moment parfait pour s&rsquo;immerger dans ...<\/p>\n                                        <\/a>\n                                    <\/div>\n                                <\/div>\n                                <div class=\"row-single-bottom third\">\n                                    <div class=\"dms-bottom-button\">\n                                        <a href=\"https:\/\/www.santacroceboutiquehotel.com\/fr\/venise-en-art-decouvrez-des-histoires-deau\/\" title=\"Venise en Art : D\u00e9couvrez des Histoires d&rsquo;Eau !\" class=\"btn offers-list-container-single-button mobile-action\">\n                                            Je suis int\u00e9ress\u00e9                                        <\/a>\n                                    <\/div>\n                                <\/div>\n                        <\/div>\n                <\/div>\n                <script>console.log('Debug Objects: 2' );<\/script>                <div class=\"column-1-3-dms\">\n                        <div class=\"single-item-dms\">\n                                <div class=\"row-single-upper\" style=\"background-image:url('https:\/\/www.santacroceboutiquehotel.com\/wp-content\/uploads\/2025\/05\/Event-image-7.jpg');background-position: center; background-size: cover;\">\n                                    <img decoding=\"async\" class=\"img-category\" src=\"https:\/\/www.santacroceboutiquehotel.com\/wp-content\/uploads\/2025\/05\/book-heart-light.png\">\n                                <\/div>\n                                <div class=\"row-single-bottom second\">\n                                    <div class=\"dms-bottom-title\">\n                                        <a href=\"https:\/\/www.santacroceboutiquehotel.com\/fr\/venise-rencontre-casanova-spectacle-a-ne-pas-manquer\/\">\n                                            <h3>Venise Rencontre Casanova : Spectacle \u00e0 Ne Pas Manquer !<\/h3>\n                                        <\/a>\n                                    <\/div>\n                                    <div class=\"dms-bottom-excerpt\">\n                                        <a href=\"https:\/\/www.santacroceboutiquehotel.com\/fr\/venise-rencontre-casanova-spectacle-a-ne-pas-manquer\/\">\n                                            <p>D\u00e9couvrir Venise \u00e0 Travers &lsquo;Le S\u00e9ducteur&rsquo; : Une Exp\u00e9rience Incontournable\nS&rsquo;il est un moment parfait pour vivre la magie de Veni...<\/p>\n                                        <\/a>\n                                    <\/div>\n                                <\/div>\n                                <div class=\"row-single-bottom third\">\n                                    <div class=\"dms-bottom-button\">\n                                        <a href=\"https:\/\/www.santacroceboutiquehotel.com\/fr\/venise-rencontre-casanova-spectacle-a-ne-pas-manquer\/\" title=\"Venise Rencontre Casanova : Spectacle \u00e0 Ne Pas Manquer !\" class=\"btn offers-list-container-single-button mobile-action\">\n                                            Je suis int\u00e9ress\u00e9                                        <\/a>\n                                    <\/div>\n                                <\/div>\n                        <\/div>\n                <\/div>\n                <script>console.log('Debug Objects: 3' );<\/script><\/div><div class=\"row-dms\">                <div class=\"column-1-3-dms\">\n                        <div class=\"single-item-dms\">\n                                <div class=\"row-single-upper\" style=\"background-image:url('https:\/\/www.santacroceboutiquehotel.com\/wp-content\/uploads\/2025\/05\/Event-image-6.jpg');background-position: center; background-size: cover;\">\n                                    <img decoding=\"async\" class=\"img-category\" src=\"https:\/\/www.santacroceboutiquehotel.com\/wp-content\/uploads\/2025\/05\/book-heart-light.png\">\n                                <\/div>\n                                <div class=\"row-single-bottom second\">\n                                    <div class=\"dms-bottom-title\">\n                                        <a href=\"https:\/\/www.santacroceboutiquehotel.com\/fr\/cinema-francais-et-magie-venitienne\/\">\n                                            <h3>Cin\u00e9ma Fran\u00e7ais et Magie V\u00e9nitienne<\/h3>\n                                        <\/a>\n                                    <\/div>\n                                    <div class=\"dms-bottom-excerpt\">\n                                        <a href=\"https:\/\/www.santacroceboutiquehotel.com\/fr\/cinema-francais-et-magie-venitienne\/\">\n                                            <p>Un Voyage Cin\u00e9matographique \u00e0 Venise : Ne Manquez Pas &lsquo;Les Vendredis du Cin\u00e9ma Fran\u00e7ais&rsquo;\nImaginez la beaut\u00e9 enchanteresse de Venise, ...<\/p>\n                                        <\/a>\n                                    <\/div>\n                                <\/div>\n                                <div class=\"row-single-bottom third\">\n                                    <div class=\"dms-bottom-button\">\n                                        <a href=\"https:\/\/www.santacroceboutiquehotel.com\/fr\/cinema-francais-et-magie-venitienne\/\" title=\"Cin\u00e9ma Fran\u00e7ais et Magie V\u00e9nitienne\" class=\"btn offers-list-container-single-button mobile-action\">\n                                            Je suis int\u00e9ress\u00e9                                        <\/a>\n                                    <\/div>\n                                <\/div>\n                        <\/div>\n                <\/div>\n                <script>console.log('Debug Objects: 1' );<\/script>                <div class=\"column-1-3-dms\">\n                        <div class=\"single-item-dms\">\n                                <div class=\"row-single-upper\" style=\"background-image:url('https:\/\/www.santacroceboutiquehotel.com\/wp-content\/uploads\/2025\/05\/Event-image-3.jpg');background-position: center; background-size: cover;\">\n                                    <img decoding=\"async\" class=\"img-category\" src=\"https:\/\/www.santacroceboutiquehotel.com\/wp-content\/uploads\/2025\/05\/book-heart-light.png\">\n                                <\/div>\n                                <div class=\"row-single-bottom second\">\n                                    <div class=\"dms-bottom-title\">\n                                        <a href=\"https:\/\/www.santacroceboutiquehotel.com\/fr\/venise-art-et-nature-inoubliables\/\">\n                                            <h3>Venise : Art et Nature Inoubliables<\/h3>\n                                        <\/a>\n                                    <\/div>\n                                    <div class=\"dms-bottom-excerpt\">\n                                        <a href=\"https:\/\/www.santacroceboutiquehotel.com\/fr\/venise-art-et-nature-inoubliables\/\">\n                                            <p>D\u00e9couvrez la Magie de Venise : \u00c9v\u00e9nement &lsquo;Le Casino Zane, entre nature et culture&rsquo;\nVenise a toujours quelque chose de sp\u00e9cial \u00e0 offri...<\/p>\n                                        <\/a>\n                                    <\/div>\n                                <\/div>\n                                <div class=\"row-single-bottom third\">\n                                    <div class=\"dms-bottom-button\">\n                                        <a href=\"https:\/\/www.santacroceboutiquehotel.com\/fr\/venise-art-et-nature-inoubliables\/\" title=\"Venise : Art et Nature Inoubliables\" class=\"btn offers-list-container-single-button mobile-action\">\n                                            Je suis int\u00e9ress\u00e9                                        <\/a>\n                                    <\/div>\n                                <\/div>\n                        <\/div>\n                <\/div>\n                <script>console.log('Debug Objects: 2' );<\/script>                <div class=\"column-1-3-dms\">\n                        <div class=\"single-item-dms\">\n                                <div class=\"row-single-upper\" style=\"background-image:url('https:\/\/www.santacroceboutiquehotel.com\/wp-content\/uploads\/2025\/04\/Event-image-19.jpg');background-position: center; background-size: cover;\">\n                                    <img decoding=\"async\" class=\"img-category\" src=\"https:\/\/www.santacroceboutiquehotel.com\/wp-content\/uploads\/2025\/05\/person-hiking-light.png\">\n                                <\/div>\n                                <div class=\"row-single-bottom second\">\n                                    <div class=\"dms-bottom-title\">\n                                        <a href=\"https:\/\/www.santacroceboutiquehotel.com\/fr\/venise-balades-partagees-detente-unique\/\">\n                                            <h3>Venise : Balades Partag\u00e9es, D\u00e9tente Unique<\/h3>\n                                        <\/a>\n                                    <\/div>\n                                    <div class=\"dms-bottom-excerpt\">\n                                        <a href=\"https:\/\/www.santacroceboutiquehotel.com\/fr\/venise-balades-partagees-detente-unique\/\">\n                                            <p>La Marche du Partage : Une Exp\u00e9rience Unique avec le Santa Croce Boutique Hotel\nPr\u00e9parez-vous \u00e0 d\u00e9couvrir Venise comme jamais auparavant ! La Marc...<\/p>\n                                        <\/a>\n                                    <\/div>\n                                <\/div>\n                                <div class=\"row-single-bottom third\">\n                                    <div class=\"dms-bottom-button\">\n                                        <a href=\"https:\/\/www.santacroceboutiquehotel.com\/fr\/venise-balades-partagees-detente-unique\/\" title=\"Venise : Balades Partag\u00e9es, D\u00e9tente Unique\" class=\"btn offers-list-container-single-button mobile-action\">\n                                            Je suis int\u00e9ress\u00e9                                        <\/a>\n                                    <\/div>\n                                <\/div>\n                        <\/div>\n                <\/div>\n                <script>console.log('Debug Objects: 3' );<\/script><\/div><div class=\"row-dms\">                <div class=\"column-1-3-dms\">\n                        <div class=\"single-item-dms\">\n                                <div class=\"row-single-upper\" style=\"background-image:url('https:\/\/www.santacroceboutiquehotel.com\/wp-content\/uploads\/2025\/04\/Event-image-14.jpg');background-position: center; background-size: cover;\">\n                                    <img decoding=\"async\" class=\"img-category\" src=\"https:\/\/www.santacroceboutiquehotel.com\/wp-content\/uploads\/2025\/05\/music-light.png\">\n                                <\/div>\n                                <div class=\"row-single-bottom second\">\n                                    <div class=\"dms-bottom-title\">\n                                        <a href=\"https:\/\/www.santacroceboutiquehotel.com\/fr\/texte-venise-vivez-le-festival-bizet\/\">\n                                            <h3>&lsquo;Venise : Vivez le Festival Bizet !&rsquo;<\/h3>\n                                        <\/a>\n                                    <\/div>\n                                    <div class=\"dms-bottom-excerpt\">\n                                        <a href=\"https:\/\/www.santacroceboutiquehotel.com\/fr\/texte-venise-vivez-le-festival-bizet\/\">\n                                            <p>D\u00e9couvrez le Festival &lsquo;Bizet, l&rsquo;amour rebelle&rsquo; \u00e0 Venise !\nLe c\u0153ur vibrant de Venise est pr\u00eat \u00e0 vous accueillir pour une exp\u00e9ri...<\/p>\n                                        <\/a>\n                                    <\/div>\n                                <\/div>\n                                <div class=\"row-single-bottom third\">\n                                    <div class=\"dms-bottom-button\">\n                                        <a href=\"https:\/\/www.santacroceboutiquehotel.com\/fr\/texte-venise-vivez-le-festival-bizet\/\" title=\"&lsquo;Venise : Vivez le Festival Bizet !&rsquo;\" class=\"btn offers-list-container-single-button mobile-action\">\n                                            Je suis int\u00e9ress\u00e9                                        <\/a>\n                                    <\/div>\n                                <\/div>\n                        <\/div>\n                <\/div>\n                <\/div>        <\/div>\n    <\/div>   \n<\/div>\n<div class=\"button-load-more-dms\">\n    <button id=\"load-more-posts\" data-page=\"1\">Charger plus<\/button> <!-- Bottone per caricare altri post -->\n<\/div>\n\n<!-- Script per gestire il filtro AJAX -->\n<script>\njQuery(document).ready(function($) {\n    \/\/ Gestione del click su \"Categoria Evento\"\n    $('.category-header').click(function() {\n        var categoryFilter = $(this).closest('.category-filter'); \/\/ Seleziona il filtro\n        var categoryList = categoryFilter.find('.category-list'); \/\/ Seleziona la lista delle categorie\n\n        \/\/ Mostra o nasconde la lista\n        categoryList.slideToggle(300);\n\n        \/\/ Aggiungi\/rimuovi la classe 'open' per ruotare l'icona\n        categoryFilter.toggleClass('open');\n    });\n\n    \/\/ Gestione del click su ciascuna categoria\n    \/*$('.category-list li').click(function() {\n        var selectedCategory = $(this).data('category'); \/\/ Ottieni la categoria selezionata\n\n        \/\/ Fai la richiesta AJAX per filtrare i post\n        $.ajax({\n            url: 'https:\/\/www.santacroceboutiquehotel.com\/wp-admin\/admin-ajax.php',\n            type: 'POST',\n            data: {\n                action: 'filter_posts_by_category',\n                category: selectedCategory\n            },\n            success: function(response) {\n                \/\/ Aggiorna la lista dei post con i risultati filtrati\n                $('#post-list').html(response);\n            },\n            error: function(xhr, status, error) {\n                console.log('AJAX Error: ' + status + ' - ' + error);\n                console.log(xhr.responseText); \/\/ Verifica il messaggio di errore dettagliato\n            }\n        });\n    });*\/\n});\n<\/script>\n\n<script>\njQuery(document).ready(function($) {\n    var currentPage = 1; \/\/ Imposta la pagina iniziale a 1\n    var currentCategory = ''; \/\/ Imposta la categoria corrente (vuota inizialmente)\n\n    \/\/ Gestisci il click sulle categorie\n    $('.category-list li').click(function() {\n        currentPage = 1; \/\/ Reset della pagina quando viene selezionata una nuova categoria\n        currentCategory = $(this).data('category'); \/\/ Ottieni la categoria selezionata\n\n        \/\/ Fai una richiesta AJAX per caricare i post filtrati per la categoria selezionata\n        $.ajax({\n            url: 'https:\/\/www.santacroceboutiquehotel.com\/wp-admin\/admin-ajax.php',\n            type: 'POST',\n            data: {\n                action: 'load_more_posts',\n                page: currentPage,\n                category: currentCategory\n            },\n            success: function(response) {\n                \/\/ Sostituisci i post esistenti con quelli della nuova categoria\n                $('#post-list').html(response);\n\n                \/\/ Se non ci sono pi\u00f9 post da caricare, nascondi il bottone\n                if (response.trim() == '') {\n                    $('#load-more-posts').hide(); \/\/ Nascondi il bottone se non ci sono pi\u00f9 post\n                } else {\n                    $('#load-more-posts').show(); \/\/ Mostra di nuovo il bottone se ci sono post\n                }\n            },\n            error: function(xhr, status, error) {\n                console.log('AJAX Error: ' + status + ' - ' + error);\n            }\n        });\n    });\n\n    \/\/ Gestisci il click sul bottone \"Carica altri\"\n    $('#load-more-posts').click(function() {\n        currentPage++; \/\/ Incrementa la pagina corrente\n        var button = $(this); \/\/ Riferimento al bottone\n\n        \/\/ Fai una richiesta AJAX per caricare altri post\n        $.ajax({\n            url: 'https:\/\/www.santacroceboutiquehotel.com\/wp-admin\/admin-ajax.php',\n            type: 'POST',\n            data: {\n                action: 'load_more_posts', \/\/ Nome dell'azione AJAX\n                page: currentPage, \/\/ Numero di pagina corrente\n                category: currentCategory \/\/ Categoria corrente (selezionata)\n            },\n            success: function(response) {\n                \/\/ Aggiungi i nuovi post sotto i post esistenti\n                $('#post-list').append(response);\n\n                \/\/ Se non ci sono pi\u00f9 post da caricare, nascondi il bottone\n                if (response.trim() == '') {\n                    button.hide(); \/\/ Nasconde il bottone se non ci sono pi\u00f9 post\n                }\n            },\n            error: function(xhr, status, error) {\n                console.log('AJAX Error: ' + status + ' - ' + error);\n            }\n        });\n    });\n});\n<\/script>\n\n[\/vc_column_text][\/vc_column][\/vc_row]<\/p>\n<p><\/p>\n<\/div>","protected":false},"excerpt":{"rendered":"<p>[vc_row][vc_column][vc_empty_space height=\u00a0\u00bb15px\u00a0\u00bb][vc_custom_heading text=\u00a0\u00bb\u00c9v\u00e9nements en vedette\u00a0\u00bb font_container=\u00a0\u00bbtag:h1|text_align:center\u00a0\u00bb use_theme_fonts=\u00a0\u00bbyes\u00a0\u00bb css=\u00a0\u00bb\u00a0\u00bb][vc_empty_space height=\u00a0\u00bb30px\u00a0\u00bb][vc_column_text css=\u00a0\u00bb\u00a0\u00bb][\/vc_column_text][\/vc_column][\/vc_row]<\/p>\n","protected":false},"author":24,"featured_media":7700,"parent":0,"menu_order":0,"comment_status":"closed","ping_status":"closed","template":"","meta":{"_acf_changed":false,"inline_featured_image":false,"footnotes":""},"class_list":["post-8199","page","type-page","status-publish","has-post-thumbnail","hentry"],"acf":[],"_links":{"self":[{"href":"https:\/\/www.santacroceboutiquehotel.com\/fr\/wp-json\/wp\/v2\/pages\/8199","targetHints":{"allow":["GET"]}}],"collection":[{"href":"https:\/\/www.santacroceboutiquehotel.com\/fr\/wp-json\/wp\/v2\/pages"}],"about":[{"href":"https:\/\/www.santacroceboutiquehotel.com\/fr\/wp-json\/wp\/v2\/types\/page"}],"author":[{"embeddable":true,"href":"https:\/\/www.santacroceboutiquehotel.com\/fr\/wp-json\/wp\/v2\/users\/24"}],"replies":[{"embeddable":true,"href":"https:\/\/www.santacroceboutiquehotel.com\/fr\/wp-json\/wp\/v2\/comments?post=8199"}],"version-history":[{"count":0,"href":"https:\/\/www.santacroceboutiquehotel.com\/fr\/wp-json\/wp\/v2\/pages\/8199\/revisions"}],"wp:featuredmedia":[{"embeddable":true,"href":"https:\/\/www.santacroceboutiquehotel.com\/fr\/wp-json\/wp\/v2\/media\/7700"}],"wp:attachment":[{"href":"https:\/\/www.santacroceboutiquehotel.com\/fr\/wp-json\/wp\/v2\/media?parent=8199"}],"curies":[{"name":"wp","href":"https:\/\/api.w.org\/{rel}","templated":true}]}}