{"id":8536,"date":"2026-02-05T08:37:58","date_gmt":"2026-02-05T07:37:58","guid":{"rendered":"https:\/\/www.santacroceboutiquehotel.com\/it\/?page_id=8536"},"modified":"2026-02-25T15:01:42","modified_gmt":"2026-02-25T14:01:42","slug":"lanima-dellhotel","status":"publish","type":"page","link":"https:\/\/www.santacroceboutiquehotel.com\/fr\/lame-de-lhotel\/","title":{"rendered":"L\u2019\u00e2me de l\u2019h\u00f4tel"},"content":{"rendered":"<div class=\"wpb-content-wrapper\"><p>[vc_row full_width=\u00a0\u00bbstretch_row\u00a0\u00bb css=\u00a0\u00bb.vc_custom_1770214897229{margin-top: 0px !important;margin-right: 0px !important;margin-bottom: 0px !important;margin-left: 0px !important;border-top-width: 0px !important;border-right-width: 0px !important;border-bottom-width: 0px !important;border-left-width: 0px !important;padding-top: 0px !important;padding-right: 30px !important;padding-bottom: 0px !important;padding-left: 30px !important;background-color: #f5f5f5 !important;}\u00a0\u00bb][vc_column][vc_column_text css=\u00a0\u00bb.vc_custom_1772025467505{padding-right: 30px !important;padding-left: 30px !important;}\u00a0\u00bb el_class=\u00a0\u00bbrow-text-gray-block\u00a0\u00bb]<\/p>\n<p style=\"text-align: center;\"><span style=\"font-family: Playfair Display; font-style: italic; font-size: 24px;\">\u00ab Franchir le seuil du Santa Croce, c\u2019est entrer dans une dimension<br \/>\no\u00f9 l\u2019accueil n\u2019est pas un protocole, mais un sentiment spontan\u00e9.<\/span><\/p>\n<p style=\"text-align: center;\"><span style=\"font-family: Playfair Display; font-style: italic; font-size: 24px;\">Dans un palais empreint d\u2019histoire, notre v\u00e9ritable force r\u00e9side dans l\u2019harmonie d\u2019une \u00e9quipe<br \/>\nqui vit et travaille comme une famille unie. \u00bb<\/span><\/p>\n<p>[\/vc_column_text][\/vc_column][\/vc_row][vc_row full_width=\u00a0\u00bbstretch_row\u00a0\u00bb css=\u00a0\u00bb.vc_custom_1530181273529{margin-top: 0px !important;margin-bottom: 0px !important;}\u00a0\u00bb][vc_column width=\u00a0\u00bb1\/2&Prime; el_class=\u00a0\u00bbhalf-column\u00a0\u00bb][vc_column_text css=\u00a0\u00bb\u00a0\u00bb]<\/p>\n<div class=\"divider-title-container\" style=\"margin-bottom: 25px;\">\n<p><span style=\"display: block; font-family: 'Montserrat', sans-serif; font-size: 16px; letter-spacing: 3px; color: #999; text-transform: uppercase; margin-bottom: 10px; font-weight: 400;\">Valeurs<\/span><\/p>\n<\/div>\n<p>[\/vc_column_text][vc_column_text css=\u00a0\u00bb\u00a0\u00bb]<\/p>\n<h1>Plus qu\u2019une \u00c9quipe, une Identit\u00e9<\/h1>\n<p>[\/vc_column_text][vc_column_text css=\u00a0\u00bb.vc_custom_1772026671475{margin-top: 30px !important;}\u00a0\u00bb]<\/p>\n<p class=\"p1\"><span class=\"s1\">Au Santa Croce Boutique Hotel, il ne s\u2019agit pas de simples professionnels, mais de <strong>gardiens d\u2019une vision commune<\/strong>. Nous sommes une \u00e9quipe soud\u00e9e qui partage la <strong>passion du d\u00e9tail et l\u2019amour pour cette ville unique<\/strong>. Chaque sourire et chaque geste naissent de l\u2019harmonie naturelle de ceux qui se sentent partie int\u00e9grante d\u2019une grande maison.<\/span><\/p>\n<p>[\/vc_column_text][vc_empty_space height=\u00a0\u00bb20px\u00a0\u00bb][\/vc_column][vc_column width=\u00a0\u00bb1\/2&Prime;][vc_single_image image=\u00a0\u00bb8568&Prime; img_size=\u00a0\u00bbfull\u00a0\u00bb css=\u00a0\u00bb.vc_custom_1770217916291{margin-top: 40px !important;}\u00a0\u00bb][\/vc_column][\/vc_row][vc_row full_width=\u00a0\u00bbstretch_row\u00a0\u00bb css=\u00a0\u00bb.vc_custom_1530181273529{margin-top: 0px !important;margin-bottom: 0px !important;}\u00a0\u00bb][vc_column width=\u00a0\u00bb1\/2&Prime;][vc_single_image image=\u00a0\u00bb8570&Prime; img_size=\u00a0\u00bbfull\u00a0\u00bb css=\u00a0\u00bb.vc_custom_1770217921241{margin-top: 40px !important;}\u00a0\u00bb][\/vc_column][vc_column width=\u00a0\u00bb1\/2&Prime; el_class=\u00a0\u00bbhalf-column\u00a0\u00bb][vc_column_text css=\u00a0\u00bb\u00a0\u00bb]<span style=\"display: block; font-family: 'Montserrat', sans-serif; font-size: 16px; letter-spacing: 3px; color: #999; text-transform: uppercase; margin-bottom: 15px; font-weight: 400;\">Philosophie<\/span>[\/vc_column_text][vc_column_text css=\u00a0\u00bb\u00a0\u00bb]<\/p>\n<h1>L\u2019Hospitalit\u00e9 comme Partage<\/h1>\n<p>[\/vc_column_text][vc_column_text css=\u00a0\u00bb.vc_custom_1772026707386{margin-top: 30px !important;}\u00a0\u00bb]<\/p>\n<p class=\"p1\">Nous croyons que le luxe le plus authentique est la spontan\u00e9it\u00e9. Notre esprit familial se refl\u00e8te dans la mani\u00e8re dont nous accueillons chaque h\u00f4te : non comme un client, mais comme un <strong>ami de la famille<\/strong>. L\u2019union de notre \u00e9quipe est la force invisible qui transforme un simple s\u00e9jour en un <strong>souvenir inoubliable<\/strong>.<\/p>\n<p>[\/vc_column_text][vc_empty_space height=\u00a0\u00bb20px\u00a0\u00bb][\/vc_column][\/vc_row][vc_row][vc_column][vc_column_text css=\u00a0\u00bb\u00a0\u00bb]<\/p>\n<h1>Rejoignez Notre Famille<\/h1>\n<p>[\/vc_column_text][vc_column_text css=\u00a0\u00bb.vc_custom_1772026724993{margin-top: 30px !important;}\u00a0\u00bb]<\/p>\n<p class=\"p1\"><span class=\"s1\">Au Santa Croce Boutique Hotel, nous ne recherchons pas simplement des collaborateurs, mais des <strong>personnalit\u00e9s authentiques<\/strong> d\u00e9sireuses de devenir les ambassadeurs de notre vision de l\u2019hospitalit\u00e9. Si vous pensez que le souci du d\u00e9tail et la chaleur d\u2019un sourire sont les v\u00e9ritables ingr\u00e9dients du luxe, vous \u00eates peut-\u00eatre la personne que nous recherchons. Parlez-nous de vous et aidez-nous \u00e0 rendre inoubliable le s\u00e9jour de chacun de nos h\u00f4tes : <strong>votre talent est la pi\u00e8ce qui compl\u00e8te notre harmonie<\/strong>.<\/span><\/p>\n<p>[\/vc_column_text][\/vc_column][\/vc_row][vc_row][vc_column][vc_column_text css=\u00a0\u00bb\u00a0\u00bb]\n<div class=\"wpcf7 no-js\" id=\"wpcf7-f8619-o3\" lang=\"it-IT\" dir=\"ltr\" data-wpcf7-id=\"8619\">\n<div class=\"screen-reader-response\"><p role=\"status\" aria-live=\"polite\" aria-atomic=\"true\"><\/p> <ul><\/ul><\/div>\n<form action=\"\/fr\/wp-json\/wp\/v2\/pages\/8536#wpcf7-f8619-o3\" method=\"post\" class=\"wpcf7-form init\" aria-label=\"Modulo di contatto\" novalidate=\"novalidate\" data-status=\"init\">\n<fieldset class=\"hidden-fields-container\"><input type=\"hidden\" name=\"_wpcf7\" value=\"8619\" \/><input type=\"hidden\" name=\"_wpcf7_version\" value=\"6.1.2\" \/><input type=\"hidden\" name=\"_wpcf7_locale\" value=\"it_IT\" \/><input type=\"hidden\" name=\"_wpcf7_unit_tag\" value=\"wpcf7-f8619-o3\" \/><input type=\"hidden\" name=\"_wpcf7_container_post\" value=\"0\" \/><input type=\"hidden\" name=\"_wpcf7_posted_data_hash\" value=\"\" \/>\n<\/fieldset>\n<div class=\"form-assunzione\">\n<h1 class=\"divider-title\">Envoyez-nous votre candidature<\/h1>\n<span class=\"wpcf7-form-control-wrap\" data-name=\"your-name\"><input size=\"40\" maxlength=\"400\" class=\"wpcf7-form-control wpcf7-text wpcf7-validates-as-required field-text\" aria-required=\"true\" aria-invalid=\"false\" placeholder=\"Nom et pr\u00e9nom*\" value=\"\" type=\"text\" name=\"your-name\" \/><\/span>\n<span class=\"wpcf7-form-control-wrap\" data-name=\"your-email\"><input size=\"40\" maxlength=\"400\" class=\"wpcf7-form-control wpcf7-email wpcf7-validates-as-required wpcf7-text wpcf7-validates-as-email field-text\" aria-required=\"true\" aria-invalid=\"false\" placeholder=\"Email*\" value=\"\" type=\"email\" name=\"your-email\" \/><\/span>\n<span class=\"wpcf7-form-control-wrap\" data-name=\"textarea-542\"><textarea cols=\"40\" rows=\"10\" maxlength=\"2000\" class=\"wpcf7-form-control wpcf7-textarea\" aria-invalid=\"false\" name=\"textarea-542\"><\/textarea><\/span>\n<div class=\"form-cv-checkbox\">\n<span class=\"wpcf7-form-control-wrap\" data-name=\"checkbox-terms\"><span class=\"wpcf7-form-control wpcf7-checkbox wpcf7-validates-as-required wpcf7-exclusive-checkbox\"><span class=\"wpcf7-list-item first last\"><input type=\"checkbox\" name=\"checkbox-terms\" value=\"*\" \/><span class=\"wpcf7-list-item-label\">*<\/span><\/span><\/span><\/span>\n<\/div>\n<input class=\"wpcf7-form-control wpcf7-submit has-spinner ev-cont-it btn-blue\" type=\"submit\" value=\"ENVOYER\" \/>\n<div class=\"wpcf7-response-output\" aria-hidden=\"true\"><\/div>\n<\/div>\n<\/form>\n<\/div>\n<br \/>\n[\/vc_column_text][\/vc_column][\/vc_row]<\/p>\n<\/div>","protected":false},"excerpt":{"rendered":"<p>[vc_row full_width=\u00a0\u00bbstretch_row\u00a0\u00bb css=\u00a0\u00bb.vc_custom_1770214897229{margin-top: 0px !important;margin-right: 0px !important;margin-bottom: 0px !important;margin-left: 0px !important;border-top-width: 0px !important;border-right-width: 0px !important;border-bottom-width: 0px !important;border-left-width: 0px !important;padding-top: 0px !important;padding-right: 30px !important;padding-bottom: 0px !important;padding-left: 30px !important;background-color: #f5f5f5 !important;}\u00a0\u00bb][vc_column][vc_column_text css=\u00a0\u00bb.vc_custom_1772025467505{padding-right: 30px !important;padding-left: 30px !important;}\u00a0\u00bb el_class=\u00a0\u00bbrow-text-gray-block\u00a0\u00bb] \u00ab Franchir le seuil du Santa Croce, c\u2019est entrer dans une dimension o\u00f9 l\u2019accueil n\u2019est pas un protocole, mais un [&hellip;]<\/p>\n","protected":false},"author":36,"featured_media":8648,"parent":0,"menu_order":0,"comment_status":"closed","ping_status":"closed","template":"","meta":{"_acf_changed":false,"inline_featured_image":false,"footnotes":""},"class_list":["post-8536","page","type-page","status-publish","has-post-thumbnail","hentry"],"acf":[],"_links":{"self":[{"href":"https:\/\/www.santacroceboutiquehotel.com\/fr\/wp-json\/wp\/v2\/pages\/8536","targetHints":{"allow":["GET"]}}],"collection":[{"href":"https:\/\/www.santacroceboutiquehotel.com\/fr\/wp-json\/wp\/v2\/pages"}],"about":[{"href":"https:\/\/www.santacroceboutiquehotel.com\/fr\/wp-json\/wp\/v2\/types\/page"}],"author":[{"embeddable":true,"href":"https:\/\/www.santacroceboutiquehotel.com\/fr\/wp-json\/wp\/v2\/users\/36"}],"replies":[{"embeddable":true,"href":"https:\/\/www.santacroceboutiquehotel.com\/fr\/wp-json\/wp\/v2\/comments?post=8536"}],"version-history":[{"count":0,"href":"https:\/\/www.santacroceboutiquehotel.com\/fr\/wp-json\/wp\/v2\/pages\/8536\/revisions"}],"wp:featuredmedia":[{"embeddable":true,"href":"https:\/\/www.santacroceboutiquehotel.com\/fr\/wp-json\/wp\/v2\/media\/8648"}],"wp:attachment":[{"href":"https:\/\/www.santacroceboutiquehotel.com\/fr\/wp-json\/wp\/v2\/media?parent=8536"}],"curies":[{"name":"wp","href":"https:\/\/api.w.org\/{rel}","templated":true}]}}