{"id":4570,"date":"2018-06-27T16:05:32","date_gmt":"2018-06-27T14:05:32","guid":{"rendered":"https:\/\/www.santacroceboutiquehotel.com\/it\/?page_id=4570"},"modified":"2025-02-11T14:11:18","modified_gmt":"2025-02-11T13:11:18","slug":"privacy-policy-2-2-2-2","status":"publish","type":"page","link":"https:\/\/www.santacroceboutiquehotel.com\/it\/giardini-segreti\/","title":{"rendered":"I giardini segreti"},"content":{"rendered":"<div class=\"wpb-content-wrapper\"><p>[vc_row full_width=&#8221;stretch_row&#8221; css=&#8221;.vc_custom_1530181273529{margin-top: 0px !important;margin-bottom: 0px !important;}&#8221;][vc_column width=&#8221;1\/3&#8243; el_class=&#8221;half-column&#8221;][vc_column_text]<\/p>\n<h1 class=\"divider-title\">I GIARDINI SEGRETI<\/h1>\n<p>[\/vc_column_text][vc_column_text css=&#8221;.vc_custom_1530253697518{margin-top: 30px !important;}&#8221;]Venezia \u00e8 una citt\u00e0 magica per molti motivi, tra cui i suoi tanti e diversi <strong>giardini<\/strong> nascosti che pochi conoscono!<br \/>\nSono per lo pi\u00f9 situati all\u2019interno di antichi palazzi privati, dove <strong>testimoniano la storia di Venezia<\/strong> e del potere antico potere sociale e funzionale e, per questo motivo, non accessibili ai turisti.<\/p>\n<p>A questo tema verde propriamente veneziano, il Santa Croce Boutique Hotel si \u00e8 ispirato, attraverso la realizzazione di un <strong>arredo<\/strong> di tipo <strong>floreale ornamentale ed esotico<\/strong> che ricopre le pareti e i soffitti delle camere, nel desiderio di portare il nostro ospite alla <strong>scoperta di quegli spazi<\/strong>, in una sorta di percorso conoscitivo fatto di pace e serenit\u00e0.[\/vc_column_text][\/vc_column][vc_column width=&#8221;2\/3&#8243;][vc_single_image image=&#8221;5496&#8243; img_size=&#8221;full&#8221; css=&#8221;.vc_custom_1539162994633{margin-top: 40px !important;margin-bottom: 10px !important;}&#8221;][vc_media_grid gap=&#8221;10&#8243; css=&#8221;&#8221; grid_id=&#8221;vc_gid:1739279266653-38c99b00-d55a-8&#8243; include=&#8221;5512,5513,5514,5515,5516,5517,7506,7552,7507&#8243;][\/vc_column][\/vc_row]<\/p>\n<\/div>","protected":false},"excerpt":{"rendered":"<p>[vc_row full_width=&#8221;stretch_row&#8221; css=&#8221;.vc_custom_1530181273529{margin-top: 0px !important;margin-bottom: 0px !important;}&#8221;][vc_column width=&#8221;1\/3&#8243; el_class=&#8221;half-column&#8221;][vc_column_text] I GIARDINI SEGRETI [\/vc_column_text][vc_column_text css=&#8221;.vc_custom_1530253697518{margin-top: 30px !important;}&#8221;]Venezia \u00e8 una citt\u00e0 magica per molti motivi, tra cui i suoi tanti e diversi giardini nascosti che pochi conoscono! Sono per lo pi\u00f9 situati all\u2019interno di antichi palazzi privati, dove testimoniano la storia di Venezia e del potere antico [&hellip;]<\/p>\n","protected":false},"author":24,"featured_media":5392,"parent":0,"menu_order":0,"comment_status":"closed","ping_status":"closed","template":"","meta":{"_acf_changed":false,"inline_featured_image":false,"footnotes":""},"class_list":["post-4570","page","type-page","status-publish","has-post-thumbnail","hentry"],"acf":[],"_links":{"self":[{"href":"https:\/\/www.santacroceboutiquehotel.com\/it\/wp-json\/wp\/v2\/pages\/4570","targetHints":{"allow":["GET"]}}],"collection":[{"href":"https:\/\/www.santacroceboutiquehotel.com\/it\/wp-json\/wp\/v2\/pages"}],"about":[{"href":"https:\/\/www.santacroceboutiquehotel.com\/it\/wp-json\/wp\/v2\/types\/page"}],"author":[{"embeddable":true,"href":"https:\/\/www.santacroceboutiquehotel.com\/it\/wp-json\/wp\/v2\/users\/24"}],"replies":[{"embeddable":true,"href":"https:\/\/www.santacroceboutiquehotel.com\/it\/wp-json\/wp\/v2\/comments?post=4570"}],"version-history":[{"count":0,"href":"https:\/\/www.santacroceboutiquehotel.com\/it\/wp-json\/wp\/v2\/pages\/4570\/revisions"}],"wp:featuredmedia":[{"embeddable":true,"href":"https:\/\/www.santacroceboutiquehotel.com\/it\/wp-json\/wp\/v2\/media\/5392"}],"wp:attachment":[{"href":"https:\/\/www.santacroceboutiquehotel.com\/it\/wp-json\/wp\/v2\/media?parent=4570"}],"curies":[{"name":"wp","href":"https:\/\/api.w.org\/{rel}","templated":true}]}}