{"id":4815,"date":"2018-07-24T12:05:27","date_gmt":"2018-07-24T10:05:27","guid":{"rendered":"https:\/\/www.santacroceboutiquehotel.com\/it\/?page_id=4815"},"modified":"2025-02-11T14:26:06","modified_gmt":"2025-02-11T13:26:06","slug":"privacy-policy-2-2-2-2-2","status":"publish","type":"page","link":"https:\/\/www.santacroceboutiquehotel.com\/it\/concierge\/","title":{"rendered":"Concierge"},"content":{"rendered":"<div class=\"wpb-content-wrapper\"><p>[vc_row full_width=&#8221;stretch_row&#8221; css=&#8221;.vc_custom_1530181273529{margin-top: 0px !important;margin-bottom: 0px !important;}&#8221;][vc_column width=&#8221;1\/3&#8243; el_class=&#8221;half-column&#8221;][vc_column_text]<\/p>\n<h1 class=\"divider-title\">Concierge<\/h1>\n<p>[\/vc_column_text][vc_column_text css=&#8221;.vc_custom_1538993341826{margin-top: 30px !important;}&#8221;]<\/p>\n<p class=\"p1\"><span class=\"s1\">Per godere dell\u2019aura magica di Venezia, respirare i suoi misteri e le meraviglie della sua infinita storia, il nostro staff sar\u00e0 a vostra disposizione per guidarvi al meglio alla scoperta di questa magica citt\u00e0,\u00a0<b>organizzando per voi tour privati<\/b>\u00a0negli angoli pi\u00f9 nascosti, attraverso la laguna e le sue isole pi\u00f9 incantevoli.<\/span><\/p>\n<p class=\"p1\"><span class=\"s1\"><b>Un giro in gondola<\/b>\u00a0\u00e8 il modo pi\u00f9 romantico per fermare il tempo e godere dell\u2019incanto della citt\u00e0, dei suoi canali e dei suoi meravigliosi palazzi.<\/span><\/p>\n<p>[\/vc_column_text][vc_empty_space height=&#8221;20px&#8221;][\/vc_column][vc_column width=&#8221;2\/3&#8243;][vc_single_image image=&#8221;5469&#8243; img_size=&#8221;full&#8221; css=&#8221;.vc_custom_1539004079241{margin-top: 40px !important;}&#8221;][\/vc_column][\/vc_row][vc_row equal_height=&#8221;yes&#8221; content_placement=&#8221;middle&#8221;][vc_column width=&#8221;1\/3&#8243;][vc_single_image image=&#8221;7379&#8243; img_size=&#8221;full&#8221; css=&#8221;&#8221;][\/vc_column][vc_column width=&#8221;2\/3&#8243; el_class=&#8221;col-contatti&#8221;][vc_column_text css=&#8221;&#8221; el_class=&#8221;block-text&#8221;]<span style=\"font-weight: 400;\">Sono Martina.<br \/>\nSar\u00f2 a vostra disposizione per offrirvi le migliori visite di Venezia e farvi scoprire i luoghi pi\u00f9 segreti di questa citt\u00e0.<br \/>\n<\/span>[\/vc_column_text][vc_row_inner el_class=&#8221;row-btn&#8221;][vc_column_inner width=&#8221;1\/2&#8243; offset=&#8221;vc_col-xs-6&#8243;][vc_btn title=&#8221;CHIAMACI&#8221; style=&#8221;custom&#8221; custom_background=&#8221;#c6ab70&#8243; custom_text=&#8221;#ffffff&#8221; shape=&#8221;square&#8221; align=&#8221;right&#8221; i_icon_fontawesome=&#8221;fas fa-phone&#8221; css=&#8221;&#8221; add_icon=&#8221;true&#8221; link=&#8221;url:tel%3A%2B39041740112|||&#8221; el_class=&#8221;btn-inline&#8221;][\/vc_column_inner][vc_column_inner width=&#8221;1\/2&#8243; offset=&#8221;vc_col-xs-6&#8243;][vc_btn title=&#8221;SCRIVICI UNA EMAIL&#8221; style=&#8221;custom&#8221; custom_background=&#8221;#c6ab70&#8243; custom_text=&#8221;#ffffff&#8221; shape=&#8221;square&#8221; align=&#8221;left&#8221; i_icon_fontawesome=&#8221;fas fa-envelope&#8221; css=&#8221;&#8221; add_icon=&#8221;true&#8221; link=&#8221;url:mailto%3AInfo%40santacroceboutiquehotel.com|||&#8221; el_class=&#8221;btn-inline&#8221;][\/vc_column_inner][\/vc_row_inner][vc_column_text css=&#8221;&#8221; el_class=&#8221;block-text&#8221;]<\/p>\n<p style=\"text-align: center;\">oppure scriveteci in chat, la trovi in basso a destra.<\/p>\n<div class=\"divider-gold\"><\/div>\n<div class=\"block-autore\" style=\"text-align: center;\">Martina<\/div>\n<p>[\/vc_column_text][\/vc_column][\/vc_row][vc_row full_width=&#8221;stretch_row&#8221; css=&#8221;.vc_custom_1532512529390{margin-top: 0px !important;margin-right: 0px !important;margin-bottom: 0px !important;margin-left: 0px !important;border-top-width: 0px !important;border-right-width: 0px !important;border-bottom-width: 0px !important;border-left-width: 0px !important;padding-top: 0px !important;padding-right: 0px !important;padding-bottom: 0px !important;padding-left: 0px !important;background-color: #f5f5f5 !important;}&#8221;][vc_column][vc_column_text el_class=&#8221;row-text-gray-block&#8221;]<\/p>\n<p style=\"text-align: center;\"><span style=\"font-family: Playfair Display; font-style: italic; font-size: 24px;\">\u201cLa gondola nera, slanciata, e il modo in cui si muove, lieve, senza rumore alcuno, ha qualcosa di strano, una bellezza da sogno, ed \u00e8 parte integrante della citt\u00e0 dell\u2019ozio, dell\u2019amore e della musica\u2028.\u201d<br \/>\n&#8211; Hermann Hesse &#8211;<\/span>[\/vc_column_text][\/vc_column][\/vc_row][vc_row css=&#8221;.vc_custom_1588937462821{margin-left: 10px !important;}&#8221;][vc_column][vc_column_text]<\/p>\n<h1 class=\"divider-title\">Venezia come nessuno te l&#8217;ha mai raccontata<\/h1>\n<p><span style=\"font-weight: 400;\">Ci sono tante Venezia, noi le amiamo e vorremmo farvele assaporare tutte:<\/span>[\/vc_column_text][\/vc_column][\/vc_row][vc_row full_width=&#8221;stretch_row&#8221; css=&#8221;.vc_custom_1530181273529{margin-top: 0px !important;margin-bottom: 0px !important;}&#8221;][vc_column width=&#8221;1\/3&#8243; el_class=&#8221;half-column&#8221;][vc_column_text]<\/p>\n<h3 style=\"font-family: 'Playfair Display', serif; color: #5b5b5b;\">Pellestrina<\/h3>\n<p><span style=\"font-weight: 400;\">Isola di pescatori dalle case colorate,\u00a0 dove trovare <strong>pesce freschissimo, un\u2019oasi LIPU, tramonti incantevoli<\/strong> nella pace e nel silenzio della laguna.<\/span>[\/vc_column_text][\/vc_column][vc_column width=&#8221;2\/3&#8243;][vc_single_image image=&#8221;6322&#8243; img_size=&#8221;full&#8221; css=&#8221;.vc_custom_1588936430370{margin-top: 40px !important;}&#8221;][\/vc_column][\/vc_row][vc_row full_width=&#8221;stretch_row&#8221; css=&#8221;.vc_custom_1530181273529{margin-top: 0px !important;margin-bottom: 0px !important;}&#8221;][vc_column width=&#8221;2\/3&#8243; el_class=&#8221;half-column&#8221;][vc_single_image image=&#8221;6324&#8243; img_size=&#8221;full&#8221; css=&#8221;.vc_custom_1588937928530{margin-top: 0px !important;}&#8221;][\/vc_column][vc_column width=&#8221;1\/3&#8243;][vc_column_text css=&#8221;.vc_custom_1588937980567{margin-top: 60px !important;}&#8221;]<\/p>\n<h3 style=\"font-family: 'Playfair Display', serif; color: #5b5b5b;\">Isola di Sant&#8217;Erasmo<\/h3>\n<p><span style=\"font-weight: 400;\"><strong>Bikers tra i vigneti e panorami mozzafiato<\/strong> nel centro della laguna. Prodotti locali, vigneti, miele ed una piccola spiaggia dorata.<\/span>[\/vc_column_text][\/vc_column][\/vc_row][vc_row full_width=&#8221;stretch_row&#8221; css=&#8221;.vc_custom_1530181273529{margin-top: 0px !important;margin-bottom: 0px !important;}&#8221;][vc_column width=&#8221;1\/3&#8243; el_class=&#8221;half-column&#8221;][vc_column_text css=&#8221;.vc_custom_1588938026181{margin-top: 30px !important;}&#8221;]<\/p>\n<h3 style=\"font-family: 'Playfair Display', serif; color: #5b5b5b;\">Passeggiare nella Venezia&#8230;<\/h3>\n<p><span style=\"font-weight: 400;\"><strong>della quale le guide non parlano:<\/strong> i suoi profumi, i suoi colori, i suoi sapori, gli antichi mestieri artigiani. Accompagnati da un veneziano<\/span>.[\/vc_column_text][\/vc_column][vc_column width=&#8221;2\/3&#8243;][vc_single_image image=&#8221;6321&#8243; img_size=&#8221;full&#8221; css=&#8221;.vc_custom_1588938014405{margin-top: 40px !important;}&#8221;][\/vc_column][\/vc_row][vc_row full_width=&#8221;stretch_row&#8221; css=&#8221;.vc_custom_1530181273529{margin-top: 0px !important;margin-bottom: 0px !important;}&#8221;][vc_column width=&#8221;2\/3&#8243; el_class=&#8221;half-column&#8221;][vc_single_image image=&#8221;6325&#8243; img_size=&#8221;full&#8221; css=&#8221;.vc_custom_1588938144257{margin-top: 0px !important;}&#8221;][\/vc_column][vc_column width=&#8221;1\/3&#8243;][vc_column_text css=&#8221;.vc_custom_1588938452657{margin-top: 60px !important;}&#8221;]<\/p>\n<h3 style=\"font-family: 'Playfair Display', serif; color: #5b5b5b;\">Goditi un tramonto mozzafiato e romantico&#8230;<\/h3>\n<p><span style=\"font-weight: 400;\">&#8230;nel cuore del Bacino di San Marco circondati da <strong>poesia, magia ed opere d\u2019arte<\/strong>.<\/span>[\/vc_column_text][\/vc_column][\/vc_row][vc_row full_width=&#8221;stretch_row&#8221; css=&#8221;.vc_custom_1530181273529{margin-top: 0px !important;margin-bottom: 0px !important;}&#8221;][vc_column width=&#8221;1\/3&#8243; el_class=&#8221;half-column&#8221;][vc_column_text css=&#8221;.vc_custom_1588938437364{margin-top: 30px !important;}&#8221;]<\/p>\n<h3 style=\"font-family: 'Playfair Display', serif; color: #5b5b5b;\">Piatti tipici<\/h3>\n<p><span style=\"font-weight: 400;\">I nostri suggerimenti per scoprire i migliori piatti locali, e le nostre tradizioni culinarie <strong>per sentirsi davvero veneziani.<\/strong><\/span>[\/vc_column_text][\/vc_column][vc_column width=&#8221;2\/3&#8243;][vc_single_image image=&#8221;6323&#8243; img_size=&#8221;full&#8221; css=&#8221;.vc_custom_1588938236596{margin-top: 40px !important;}&#8221;][\/vc_column][\/vc_row][vc_row full_width=&#8221;stretch_row&#8221; css=&#8221;.vc_custom_1530181273529{margin-top: 0px !important;margin-bottom: 0px !important;}&#8221;][vc_column width=&#8221;2\/3&#8243; el_class=&#8221;half-column&#8221;][vc_single_image image=&#8221;6326&#8243; img_size=&#8221;full&#8221; css=&#8221;.vc_custom_1588938329608{margin-top: 0px !important;}&#8221;][\/vc_column][vc_column width=&#8221;1\/3&#8243;][vc_column_text css=&#8221;.vc_custom_1588938423840{margin-top: 60px !important;}&#8221;]<\/p>\n<h3 style=\"font-family: 'Playfair Display', serif; color: #5b5b5b;\">Le terre del Prosecco<\/h3>\n<p><span style=\"font-weight: 400;\">La scoperta delle terre del Prosecco,<strong> zona patrimonio Unesco<\/strong> per degustare il nostro vino pi\u00f9 conosciuto immersi nella natura<\/span>.[\/vc_column_text][\/vc_column][\/vc_row]<\/p>\n<\/div>","protected":false},"excerpt":{"rendered":"<p>[vc_row full_width=&#8221;stretch_row&#8221; css=&#8221;.vc_custom_1530181273529{margin-top: 0px !important;margin-bottom: 0px !important;}&#8221;][vc_column width=&#8221;1\/3&#8243; el_class=&#8221;half-column&#8221;][vc_column_text] Concierge [\/vc_column_text][vc_column_text css=&#8221;.vc_custom_1538993341826{margin-top: 30px !important;}&#8221;] Per godere dell\u2019aura magica di Venezia, respirare i suoi misteri e le meraviglie della sua infinita storia, il nostro staff sar\u00e0 a vostra disposizione per guidarvi al meglio alla scoperta di questa magica citt\u00e0,\u00a0organizzando per voi tour privati\u00a0negli angoli pi\u00f9 nascosti, [&hellip;]<\/p>\n","protected":false},"author":24,"featured_media":6310,"parent":0,"menu_order":0,"comment_status":"closed","ping_status":"closed","template":"","meta":{"_acf_changed":false,"inline_featured_image":false,"footnotes":""},"class_list":["post-4815","page","type-page","status-publish","has-post-thumbnail","hentry"],"acf":[],"_links":{"self":[{"href":"https:\/\/www.santacroceboutiquehotel.com\/it\/wp-json\/wp\/v2\/pages\/4815","targetHints":{"allow":["GET"]}}],"collection":[{"href":"https:\/\/www.santacroceboutiquehotel.com\/it\/wp-json\/wp\/v2\/pages"}],"about":[{"href":"https:\/\/www.santacroceboutiquehotel.com\/it\/wp-json\/wp\/v2\/types\/page"}],"author":[{"embeddable":true,"href":"https:\/\/www.santacroceboutiquehotel.com\/it\/wp-json\/wp\/v2\/users\/24"}],"replies":[{"embeddable":true,"href":"https:\/\/www.santacroceboutiquehotel.com\/it\/wp-json\/wp\/v2\/comments?post=4815"}],"version-history":[{"count":0,"href":"https:\/\/www.santacroceboutiquehotel.com\/it\/wp-json\/wp\/v2\/pages\/4815\/revisions"}],"wp:featuredmedia":[{"embeddable":true,"href":"https:\/\/www.santacroceboutiquehotel.com\/it\/wp-json\/wp\/v2\/media\/6310"}],"wp:attachment":[{"href":"https:\/\/www.santacroceboutiquehotel.com\/it\/wp-json\/wp\/v2\/media?parent=4815"}],"curies":[{"name":"wp","href":"https:\/\/api.w.org\/{rel}","templated":true}]}}