{"id":5952,"date":"2018-11-15T16:28:26","date_gmt":"2018-11-15T15:28:26","guid":{"rendered":"https:\/\/www.santacroceboutiquehotel.com\/it\/?page_id=5952"},"modified":"2024-09-25T14:59:49","modified_gmt":"2024-09-25T12:59:49","slug":"home-2","status":"publish","type":"page","link":"https:\/\/www.santacroceboutiquehotel.com\/it\/home-b\/","title":{"rendered":"Home b"},"content":{"rendered":"<div class=\"wpb-content-wrapper\"><p>[vc_row full_width=&#8221;stretch_row_content_no_spaces&#8221; css=&#8221;.vc_custom_1532508963736{margin-top: 0px !important;margin-right: 0px !important;margin-bottom: 0px !important;margin-left: 0px !important;border-top-width: 0px !important;border-right-width: 0px !important;border-bottom-width: 0px !important;border-left-width: 0px !important;padding-top: 0px !important;padding-right: 0px !important;padding-bottom: 0px !important;padding-left: 0px !important;background-color: #f5f5f5 !important;}&#8221; el_id=&#8221;first-row&#8221;][vc_column css=&#8221;.vc_custom_1526996589350{margin: 0px !important;border-width: 0px !important;padding: 0px !important;}&#8221;][vc_column_text css=&#8221;.vc_custom_1538746199808{margin-top: 0px !important;margin-right: 0px !important;margin-bottom: 0px !important;margin-left: 0px !important;border-top-width: 0px !important;border-right-width: 0px !important;border-bottom-width: 0px !important;border-left-width: 0px !important;padding-top: 0px !important;padding-right: 0px !important;padding-bottom: 0px !important;padding-left: 0px !important;}&#8221;]<\/p>\n<p class=\"home-italic-text\">Venezia, citt\u00e0 unica ed incantevole, ricca di storia, arte e segreti.<br \/>\nIl Santa Croce Boutique Hotel \u00e8 il modo migliore per immergersi completamente nella magia e nelle tradizioni della Serenissima.<\/p>\n<p class=\"home-italic-text-second\">Preannunciato da un <strong>grazioso ed ampio giardino segreto<\/strong>, che regala ai propri ospiti una rarit\u00e0 per Venezia, dove potersi rilassare dopo una giornata passata tra calli e campielli.<br \/>\nGodrete della <strong>tranquillit\u00e0<\/strong> e della <strong>quiete<\/strong> che offre la nostra posizione, partendo alla scoperta dell\u2019incanto di una citt\u00e0 unica, della sua laguna ricca di misteri e delle sue isole pi\u00f9 belle: Murano, Burano e Torcello.<\/p>\n<p>[\/vc_column_text][\/vc_column][\/vc_row][vc_row full_width=&#8221;stretch_row_content_no_spaces&#8221; css=&#8221;.vc_custom_1527062158195{margin-top: 0px !important;margin-right: 0px !important;margin-bottom: 0px !important;margin-left: 0px !important;border-top-width: 0px !important;border-right-width: 0px !important;border-bottom-width: 0px !important;border-left-width: 0px !important;padding-top: 0px !important;padding-right: 0px !important;padding-bottom: 0px !important;padding-left: 0px !important;}&#8221; el_id=&#8221;hotel-row&#8221; el_class=&#8221;container&#8221;][vc_column css=&#8221;.vc_custom_1527061550552{margin-top: 0px !important;margin-right: 0px !important;margin-bottom: 0px !important;margin-left: 0px !important;border-top-width: 0px !important;border-right-width: 0px !important;border-bottom-width: 0px !important;border-left-width: 0px !important;padding-top: 0px !important;padding-right: 0px !important;padding-bottom: 0px !important;padding-left: 0px !important;}&#8221;][vc_row_inner][vc_column_inner el_class=&#8221;description-column&#8221; width=&#8221;1\/3&#8243;][vc_column_text]<\/p>\n<h1 class=\"divider-title\">HOTEL<\/h1>\n<p>[\/vc_column_text][vc_column_text css=&#8221;.vc_custom_1531221718523{margin-top: 0px !important;margin-right: 0px !important;margin-bottom: 0px !important;margin-left: 0px !important;border-top-width: 0px !important;border-right-width: 0px !important;border-bottom-width: 0px !important;border-left-width: 0px !important;padding-top: 0px !important;padding-right: 0px !important;padding-bottom: 0px !important;padding-left: 0px !important;}&#8221;]Situato nel Sestiere di Santa Croce, nella zona pi\u00f9 autentica della citt\u00e0 proprio nel cuore della Venezia tradizionale, il <strong>Santa Croce Boutique Hotel<\/strong> vi permetter\u00e0 di passeggiare e rilassarvi tra bellissime chiese e palazzi storici, dove poter toccare con mano la veracit\u00e0 e peculiarit\u00e0 della vita di Venezia e dei suoi abitanti.[\/vc_column_text][\/vc_column_inner][vc_column_inner el_class=&#8221;image-column&#8221; width=&#8221;2\/3&#8243;][vc_single_image image=&#8221;5446&#8243; img_size=&#8221;full&#8221; alignment=&#8221;center&#8221; css=&#8221;.vc_custom_1538996799677{margin-top: 150px !important;margin-right: 0px !important;margin-bottom: 0px !important;margin-left: 0px !important;border-top-width: 0px !important;border-right-width: 0px !important;border-bottom-width: 0px !important;border-left-width: 0px !important;padding-top: 0px !important;padding-right: 0px !important;padding-bottom: 0px !important;padding-left: 0px !important;}&#8221;][\/vc_column_inner][\/vc_row_inner][\/vc_column][\/vc_row][vc_row full_width=&#8221;stretch_row_content_no_spaces&#8221; css=&#8221;.vc_custom_1527062549055{margin-top: 0px !important;margin-right: 0px !important;margin-bottom: 0px !important;margin-left: 0px !important;border-top-width: 0px !important;border-right-width: 0px !important;border-bottom-width: 0px !important;border-left-width: 0px !important;padding-top: 0px !important;padding-right: 0px !important;padding-bottom: 0px !important;padding-left: 0px !important;}&#8221; el_id=&#8221;themes-row&#8221; el_class=&#8221;container&#8221;][vc_column css=&#8221;.vc_custom_1527062525553{margin-top: 0px !important;margin-right: 0px !important;margin-bottom: 0px !important;margin-left: 0px !important;border-top-width: 0px !important;border-right-width: 0px !important;border-bottom-width: 0px !important;border-left-width: 0px !important;padding-top: 0px !important;padding-right: 0px !important;padding-bottom: 0px !important;padding-left: 0px !important;}&#8221;][vc_row_inner equal_height=&#8221;yes&#8221; content_placement=&#8221;middle&#8221;][vc_column_inner el_class=&#8221;description-column&#8221; width=&#8221;2\/3&#8243;][vc_column_text]<\/p>\n<h1 class=\"divider-title\">I TEMI<\/h1>\n<p>[\/vc_column_text][vc_column_text css=&#8221;.vc_custom_1531221790023{margin-top: 0px !important;margin-right: 0px !important;margin-bottom: 0px !important;margin-left: 0px !important;border-top-width: 0px !important;border-right-width: 0px !important;border-bottom-width: 0px !important;border-left-width: 0px !important;padding-top: 0px !important;padding-right: 0px !important;padding-bottom: 0px !important;padding-left: 0px !important;}&#8221;]Il Santa Croce Boutique Hotel \u00e8 un esclusivo hotel che vanta <strong>15 camere e suite di pregio<\/strong>, finemente arredate, ognuna ispirata a dei temi che riportano ad aspetti unici della storia e della cultura veneziana: <strong>Le pietre di Venezia<\/strong>, <strong>L\u2019Oriente<\/strong>, <strong>I Giardini Segreti<\/strong> e <strong>Le Caravelle<\/strong>.[\/vc_column_text][\/vc_column_inner][vc_column_inner el_class=&#8221;button-column&#8221; width=&#8221;1\/3&#8243;][vc_column_text]<\/p>\n<p style=\"text-align: center;\"><a class=\"btn-gold\" href=\"\/it\/camere\">Camere<\/a><\/p>\n<p>[\/vc_column_text][\/vc_column_inner][\/vc_row_inner][vc_row_inner gap=&#8221;10&#8243; el_class=&#8221;themes-image-block&#8221; el_id=&#8221;four-boxes&#8221;][vc_column_inner width=&#8221;1\/4&#8243;][vc_single_image image=&#8221;5228&#8243; img_size=&#8221;full&#8221; onclick=&#8221;custom_link&#8221; css=&#8221;.vc_custom_1538997882063{margin-bottom: 0px !important;padding-bottom: 0px !important;}&#8221; link=&#8221;\/it\/caravelle\/&#8221;][vc_column_text el_class=&#8221;theme-text&#8221;]<a href=\"\/it\/caravelle\/\">LE CARAVELLE<\/a>[\/vc_column_text][\/vc_column_inner][vc_column_inner width=&#8221;1\/4&#8243;][vc_single_image image=&#8221;6015&#8243; img_size=&#8221;full&#8221; onclick=&#8221;custom_link&#8221; css=&#8221;.vc_custom_1546426309468{margin-bottom: 0px !important;padding-bottom: 0px !important;}&#8221; link=&#8221;\/it\/pietre-di-venezia\/&#8221;][vc_column_text el_class=&#8221;theme-text&#8221;]<a href=\"\/it\/pietre-di-venezia\/\">LE PIETRE DI<br \/>\nVENEZIA<\/a>[\/vc_column_text][\/vc_column_inner][vc_column_inner width=&#8221;1\/4&#8243;][vc_single_image image=&#8221;5231&#8243; img_size=&#8221;full&#8221; onclick=&#8221;custom_link&#8221; css=&#8221;.vc_custom_1538997892246{margin-bottom: 0px !important;padding-bottom: 0px !important;}&#8221; link=&#8221;\/it\/oriente\/&#8221;][vc_column_text el_class=&#8221;theme-text&#8221;]<a href=\"\/it\/oriente\/\">L&#8217;ORIENTE<\/a>[\/vc_column_text][\/vc_column_inner][vc_column_inner width=&#8221;1\/4&#8243;][vc_single_image image=&#8221;5232&#8243; img_size=&#8221;full&#8221; onclick=&#8221;custom_link&#8221; css=&#8221;.vc_custom_1538997896950{margin-bottom: 0px !important;padding-bottom: 0px !important;}&#8221; link=&#8221;\/it\/giardini-segreti\/&#8221;][vc_column_text el_class=&#8221;theme-text&#8221;]<a href=\"\/it\/giardini-segreti\/\">I GIARDINI<br \/>\nSEGRETI<\/a>[\/vc_column_text][\/vc_column_inner][\/vc_row_inner][\/vc_column][\/vc_row][vc_row full_width=&#8221;stretch_row_content_no_spaces&#8221; equal_height=&#8221;yes&#8221; content_placement=&#8221;middle&#8221; disable_element=&#8221;yes&#8221; css=&#8221;.vc_custom_1538997347266{margin-top: 0px !important;margin-right: 0px !important;margin-bottom: 0px !important;margin-left: 0px !important;border-top-width: 0px !important;border-right-width: 0px !important;border-bottom-width: 0px !important;border-left-width: 0px !important;padding-top: 0px !important;padding-right: 0px !important;padding-bottom: 0px !important;padding-left: 0px !important;}&#8221; el_id=&#8221;four-boxes&#8221;][vc_column width=&#8221;1\/4&#8243; css=&#8221;.vc_custom_1538997467519{margin-top: 0px !important;margin-right: 0px !important;margin-bottom: 0px !important;margin-left: 0px !important;border-top-width: 0px !important;border-right-width: 0px !important;border-bottom-width: 0px !important;border-left-width: 0px !important;padding-top: 0px !important;padding-right: 0px !important;padding-bottom: 0px !important;padding-left: 0px !important;}&#8221; el_class=&#8221;single-box&#8221; offset=&#8221;vc_col-lg-3 vc_col-md-3 vc_col-xs-6&#8243;][vc_single_image image=&#8221;5228&#8243; img_size=&#8221;full&#8221; alignment=&#8221;center&#8221; onclick=&#8221;custom_link&#8221; link=&#8221;\/it\/caravelle\/&#8221; el_class=&#8221;img-box&#8221;][vc_column_text el_class=&#8221;text-box&#8221;]<a href=\"\/it\/galleria-fotografica\/#caravelle\" class=\"broken_link\">LE CARAVELLE<\/a>[\/vc_column_text][\/vc_column][vc_column width=&#8221;1\/4&#8243; el_class=&#8221;single-box&#8221; offset=&#8221;vc_col-lg-3 vc_col-md-3 vc_col-xs-6&#8243;][vc_single_image image=&#8221;5230&#8243; img_size=&#8221;full&#8221; alignment=&#8221;center&#8221; onclick=&#8221;custom_link&#8221; link=&#8221;\/it\/oriente\/&#8221; el_class=&#8221;img-box&#8221;][vc_column_text el_class=&#8221;text-box&#8221;]<a href=\"\/it\/pietre-di-venezia\/\">LE PIETRE DI VENEZIA<\/a>[\/vc_column_text][\/vc_column][vc_column width=&#8221;1\/4&#8243; el_class=&#8221;single-box&#8221; offset=&#8221;vc_col-lg-3 vc_col-md-3 vc_col-xs-6&#8243;][vc_single_image image=&#8221;5231&#8243; img_size=&#8221;full&#8221; alignment=&#8221;center&#8221; onclick=&#8221;custom_link&#8221; link=&#8221;\/it\/pietre-di-venezia\/&#8221; el_class=&#8221;img-box&#8221;][vc_column_text el_class=&#8221;text-box&#8221;]<a href=\"\/it\/oriente\/\">L&#8217;ORIENTE<\/a>[\/vc_column_text][\/vc_column][vc_column width=&#8221;1\/4&#8243; el_class=&#8221;single-box&#8221; offset=&#8221;vc_col-lg-3 vc_col-md-3 vc_col-xs-6&#8243;][vc_single_image image=&#8221;5232&#8243; img_size=&#8221;full&#8221; alignment=&#8221;center&#8221; onclick=&#8221;custom_link&#8221; link=&#8221;\/it\/giardini-segreti\/&#8221; el_class=&#8221;img-box&#8221;][vc_column_text el_class=&#8221;text-box&#8221;]<a href=\"\/it\/giardini-segreti\/\">I GIARDINI SEGRETI<\/a>[\/vc_column_text][\/vc_column][\/vc_row][vc_row full_width=&#8221;stretch_row_content_no_spaces&#8221; css=&#8221;.vc_custom_1538745885242{margin-top: 0px !important;margin-right: 0px !important;margin-bottom: 0px !important;margin-left: 0px !important;border-top-width: 0px !important;border-right-width: 0px !important;border-bottom-width: 0px !important;border-left-width: 0px !important;padding-top: 0px !important;padding-right: 0px !important;padding-bottom: 0px !important;padding-left: 0px !important;}&#8221; el_class=&#8221;container reviews-row&#8221; el_id=&#8221;reviews-row&#8221;][vc_column width=&#8221;1\/3&#8243; css=&#8221;.vc_custom_1527062525553{margin-top: 0px !important;margin-right: 0px !important;margin-bottom: 0px !important;margin-left: 0px !important;border-top-width: 0px !important;border-right-width: 0px !important;border-bottom-width: 0px !important;border-left-width: 0px !important;padding-top: 0px !important;padding-right: 0px !important;padding-bottom: 0px !important;padding-left: 0px !important;}&#8221;][vc_single_image image=&#8221;5372&#8243; img_size=&#8221;full&#8221; css=&#8221;.vc_custom_1539002649328{margin-top: 0px !important;margin-right: 0px !important;margin-bottom: 0px !important;margin-left: 0px !important;padding-top: 0px !important;padding-right: 0px !important;padding-bottom: 0px !important;padding-left: 0px !important;}&#8221;][\/vc_column][vc_column width=&#8221;2\/3&#8243;][vc_column_text el_class=&#8221;block-text&#8221;]Sono Luca, Front Office Agent. Io e il team del Santa Croce Boutique Hotel siamo a Vostra disposizione per rendere il Vostro soggiorno nella splendida Venezia indimenticabile.<\/p>\n<p>Chi ha gi\u00e0 soggiornato da noi \u00e8 rimasto entusiasta, non esitare a contattarci per qualsiasi informazione e per rendere il Vostro sogno a Venezia realt\u00e0.[\/vc_column_text][vc_row_inner content_placement=&#8221;top&#8221;][vc_column_inner el_class=&#8221;description-column&#8221; width=&#8221;1\/3&#8243; css=&#8221;.vc_custom_1538745335149{margin-top: 0px !important;margin-right: 0px !important;margin-bottom: 0px !important;margin-left: 0px !important;}&#8221;][vc_column_text el_class=&#8221;block-google&#8221;]<img decoding=\"async\" class=\"google-image alignnone wp-image-5271\" src=\"https:\/\/www.santacroceboutiquehotel.com\/wp-content\/uploads\/2018\/10\/logo-google-small.png\" alt=\"\" width=\"110\" height=\"39\" \/><\/p>\n<p class=\"punteggio-google\">5,0 <i class=\"fa fa-star\" aria-hidden=\"true\"><\/i><i class=\"fa fa-star\" aria-hidden=\"true\"><\/i><i class=\"fa fa-star\" aria-hidden=\"true\"><\/i><i class=\"fa fa-star\" aria-hidden=\"true\"><\/i><i class=\"fa fa-star\" aria-hidden=\"true\"><\/i><\/p>\n<p>[\/vc_column_text][\/vc_column_inner][vc_column_inner width=&#8221;1\/3&#8243;][vc_column_text el_class=&#8221;block-booking&#8221;]<\/p>\n<p><img decoding=\"async\" class=\"logo-booking alignnone wp-image-5270\" src=\"https:\/\/www.santacroceboutiquehotel.com\/wp-content\/uploads\/2018\/10\/logo-booking-small.png\" alt=\"\" width=\"110\" height=\"39\" \/><\/p>\n<p class=\"title-booking\"><span class=\"title\">Eccezionale<\/span><\/p>\n<p class=\"punteggio-booking-home\">9,6<\/p>\n<p>[\/vc_column_text][\/vc_column_inner][vc_column_inner el_class=&#8221;button-column&#8221; width=&#8221;1\/3&#8243;][vc_column_text el_class=&#8221;block-tripadvisor&#8221;]<img decoding=\"async\" class=\"logo-tripadvisor alignnone wp-image-5272\" src=\"https:\/\/www.santacroceboutiquehotel.com\/wp-content\/uploads\/2018\/10\/logo-tripadvisor.png\" alt=\"\" width=\"110\" height=\"39\" \/><br \/>\n<i class=\"fa fa-circle\" aria-hidden=\"true\"><\/i> <i class=\"fa fa-circle\" aria-hidden=\"true\"><\/i> <i class=\"fa fa-circle\" aria-hidden=\"true\"><\/i> <i class=\"fa fa-circle\" aria-hidden=\"true\"><\/i> <i class=\"fa fa-circle\" aria-hidden=\"true\"><\/i>[\/vc_column_text][\/vc_column_inner][\/vc_row_inner][vc_column_text el_class=&#8221;block-text&#8221;]<\/p>\n<div class=\"divider-gold\"><\/div>\n<p style=\"text-align: center;\">Luca<br \/>\nFront Office Agent<\/p>\n<p>[\/vc_column_text][\/vc_column][\/vc_row][vc_row full_width=&#8221;stretch_row_content_no_spaces&#8221; css=&#8221;.vc_custom_1538745045927{margin-top: 0px !important;margin-right: 0px !important;margin-bottom: 0px !important;margin-left: 0px !important;border-top-width: 0px !important;border-right-width: 0px !important;border-bottom-width: 0px !important;border-left-width: 0px !important;padding-top: 0px !important;padding-right: 0px !important;padding-bottom: 0px !important;padding-left: 0px !important;}&#8221; el_id=&#8221;where-row&#8221; el_class=&#8221;container&#8221;][vc_column css=&#8221;.vc_custom_1527079348989{margin-top: 0px !important;margin-right: 0px !important;margin-bottom: 0px !important;margin-left: 0px !important;border-top-width: 0px !important;border-right-width: 0px !important;border-bottom-width: 0px !important;border-left-width: 0px !important;padding-top: 0px !important;padding-right: 0px !important;padding-bottom: 0px !important;padding-left: 0px !important;}&#8221;][vc_row_inner equal_height=&#8221;yes&#8221; content_placement=&#8221;middle&#8221;][vc_column_inner el_class=&#8221;half-column&#8221; css=&#8221;.vc_custom_1531222251429{margin-bottom: 20px !important;}&#8221;][vc_column_text css=&#8221;.vc_custom_1532506520710{margin-top: 0px !important;margin-right: 0px !important;margin-bottom: 0px !important;margin-left: 0px !important;border-top-width: 0px !important;border-right-width: 0px !important;border-bottom-width: 0px !important;border-left-width: 0px !important;padding-top: 0px !important;padding-right: 0px !important;padding-bottom: 0px !important;padding-left: 0px !important;}&#8221;]<\/p>\n<h1 class=\"divider-title\">LOCATION<\/h1>\n<p>[\/vc_column_text][vc_column_text css=&#8221;.vc_custom_1531222339813{margin-top: 20px !important;margin-right: 0px !important;margin-bottom: 0px !important;margin-left: 0px !important;border-top-width: 0px !important;border-right-width: 0px !important;border-bottom-width: 0px !important;border-left-width: 0px !important;padding-top: 0px !important;padding-right: 0px !important;padding-bottom: 0px !important;padding-left: 0px !important;}&#8221;]A pochi passi dal <strong>Ghetto Ebraico<\/strong> pi\u00f9 antico d\u2019Europa e dalle <strong>chiese pi\u00f9 belle di Venezia<\/strong> quali la chiesa dei Frari e la Scuola Grande di San Rocco dove troverete i pi\u00f9 grandi <strong>capolavori del Tintoretto<\/strong>.<\/p>\n<p>In pochi minuti potrete raggiungere facilmente il <strong>Ponte di Rialto e Piazza San Marco<\/strong>.<\/p>\n<p>Nelle vicinanze le pi\u00f9 caratteristiche osterie e trattorie veneziane dove poter gustare i piatti tipici della cucina locale e ammirare un concerto seduti accanto ad un bellissimo canale.[\/vc_column_text][\/vc_column_inner][\/vc_row_inner][\/vc_column][\/vc_row][vc_row full_width=&#8221;stretch_row_content&#8221; css=&#8221;.vc_custom_1538748634503{margin-top: 0px !important;margin-right: 0px !important;margin-bottom: 0px !important;margin-left: 0px !important;border-top-width: 0px !important;border-right-width: 0px !important;border-bottom-width: 0px !important;border-left-width: 0px !important;padding-top: 0px !important;padding-right: 0px !important;padding-bottom: 0px !important;padding-left: 0px !important;}&#8221; el_id=&#8221;map-row&#8221;][vc_column css=&#8221;.vc_custom_1530170518790{margin: 0px !important;border-width: 0px !important;padding: 0px !important;}&#8221;][vc_single_image image=&#8221;4559&#8243; img_size=&#8221;full&#8221; alignment=&#8221;center&#8221; onclick=&#8221;custom_link&#8221; css=&#8221;.vc_custom_1538748626353{margin-top: 0px !important;margin-right: 0px !important;margin-bottom: 0px !important;margin-left: 0px !important;border-top-width: 0px !important;border-right-width: 0px !important;border-bottom-width: 0px !important;border-left-width: 0px !important;padding-top: 0px !important;padding-right: 0px !important;padding-bottom: 0px !important;padding-left: 0px !important;}&#8221; link=&#8221;\/it\/dove-siamo\/&#8221;][\/vc_column][\/vc_row][vc_row full_width=&#8221;stretch_row_content_no_spaces&#8221; css=&#8221;.vc_custom_1527080607092{margin-top: 0px !important;margin-right: 0px !important;margin-bottom: 0px !important;margin-left: 0px !important;border-top-width: 0px !important;border-right-width: 0px !important;border-bottom-width: 0px !important;border-left-width: 0px !important;padding-top: 0px !important;padding-right: 0px !important;padding-bottom: 0px !important;padding-left: 0px !important;}&#8221; el_class=&#8221;container&#8221; el_id=&#8221;where-desc-row&#8221;][vc_column css=&#8221;.vc_custom_1527062525553{margin-top: 0px !important;margin-right: 0px !important;margin-bottom: 0px !important;margin-left: 0px !important;border-top-width: 0px !important;border-right-width: 0px !important;border-bottom-width: 0px !important;border-left-width: 0px !important;padding-top: 0px !important;padding-right: 0px !important;padding-bottom: 0px !important;padding-left: 0px !important;}&#8221;][vc_empty_space height=&#8221;40px&#8221;][vc_row_inner equal_height=&#8221;yes&#8221; content_placement=&#8221;middle&#8221;][vc_column_inner el_class=&#8221;description-column&#8221; width=&#8221;2\/3&#8243;][vc_column_text css=&#8221;.vc_custom_1527080692688{margin-top: 0px !important;margin-right: 0px !important;margin-bottom: 0px !important;margin-left: 0px !important;border-top-width: 0px !important;border-right-width: 0px !important;border-bottom-width: 0px !important;border-left-width: 0px !important;padding-top: 0px !important;padding-right: 0px !important;padding-bottom: 0px !important;padding-left: 0px !important;}&#8221;]Il <b>Santa Croce Boutique Hotel si trova in posizione centrale, proprio nel cuore della Venezia tradizionale<\/b>, dove poter toccare con mano la veracit\u00e0 e peculiarit\u00e0 della vita di Venezia e dei suoi abitanti.[\/vc_column_text][\/vc_column_inner][vc_column_inner el_class=&#8221;button-column&#8221; width=&#8221;1\/3&#8243;][vc_column_text]<\/p>\n<p style=\"text-align: center;\"><a class=\"btn-gold\" href=\"\/it\/dove-siamo\/\">Mappa<\/a><\/p>\n<p>[\/vc_column_text][\/vc_column_inner][\/vc_row_inner][vc_empty_space height=&#8221;40px&#8221;][\/vc_column][\/vc_row]<\/p>\n<\/div>","protected":false},"excerpt":{"rendered":"<p>[vc_row full_width=&#8221;stretch_row_content_no_spaces&#8221; css=&#8221;.vc_custom_1532508963736{margin-top: 0px !important;margin-right: 0px !important;margin-bottom: 0px !important;margin-left: 0px !important;border-top-width: 0px !important;border-right-width: 0px !important;border-bottom-width: 0px !important;border-left-width: 0px !important;padding-top: 0px !important;padding-right: 0px !important;padding-bottom: 0px !important;padding-left: 0px !important;background-color: #f5f5f5 !important;}&#8221; el_id=&#8221;first-row&#8221;][vc_column css=&#8221;.vc_custom_1526996589350{margin: 0px !important;border-width: 0px !important;padding: 0px !important;}&#8221;][vc_column_text css=&#8221;.vc_custom_1538746199808{margin-top: 0px !important;margin-right: 0px !important;margin-bottom: 0px !important;margin-left: 0px !important;border-top-width: 0px !important;border-right-width: 0px !important;border-bottom-width: 0px !important;border-left-width: 0px !important;padding-top: 0px [&hellip;]<\/p>\n","protected":false},"author":24,"featured_media":0,"parent":0,"menu_order":0,"comment_status":"closed","ping_status":"open","template":"","meta":{"_acf_changed":false,"inline_featured_image":false,"footnotes":""},"class_list":["post-5952","page","type-page","status-publish","hentry"],"acf":[],"_links":{"self":[{"href":"https:\/\/www.santacroceboutiquehotel.com\/it\/wp-json\/wp\/v2\/pages\/5952","targetHints":{"allow":["GET"]}}],"collection":[{"href":"https:\/\/www.santacroceboutiquehotel.com\/it\/wp-json\/wp\/v2\/pages"}],"about":[{"href":"https:\/\/www.santacroceboutiquehotel.com\/it\/wp-json\/wp\/v2\/types\/page"}],"author":[{"embeddable":true,"href":"https:\/\/www.santacroceboutiquehotel.com\/it\/wp-json\/wp\/v2\/users\/24"}],"replies":[{"embeddable":true,"href":"https:\/\/www.santacroceboutiquehotel.com\/it\/wp-json\/wp\/v2\/comments?post=5952"}],"version-history":[{"count":0,"href":"https:\/\/www.santacroceboutiquehotel.com\/it\/wp-json\/wp\/v2\/pages\/5952\/revisions"}],"wp:attachment":[{"href":"https:\/\/www.santacroceboutiquehotel.com\/it\/wp-json\/wp\/v2\/media?parent=5952"}],"curies":[{"name":"wp","href":"https:\/\/api.w.org\/{rel}","templated":true}]}}