{"id":6362,"date":"2020-05-18T09:59:53","date_gmt":"2020-05-18T07:59:53","guid":{"rendered":"https:\/\/www.santacroceboutiquehotel.com\/it\/?page_id=6362"},"modified":"2022-12-05T14:49:29","modified_gmt":"2022-12-05T13:49:29","slug":"hotel-sicuro","status":"publish","type":"page","link":"https:\/\/www.santacroceboutiquehotel.com\/it\/hotel-sicuro\/","title":{"rendered":"Viaggiare sicuri"},"content":{"rendered":"<div class=\"wpb-content-wrapper\"><p><\/p>\n<p>[vc_row full_width=&#8221;stretch_row&#8221; css=&#8221;.vc_custom_1530181273529{margin-top: 0px !important;margin-bottom: 0px !important;}&#8221;][vc_column el_class=&#8221;half-column&#8221;][vc_column_text]<\/p>\n<h1 class=\"divider-title\">L&#8217;albergo \u00e8 sicuro!<\/h1>\n<p>[\/vc_column_text][vc_column_text css=&#8221;.vc_custom_1589789344063{margin-top: 30px !important;}&#8221;]<\/p>\n<p class=\"p1\">Il nostro obiettivo principale \u00e8 l<strong>a salute ed il benessere dei nostri ospiti e del nostro staff<\/strong>.<br \/>\nDa sempre il nostro fiore all\u2019occhiello \u00e8 <strong>la pulizia e la cura<\/strong> che ci mettiamo per rendere sicuro e confortevole il soggiorno ai nostri ospiti.<\/p>\n<p class=\"p1\">La nostra linea eco green e la nostra attenzione alla vostra salute e sicurezza offrono prodotti compostabili o prodotti monouso utilizzabili esclusivamente da ogni singolo Ospite.<\/p>\n<p>[\/vc_column_text][\/vc_column][\/vc_row][vc_row full_width=&#8221;stretch_row&#8221; disable_element=&#8221;yes&#8221; css=&#8221;.vc_custom_1670248061803{margin-top: 0px !important;margin-bottom: 0px !important;}&#8221;][vc_column width=&#8221;2\/3&#8243; el_class=&#8221;half-column&#8221;][vc_column_text css=&#8221;.vc_custom_1589885261840{margin-top: 30px !important;}&#8221;]<\/p>\n<h3 style=\"font-family: 'Playfair Display', serif; color: #5b5b5b;\">In ottemperanza con le linee guida dell\u2019OMS abbiamo implementato le nostre procedure di pulizia e sanificazione quotidiana:<\/h3>\n<p>[\/vc_column_text][vc_toggle title=&#8221;Perch\u00e9 fare colazione al Santa Croce Boutique Hotel \u00e8 sicuro?&#8221;]<\/p>\n<ul>\n<li>Prodotti espressi, dalla cucina al cliente.<\/li>\n<li>Tutte le stoviglie vengono lavate in lavastoviglie con temperature superiori a 70\u00b0, detersivi a presidio medico chirurgo, asciugate con carta monouso.<\/li>\n<li>Colazione a turno su prenotazione.<\/li>\n<li>Sanificazione totale della sala a inizio, fine colazione, tra un turno e l\u2019altro, cambio meis en place\/tovagliato, sanificazione sedie e tavoli.<\/li>\n<li>Sala Arieggiata tra un turno e l\u2019altro.<\/li>\n<li>Distanziamento di sicurezza (2 mt tra ogni tavolo, massimo 5 camere alla volta).<\/li>\n<li>Igienizzante mani a disposizione in entrata e uscita della sala colazione.<\/li>\n<li>Staff dotato di mascherine e guanti.<\/li>\n<li>Dotazione di ricircolo aria continuo.<\/li>\n<\/ul>\n<p>E ancora..<\/p>\n<ul>\n<li>Colazione nel Nostro giardino segreto avvolti da una fantastica giornata di sole.<\/li>\n<li>Colazione In camera senza supplemento.<\/li>\n<\/ul>\n<p>[\/vc_toggle][vc_toggle title=&#8221;In Hotel ci sono delle mascherine e disinfettante?&#8221;]In Hotel <strong>tutto il personale \u00e8 dotato di mascherine, ci sono in tutti i reparti i kit medici, con all\u2019interno dotazione di mascherine, guanti monouso e gel disinfettante.<\/strong><\/p>\n<p>Qualora dovresti aver bisogno di ulteriori kit, questi saranno a tua disposizione in reception.<\/p>\n<p>Nei luoghi comuni, sala colazione, bagno, all\u2019esterno dell\u2019 ascensore nei vari piani, si trovano kit medici e gel disinfettanti.[\/vc_toggle][vc_toggle title=&#8221;Come vengono pulite le camere?&#8221;]<strong>Le camere vengono pulite quotidianamente.<\/strong><\/p>\n<p>Il giorno del check in la camera viene pulita a fondo, con detergenti a presidio medico chirurgico e comunque secondo le indicazioni dell\u2019 OMS.<br \/>\nAlla fine della pulizia la camere viene sanificata ulteriormente <strong>con l\u2019ozono<\/strong>.<\/p>\n<p>La nostra struttura, ha un sistema di ricircolo d\u2019aria, non solo nelle camere ma in tutte le aree comuni, attivo 24h che garantisce un<strong> continuo ricambio di aria.<br \/>\n<\/strong><br \/>\nLa camera viene pulita quotidianamente, con particolare attenzione a tutte le superfici e sanificata con prodotti specifici.<\/p>\n<p>Le nostre cameriere, opereranno nelle camere, lavorando con mascherine, guanti monouso che cambieranno dopo la pulizia di ogni camere, cos\u00ec come useranno panni per la pulizia sempre puliti e sanificati, dedicati solo alla camera di ogni ospite, cos\u00ec da garantire la sicurezza e la disinfezione da camera a camera.[\/vc_toggle][vc_toggle title=&#8221;Come vengono pulite le lenzuola?&#8221;]Tutta la biancheria della camera, come le tovaglie ed i tovaglioli vengono chiusi in sacchi dopo l\u2019uso e ritirati da una lavanderia industriale esterne che lava, igienizza e sanifica seguendo in modo scrupoloso e certificato tutte le indicazioni dell\u2019OMS.[\/vc_toggle][vc_toggle title=&#8221;Posso avere la colazione in camera?&#8221;]Puoi tranquillamente assaporare la nostre ricca colazione direttamente in camera, garantendo privacy, sicurezza e senza costi aggiuntivi, all\u2019ora che preferisci.[\/vc_toggle][vc_toggle title=&#8221;Posso cancellare la prenotazione in caso di un&#8217;altra epidemia?&#8221;]Nell\u2019augurarci che l\u2019emergenza sanitaria si normalizzi quanto prima, abbiamo pensato di offrirvi un <strong>piano tariffario taylor made<\/strong> in caso di ulteriori difficolt\u00e0.<\/p>\n<p>Una <strong>tariffa flessibile con cancellazione gratuita fino a 72 ore prima<\/strong> oppure una <strong>tariffa non rimborsabile con la possibilit\u00e0 di recuperare il vostro soggiorno nei sei mesi successivi<\/strong> con un nostro voucher speciale. Contattaci e ti aiutiamo a scegliere la soluzione pi\u00f9 facile.<\/p>\n<p>[\/vc_toggle][vc_toggle title=&#8221;Venezia \u00e8 una citt\u00e0 sicura?&#8221;]<\/p>\n<p><b>Venezia, come tutto il Veneto \u00e8 una citt\u00e0 sicura. La Regione Veneto \u00e8 riconosciuta a livello internazionale per la gestione dell\u2019emergenza di alto livello.<\/b><\/p>\n<p>Durante l\u2019emergenza di Covid -19, i cittadini di Venezia centro storico sono stati contagiati in numero relativo.<\/p>\n<p>Il comune di Venezia, ha provveduto alla<strong> sanificazione di tutta la citt\u00e0 e di tutti i mezzi pubblici<\/strong>, oltre che ai musei civici e periodicamente viene sanificata con prodotti appositi.<\/p>\n<p>[\/vc_toggle][vc_toggle title=&#8221;Posso fare il check in on line?&#8221;]<\/p>\n<p><b>Il check-in pu\u00f2 essere effettuato completamente on-line<\/b>, prima dell\u2019arrivo in hotel.<\/p>\n<p>Dopo la prenotazione riceverai una mail con un link, per accedere alla sezione di pre check-in online, dove poter compilare tutti i dati necessari per tutti i componenti della famiglia e diminuire il tempo di sosta in ricevimento.<\/p>\n<p>Se lo desideri il nostro staff ti accompagner\u00e0 in camera per darti alcune informazioni importanti riguardanti il tuo soggiorno. In alternativa ti forniremo dei tutorial esplicativi digitali o cartacei.<\/p>\n<p>In camera c\u2019\u00e8 a disposizione una directory con ogni informativa sull\u2019hotel, sui servizi che offriamo e sulla citt\u00e0.<\/p>\n<p>Il bancone del ricevimento \u00e8 dotato di uno schermo in plexiglass anti-droplet e comunque vengono sempre mantenute le distanze di un metro tra personale, cliente e con gli altri clienti.<\/p>\n<p>Presso il bancone del ricevimento \u00e8 disponibile un dispenser di gel disinfettante a base alcolica, utilizzabile dall\u2019ospite.<\/p>\n<p>I membri dello staff ne hanno uno dedicato a loro disposizione.<\/p>\n<ul>\n<li><b>Mascherine e guanti monouso saranno a disposizione degli ospiti che ne facciano richiesta<\/b>.<\/li>\n<\/ul>\n<p>Il bancone di ricevimento viene igienizzato dal personale ogni volta che qualche cliente si avvicini per dare garanzia della massima sicurezza ed igiene.<\/p>\n<p>Per la movimentazione dei bagagli \u00e8 previsto per lo staff l\u2019utilizzo dei guanti.<\/p>\n<p>[\/vc_toggle][\/vc_column][vc_column width=&#8221;1\/3&#8243;][vc_single_image image=&#8221;6382&#8243; img_size=&#8221;full&#8221;][\/vc_column][\/vc_row]<\/p>\n<p><\/p>\n<\/div>","protected":false},"excerpt":{"rendered":"<p>[vc_row full_width=&#8221;stretch_row&#8221; css=&#8221;.vc_custom_1530181273529{margin-top: 0px !important;margin-bottom: 0px !important;}&#8221;][vc_column el_class=&#8221;half-column&#8221;][vc_column_text] L&#8217;albergo \u00e8 sicuro! [\/vc_column_text][vc_column_text css=&#8221;.vc_custom_1589789344063{margin-top: 30px !important;}&#8221;] Il nostro obiettivo principale \u00e8 la salute ed il benessere dei nostri ospiti e del nostro staff. Da sempre il nostro fiore all\u2019occhiello \u00e8 la pulizia e la cura che ci mettiamo per rendere sicuro e confortevole il soggiorno ai [&hellip;]<\/p>\n","protected":false},"author":24,"featured_media":6381,"parent":0,"menu_order":0,"comment_status":"closed","ping_status":"closed","template":"","meta":{"_acf_changed":false,"inline_featured_image":false,"footnotes":""},"class_list":["post-6362","page","type-page","status-publish","has-post-thumbnail","hentry"],"acf":[],"_links":{"self":[{"href":"https:\/\/www.santacroceboutiquehotel.com\/it\/wp-json\/wp\/v2\/pages\/6362","targetHints":{"allow":["GET"]}}],"collection":[{"href":"https:\/\/www.santacroceboutiquehotel.com\/it\/wp-json\/wp\/v2\/pages"}],"about":[{"href":"https:\/\/www.santacroceboutiquehotel.com\/it\/wp-json\/wp\/v2\/types\/page"}],"author":[{"embeddable":true,"href":"https:\/\/www.santacroceboutiquehotel.com\/it\/wp-json\/wp\/v2\/users\/24"}],"replies":[{"embeddable":true,"href":"https:\/\/www.santacroceboutiquehotel.com\/it\/wp-json\/wp\/v2\/comments?post=6362"}],"version-history":[{"count":0,"href":"https:\/\/www.santacroceboutiquehotel.com\/it\/wp-json\/wp\/v2\/pages\/6362\/revisions"}],"wp:featuredmedia":[{"embeddable":true,"href":"https:\/\/www.santacroceboutiquehotel.com\/it\/wp-json\/wp\/v2\/media\/6381"}],"wp:attachment":[{"href":"https:\/\/www.santacroceboutiquehotel.com\/it\/wp-json\/wp\/v2\/media?parent=6362"}],"curies":[{"name":"wp","href":"https:\/\/api.w.org\/{rel}","templated":true}]}}